{"id":316,"date":"2023-12-12T18:35:06","date_gmt":"2023-12-12T18:35:06","guid":{"rendered":"https:\/\/colegioarquitectos.com\/congreso\/?page_id=316"},"modified":"2023-12-12T18:37:44","modified_gmt":"2023-12-12T18:37:44","slug":"manifiesto-y-mandato-general-del-26-congreso-nacional-de-arquitectos","status":"publish","type":"page","link":"http:\/\/colegioarquitectos.com\/congreso\/manifiesto-y-mandato-general-del-26-congreso-nacional-de-arquitectos\/","title":{"rendered":"Manifiesto y mandato general del 26\u00b0 Congreso Nacional de Arquitectos"},"content":{"rendered":"\n<p>El Colegio de Arquitectos de Chile (CA) es la organizaci\u00f3n que agrupa por derecho propio a las y los arquitectos de este pa\u00eds, con vocaci\u00f3n de unidad y m\u00e1xima representaci\u00f3n gremial. A pesar de la lamentable p\u00e9rdida de su estatus legal de tutela gremial, el CA persevera en la mantenci\u00f3n del m\u00e1s alto est\u00e1ndar \u00e9tico, en la protecci\u00f3n de la profesi\u00f3n m\u00e1s all\u00e1 de sus asociados directos y en la construcci\u00f3n de mejores ciudades para todas y todos.<\/p>\n\n\n\n<p>Los valores que motivaron la creaci\u00f3n de este Colegio contin\u00faan plenamente vigentes y los principios de nuestra organizaci\u00f3n siguen siendo \u00fatiles para guiar nuestra acci\u00f3n colectiva. Sin embargo, aquellos fundamentos deben ser constantemente observados, no s\u00f3lo para su respeto sino que para ser puestos en acci\u00f3n cr\u00edticamente y en di\u00e1logo con nuestros territorios.<\/p>\n\n\n\n<p>Las trasformaciones sociales constantes y el r\u00e1pido avance tecnol\u00f3gico de un mundo globalizado, nos sit\u00faan hoy ante los desaf\u00edos de adecuar nuestra organizaci\u00f3n para el cumplimiento oportuno y eficaz de los objetivos que nos hemos dado.<\/p>\n\n\n\n<p>Un Colegio para los tiempos presentes es aquel abierto a la m\u00e1s amplia participaci\u00f3n e inclusi\u00f3n, que vele por el desarrollo equitativo de colegiados y colegiadas, observando sus diferencias para ofrecer condiciones que propendan hacia una igualdad sustantiva. En este sentido, la igualdad de g\u00e9nero debe ser una tarea urgente que abordar en nuestra org\u00e1nica y su perspectiva una gu\u00eda para nuestra acci\u00f3n gremial.<\/p>\n\n\n\n<p>No podemos seguir siendo espectadores de la vida de las ciudades y sus problemas. Desde el \u00faltimo Congreso Nacional de Arquitectos hasta hoy transitamos por crisis que parecen agudizarse cada d\u00eda: el acceso a la vivienda, la proliferaci\u00f3n de campamentos o la desigualdad del progreso urbano son s\u00edntomas de cambios necesarios. Debemos entonces responder a este emplazamiento retomando nuestra voz e incidencia en las pol\u00edticas p\u00fablicas nacionales, no s\u00f3lo en Santiago, sino que en cada espacio donde nos representamos.<\/p>\n\n\n\n<p>Si ese es nuestro mandato, no podemos eludir que cada territorio tiene adem\u00e1s sus diferencias y particularidades, las que son a su vez la riqueza de un pa\u00eds diverso con m\u00faltiples identidades. Durante m\u00e1s a\u00f1os de los que quisi\u00e9ramos, arrastramos conflictos sordos entre centralidades y periferias, entre Delegaciones y Santiago. Sin embargo, este encuentro nos reafirma que enfrentar nuestros problemas con di\u00e1logo es el mejor de los caminos, que a pesar de los prejuicios est\u00e1bamos todos y todas de acuerdo de acuerdo en algo: la descentralizaci\u00f3n como punto de partida para un Colegio renovado.<\/p>\n\n\n\n<p>A la vez que tomamos estos retos para afrontar los desaf\u00edos pasados y presentes, nos convocamos con miras hac\u00eda un mejor futuro. Ya no somos unos cuantos profesionales sino que miles de arquitectas y arquitectos en tantas ocupaciones como jam\u00e1s nos hubi\u00e9ramos imaginado. Las escuelas de arquitectura como centros de formaci\u00f3n de nuestros futuros colegas se reparten por todo Chile como una red muchas veces incomunicada, a la suerte de las condiciones econ\u00f3micas del modelo imperante. En este Congreso hemos podido ver experiencias diversas y problemas comunes, as\u00ed como oportunidades que surgen cuando nos encontramos.<\/p>\n\n\n\n<p>Por este motivo, el Congreso manifiesta su voluntad de construir redes con las universidades y sus escuelas, orientadas mediante los valores, principios y \u00e9tica de este Colegio profesional. Para que las experiencias y reflexiones compartidas en el seno del gremio sean una orientaci\u00f3n de las y los constructores de las ciudades del ma\u00f1ana.<\/p>\n\n\n\n<p>Sabemos que las discusiones no se han agotado y nos alegra que el proceso largo desde los encuentros pre congresales nos haya entregado acuerdos a la vez que abierto preguntas y nuevos debates. Todo lo que se convers\u00f3 en las mesas estos d\u00edas a\u00fan debe ser sistematizado y sin duda en ese trabajo tendremos claridades para un mandato concreto de cambios sustanciales. En este sentido, la Comisi\u00f3n Organizadora trabajar\u00e1 para conseguir una s\u00edntesis que d\u00e9 cuenta de las propuestas con la justicia que estos debates merecen.<\/p>\n\n\n\n<p>Finalmente, entregamos este primer mandato general de orientaciones y cambios a nuestro Directorio Nacional en las manos de su presidenta, Beatriz Buccicardi, para que refrende el compromiso de obtener en el plazo de su gesti\u00f3n una propuesta concreta de cambios estructurales construida mediante la m\u00e1s profunda democracia que las y los colegiados podamos en com\u00fan entregar.<\/p>\n\n\n\n<h4 class=\"wp-block-heading\"><strong>Compromiso con las ciudades y sus habitantes desde la Poblaci\u00f3n Aurora de Chile<\/strong><\/h4>\n\n\n\n<hr class=\"wp-block-separator has-alpha-channel-opacity\"\/>\n\n\n\n<p>Desde su origen, el Colegio de Arquitectos de Chile ha sostenido un rol social que, si bien ha tenido acciones concretas, requiere de una revisi\u00f3n profunda. La formaci\u00f3n de conocimiento, la tutela profesional del servicio p\u00fablico y la creaci\u00f3n del Servicio de Asistencia T\u00e9cnica (SAT) son sin duda esfuerzos loables, pero no deben cegarnos ante las deficiencias e inequidades de un sistema urban\u00edstico que hemos dejado avanzar.<\/p>\n\n\n\n<p>Nuestro \u00e1mbito de acci\u00f3n es esencialmente p\u00fablico, somos depositarios de las competencias t\u00e9cnicas y te\u00f3ricas para la planificaci\u00f3n, construcci\u00f3n y gesti\u00f3n de nuestras ciudades. Ya sea en espacios privados o p\u00fablicos, cada una de nuestras labores tiene consecuencias directas en la vida de las personas.<\/p>\n\n\n\n<p>Por tanto, nuestro compromiso con las ciudades y sus habitantes va m\u00e1s all\u00e1 de las declaraciones \u00e9ticas; es una acci\u00f3n continua y proactiva que debe cuestionar lo existente y buscar soluciones reales para las comunidades ante las amenazas de un crecimiento urbano muchas veces devastador. La responsabilidad \u00e9tica que se nos atribuye, lejos de ser una afirmaci\u00f3n ret\u00f3rica, exige una introspecci\u00f3n cr\u00edtica y un compromiso a la altura de las realidades y desaf\u00edos actuales.<\/p>\n\n\n\n<p>De esta manera, no es casual que este 26\u00b0 Congreso Nacional de Arquitectos nos re\u00fana en la hist\u00f3rica Poblaci\u00f3n Aurora de Chile, un lugar de lucha incansable ante la expulsi\u00f3n y el abandono estatal, que encarna las contradicciones de nuestras ciudades. M\u00e1s all\u00e1 de ser un mero ejercicio acad\u00e9mico, este encuentro debe ser un punto de partida para reconstruir activamente el compromiso hist\u00f3rico del gremio con los problemas urbanos y el bienestar del habitar. No es suficiente con ampliar la mirada, necesitamos transformarla radicalmente.<\/p>\n\n\n\n<p>El Colegio, a trav\u00e9s de su Delegaci\u00f3n Zonal Concepci\u00f3n, acuerda no s\u00f3lo ser una herramienta t\u00e9cnica y pol\u00edtica, sino tambi\u00e9n un agente de cambio. Estamos aqu\u00ed para aprender de las comunidades que luchan diariamente por su derecho a existir y habitar la ciudad. Nos comprometemos a ir m\u00e1s all\u00e1 de meras promesas y a trabajar junto a las y los pobladores, no s\u00f3lo durante este evento, sino en la implementaci\u00f3n efectiva de proyectos que respondan a sus problem\u00e1ticas reflejando sus verdaderas necesidades y deseos.<\/p>\n\n\n\n<p>En este esfuerzo organizativo, reconocemos que nuestras pr\u00e1cticas tienen que reconfigurarse. Necesitamos impulsar y fomentar una planificaci\u00f3n urbana participativa e interdisciplinaria, donde las voces de las comunidades no s\u00f3lo sean escuchadas sino incorporadas desde el inicio y hasta el t\u00e9rmino de sus procesos. Este Congreso no es un fin en s\u00ed mismo, sino m\u00e1s bien un catalizador para el cambio real, un primer paso que apueste por la justicia territorial y la equidad urbana.<\/p>\n\n\n\n<hr class=\"wp-block-separator has-alpha-channel-opacity\"\/>\n\n\n\n<p><strong><a href=\"https:\/\/colegioarquitectos.com\/noticias\/wp-content\/uploads\/2023\/12\/Manifiesto-y-mandato-general-26%C2%B0-Congreso-Nacional-de-Arquitectos.pdf\"><\/a>&nbsp;&nbsp;<a href=\"https:\/\/colegioarquitectos.com\/noticias\/wp-content\/uploads\/2023\/12\/Manifiesto-y-mandato-general-26%C2%B0-Congreso-Nacional-de-Arquitectos.pdf\">Manifiesto y mandato general del 26\u00b0 Congreso Nacional de Arquitectos<\/a><\/strong><\/p>\n<div class=\"sharedaddy sd-sharing-enabled\"><div class=\"robots-nocontent sd-block sd-social sd-social-icon sd-sharing\"><h3 class=\"sd-title\">Comparte esto:<\/h3><div class=\"sd-content\"><ul><li class=\"share-twitter\"><a rel=\"nofollow\" data-shared=\"sharing-twitter-316\" class=\"share-twitter sd-button share-icon no-text\" href=\"http:\/\/colegioarquitectos.com\/congreso\/manifiesto-y-mandato-general-del-26-congreso-nacional-de-arquitectos\/?share=twitter\" rel=\"noopener noreferrer\" target=\"_blank\" title=\"Haz clic para compartir en Twitter\"><span><\/span><span class=\"sharing-screen-reader-text\">Haz clic para compartir en Twitter (Se abre en una ventana nueva)<\/span><\/a><\/li><li class=\"share-facebook\"><a rel=\"nofollow\" data-shared=\"sharing-facebook-316\" class=\"share-facebook sd-button share-icon no-text\" href=\"http:\/\/colegioarquitectos.com\/congreso\/manifiesto-y-mandato-general-del-26-congreso-nacional-de-arquitectos\/?share=facebook\" rel=\"noopener noreferrer\" target=\"_blank\" title=\"Haz clic para compartir en Facebook\"><span><\/span><span class=\"sharing-screen-reader-text\">Haz clic para compartir en Facebook (Se abre en una ventana nueva)<\/span><\/a><\/li><li class=\"share-jetpack-whatsapp\"><a rel=\"nofollow\" data-shared=\"\" class=\"share-jetpack-whatsapp sd-button share-icon no-text\" href=\"https:\/\/api.whatsapp.com\/send?text=Manifiesto%20y%20mandato%20general%20del%2026%C2%B0%20Congreso%20Nacional%20de%20Arquitectos%20http%3A%2F%2Fcolegioarquitectos.com%2Fcongreso%2Fmanifiesto-y-mandato-general-del-26-congreso-nacional-de-arquitectos%2F\" rel=\"noopener noreferrer\" target=\"_blank\" title=\"Haz clic para compartir en WhatsApp\"><span><\/span><span class=\"sharing-screen-reader-text\">Haz clic para compartir en WhatsApp (Se abre en una ventana nueva)<\/span><\/a><\/li><li class=\"share-print\"><a rel=\"nofollow\" data-shared=\"\" class=\"share-print sd-button share-icon no-text\" href=\"http:\/\/colegioarquitectos.com\/congreso\/manifiesto-y-mandato-general-del-26-congreso-nacional-de-arquitectos\/\" rel=\"noopener noreferrer\" target=\"_blank\" title=\"Haz clic para imprimir\"><span><\/span><span class=\"sharing-screen-reader-text\">Haz clic para imprimir (Se abre en una ventana nueva)<\/span><\/a><\/li><li class=\"share-end\"><\/li><\/ul><\/div><\/div><\/div>","protected":false},"excerpt":{"rendered":"<p>El Colegio de Arquitectos de Chile (CA) es la organizaci\u00f3n que agrupa por derecho propio a las y los arquitectos de este pa\u00eds, con vocaci\u00f3n de unidad y m\u00e1xima representaci\u00f3n gremial. A pesar de la lamentable p\u00e9rdida de su estatus legal de tutela gremial, el CA persevera en la mantenci\u00f3n del m\u00e1s alto est\u00e1ndar \u00e9tico, [&hellip;]<\/p>\n<div class=\"sharedaddy sd-sharing-enabled\"><div class=\"robots-nocontent sd-block sd-social sd-social-icon sd-sharing\"><h3 class=\"sd-title\">Comparte esto:<\/h3><div class=\"sd-content\"><ul><li class=\"share-twitter\"><a rel=\"nofollow\" data-shared=\"sharing-twitter-316\" class=\"share-twitter sd-button share-icon no-text\" href=\"http:\/\/colegioarquitectos.com\/congreso\/manifiesto-y-mandato-general-del-26-congreso-nacional-de-arquitectos\/?share=twitter\" rel=\"noopener noreferrer\" target=\"_blank\" title=\"Haz clic para compartir en Twitter\"><span><\/span><span class=\"sharing-screen-reader-text\">Haz clic para compartir en Twitter (Se abre en una ventana nueva)<\/span><\/a><\/li><li class=\"share-facebook\"><a rel=\"nofollow\" data-shared=\"sharing-facebook-316\" class=\"share-facebook sd-button share-icon no-text\" href=\"http:\/\/colegioarquitectos.com\/congreso\/manifiesto-y-mandato-general-del-26-congreso-nacional-de-arquitectos\/?share=facebook\" rel=\"noopener noreferrer\" target=\"_blank\" title=\"Haz clic para compartir en Facebook\"><span><\/span><span class=\"sharing-screen-reader-text\">Haz clic para compartir en Facebook (Se abre en una ventana nueva)<\/span><\/a><\/li><li class=\"share-jetpack-whatsapp\"><a rel=\"nofollow\" data-shared=\"\" class=\"share-jetpack-whatsapp sd-button share-icon no-text\" href=\"https:\/\/api.whatsapp.com\/send?text=Manifiesto%20y%20mandato%20general%20del%2026%C2%B0%20Congreso%20Nacional%20de%20Arquitectos%20http%3A%2F%2Fcolegioarquitectos.com%2Fcongreso%2Fmanifiesto-y-mandato-general-del-26-congreso-nacional-de-arquitectos%2F\" rel=\"noopener noreferrer\" target=\"_blank\" title=\"Haz clic para compartir en WhatsApp\"><span><\/span><span class=\"sharing-screen-reader-text\">Haz clic para compartir en WhatsApp (Se abre en una ventana nueva)<\/span><\/a><\/li><li class=\"share-print\"><a rel=\"nofollow\" data-shared=\"\" class=\"share-print sd-button share-icon no-text\" href=\"http:\/\/colegioarquitectos.com\/congreso\/manifiesto-y-mandato-general-del-26-congreso-nacional-de-arquitectos\/\" rel=\"noopener noreferrer\" target=\"_blank\" title=\"Haz clic para imprimir\"><span><\/span><span class=\"sharing-screen-reader-text\">Haz clic para imprimir (Se abre en una ventana nueva)<\/span><\/a><\/li><li class=\"share-end\"><\/li><\/ul><\/div><\/div><\/div>","protected":false},"author":1,"featured_media":0,"parent":0,"menu_order":0,"comment_status":"closed","ping_status":"closed","template":"","meta":{"footnotes":""},"_links":{"self":[{"href":"http:\/\/colegioarquitectos.com\/congreso\/wp-json\/wp\/v2\/pages\/316"}],"collection":[{"href":"http:\/\/colegioarquitectos.com\/congreso\/wp-json\/wp\/v2\/pages"}],"about":[{"href":"http:\/\/colegioarquitectos.com\/congreso\/wp-json\/wp\/v2\/types\/page"}],"author":[{"embeddable":true,"href":"http:\/\/colegioarquitectos.com\/congreso\/wp-json\/wp\/v2\/users\/1"}],"replies":[{"embeddable":true,"href":"http:\/\/colegioarquitectos.com\/congreso\/wp-json\/wp\/v2\/comments?post=316"}],"version-history":[{"count":5,"href":"http:\/\/colegioarquitectos.com\/congreso\/wp-json\/wp\/v2\/pages\/316\/revisions"}],"predecessor-version":[{"id":324,"href":"http:\/\/colegioarquitectos.com\/congreso\/wp-json\/wp\/v2\/pages\/316\/revisions\/324"}],"wp:attachment":[{"href":"http:\/\/colegioarquitectos.com\/congreso\/wp-json\/wp\/v2\/media?parent=316"}],"curies":[{"name":"wp","href":"https:\/\/api.w.org\/{rel}","templated":true}]}}