{"id":133,"date":"2018-07-09T18:41:18","date_gmt":"2018-07-09T18:41:18","guid":{"rendered":"http:\/\/colegioarquitectos.com\/congreso\/?page_id=133"},"modified":"2023-11-23T13:22:32","modified_gmt":"2023-11-23T13:22:32","slug":"preguntas-frecuentes","status":"publish","type":"page","link":"https:\/\/colegioarquitectos.com\/congreso\/preguntas-frecuentes\/","title":{"rendered":"Preguntas frecuentes"},"content":{"rendered":"<ul>\n<li>\n<ul>\n<li><b>\u00bfD\u00f3nde\u00a0se realizar\u00e1 el Congreso Nacional de Arquitectos de Chile 2023?<\/b><\/li>\n<\/ul>\n<p>Mapa de espacios congresales:<\/p>\n<p><img loading=\"lazy\" decoding=\"async\" data-attachment-id=\"226\" data-permalink=\"https:\/\/colegioarquitectos.com\/congreso\/convocatoria\/pieza-espacios-congresales-feed-1\/\" data-orig-file=\"https:\/\/i1.wp.com\/colegioarquitectos.com\/congreso\/wp-content\/uploads\/2023\/11\/PIEZA-ESPACIOS-CONGRESALES-FEED-1.png?fit=1334%2C1334&amp;ssl=1\" data-orig-size=\"1334,1334\" data-comments-opened=\"1\" data-image-meta=\"{&quot;aperture&quot;:&quot;0&quot;,&quot;credit&quot;:&quot;&quot;,&quot;camera&quot;:&quot;&quot;,&quot;caption&quot;:&quot;&quot;,&quot;created_timestamp&quot;:&quot;0&quot;,&quot;copyright&quot;:&quot;&quot;,&quot;focal_length&quot;:&quot;0&quot;,&quot;iso&quot;:&quot;0&quot;,&quot;shutter_speed&quot;:&quot;0&quot;,&quot;title&quot;:&quot;&quot;,&quot;orientation&quot;:&quot;0&quot;}\" data-image-title=\"PIEZA-ESPACIOS-CONGRESALES-FEED-1\" data-image-description=\"\" data-medium-file=\"https:\/\/i1.wp.com\/colegioarquitectos.com\/congreso\/wp-content\/uploads\/2023\/11\/PIEZA-ESPACIOS-CONGRESALES-FEED-1.png?fit=300%2C300&amp;ssl=1\" data-large-file=\"https:\/\/i1.wp.com\/colegioarquitectos.com\/congreso\/wp-content\/uploads\/2023\/11\/PIEZA-ESPACIOS-CONGRESALES-FEED-1.png?fit=1024%2C1024&amp;ssl=1\" class=\"aligncenter wp-image-226\" src=\"https:\/\/i1.wp.com\/colegioarquitectos.com\/congreso\/wp-content\/uploads\/2023\/11\/PIEZA-ESPACIOS-CONGRESALES-FEED-1.png?resize=788%2C788\" alt=\"\" width=\"788\" height=\"788\" srcset=\"https:\/\/i1.wp.com\/colegioarquitectos.com\/congreso\/wp-content\/uploads\/2023\/11\/PIEZA-ESPACIOS-CONGRESALES-FEED-1.png?w=1334&amp;ssl=1 1334w, https:\/\/i1.wp.com\/colegioarquitectos.com\/congreso\/wp-content\/uploads\/2023\/11\/PIEZA-ESPACIOS-CONGRESALES-FEED-1.png?resize=150%2C150&amp;ssl=1 150w, https:\/\/i1.wp.com\/colegioarquitectos.com\/congreso\/wp-content\/uploads\/2023\/11\/PIEZA-ESPACIOS-CONGRESALES-FEED-1.png?resize=300%2C300&amp;ssl=1 300w, https:\/\/i1.wp.com\/colegioarquitectos.com\/congreso\/wp-content\/uploads\/2023\/11\/PIEZA-ESPACIOS-CONGRESALES-FEED-1.png?resize=768%2C768&amp;ssl=1 768w, https:\/\/i1.wp.com\/colegioarquitectos.com\/congreso\/wp-content\/uploads\/2023\/11\/PIEZA-ESPACIOS-CONGRESALES-FEED-1.png?resize=1024%2C1024&amp;ssl=1 1024w, https:\/\/i1.wp.com\/colegioarquitectos.com\/congreso\/wp-content\/uploads\/2023\/11\/PIEZA-ESPACIOS-CONGRESALES-FEED-1.png?resize=510%2C510&amp;ssl=1 510w\" sizes=\"(max-width: 788px) 100vw, 788px\" data-recalc-dims=\"1\" \/><\/p>\n<p><strong>INAUGURACI\u00d3N: AULA MAGNA UNIVERSIDAD DEL B\u00cdO B\u00cdO<\/strong><\/p>\n<p>Collao 1202, 4051381 Concepci\u00f3n, B\u00edo B\u00edo<\/p>\n<p>Mapa: https:\/\/maps.app.goo.gl\/r9XQE3Mb1Zi1ATdf7<\/p>\n<hr \/>\n<p><strong>TRABAJO CONGRESAL: FACULTAD DE ARQUITECTURA\u00a0<\/strong><\/p>\n<p>Ubicada en: Victoria 486-490, Concepci\u00f3n, B\u00edo B\u00edo<\/p>\n<p>Mapa:\u00a0https:\/\/maps.app.goo.gl\/tNpvLSqn4nq3FJhE6<\/p>\n<hr \/>\n<p><strong>CLAUSURA Y CONFERENCIA MAGISTRAL: TEATRO DEL B\u00cdO B\u00cdO<\/strong><\/p>\n<p>Ubicado en\u00a0Av. Cardenal Ra\u00fal Silva Henr\u00edquez 477, Concepci\u00f3n, B\u00edo B\u00edo<\/p>\n<p>Mapa:\u00a0https:\/\/maps.app.goo.gl\/5z72AVqJmgpbn4Ux8<\/p>\n<p><strong>\u00bfCu\u00e1nto vale participar del Congreso y c\u00f3mo se paga?<\/strong><\/li>\n<\/ul>\n<p>Los valores de participaci\u00f3n y la forma de pago est\u00e1n \u00a0disponibles en\u00a0<a href=\"http:\/\/colegioarquitectos.com\/congreso\/inscripciones\/\">http:\/\/colegioarquitectos.com\/congreso\/inscripciones\/\u00a0<\/a><\/p>\n<p>Existen valores diferenciados entre colegiados activos, no colegiados y estudiantes.<\/p>\n<p>El pago se realiza v\u00eda transferencia electr\u00f3nica o transbank en nuestra sede nacional<\/p>\n<ul>\n<li><strong>\u00bfD\u00f3nde se pueden alojar los arquitectos de regiones?<\/strong><\/li>\n<\/ul>\n<p>El Congreso elabor\u00f3 un listado de hoteles y restaurantes\u00a0 de la zona recomendados para los asistentes.<\/p>\n<p><a href=\"http:\/\/colegioarquitectos.com\/congreso\/wp-content\/uploads\/2023\/11\/Alojamiento-y-Restaurantes-CONGRESO-CONCEPCION-2023-DZ.pdf\">Alojamiento y Restaurantes CONGRESO CONCEPCION 2023 DZ<\/a><\/p>\n<p>Tambi\u00e9n, el Colegio de Arquitectos de Chile tiene un 10% de descuento para quienes participen del 26\u00b0 Congreso Nacional de Arquitectos en el\u00a0<strong>Hotel Alonso de Ercilla (Colo-Colo 334, Concepci\u00f3n)<\/strong>, s\u00f3lo debes indicarlo al momento de hacer tu reserva llamando al 041 \u2013 222 7984\u00a0 \/ 041 \u2013 291 1301 o escribiendo a\u00a0<strong><a href=\"mailto:contacto@hotelalonsodeercilla.cl\">contacto@hotelalonsodeercilla.cl<\/a><\/strong><\/p>\n<p>Las tarifas para los d\u00edas de Congreso son las siguientes:<\/p>\n<p>Habitaci\u00f3n Single Estandar (cama 1,5 P), tarifa diaria $46.000;<\/p>\n<p>Habitaci\u00f3n Single Ejecutiva (Cama 2 P), uso individual, tarifa diaria $ 55.000;<\/p>\n<p>Habitaci\u00f3n Matrimonial (Cama 2 P.), tarifa diaria $ 65.000;<\/p>\n<p>Habitaci\u00f3n Doble twin ( 2 camas de 1,5 P), tarifa diara $ 75.000.<\/p>\n<p>Las tarifas incluyen IVA y desayuno buffet.<\/p>\n<p>Check in 14:00 horas\u00a0\u00a0 Check out 12:00 horas<\/p>\n<hr \/>\n<ul>\n<li><strong>\u00bfQu\u00e9 incluye el valor a pagar?<\/strong><\/li>\n<\/ul>\n<p>El costo de inscripci\u00f3n incluye la acreditaci\u00f3n para participar en los eventos de inauguraci\u00f3n, plenarios, mesas de discusiones, y ceremonia de clausura y conclusiones del Congreso. Adem\u00e1s de las actividades sat\u00e9lites como la actividad territorial y el recorrido arquitect\u00f3nico por la ciudad de CONCEPCI\u00d3N.<\/p>\n<p>Al estar acreditado recibir\u00e1 un kit congreso, con informaci\u00f3n de las mesas de trabajo.<\/p>\n<p>Tambi\u00e9n, se podr\u00e1 participar de los <em>caf\u00e9s<\/em>\u00a0de pausa de las mesas de trabajo y coctel de cierre posterior a la conferencia magistral de Fernando P\u00e9rez Oyarz\u00fan Premio Nacional de Arquitectura 2022<\/p>\n<p>Al finalizar podr\u00e1 solicitar un certificado de participaci\u00f3n<\/p>\n<p>Existen actividades l\u00fadicas todas las noches las cuales tienen un costo adicional.<\/p>\n<ul>\n<li><strong>\u00bfPueden participar arquitectos no colegiados y\/o extranjeros en el Congreso?<\/strong><\/li>\n<\/ul>\n<p>Arquitectos no colegiados, estudiantes y extranjeros pueden participar del Congreso pagando el valor correspondiente.<\/p>\n<ul>\n<li><strong>\u00bfEs indispensable enviar ponencias para participar?<\/strong><\/li>\n<\/ul>\n<p>No es indispensable enviar ponencias. Se puede participar de las discusiones integr\u00e1ndose a la pauta que enviar\u00e1n los conductores de cada mesa de trabajo.<\/p>\n<ul>\n<li><strong>\u00bfSe puede participar en forma virtual?<\/strong><\/li>\n<\/ul>\n<p>En este Congreso s\u00f3lo est\u00e1 prevista la participaci\u00f3n presencial. \u00a0Las conclusiones se subir\u00e1n a <a href=\"http:\/\/www.colegioarquitectos.com\">www.colegioarquitectos.com<\/a> y toda informaci\u00f3n ser\u00e1 comunicada a trav\u00e9s de nuestras redes sociales.<\/p>\n<ul>\n<li><strong>\u00bfSe publicar\u00e1n las ponencias presentadas?<\/strong><\/li>\n<\/ul>\n<p>No se publicar\u00e1n todas las ponencias, pero se publicar\u00e1n en <a href=\"http:\/\/www.colegiodearquitectos.com\">www.colegiodearquitectos.com<\/a> las conclusiones por cada mesa y la del Congreso en general.<\/p>\n<ul>\n<li><\/li>\n<\/ul>\n<hr \/>\n<p><strong>M\u00e1s consultas al email colegiados@colegioarquitectos.com\u00a0<\/strong><\/p>\n<div class=\"sharedaddy sd-sharing-enabled\"><div class=\"robots-nocontent sd-block sd-social sd-social-icon sd-sharing\"><h3 class=\"sd-title\">Comparte esto:<\/h3><div class=\"sd-content\"><ul><li class=\"share-twitter\"><a rel=\"nofollow\" data-shared=\"sharing-twitter-133\" class=\"share-twitter sd-button share-icon no-text\" href=\"https:\/\/colegioarquitectos.com\/congreso\/preguntas-frecuentes\/?share=twitter\" rel=\"noopener noreferrer\" target=\"_blank\" title=\"Haz clic para compartir en Twitter\"><span><\/span><span class=\"sharing-screen-reader-text\">Haz clic para compartir en Twitter (Se abre en una ventana nueva)<\/span><\/a><\/li><li class=\"share-facebook\"><a rel=\"nofollow\" data-shared=\"sharing-facebook-133\" class=\"share-facebook sd-button share-icon no-text\" href=\"https:\/\/colegioarquitectos.com\/congreso\/preguntas-frecuentes\/?share=facebook\" rel=\"noopener noreferrer\" target=\"_blank\" title=\"Haz clic para compartir en Facebook\"><span><\/span><span class=\"sharing-screen-reader-text\">Haz clic para compartir en Facebook (Se abre en una ventana nueva)<\/span><\/a><\/li><li class=\"share-jetpack-whatsapp\"><a rel=\"nofollow\" data-shared=\"\" class=\"share-jetpack-whatsapp sd-button share-icon no-text\" href=\"https:\/\/api.whatsapp.com\/send?text=Preguntas%20frecuentes%20https%3A%2F%2Fcolegioarquitectos.com%2Fcongreso%2Fpreguntas-frecuentes%2F\" rel=\"noopener noreferrer\" target=\"_blank\" title=\"Haz clic para compartir en WhatsApp\"><span><\/span><span class=\"sharing-screen-reader-text\">Haz clic para compartir en WhatsApp (Se abre en una ventana nueva)<\/span><\/a><\/li><li class=\"share-print\"><a rel=\"nofollow\" data-shared=\"\" class=\"share-print sd-button share-icon no-text\" href=\"https:\/\/colegioarquitectos.com\/congreso\/preguntas-frecuentes\/\" rel=\"noopener noreferrer\" target=\"_blank\" title=\"Haz clic para imprimir\"><span><\/span><span class=\"sharing-screen-reader-text\">Haz clic para imprimir (Se abre en una ventana nueva)<\/span><\/a><\/li><li class=\"share-end\"><\/li><\/ul><\/div><\/div><\/div>","protected":false},"excerpt":{"rendered":"<p>\u00bfD\u00f3nde\u00a0se realizar\u00e1 el Congreso Nacional de Arquitectos de Chile 2023? Mapa de espacios congresales: INAUGURACI\u00d3N: AULA MAGNA UNIVERSIDAD DEL B\u00cdO B\u00cdO Collao 1202, 4051381 Concepci\u00f3n, B\u00edo B\u00edo Mapa: https:\/\/maps.app.goo.gl\/r9XQE3Mb1Zi1ATdf7 TRABAJO CONGRESAL: FACULTAD DE ARQUITECTURA\u00a0 Ubicada en: Victoria 486-490, Concepci\u00f3n, B\u00edo B\u00edo Mapa:\u00a0https:\/\/maps.app.goo.gl\/tNpvLSqn4nq3FJhE6 CLAUSURA Y CONFERENCIA MAGISTRAL: TEATRO DEL B\u00cdO B\u00cdO Ubicado en\u00a0Av. Cardenal Ra\u00fal Silva [&hellip;]<\/p>\n<div class=\"sharedaddy sd-sharing-enabled\"><div class=\"robots-nocontent sd-block sd-social sd-social-icon sd-sharing\"><h3 class=\"sd-title\">Comparte esto:<\/h3><div class=\"sd-content\"><ul><li class=\"share-twitter\"><a rel=\"nofollow\" data-shared=\"sharing-twitter-133\" class=\"share-twitter sd-button share-icon no-text\" href=\"https:\/\/colegioarquitectos.com\/congreso\/preguntas-frecuentes\/?share=twitter\" rel=\"noopener noreferrer\" target=\"_blank\" title=\"Haz clic para compartir en Twitter\"><span><\/span><span class=\"sharing-screen-reader-text\">Haz clic para compartir en Twitter (Se abre en una ventana nueva)<\/span><\/a><\/li><li class=\"share-facebook\"><a rel=\"nofollow\" data-shared=\"sharing-facebook-133\" class=\"share-facebook sd-button share-icon no-text\" href=\"https:\/\/colegioarquitectos.com\/congreso\/preguntas-frecuentes\/?share=facebook\" rel=\"noopener noreferrer\" target=\"_blank\" title=\"Haz clic para compartir en Facebook\"><span><\/span><span class=\"sharing-screen-reader-text\">Haz clic para compartir en Facebook (Se abre en una ventana nueva)<\/span><\/a><\/li><li class=\"share-jetpack-whatsapp\"><a rel=\"nofollow\" data-shared=\"\" class=\"share-jetpack-whatsapp sd-button share-icon no-text\" href=\"https:\/\/api.whatsapp.com\/send?text=Preguntas%20frecuentes%20https%3A%2F%2Fcolegioarquitectos.com%2Fcongreso%2Fpreguntas-frecuentes%2F\" rel=\"noopener noreferrer\" target=\"_blank\" title=\"Haz clic para compartir en WhatsApp\"><span><\/span><span class=\"sharing-screen-reader-text\">Haz clic para compartir en WhatsApp (Se abre en una ventana nueva)<\/span><\/a><\/li><li class=\"share-print\"><a rel=\"nofollow\" data-shared=\"\" class=\"share-print sd-button share-icon no-text\" href=\"https:\/\/colegioarquitectos.com\/congreso\/preguntas-frecuentes\/\" rel=\"noopener noreferrer\" target=\"_blank\" title=\"Haz clic para imprimir\"><span><\/span><span class=\"sharing-screen-reader-text\">Haz clic para imprimir (Se abre en una ventana nueva)<\/span><\/a><\/li><li class=\"share-end\"><\/li><\/ul><\/div><\/div><\/div>","protected":false},"author":1,"featured_media":0,"parent":0,"menu_order":0,"comment_status":"closed","ping_status":"closed","template":"","meta":{"footnotes":""},"_links":{"self":[{"href":"https:\/\/colegioarquitectos.com\/congreso\/wp-json\/wp\/v2\/pages\/133"}],"collection":[{"href":"https:\/\/colegioarquitectos.com\/congreso\/wp-json\/wp\/v2\/pages"}],"about":[{"href":"https:\/\/colegioarquitectos.com\/congreso\/wp-json\/wp\/v2\/types\/page"}],"author":[{"embeddable":true,"href":"https:\/\/colegioarquitectos.com\/congreso\/wp-json\/wp\/v2\/users\/1"}],"replies":[{"embeddable":true,"href":"https:\/\/colegioarquitectos.com\/congreso\/wp-json\/wp\/v2\/comments?post=133"}],"version-history":[{"count":8,"href":"https:\/\/colegioarquitectos.com\/congreso\/wp-json\/wp\/v2\/pages\/133\/revisions"}],"predecessor-version":[{"id":255,"href":"https:\/\/colegioarquitectos.com\/congreso\/wp-json\/wp\/v2\/pages\/133\/revisions\/255"}],"wp:attachment":[{"href":"https:\/\/colegioarquitectos.com\/congreso\/wp-json\/wp\/v2\/media?parent=133"}],"curies":[{"name":"wp","href":"https:\/\/api.w.org\/{rel}","templated":true}]}}