{"id":61,"date":"2018-06-25T19:45:48","date_gmt":"2018-06-25T19:45:48","guid":{"rendered":"http:\/\/colegioarquitectos.com\/congreso\/?page_id=61"},"modified":"2023-11-22T03:20:15","modified_gmt":"2023-11-22T03:20:15","slug":"convocatoria","status":"publish","type":"page","link":"https:\/\/colegioarquitectos.com\/congreso\/convocatoria\/","title":{"rendered":"Convocatoria"},"content":{"rendered":"<p>El pr\u00f3ximo\u00a0<strong>30 de noviembre<\/strong>\u00a0tendr\u00e1 su jornada inaugural el\u00a0<strong>26\u00b0 Congreso Nacional de Arquitectos<\/strong>\u00a0del\u00a0<strong>Colegio de Arquitectos de Chile (CA)<\/strong>, el cual se realizar\u00e1 en\u00a0<strong>Concepci\u00f3n<\/strong>\u00a0y girar\u00e1 en torno al lema\u00a0<strong>\u00abDesaf\u00edos pasados y presentes para el futuro\u00bb<\/strong>.<\/p>\n<p>Para el evento se ha propuesto dos tem\u00e1ticas a desarrollar: los<strong>\u00a0desaf\u00edos globales en la formaci\u00f3n de arquitectura<\/strong>\u00a0y la\u00a0<strong>estructura org\u00e1nica estatutaria del gremio<\/strong>.<\/p>\n<p>Por este motivo y ante la complejidad del desaf\u00edo org\u00e1nico,\u00a0<strong>se propone una metodolog\u00eda de discusiones pre congresales en cada una de las Delegaciones Zonales (DZ) cuyo fin sea la b\u00fasqueda de nudos cr\u00edticos en la organizaci\u00f3n y quehacer del CA<\/strong>, as\u00ed como puntos de encuentro desde donde\u00a0<strong>construir un relato compartido un Colegio que nos represente de una mejor manera ante la sociedad<\/strong>.<\/p>\n<h4>Formaci\u00f3n<\/h4>\n<hr \/>\n<p>Nos encontramos frente a desaf\u00edos propios de la disciplina frente al medio y la sociedad. Si bien la arquitectura posee un modo particular de ense\u00f1anza aprendizaje basado en proyectos, se hace necesario pensar hoy nuevos enfoques y una formaci\u00f3n por competencias que incorpore tanto el trabajo colaborativo y con las comunidades como los entornos contempor\u00e1neos complejos, como la crisis medioambiental y sus efectos.<\/p>\n<h4>Estructura del Colegio<\/h4>\n<hr \/>\n<p>Las dificultades administrativas y organizativas arrastradas durante a\u00f1os y la eventual profundidad que representan para la org\u00e1nica del Colegio, han suscitado diversos cuestionamientos por parte de las y los colegiados y motivan un proceso de reflexi\u00f3n y discusi\u00f3n amplio y vinculante para el futuro de nuestra organizaci\u00f3n desde sus bases, para avanzar en la modificaci\u00f3n de los estatutos de nuestro gremio.<\/p>\n<h4>Objetivos<\/h4>\n<hr \/>\n<p><strong>General<\/strong><\/p>\n<ul>\n<li>Realizar un Congreso que mejore las relaciones organizativas dentro del Colegio y de este con la comunidad.<\/li>\n<\/ul>\n<p><strong>Espec\u00edficos<\/strong><\/p>\n<ul>\n<li>Lograr acuerdos vinculantes que se transformen en mandatos hacia el Colegio<\/li>\n<li>Analizar cr\u00edticamente la org\u00e1nica del Colegio respecto de las necesidades de sus colegiados y colegiadas y m\u00e1s ampliamente, de las de la profesi\u00f3n y de las y los estudiantes<\/li>\n<li>Proponer adecuaciones org\u00e1nicas del Colegio que permitan mejorar su funcionamiento<\/li>\n<li>Compartir experiencias nacionales e internacionales en torno a los desaf\u00edos sociales y ambientales en la formaci\u00f3n de la arquitectura<\/li>\n<li>Favorecer la asociatividad entre las Escuelas de Arquitectura y de estas con el Colegio<\/li>\n<li>Fortalecer el rol social del Colegio en torno a los problemas contingentes del pa\u00eds<\/li>\n<\/ul>\n<p>&nbsp;<\/p>\n<h4><strong>Calendario<\/strong><\/h4>\n<hr \/>\n<table width=\"100%\">\n<tbody>\n<tr>\n<td><strong>25 de septiembre:<\/strong>\u00a0Lanzamiento del\u00a026\u00b0 Congreso de Arquitectos<strong>28 de septiembre:<\/strong>\u00a0Entrega de metodolog\u00eda a DZ (inicio de plazo de discusiones)<\/p>\n<p><strong>04 de octubre:<\/strong>\u00a0Plazo m\u00e1ximo de nombramiento de monitores por DZ<\/p>\n<p><strong>04 de octubre:<\/strong>\u00a0Jornada de capacitaci\u00f3n de monitores y entrega de insumos desde \u00f3rganos del CA<\/p>\n<p><strong>30 de octubre:<\/strong>\u00a0Entrega respuestas de discusiones 1 y 2 a Comit\u00e9 organizador<\/p>\n<p><strong>Desde el 13 de octubre:<\/strong>\u00a0Jornadas propuestas de discusi\u00f3n<\/p>\n<p><strong>27 al 30 noviembre:<\/strong>\u00a0Hitos pre-Congreso en Concepci\u00f3n<\/p>\n<p><strong>30 de noviembre al 02 de diciembre:<\/strong>\u00a026\u00b0 Congreso de Arquitectos<\/td>\n<\/tr>\n<\/tbody>\n<\/table>\n<hr \/>\n<p><strong>Programa:<\/strong> Conoce el programa en el siguiente link:\u00a0https:\/\/colegioarquitectos.com\/congreso\/programa\/<\/p>\n<p>&nbsp;<\/p>\n<hr \/>\n<p><strong>Mapa de espacios congresales<\/strong><\/p>\n<p><iframe loading=\"lazy\" style=\"border: 0;\" src=\"https:\/\/www.google.com\/maps\/embed?pb=!1m39!1m12!1m3!1d20673.214752955693!2d-73.05388052041938!3d-36.82602681807847!2m3!1f0!2f0!3f0!3m2!1i1024!2i768!4f13.1!4m24!3e0!4m5!1s0x9669b41835afa1cf%3A0x77d286f967b69915!2sAula%20Magna%20Universidad%20del%20B%C3%ADo-B%C3%ADo%20-%20Collao%201202%2C%204051381%20Concepci%C3%B3n%2C%20B%C3%ADo%20B%C3%ADo!3m2!1d-36.822277899999996!2d-73.0131856!4m5!1s0x9669b6820cf978fd%3A0x57fe94b6e824af8a!2sFacultad%20de%20Arquitectura%20Urbanismo%20y%20Geograf%C3%ADa%20Udec%20-%20Victoria%20486-490%2C%20Concepci%C3%B3n%2C%20B%C3%ADo%20B%C3%ADo!3m2!1d-36.8328957!2d-73.033312!4m4!2s-36.832247975320925%2C%20-73.06087393030774!3m2!1d-36.832248!2d-73.06087389999999!4m5!1s0x9669b5e0c92c6e7b%3A0xb06c512a84ae27b!2sTeatro%20Biob%C3%ADo!3m2!1d-36.8332282!2d-73.0649695!5e1!3m2!1ses!2scl!4v1700137616482!5m2!1ses!2scl\" width=\"900\" height=\"750\" allowfullscreen=\"allowfullscreen\"><span data-mce-type=\"bookmark\" style=\"display: inline-block; width: 0px; overflow: hidden; line-height: 0;\" class=\"mce_SELRES_start\">\ufeff<\/span><\/iframe><\/p>\n<p>&nbsp;<\/p>\n<hr \/>\n<p><img loading=\"lazy\" decoding=\"async\" data-attachment-id=\"226\" data-permalink=\"https:\/\/colegioarquitectos.com\/congreso\/convocatoria\/pieza-espacios-congresales-feed-1\/\" data-orig-file=\"https:\/\/i1.wp.com\/colegioarquitectos.com\/congreso\/wp-content\/uploads\/2023\/11\/PIEZA-ESPACIOS-CONGRESALES-FEED-1.png?fit=1334%2C1334&amp;ssl=1\" data-orig-size=\"1334,1334\" data-comments-opened=\"1\" data-image-meta=\"{&quot;aperture&quot;:&quot;0&quot;,&quot;credit&quot;:&quot;&quot;,&quot;camera&quot;:&quot;&quot;,&quot;caption&quot;:&quot;&quot;,&quot;created_timestamp&quot;:&quot;0&quot;,&quot;copyright&quot;:&quot;&quot;,&quot;focal_length&quot;:&quot;0&quot;,&quot;iso&quot;:&quot;0&quot;,&quot;shutter_speed&quot;:&quot;0&quot;,&quot;title&quot;:&quot;&quot;,&quot;orientation&quot;:&quot;0&quot;}\" data-image-title=\"PIEZA-ESPACIOS-CONGRESALES-FEED-1\" data-image-description=\"\" data-medium-file=\"https:\/\/i1.wp.com\/colegioarquitectos.com\/congreso\/wp-content\/uploads\/2023\/11\/PIEZA-ESPACIOS-CONGRESALES-FEED-1.png?fit=300%2C300&amp;ssl=1\" data-large-file=\"https:\/\/i1.wp.com\/colegioarquitectos.com\/congreso\/wp-content\/uploads\/2023\/11\/PIEZA-ESPACIOS-CONGRESALES-FEED-1.png?fit=1024%2C1024&amp;ssl=1\" class=\"aligncenter wp-image-226\" src=\"https:\/\/i1.wp.com\/colegioarquitectos.com\/congreso\/wp-content\/uploads\/2023\/11\/PIEZA-ESPACIOS-CONGRESALES-FEED-1.png?resize=950%2C950\" alt=\"\" width=\"950\" height=\"950\" srcset=\"https:\/\/i1.wp.com\/colegioarquitectos.com\/congreso\/wp-content\/uploads\/2023\/11\/PIEZA-ESPACIOS-CONGRESALES-FEED-1.png?w=1334&amp;ssl=1 1334w, https:\/\/i1.wp.com\/colegioarquitectos.com\/congreso\/wp-content\/uploads\/2023\/11\/PIEZA-ESPACIOS-CONGRESALES-FEED-1.png?resize=150%2C150&amp;ssl=1 150w, https:\/\/i1.wp.com\/colegioarquitectos.com\/congreso\/wp-content\/uploads\/2023\/11\/PIEZA-ESPACIOS-CONGRESALES-FEED-1.png?resize=300%2C300&amp;ssl=1 300w, https:\/\/i1.wp.com\/colegioarquitectos.com\/congreso\/wp-content\/uploads\/2023\/11\/PIEZA-ESPACIOS-CONGRESALES-FEED-1.png?resize=768%2C768&amp;ssl=1 768w, https:\/\/i1.wp.com\/colegioarquitectos.com\/congreso\/wp-content\/uploads\/2023\/11\/PIEZA-ESPACIOS-CONGRESALES-FEED-1.png?resize=1024%2C1024&amp;ssl=1 1024w, https:\/\/i1.wp.com\/colegioarquitectos.com\/congreso\/wp-content\/uploads\/2023\/11\/PIEZA-ESPACIOS-CONGRESALES-FEED-1.png?resize=510%2C510&amp;ssl=1 510w\" sizes=\"(max-width: 950px) 100vw, 950px\" data-recalc-dims=\"1\" \/><\/p>\n<p>El<strong>\u00a026\u00b0 Congreso Nacional de Arquitectos<\/strong>\u00a0es organizado por el\u00a0<strong>Colegio de Arquitectos de Chile<\/strong>, y su\u00a0<strong>Delegaci\u00f3n Zonal Concepci\u00f3n.<\/strong><\/p>\n<hr \/>\n<p>&nbsp;<\/p>\n<p><strong>Tienes alguna duda para participar?<\/strong><\/p>\n<p>visita nuestra secci\u00f3n de preguntas frecuentes<\/p>\n<blockquote class=\"wp-embedded-content\" data-secret=\"vk9vsHb2W1\"><p><a href=\"http:\/\/colegioarquitectos.com\/congreso\/preguntas-frecuentes\/\">Preguntas frecuentes<\/a><\/p><\/blockquote>\n<p><iframe class=\"wp-embedded-content\" sandbox=\"allow-scripts\" security=\"restricted\" style=\"position: absolute; clip: rect(1px, 1px, 1px, 1px);\" src=\"http:\/\/colegioarquitectos.com\/congreso\/preguntas-frecuentes\/embed\/#?secret=vk9vsHb2W1\" data-secret=\"vk9vsHb2W1\" width=\"600\" height=\"338\" title=\"&#171;Preguntas frecuentes&#187; &#8212; 26 Congreso Nacional de Arquitectos de Chile Concepcion 2023\" frameborder=\"0\" marginwidth=\"0\" marginheight=\"0\" scrolling=\"no\"><\/iframe><\/p>\n<hr \/>\n<p><img loading=\"lazy\" decoding=\"async\" data-attachment-id=\"216\" data-permalink=\"https:\/\/colegioarquitectos.com\/congreso\/convocatoria\/footerweb-congreso\/\" data-orig-file=\"https:\/\/i0.wp.com\/colegioarquitectos.com\/congreso\/wp-content\/uploads\/2023\/11\/FOOTERweb-congreso.png?fit=1200%2C280&amp;ssl=1\" data-orig-size=\"1200,280\" data-comments-opened=\"1\" data-image-meta=\"{&quot;aperture&quot;:&quot;0&quot;,&quot;credit&quot;:&quot;&quot;,&quot;camera&quot;:&quot;&quot;,&quot;caption&quot;:&quot;&quot;,&quot;created_timestamp&quot;:&quot;0&quot;,&quot;copyright&quot;:&quot;&quot;,&quot;focal_length&quot;:&quot;0&quot;,&quot;iso&quot;:&quot;0&quot;,&quot;shutter_speed&quot;:&quot;0&quot;,&quot;title&quot;:&quot;&quot;,&quot;orientation&quot;:&quot;0&quot;}\" data-image-title=\"FOOTERweb-congreso\" data-image-description=\"\" data-medium-file=\"https:\/\/i0.wp.com\/colegioarquitectos.com\/congreso\/wp-content\/uploads\/2023\/11\/FOOTERweb-congreso.png?fit=300%2C70&amp;ssl=1\" data-large-file=\"https:\/\/i0.wp.com\/colegioarquitectos.com\/congreso\/wp-content\/uploads\/2023\/11\/FOOTERweb-congreso.png?fit=1024%2C239&amp;ssl=1\" class=\"aligncenter size-full wp-image-216\" src=\"https:\/\/i0.wp.com\/colegioarquitectos.com\/congreso\/wp-content\/uploads\/2023\/11\/FOOTERweb-congreso.png?resize=1140%2C266\" alt=\"\" width=\"1140\" height=\"266\" srcset=\"https:\/\/i0.wp.com\/colegioarquitectos.com\/congreso\/wp-content\/uploads\/2023\/11\/FOOTERweb-congreso.png?w=1200&amp;ssl=1 1200w, https:\/\/i0.wp.com\/colegioarquitectos.com\/congreso\/wp-content\/uploads\/2023\/11\/FOOTERweb-congreso.png?resize=300%2C70&amp;ssl=1 300w, https:\/\/i0.wp.com\/colegioarquitectos.com\/congreso\/wp-content\/uploads\/2023\/11\/FOOTERweb-congreso.png?resize=768%2C179&amp;ssl=1 768w, https:\/\/i0.wp.com\/colegioarquitectos.com\/congreso\/wp-content\/uploads\/2023\/11\/FOOTERweb-congreso.png?resize=1024%2C239&amp;ssl=1 1024w\" sizes=\"(max-width: 1140px) 100vw, 1140px\" data-recalc-dims=\"1\" \/><\/p>\n<div class=\"sharedaddy sd-sharing-enabled\"><div class=\"robots-nocontent sd-block sd-social sd-social-icon sd-sharing\"><h3 class=\"sd-title\">Comparte esto:<\/h3><div class=\"sd-content\"><ul><li class=\"share-twitter\"><a rel=\"nofollow\" data-shared=\"sharing-twitter-61\" class=\"share-twitter sd-button share-icon no-text\" href=\"https:\/\/colegioarquitectos.com\/congreso\/convocatoria\/?share=twitter\" rel=\"noopener noreferrer\" target=\"_blank\" title=\"Haz clic para compartir en Twitter\"><span><\/span><span class=\"sharing-screen-reader-text\">Haz clic para compartir en Twitter (Se abre en una ventana nueva)<\/span><\/a><\/li><li class=\"share-facebook\"><a rel=\"nofollow\" data-shared=\"sharing-facebook-61\" class=\"share-facebook sd-button share-icon no-text\" href=\"https:\/\/colegioarquitectos.com\/congreso\/convocatoria\/?share=facebook\" rel=\"noopener noreferrer\" target=\"_blank\" title=\"Haz clic para compartir en Facebook\"><span><\/span><span class=\"sharing-screen-reader-text\">Haz clic para compartir en Facebook (Se abre en una ventana nueva)<\/span><\/a><\/li><li class=\"share-jetpack-whatsapp\"><a rel=\"nofollow\" data-shared=\"\" class=\"share-jetpack-whatsapp sd-button share-icon no-text\" href=\"https:\/\/api.whatsapp.com\/send?text=Convocatoria%20https%3A%2F%2Fcolegioarquitectos.com%2Fcongreso%2Fconvocatoria%2F\" rel=\"noopener noreferrer\" target=\"_blank\" title=\"Haz clic para compartir en WhatsApp\"><span><\/span><span class=\"sharing-screen-reader-text\">Haz clic para compartir en WhatsApp (Se abre en una ventana nueva)<\/span><\/a><\/li><li class=\"share-print\"><a rel=\"nofollow\" data-shared=\"\" class=\"share-print sd-button share-icon no-text\" href=\"https:\/\/colegioarquitectos.com\/congreso\/convocatoria\/\" rel=\"noopener noreferrer\" target=\"_blank\" title=\"Haz clic para imprimir\"><span><\/span><span class=\"sharing-screen-reader-text\">Haz clic para imprimir (Se abre en una ventana nueva)<\/span><\/a><\/li><li class=\"share-end\"><\/li><\/ul><\/div><\/div><\/div>","protected":false},"excerpt":{"rendered":"<p>El pr\u00f3ximo\u00a030 de noviembre\u00a0tendr\u00e1 su jornada inaugural el\u00a026\u00b0 Congreso Nacional de Arquitectos\u00a0del\u00a0Colegio de Arquitectos de Chile (CA), el cual se realizar\u00e1 en\u00a0Concepci\u00f3n\u00a0y girar\u00e1 en torno al lema\u00a0\u00abDesaf\u00edos pasados y presentes para el futuro\u00bb. Para el evento se ha propuesto dos tem\u00e1ticas a desarrollar: los\u00a0desaf\u00edos globales en la formaci\u00f3n de arquitectura\u00a0y la\u00a0estructura org\u00e1nica estatutaria del gremio. [&hellip;]<\/p>\n<div class=\"sharedaddy sd-sharing-enabled\"><div class=\"robots-nocontent sd-block sd-social sd-social-icon sd-sharing\"><h3 class=\"sd-title\">Comparte esto:<\/h3><div class=\"sd-content\"><ul><li class=\"share-twitter\"><a rel=\"nofollow\" data-shared=\"sharing-twitter-61\" class=\"share-twitter sd-button share-icon no-text\" href=\"https:\/\/colegioarquitectos.com\/congreso\/convocatoria\/?share=twitter\" rel=\"noopener noreferrer\" target=\"_blank\" title=\"Haz clic para compartir en Twitter\"><span><\/span><span class=\"sharing-screen-reader-text\">Haz clic para compartir en Twitter (Se abre en una ventana nueva)<\/span><\/a><\/li><li class=\"share-facebook\"><a rel=\"nofollow\" data-shared=\"sharing-facebook-61\" class=\"share-facebook sd-button share-icon no-text\" href=\"https:\/\/colegioarquitectos.com\/congreso\/convocatoria\/?share=facebook\" rel=\"noopener noreferrer\" target=\"_blank\" title=\"Haz clic para compartir en Facebook\"><span><\/span><span class=\"sharing-screen-reader-text\">Haz clic para compartir en Facebook (Se abre en una ventana nueva)<\/span><\/a><\/li><li class=\"share-jetpack-whatsapp\"><a rel=\"nofollow\" data-shared=\"\" class=\"share-jetpack-whatsapp sd-button share-icon no-text\" href=\"https:\/\/api.whatsapp.com\/send?text=Convocatoria%20https%3A%2F%2Fcolegioarquitectos.com%2Fcongreso%2Fconvocatoria%2F\" rel=\"noopener noreferrer\" target=\"_blank\" title=\"Haz clic para compartir en WhatsApp\"><span><\/span><span class=\"sharing-screen-reader-text\">Haz clic para compartir en WhatsApp (Se abre en una ventana nueva)<\/span><\/a><\/li><li class=\"share-print\"><a rel=\"nofollow\" data-shared=\"\" class=\"share-print sd-button share-icon no-text\" href=\"https:\/\/colegioarquitectos.com\/congreso\/convocatoria\/\" rel=\"noopener noreferrer\" target=\"_blank\" title=\"Haz clic para imprimir\"><span><\/span><span class=\"sharing-screen-reader-text\">Haz clic para imprimir (Se abre en una ventana nueva)<\/span><\/a><\/li><li class=\"share-end\"><\/li><\/ul><\/div><\/div><\/div>","protected":false},"author":1,"featured_media":179,"parent":0,"menu_order":0,"comment_status":"closed","ping_status":"closed","template":"","meta":{"footnotes":""},"_links":{"self":[{"href":"https:\/\/colegioarquitectos.com\/congreso\/wp-json\/wp\/v2\/pages\/61"}],"collection":[{"href":"https:\/\/colegioarquitectos.com\/congreso\/wp-json\/wp\/v2\/pages"}],"about":[{"href":"https:\/\/colegioarquitectos.com\/congreso\/wp-json\/wp\/v2\/types\/page"}],"author":[{"embeddable":true,"href":"https:\/\/colegioarquitectos.com\/congreso\/wp-json\/wp\/v2\/users\/1"}],"replies":[{"embeddable":true,"href":"https:\/\/colegioarquitectos.com\/congreso\/wp-json\/wp\/v2\/comments?post=61"}],"version-history":[{"count":16,"href":"https:\/\/colegioarquitectos.com\/congreso\/wp-json\/wp\/v2\/pages\/61\/revisions"}],"predecessor-version":[{"id":232,"href":"https:\/\/colegioarquitectos.com\/congreso\/wp-json\/wp\/v2\/pages\/61\/revisions\/232"}],"wp:featuredmedia":[{"embeddable":true,"href":"https:\/\/colegioarquitectos.com\/congreso\/wp-json\/wp\/v2\/media\/179"}],"wp:attachment":[{"href":"https:\/\/colegioarquitectos.com\/congreso\/wp-json\/wp\/v2\/media?parent=61"}],"curies":[{"name":"wp","href":"https:\/\/api.w.org\/{rel}","templated":true}]}}