{"id":65,"date":"2018-06-25T19:48:44","date_gmt":"2018-06-25T19:48:44","guid":{"rendered":"http:\/\/colegioarquitectos.com\/congreso\/?page_id=65"},"modified":"2023-11-30T21:50:36","modified_gmt":"2023-11-30T21:50:36","slug":"programa","status":"publish","type":"page","link":"https:\/\/colegioarquitectos.com\/congreso\/programa\/","title":{"rendered":"Programa Actividades"},"content":{"rendered":"<p><img loading=\"lazy\" decoding=\"async\" data-attachment-id=\"297\" data-permalink=\"https:\/\/colegioarquitectos.com\/congreso\/programa\/programa-congreso-nacional-2023-webpng\/\" data-orig-file=\"https:\/\/i0.wp.com\/colegioarquitectos.com\/congreso\/wp-content\/uploads\/2023\/11\/PROGRAMA-CONGRESO-NACIONAL-2023-WEBpng.png?fit=1600%2C1304&amp;ssl=1\" data-orig-size=\"1600,1304\" data-comments-opened=\"1\" data-image-meta=\"{&quot;aperture&quot;:&quot;0&quot;,&quot;credit&quot;:&quot;&quot;,&quot;camera&quot;:&quot;&quot;,&quot;caption&quot;:&quot;&quot;,&quot;created_timestamp&quot;:&quot;0&quot;,&quot;copyright&quot;:&quot;&quot;,&quot;focal_length&quot;:&quot;0&quot;,&quot;iso&quot;:&quot;0&quot;,&quot;shutter_speed&quot;:&quot;0&quot;,&quot;title&quot;:&quot;&quot;,&quot;orientation&quot;:&quot;0&quot;}\" data-image-title=\"PROGRAMA-CONGRESO-NACIONAL-2023-WEBpng\" data-image-description=\"\" data-medium-file=\"https:\/\/i0.wp.com\/colegioarquitectos.com\/congreso\/wp-content\/uploads\/2023\/11\/PROGRAMA-CONGRESO-NACIONAL-2023-WEBpng.png?fit=300%2C245&amp;ssl=1\" data-large-file=\"https:\/\/i0.wp.com\/colegioarquitectos.com\/congreso\/wp-content\/uploads\/2023\/11\/PROGRAMA-CONGRESO-NACIONAL-2023-WEBpng.png?fit=1024%2C835&amp;ssl=1\" class=\"aligncenter size-full wp-image-297\" src=\"https:\/\/i0.wp.com\/colegioarquitectos.com\/congreso\/wp-content\/uploads\/2023\/11\/PROGRAMA-CONGRESO-NACIONAL-2023-WEBpng.png?resize=1140%2C929\" alt=\"\" width=\"1140\" height=\"929\" srcset=\"https:\/\/i0.wp.com\/colegioarquitectos.com\/congreso\/wp-content\/uploads\/2023\/11\/PROGRAMA-CONGRESO-NACIONAL-2023-WEBpng.png?w=1600&amp;ssl=1 1600w, https:\/\/i0.wp.com\/colegioarquitectos.com\/congreso\/wp-content\/uploads\/2023\/11\/PROGRAMA-CONGRESO-NACIONAL-2023-WEBpng.png?resize=300%2C245&amp;ssl=1 300w, https:\/\/i0.wp.com\/colegioarquitectos.com\/congreso\/wp-content\/uploads\/2023\/11\/PROGRAMA-CONGRESO-NACIONAL-2023-WEBpng.png?resize=1024%2C835&amp;ssl=1 1024w, https:\/\/i0.wp.com\/colegioarquitectos.com\/congreso\/wp-content\/uploads\/2023\/11\/PROGRAMA-CONGRESO-NACIONAL-2023-WEBpng.png?resize=768%2C626&amp;ssl=1 768w, https:\/\/i0.wp.com\/colegioarquitectos.com\/congreso\/wp-content\/uploads\/2023\/11\/PROGRAMA-CONGRESO-NACIONAL-2023-WEBpng.png?resize=1536%2C1252&amp;ssl=1 1536w\" sizes=\"(max-width: 1140px) 100vw, 1140px\" data-recalc-dims=\"1\" \/><\/p>\n<hr \/>\n<p><a href=\"http:\/\/colegioarquitectos.com\/congreso\/wp-content\/uploads\/2023\/11\/Programa-congreso-WEB-30112023.pdf\" target=\"_blank\" rel=\"noopener\">DESCARGA PROGRAMA CONGRESO NACIONAL 2023<\/a><\/p>\n<hr \/>\n<h2>Espacios congresales<\/h2>\n<hr \/>\n<p>La<strong>\u00a0Universidad de Concepci\u00f3n<\/strong>,\u00a0<strong>Universidad del B\u00edo-B\u00edo<\/strong>\u00a0y el\u00a0<strong>Teatro BioB\u00edo<\/strong>\u00a0acoger\u00e1n la instancia que abordar\u00e1 tem\u00e1ticas clave para el futuro de la disciplina.<\/p>\n<h4>Para llegar a UBB<\/h4>\n<p>Transporte p\u00fablico: Hay abundantes l\u00edneas que llegan hasta la Universidad. Se recomienda el transporte licitado (buses grises y azules) evitando buses de recorrido Coronel-Lota.<\/p>\n<p>Actualmente hay trabajos viales en sector Collao y Plaza Acevedo, por lo que se debe considerar un tiempo holgado por seguridad.<\/p>\n<p>Buses: 22S17O 22R 72W 72Z 70J 40B 52D 70F<\/p>\n<h4>Entre UBB y UdeC<\/h4>\n<p>Se recomienda Uber en general para evitar demoras por trabajos en v\u00edas del transporte p\u00fablico. Se ahorra un tiempo de 20 minutos<\/p>\n<p>Transporte p\u00fablico (40 minutos): Buses que tomen calle O\u2019Higgins, bajarse en calle Janequeo y caminar 14 minutos.<\/p>\n<p>Buses por O\u2019Higgins:\u00a0 22D 17X 22C 70G 70I<\/p>\n<h4>Para llegar a UdeC<\/h4>\n<p>Transporte p\u00fablico: Gran cantidad de buses y colectivos. La gran mayor\u00eda pasa por calle San Mart\u00edn y algunos por calle Chacabuco.<\/p>\n<p>Buses por San Mart\u00edn: 22X10C 10D 13G 42U 40N 10A 10B 11E 13G 10A 10B 11E 13G 40N 80L<\/p>\n<p>Bajarse en San Mart\u00edn con Paicav\u00ed y considerar 14 minutos a pie.<\/p>\n<p>Buses por Chacabuco: 63F 44E 90Y<\/p>\n<p>Bajarse en Paradero de la UDEC y considerar 12 minutos a pie.<\/p>\n<h4>Para llegar a Teatro del Biob\u00edo<\/h4>\n<p>Transporte p\u00fablico: Similar a llegar a la Aurora de Chile. Se puede acceder desde calle V\u00edctor Lamas.<\/p>\n<p>Buses por V\u00edctor Lamas: 22E 21B 22C 24M 40G. Bajarse en paradero del Parque Bicentenario y cruzar.<\/p>\n<hr \/>\n<h4>Actividades sat\u00e9lites<\/h4>\n<h2>Encuentros territoriales<\/h2>\n<hr \/>\n<h4>Encuentro territorial\u00a0\u00abPensar la ciudad desde las poblaciones: afectividad, memoria y planificaci\u00f3n\u00bb<\/h4>\n<p>Como una de las actividades sat\u00e9lites, el s\u00e1bado 2 de diciembre desde las 09.00 horas realizaremos el encuentro territorial\u00a0\u00abPensar la ciudad desde las poblaciones: afectividad, memoria y planificaci\u00f3n\u00bb en la Poblaci\u00f3n Aurora de Chile.<\/p>\n<p>El encuentro tendr\u00e1 como punto de convocatoria la esquina de Libertador Bernardo O\u00b4Higgins y Avenida Padre Hurtado, para luego recorrer la Poblaci\u00f3n Hist\u00f3rica Aurora de Chile y sus transformaciones recientes y finalizar\u00e1 en un conversatorio en la Escuela Santa Catalina entre las 10.30 y 11.30 horas.<\/p>\n<p><img loading=\"lazy\" decoding=\"async\" data-attachment-id=\"261\" data-permalink=\"https:\/\/colegioarquitectos.com\/congreso\/programa\/pieza-ecuentros-territoriales-feed-1-aurora\/\" data-orig-file=\"https:\/\/i1.wp.com\/colegioarquitectos.com\/congreso\/wp-content\/uploads\/2023\/11\/PIEZA-ECUENTROS-TERRITORIALES-FEED-1-AURORA.png?fit=1334%2C1334&amp;ssl=1\" data-orig-size=\"1334,1334\" data-comments-opened=\"1\" data-image-meta=\"{&quot;aperture&quot;:&quot;0&quot;,&quot;credit&quot;:&quot;&quot;,&quot;camera&quot;:&quot;&quot;,&quot;caption&quot;:&quot;&quot;,&quot;created_timestamp&quot;:&quot;0&quot;,&quot;copyright&quot;:&quot;&quot;,&quot;focal_length&quot;:&quot;0&quot;,&quot;iso&quot;:&quot;0&quot;,&quot;shutter_speed&quot;:&quot;0&quot;,&quot;title&quot;:&quot;&quot;,&quot;orientation&quot;:&quot;0&quot;}\" data-image-title=\"PIEZA-ECUENTROS-TERRITORIALES&#8211;FEED-1-AURORA\" data-image-description=\"\" data-medium-file=\"https:\/\/i1.wp.com\/colegioarquitectos.com\/congreso\/wp-content\/uploads\/2023\/11\/PIEZA-ECUENTROS-TERRITORIALES-FEED-1-AURORA.png?fit=300%2C300&amp;ssl=1\" data-large-file=\"https:\/\/i1.wp.com\/colegioarquitectos.com\/congreso\/wp-content\/uploads\/2023\/11\/PIEZA-ECUENTROS-TERRITORIALES-FEED-1-AURORA.png?fit=1024%2C1024&amp;ssl=1\" class=\"aligncenter size-full wp-image-261\" src=\"https:\/\/i1.wp.com\/colegioarquitectos.com\/congreso\/wp-content\/uploads\/2023\/11\/PIEZA-ECUENTROS-TERRITORIALES-FEED-1-AURORA.png?resize=1140%2C1140\" alt=\"\" width=\"1140\" height=\"1140\" srcset=\"https:\/\/i1.wp.com\/colegioarquitectos.com\/congreso\/wp-content\/uploads\/2023\/11\/PIEZA-ECUENTROS-TERRITORIALES-FEED-1-AURORA.png?w=1334&amp;ssl=1 1334w, https:\/\/i1.wp.com\/colegioarquitectos.com\/congreso\/wp-content\/uploads\/2023\/11\/PIEZA-ECUENTROS-TERRITORIALES-FEED-1-AURORA.png?resize=300%2C300&amp;ssl=1 300w, https:\/\/i1.wp.com\/colegioarquitectos.com\/congreso\/wp-content\/uploads\/2023\/11\/PIEZA-ECUENTROS-TERRITORIALES-FEED-1-AURORA.png?resize=1024%2C1024&amp;ssl=1 1024w, https:\/\/i1.wp.com\/colegioarquitectos.com\/congreso\/wp-content\/uploads\/2023\/11\/PIEZA-ECUENTROS-TERRITORIALES-FEED-1-AURORA.png?resize=150%2C150&amp;ssl=1 150w, https:\/\/i1.wp.com\/colegioarquitectos.com\/congreso\/wp-content\/uploads\/2023\/11\/PIEZA-ECUENTROS-TERRITORIALES-FEED-1-AURORA.png?resize=768%2C768&amp;ssl=1 768w, https:\/\/i1.wp.com\/colegioarquitectos.com\/congreso\/wp-content\/uploads\/2023\/11\/PIEZA-ECUENTROS-TERRITORIALES-FEED-1-AURORA.png?resize=510%2C510&amp;ssl=1 510w\" sizes=\"(max-width: 1140px) 100vw, 1140px\" data-recalc-dims=\"1\" \/><\/p>\n<h4>Para Llegar a Aurora de Chile<\/h4>\n<p>Transporte p\u00fablico: Se puede acceder desde calle V\u00edctor Lamas y desde O\u2019Higgins (ambas desde centro de Concepci\u00f3n).<\/p>\n<p>Buses por V\u00edctor Lamas:22E 21B 22C 24M 40G. Considerar 10 minutos a pie hasta cancha Hurac\u00e1n.<\/p>\n<p>Buses por O\u2019Higgins:\u00a0 14T 16K 16V 18P 80H 80Z. Considerar 14 minutos a pie. Si se toma esta opci\u00f3n se debe considerar cruzar la l\u00ednea f\u00e9rrea a la altura de San Mart\u00edn hac\u00eda la Poblaci\u00f3n.<\/p>\n<hr \/>\n<h2><strong>Visitas a obras de arquitectura<\/strong><\/h2>\n<hr \/>\n<h2><strong>Visita guiada a Casa Poli<\/strong><\/h2>\n<p>Cobro: Gratuito para todas y todos los asistentes<\/p>\n<p>Cupos: 20 cupos asistentes inscritos de otras regiones<\/p>\n<p>10 cupos acad\u00e9micas acad\u00e9micos escuelas de arquitectura<\/p>\n<p>10 cupos estudiantes escuelas de arquitectura<\/p>\n<p>Salida: 08.30 horas Plaza Independencia Concepci\u00f3n<\/p>\n<p>Llegada: 12.00 horas Teatro Regional del Biob\u00edo<\/p>\n<p><strong>Inscripciones en el siguiente Formulario : <a href=\"https:\/\/docs.google.com\/forms\/d\/e\/1FAIpQLSdVt-dC_mzOphMspQpT9KYOczQWvQe3sxA0I98Gcm0Bm435Og\/viewform\" target=\"_blank\" rel=\"noopener\">https:\/\/docs.google.com\/forms\/d\/e\/1FAIpQLSdVt-dC_mzOphMspQpT9KYOczQWvQe3sxA0I98Gcm0Bm435Og\/viewform<\/a><\/strong><\/p>\n<p><img loading=\"lazy\" decoding=\"async\" data-attachment-id=\"265\" data-permalink=\"https:\/\/colegioarquitectos.com\/congreso\/programa\/pieza-ecuentros-territoriales-feed-3-casa-poli\/\" data-orig-file=\"https:\/\/i1.wp.com\/colegioarquitectos.com\/congreso\/wp-content\/uploads\/2023\/11\/PIEZA-ECUENTROS-TERRITORIALES-FEED-3-CASA-POLI.png?fit=1334%2C1334&amp;ssl=1\" data-orig-size=\"1334,1334\" data-comments-opened=\"1\" data-image-meta=\"{&quot;aperture&quot;:&quot;0&quot;,&quot;credit&quot;:&quot;&quot;,&quot;camera&quot;:&quot;&quot;,&quot;caption&quot;:&quot;&quot;,&quot;created_timestamp&quot;:&quot;0&quot;,&quot;copyright&quot;:&quot;&quot;,&quot;focal_length&quot;:&quot;0&quot;,&quot;iso&quot;:&quot;0&quot;,&quot;shutter_speed&quot;:&quot;0&quot;,&quot;title&quot;:&quot;&quot;,&quot;orientation&quot;:&quot;0&quot;}\" data-image-title=\"PIEZA-ECUENTROS-TERRITORIALES&#8211;FEED-3-CASA-POLI\" data-image-description=\"\" data-medium-file=\"https:\/\/i1.wp.com\/colegioarquitectos.com\/congreso\/wp-content\/uploads\/2023\/11\/PIEZA-ECUENTROS-TERRITORIALES-FEED-3-CASA-POLI.png?fit=300%2C300&amp;ssl=1\" data-large-file=\"https:\/\/i1.wp.com\/colegioarquitectos.com\/congreso\/wp-content\/uploads\/2023\/11\/PIEZA-ECUENTROS-TERRITORIALES-FEED-3-CASA-POLI.png?fit=1024%2C1024&amp;ssl=1\" class=\"aligncenter size-full wp-image-265\" src=\"https:\/\/i1.wp.com\/colegioarquitectos.com\/congreso\/wp-content\/uploads\/2023\/11\/PIEZA-ECUENTROS-TERRITORIALES-FEED-3-CASA-POLI.png?resize=1140%2C1140\" alt=\"\" width=\"1140\" height=\"1140\" srcset=\"https:\/\/i1.wp.com\/colegioarquitectos.com\/congreso\/wp-content\/uploads\/2023\/11\/PIEZA-ECUENTROS-TERRITORIALES-FEED-3-CASA-POLI.png?w=1334&amp;ssl=1 1334w, https:\/\/i1.wp.com\/colegioarquitectos.com\/congreso\/wp-content\/uploads\/2023\/11\/PIEZA-ECUENTROS-TERRITORIALES-FEED-3-CASA-POLI.png?resize=300%2C300&amp;ssl=1 300w, https:\/\/i1.wp.com\/colegioarquitectos.com\/congreso\/wp-content\/uploads\/2023\/11\/PIEZA-ECUENTROS-TERRITORIALES-FEED-3-CASA-POLI.png?resize=1024%2C1024&amp;ssl=1 1024w, https:\/\/i1.wp.com\/colegioarquitectos.com\/congreso\/wp-content\/uploads\/2023\/11\/PIEZA-ECUENTROS-TERRITORIALES-FEED-3-CASA-POLI.png?resize=150%2C150&amp;ssl=1 150w, https:\/\/i1.wp.com\/colegioarquitectos.com\/congreso\/wp-content\/uploads\/2023\/11\/PIEZA-ECUENTROS-TERRITORIALES-FEED-3-CASA-POLI.png?resize=768%2C768&amp;ssl=1 768w, https:\/\/i1.wp.com\/colegioarquitectos.com\/congreso\/wp-content\/uploads\/2023\/11\/PIEZA-ECUENTROS-TERRITORIALES-FEED-3-CASA-POLI.png?resize=510%2C510&amp;ssl=1 510w\" sizes=\"(max-width: 1140px) 100vw, 1140px\" data-recalc-dims=\"1\" \/><\/p>\n<hr \/>\n<h2><strong>Periplo Mujeres arquitectas [Pioneras]<\/strong><\/h2>\n<p>Cobro: Gratuito para todas y todos los asistentes<\/p>\n<p>Cupos: Hasta 50 personas<\/p>\n<p>Salida: 09.45 horas Plaza Independencia Concepci\u00f3n<\/p>\n<p>Llegada: 12.00 horas Teatro Regional del Biob\u00edo<\/p>\n<p><strong>Inscripciones en el siguiente Formulario : <a href=\"https:\/\/docs.google.com\/forms\/d\/e\/1FAIpQLSdVt-dC_mzOphMspQpT9KYOczQWvQe3sxA0I98Gcm0Bm435Og\/viewform\" target=\"_blank\" rel=\"noopener\">https:\/\/docs.google.com\/forms\/d\/e\/1FAIpQLSdVt-dC_mzOphMspQpT9KYOczQWvQe3sxA0I98Gcm0Bm435Og\/viewform<\/a><\/strong><\/p>\n<p><img loading=\"lazy\" decoding=\"async\" data-attachment-id=\"263\" data-permalink=\"https:\/\/colegioarquitectos.com\/congreso\/programa\/pieza-ecuentros-territoriales-feed-1-pioneras\/\" data-orig-file=\"https:\/\/i1.wp.com\/colegioarquitectos.com\/congreso\/wp-content\/uploads\/2023\/11\/PIEZA-ECUENTROS-TERRITORIALES-FEED-1-PIONERAS.png?fit=1334%2C1334&amp;ssl=1\" data-orig-size=\"1334,1334\" data-comments-opened=\"1\" data-image-meta=\"{&quot;aperture&quot;:&quot;0&quot;,&quot;credit&quot;:&quot;&quot;,&quot;camera&quot;:&quot;&quot;,&quot;caption&quot;:&quot;&quot;,&quot;created_timestamp&quot;:&quot;0&quot;,&quot;copyright&quot;:&quot;&quot;,&quot;focal_length&quot;:&quot;0&quot;,&quot;iso&quot;:&quot;0&quot;,&quot;shutter_speed&quot;:&quot;0&quot;,&quot;title&quot;:&quot;&quot;,&quot;orientation&quot;:&quot;0&quot;}\" data-image-title=\"PIEZA-ECUENTROS-TERRITORIALES&#8211;FEED-1-PIONERAS\" data-image-description=\"\" data-medium-file=\"https:\/\/i1.wp.com\/colegioarquitectos.com\/congreso\/wp-content\/uploads\/2023\/11\/PIEZA-ECUENTROS-TERRITORIALES-FEED-1-PIONERAS.png?fit=300%2C300&amp;ssl=1\" data-large-file=\"https:\/\/i1.wp.com\/colegioarquitectos.com\/congreso\/wp-content\/uploads\/2023\/11\/PIEZA-ECUENTROS-TERRITORIALES-FEED-1-PIONERAS.png?fit=1024%2C1024&amp;ssl=1\" class=\"aligncenter size-full wp-image-263\" src=\"https:\/\/i1.wp.com\/colegioarquitectos.com\/congreso\/wp-content\/uploads\/2023\/11\/PIEZA-ECUENTROS-TERRITORIALES-FEED-1-PIONERAS.png?resize=1140%2C1140\" alt=\"\" width=\"1140\" height=\"1140\" srcset=\"https:\/\/i1.wp.com\/colegioarquitectos.com\/congreso\/wp-content\/uploads\/2023\/11\/PIEZA-ECUENTROS-TERRITORIALES-FEED-1-PIONERAS.png?w=1334&amp;ssl=1 1334w, https:\/\/i1.wp.com\/colegioarquitectos.com\/congreso\/wp-content\/uploads\/2023\/11\/PIEZA-ECUENTROS-TERRITORIALES-FEED-1-PIONERAS.png?resize=300%2C300&amp;ssl=1 300w, https:\/\/i1.wp.com\/colegioarquitectos.com\/congreso\/wp-content\/uploads\/2023\/11\/PIEZA-ECUENTROS-TERRITORIALES-FEED-1-PIONERAS.png?resize=1024%2C1024&amp;ssl=1 1024w, https:\/\/i1.wp.com\/colegioarquitectos.com\/congreso\/wp-content\/uploads\/2023\/11\/PIEZA-ECUENTROS-TERRITORIALES-FEED-1-PIONERAS.png?resize=150%2C150&amp;ssl=1 150w, https:\/\/i1.wp.com\/colegioarquitectos.com\/congreso\/wp-content\/uploads\/2023\/11\/PIEZA-ECUENTROS-TERRITORIALES-FEED-1-PIONERAS.png?resize=768%2C768&amp;ssl=1 768w, https:\/\/i1.wp.com\/colegioarquitectos.com\/congreso\/wp-content\/uploads\/2023\/11\/PIEZA-ECUENTROS-TERRITORIALES-FEED-1-PIONERAS.png?resize=510%2C510&amp;ssl=1 510w\" sizes=\"(max-width: 1140px) 100vw, 1140px\" data-recalc-dims=\"1\" \/><\/p>\n<hr \/>\n<h2><strong>Visita guiada Ex Colegio Inmaculada Concepci\u00f3n<\/strong><\/h2>\n<p>Cobro: Gratuito para todas y todos los asistentes<\/p>\n<p>Cupos: 15 personas (s\u00f3lo p\u00fablico general)<\/p>\n<p>Salida: 11:00 horas An\u00edbal Pinto 340, Concepci\u00f3n<\/p>\n<p>Llegada: 12.30 horas An\u00edbal Pinto 340, Concepci\u00f3n<\/p>\n<p><strong>Inscripciones en el siguiente Formulario : <a href=\"https:\/\/docs.google.com\/forms\/d\/e\/1FAIpQLSdVt-dC_mzOphMspQpT9KYOczQWvQe3sxA0I98Gcm0Bm435Og\/viewform\" target=\"_blank\" rel=\"noopener\">https:\/\/docs.google.com\/forms\/d\/e\/1FAIpQLSdVt-dC_mzOphMspQpT9KYOczQWvQe3sxA0I98Gcm0Bm435Og\/viewform<\/a><\/strong><\/p>\n<p><img loading=\"lazy\" decoding=\"async\" data-attachment-id=\"269\" data-permalink=\"https:\/\/colegioarquitectos.com\/congreso\/programa\/pieza-ecuentros-territoriales-feed-3-uss-colegio\/\" data-orig-file=\"https:\/\/i0.wp.com\/colegioarquitectos.com\/congreso\/wp-content\/uploads\/2023\/11\/PIEZA-ECUENTROS-TERRITORIALES-FEED-3-USS-COLEGIO.png?fit=1334%2C1334&amp;ssl=1\" data-orig-size=\"1334,1334\" data-comments-opened=\"1\" data-image-meta=\"{&quot;aperture&quot;:&quot;0&quot;,&quot;credit&quot;:&quot;&quot;,&quot;camera&quot;:&quot;&quot;,&quot;caption&quot;:&quot;&quot;,&quot;created_timestamp&quot;:&quot;0&quot;,&quot;copyright&quot;:&quot;&quot;,&quot;focal_length&quot;:&quot;0&quot;,&quot;iso&quot;:&quot;0&quot;,&quot;shutter_speed&quot;:&quot;0&quot;,&quot;title&quot;:&quot;&quot;,&quot;orientation&quot;:&quot;0&quot;}\" data-image-title=\"PIEZA-ECUENTROS-TERRITORIALES&#8211;FEED-3-USS-COLEGIO\" data-image-description=\"\" data-medium-file=\"https:\/\/i0.wp.com\/colegioarquitectos.com\/congreso\/wp-content\/uploads\/2023\/11\/PIEZA-ECUENTROS-TERRITORIALES-FEED-3-USS-COLEGIO.png?fit=300%2C300&amp;ssl=1\" data-large-file=\"https:\/\/i0.wp.com\/colegioarquitectos.com\/congreso\/wp-content\/uploads\/2023\/11\/PIEZA-ECUENTROS-TERRITORIALES-FEED-3-USS-COLEGIO.png?fit=1024%2C1024&amp;ssl=1\" class=\"aligncenter size-full wp-image-269\" src=\"https:\/\/i0.wp.com\/colegioarquitectos.com\/congreso\/wp-content\/uploads\/2023\/11\/PIEZA-ECUENTROS-TERRITORIALES-FEED-3-USS-COLEGIO.png?resize=1140%2C1140\" alt=\"\" width=\"1140\" height=\"1140\" srcset=\"https:\/\/i0.wp.com\/colegioarquitectos.com\/congreso\/wp-content\/uploads\/2023\/11\/PIEZA-ECUENTROS-TERRITORIALES-FEED-3-USS-COLEGIO.png?w=1334&amp;ssl=1 1334w, https:\/\/i0.wp.com\/colegioarquitectos.com\/congreso\/wp-content\/uploads\/2023\/11\/PIEZA-ECUENTROS-TERRITORIALES-FEED-3-USS-COLEGIO.png?resize=300%2C300&amp;ssl=1 300w, https:\/\/i0.wp.com\/colegioarquitectos.com\/congreso\/wp-content\/uploads\/2023\/11\/PIEZA-ECUENTROS-TERRITORIALES-FEED-3-USS-COLEGIO.png?resize=1024%2C1024&amp;ssl=1 1024w, https:\/\/i0.wp.com\/colegioarquitectos.com\/congreso\/wp-content\/uploads\/2023\/11\/PIEZA-ECUENTROS-TERRITORIALES-FEED-3-USS-COLEGIO.png?resize=150%2C150&amp;ssl=1 150w, https:\/\/i0.wp.com\/colegioarquitectos.com\/congreso\/wp-content\/uploads\/2023\/11\/PIEZA-ECUENTROS-TERRITORIALES-FEED-3-USS-COLEGIO.png?resize=768%2C768&amp;ssl=1 768w, https:\/\/i0.wp.com\/colegioarquitectos.com\/congreso\/wp-content\/uploads\/2023\/11\/PIEZA-ECUENTROS-TERRITORIALES-FEED-3-USS-COLEGIO.png?resize=510%2C510&amp;ssl=1 510w\" sizes=\"(max-width: 1140px) 100vw, 1140px\" data-recalc-dims=\"1\" \/><\/p>\n<hr \/>\n<h6>Formulario de inscripciones Visitas Obras<\/h6>\n<p><iframe loading=\"lazy\" src=\"https:\/\/docs.google.com\/forms\/d\/e\/1FAIpQLSdVt-dC_mzOphMspQpT9KYOczQWvQe3sxA0I98Gcm0Bm435Og\/viewform?embedded=true\" width=\"640\" height=\"3959\" frameborder=\"0\" marginwidth=\"0\" marginheight=\"0\">Cargando\u2026<\/iframe><\/p>\n<hr \/>\n<h6>Programa sujeto a modificaci\u00f3n por parte de la comisi\u00f3n organizadora del Congreso Nacional<\/h6>\n<hr \/>\n<p>Conoce la convocatoria general en:<\/p>\n<blockquote class=\"wp-embedded-content\" data-secret=\"MMwJBRyy1e\"><p><a href=\"https:\/\/colegioarquitectos.com\/congreso\/convocatoria\/\">Convocatoria<\/a><\/p><\/blockquote>\n<p><iframe class=\"wp-embedded-content\" sandbox=\"allow-scripts\" security=\"restricted\" style=\"position: absolute; clip: rect(1px, 1px, 1px, 1px);\" title=\"\u00abConvocatoria\u00bb \u2014 26 Congreso Nacional de Arquitectos de Chile Concepcion 2023\" src=\"https:\/\/colegioarquitectos.com\/congreso\/convocatoria\/embed\/#?secret=ZsmCP5BVW6#?secret=MMwJBRyy1e\" data-secret=\"MMwJBRyy1e\" width=\"600\" height=\"338\" frameborder=\"0\" marginwidth=\"0\" marginheight=\"0\" scrolling=\"no\"><\/iframe><\/p>\n<div class=\"sharedaddy sd-sharing-enabled\"><div class=\"robots-nocontent sd-block sd-social sd-social-icon sd-sharing\"><h3 class=\"sd-title\">Comparte esto:<\/h3><div class=\"sd-content\"><ul><li class=\"share-twitter\"><a rel=\"nofollow\" data-shared=\"sharing-twitter-65\" class=\"share-twitter sd-button share-icon no-text\" href=\"https:\/\/colegioarquitectos.com\/congreso\/programa\/?share=twitter\" rel=\"noopener noreferrer\" target=\"_blank\" title=\"Haz clic para compartir en Twitter\"><span><\/span><span class=\"sharing-screen-reader-text\">Haz clic para compartir en Twitter (Se abre en una ventana nueva)<\/span><\/a><\/li><li class=\"share-facebook\"><a rel=\"nofollow\" data-shared=\"sharing-facebook-65\" class=\"share-facebook sd-button share-icon no-text\" href=\"https:\/\/colegioarquitectos.com\/congreso\/programa\/?share=facebook\" rel=\"noopener noreferrer\" target=\"_blank\" title=\"Haz clic para compartir en Facebook\"><span><\/span><span class=\"sharing-screen-reader-text\">Haz clic para compartir en Facebook (Se abre en una ventana nueva)<\/span><\/a><\/li><li class=\"share-jetpack-whatsapp\"><a rel=\"nofollow\" data-shared=\"\" class=\"share-jetpack-whatsapp sd-button share-icon no-text\" href=\"https:\/\/api.whatsapp.com\/send?text=Programa%20Actividades%20https%3A%2F%2Fcolegioarquitectos.com%2Fcongreso%2Fprograma%2F\" rel=\"noopener noreferrer\" target=\"_blank\" title=\"Haz clic para compartir en WhatsApp\"><span><\/span><span class=\"sharing-screen-reader-text\">Haz clic para compartir en WhatsApp (Se abre en una ventana nueva)<\/span><\/a><\/li><li class=\"share-print\"><a rel=\"nofollow\" data-shared=\"\" class=\"share-print sd-button share-icon no-text\" href=\"https:\/\/colegioarquitectos.com\/congreso\/programa\/\" rel=\"noopener noreferrer\" target=\"_blank\" title=\"Haz clic para imprimir\"><span><\/span><span class=\"sharing-screen-reader-text\">Haz clic para imprimir (Se abre en una ventana nueva)<\/span><\/a><\/li><li class=\"share-end\"><\/li><\/ul><\/div><\/div><\/div>","protected":false},"excerpt":{"rendered":"<p>DESCARGA PROGRAMA CONGRESO NACIONAL 2023 Espacios congresales La\u00a0Universidad de Concepci\u00f3n,\u00a0Universidad del B\u00edo-B\u00edo\u00a0y el\u00a0Teatro BioB\u00edo\u00a0acoger\u00e1n la instancia que abordar\u00e1 tem\u00e1ticas clave para el futuro de la disciplina. Para llegar a UBB Transporte p\u00fablico: Hay abundantes l\u00edneas que llegan hasta la Universidad. Se recomienda el transporte licitado (buses grises y azules) evitando buses de recorrido Coronel-Lota. Actualmente [&hellip;]<\/p>\n<div class=\"sharedaddy sd-sharing-enabled\"><div class=\"robots-nocontent sd-block sd-social sd-social-icon sd-sharing\"><h3 class=\"sd-title\">Comparte esto:<\/h3><div class=\"sd-content\"><ul><li class=\"share-twitter\"><a rel=\"nofollow\" data-shared=\"sharing-twitter-65\" class=\"share-twitter sd-button share-icon no-text\" href=\"https:\/\/colegioarquitectos.com\/congreso\/programa\/?share=twitter\" rel=\"noopener noreferrer\" target=\"_blank\" title=\"Haz clic para compartir en Twitter\"><span><\/span><span class=\"sharing-screen-reader-text\">Haz clic para compartir en Twitter (Se abre en una ventana nueva)<\/span><\/a><\/li><li class=\"share-facebook\"><a rel=\"nofollow\" data-shared=\"sharing-facebook-65\" class=\"share-facebook sd-button share-icon no-text\" href=\"https:\/\/colegioarquitectos.com\/congreso\/programa\/?share=facebook\" rel=\"noopener noreferrer\" target=\"_blank\" title=\"Haz clic para compartir en Facebook\"><span><\/span><span class=\"sharing-screen-reader-text\">Haz clic para compartir en Facebook (Se abre en una ventana nueva)<\/span><\/a><\/li><li class=\"share-jetpack-whatsapp\"><a rel=\"nofollow\" data-shared=\"\" class=\"share-jetpack-whatsapp sd-button share-icon no-text\" href=\"https:\/\/api.whatsapp.com\/send?text=Programa%20Actividades%20https%3A%2F%2Fcolegioarquitectos.com%2Fcongreso%2Fprograma%2F\" rel=\"noopener noreferrer\" target=\"_blank\" title=\"Haz clic para compartir en WhatsApp\"><span><\/span><span class=\"sharing-screen-reader-text\">Haz clic para compartir en WhatsApp (Se abre en una ventana nueva)<\/span><\/a><\/li><li class=\"share-print\"><a rel=\"nofollow\" data-shared=\"\" class=\"share-print sd-button share-icon no-text\" href=\"https:\/\/colegioarquitectos.com\/congreso\/programa\/\" rel=\"noopener noreferrer\" target=\"_blank\" title=\"Haz clic para imprimir\"><span><\/span><span class=\"sharing-screen-reader-text\">Haz clic para imprimir (Se abre en una ventana nueva)<\/span><\/a><\/li><li class=\"share-end\"><\/li><\/ul><\/div><\/div><\/div>","protected":false},"author":1,"featured_media":180,"parent":0,"menu_order":0,"comment_status":"closed","ping_status":"closed","template":"","meta":{"footnotes":""},"_links":{"self":[{"href":"https:\/\/colegioarquitectos.com\/congreso\/wp-json\/wp\/v2\/pages\/65"}],"collection":[{"href":"https:\/\/colegioarquitectos.com\/congreso\/wp-json\/wp\/v2\/pages"}],"about":[{"href":"https:\/\/colegioarquitectos.com\/congreso\/wp-json\/wp\/v2\/types\/page"}],"author":[{"embeddable":true,"href":"https:\/\/colegioarquitectos.com\/congreso\/wp-json\/wp\/v2\/users\/1"}],"replies":[{"embeddable":true,"href":"https:\/\/colegioarquitectos.com\/congreso\/wp-json\/wp\/v2\/comments?post=65"}],"version-history":[{"count":27,"href":"https:\/\/colegioarquitectos.com\/congreso\/wp-json\/wp\/v2\/pages\/65\/revisions"}],"predecessor-version":[{"id":299,"href":"https:\/\/colegioarquitectos.com\/congreso\/wp-json\/wp\/v2\/pages\/65\/revisions\/299"}],"wp:featuredmedia":[{"embeddable":true,"href":"https:\/\/colegioarquitectos.com\/congreso\/wp-json\/wp\/v2\/media\/180"}],"wp:attachment":[{"href":"https:\/\/colegioarquitectos.com\/congreso\/wp-json\/wp\/v2\/media?parent=65"}],"curies":[{"name":"wp","href":"https:\/\/api.w.org\/{rel}","templated":true}]}}