{"id":70,"date":"2018-06-25T19:55:16","date_gmt":"2018-06-25T19:55:16","guid":{"rendered":"http:\/\/colegioarquitectos.com\/congreso\/?page_id=70"},"modified":"2023-11-24T18:56:26","modified_gmt":"2023-11-24T18:56:26","slug":"inscripciones","status":"publish","type":"page","link":"https:\/\/colegioarquitectos.com\/congreso\/inscripciones\/","title":{"rendered":"Inscripciones"},"content":{"rendered":"<p><strong>Costos de participaci\u00f3n asistentes congreso<\/strong><\/p>\n<table style=\"border-collapse: collapse; width: 578px; height: 270px;\" border=\"0\" width=\"320\" cellspacing=\"0\" cellpadding=\"0\">\n<colgroup>\n<col style=\"width: 60pt;\" span=\"4\" width=\"80\" \/> <\/colgroup>\n<tbody>\n<tr style=\"height: 15.0pt;\">\n<td class=\"xl71\" style=\"height: 15pt; width: 60pt; text-align: center;\" width=\"80\" height=\"20\">COLEGIADOS\u00a0\u00a0<strong>ACTIVOS<\/strong><\/td>\n<td class=\"xl69\" style=\"border-left: none; width: 60pt; text-align: center;\" width=\"80\"><strong>$ 25.000<\/strong><\/td>\n<td class=\"xl70\" style=\"border-left: none; width: 60pt; text-align: center;\" align=\"right\" width=\"80\"><\/td>\n<td class=\"xl68\" style=\"border-left: none; width: 60pt;\" width=\"80\"><\/td>\n<\/tr>\n<tr style=\"height: 15.0pt;\">\n<td class=\"xl69\" style=\"height: 15pt; border-top: none; text-align: center;\" height=\"20\">COLEGIADOS <strong>INACTIVOS Y NO COLEGIADOS\u00a0<\/strong><\/td>\n<td class=\"xl69\" style=\"border-top: none; border-left: none; text-align: center;\"><strong>$ 45.000<\/strong><\/td>\n<td class=\"xl70\" style=\"border-top: none; border-left: none; text-align: center;\" align=\"right\"><\/td>\n<td class=\"xl68\" style=\"border-top: none; border-left: none;\"><\/td>\n<\/tr>\n<tr style=\"height: 15.0pt;\">\n<td class=\"xl69\" style=\"height: 15pt; border-top: none; text-align: center;\" height=\"20\"><strong>ESTUDIANTES\u00a0<\/strong><\/td>\n<td class=\"xl69\" style=\"border-top: none; border-left: none; text-align: center;\"><strong>$ 20.000<\/strong><\/td>\n<td class=\"xl70\" style=\"border-top: none; border-left: none; text-align: center;\" align=\"right\"><\/td>\n<td class=\"xl68\" style=\"border-top: none; border-left: none;\"><\/td>\n<\/tr>\n<\/tbody>\n<\/table>\n<p>Completa el formulario de inscripci\u00f3n y luego realiza el pago<\/p>\n<hr \/>\n<p>Formulario<\/p>\n<p><iframe loading=\"lazy\" src=\"https:\/\/docs.google.com\/forms\/d\/e\/1FAIpQLSenPCrQN_UqFOpx4Z4pptJl_ZHgflyAcU3Pa_mGA76pkkwnZA\/viewform?embedded=true\" width=\"640\" height=\"2054\" frameborder=\"0\" marginwidth=\"0\" marginheight=\"0\">Cargando\u2026<\/iframe><\/p>\n<p style=\"font-weight: 400;\">Para confirmar su inscripci\u00f3n , solicitamos realizar el pago a la siguiente cuenta:<\/p>\n<p style=\"font-weight: 400;\"><strong><em>Nombre: Colegio Arquitectos de Chile AG<br \/>\nBanco: Scotiabank\u00a0Rut:\u00a082.465.700-9<br \/>\nCta. Cte. Nro. 970318240<br \/>\nEmail: colegiados@colegioarquitectos.com<br \/>\nAsunto: Inscripci\u00f3n Congreso Nacional de Arquitectos 2023 \u201cNombre y Apellido\u201d.<\/em><\/strong><\/p>\n<p style=\"font-weight: 400;\">Al recepcionar el pago confirmaremos su inscripci\u00f3n y enviaremos la informaci\u00f3n requerida para la acreditaci\u00f3n a su correo electr\u00f3nico<\/p>\n<p style=\"font-weight: 400;\"><strong>COLEGIO DE ARQUITECTOS DE CHILE<\/strong><\/p>\n<p><strong>Consultas al respecto de inscripciones al correo colegiados@colegioarquitectos.com\u00a0\u00a0<\/strong><\/p>\n<hr \/>\n<div class=\"sharedaddy sd-sharing-enabled\"><div class=\"robots-nocontent sd-block sd-social sd-social-icon sd-sharing\"><h3 class=\"sd-title\">Comparte esto:<\/h3><div class=\"sd-content\"><ul><li class=\"share-twitter\"><a rel=\"nofollow\" data-shared=\"sharing-twitter-70\" class=\"share-twitter sd-button share-icon no-text\" href=\"https:\/\/colegioarquitectos.com\/congreso\/inscripciones\/?share=twitter\" rel=\"noopener noreferrer\" target=\"_blank\" title=\"Haz clic para compartir en Twitter\"><span><\/span><span class=\"sharing-screen-reader-text\">Haz clic para compartir en Twitter (Se abre en una ventana nueva)<\/span><\/a><\/li><li class=\"share-facebook\"><a rel=\"nofollow\" data-shared=\"sharing-facebook-70\" class=\"share-facebook sd-button share-icon no-text\" href=\"https:\/\/colegioarquitectos.com\/congreso\/inscripciones\/?share=facebook\" rel=\"noopener noreferrer\" target=\"_blank\" title=\"Haz clic para compartir en Facebook\"><span><\/span><span class=\"sharing-screen-reader-text\">Haz clic para compartir en Facebook (Se abre en una ventana nueva)<\/span><\/a><\/li><li class=\"share-jetpack-whatsapp\"><a rel=\"nofollow\" data-shared=\"\" class=\"share-jetpack-whatsapp sd-button share-icon no-text\" href=\"https:\/\/api.whatsapp.com\/send?text=Inscripciones%20https%3A%2F%2Fcolegioarquitectos.com%2Fcongreso%2Finscripciones%2F\" rel=\"noopener noreferrer\" target=\"_blank\" title=\"Haz clic para compartir en WhatsApp\"><span><\/span><span class=\"sharing-screen-reader-text\">Haz clic para compartir en WhatsApp (Se abre en una ventana nueva)<\/span><\/a><\/li><li class=\"share-print\"><a rel=\"nofollow\" data-shared=\"\" class=\"share-print sd-button share-icon no-text\" href=\"https:\/\/colegioarquitectos.com\/congreso\/inscripciones\/\" rel=\"noopener noreferrer\" target=\"_blank\" title=\"Haz clic para imprimir\"><span><\/span><span class=\"sharing-screen-reader-text\">Haz clic para imprimir (Se abre en una ventana nueva)<\/span><\/a><\/li><li class=\"share-end\"><\/li><\/ul><\/div><\/div><\/div>","protected":false},"excerpt":{"rendered":"<p>Costos de participaci\u00f3n asistentes congreso COLEGIADOS\u00a0\u00a0ACTIVOS $ 25.000 COLEGIADOS INACTIVOS Y NO COLEGIADOS\u00a0 $ 45.000 ESTUDIANTES\u00a0 $ 20.000 Completa el formulario de inscripci\u00f3n y luego realiza el pago Formulario Cargando\u2026 Para confirmar su inscripci\u00f3n , solicitamos realizar el pago a la siguiente cuenta: Nombre: Colegio Arquitectos de Chile AG Banco: Scotiabank\u00a0Rut:\u00a082.465.700-9 Cta. Cte. Nro. 970318240 [&hellip;]<\/p>\n<div class=\"sharedaddy sd-sharing-enabled\"><div class=\"robots-nocontent sd-block sd-social sd-social-icon sd-sharing\"><h3 class=\"sd-title\">Comparte esto:<\/h3><div class=\"sd-content\"><ul><li class=\"share-twitter\"><a rel=\"nofollow\" data-shared=\"sharing-twitter-70\" class=\"share-twitter sd-button share-icon no-text\" href=\"https:\/\/colegioarquitectos.com\/congreso\/inscripciones\/?share=twitter\" rel=\"noopener noreferrer\" target=\"_blank\" title=\"Haz clic para compartir en Twitter\"><span><\/span><span class=\"sharing-screen-reader-text\">Haz clic para compartir en Twitter (Se abre en una ventana nueva)<\/span><\/a><\/li><li class=\"share-facebook\"><a rel=\"nofollow\" data-shared=\"sharing-facebook-70\" class=\"share-facebook sd-button share-icon no-text\" href=\"https:\/\/colegioarquitectos.com\/congreso\/inscripciones\/?share=facebook\" rel=\"noopener noreferrer\" target=\"_blank\" title=\"Haz clic para compartir en Facebook\"><span><\/span><span class=\"sharing-screen-reader-text\">Haz clic para compartir en Facebook (Se abre en una ventana nueva)<\/span><\/a><\/li><li class=\"share-jetpack-whatsapp\"><a rel=\"nofollow\" data-shared=\"\" class=\"share-jetpack-whatsapp sd-button share-icon no-text\" href=\"https:\/\/api.whatsapp.com\/send?text=Inscripciones%20https%3A%2F%2Fcolegioarquitectos.com%2Fcongreso%2Finscripciones%2F\" rel=\"noopener noreferrer\" target=\"_blank\" title=\"Haz clic para compartir en WhatsApp\"><span><\/span><span class=\"sharing-screen-reader-text\">Haz clic para compartir en WhatsApp (Se abre en una ventana nueva)<\/span><\/a><\/li><li class=\"share-print\"><a rel=\"nofollow\" data-shared=\"\" class=\"share-print sd-button share-icon no-text\" href=\"https:\/\/colegioarquitectos.com\/congreso\/inscripciones\/\" rel=\"noopener noreferrer\" target=\"_blank\" title=\"Haz clic para imprimir\"><span><\/span><span class=\"sharing-screen-reader-text\">Haz clic para imprimir (Se abre en una ventana nueva)<\/span><\/a><\/li><li class=\"share-end\"><\/li><\/ul><\/div><\/div><\/div>","protected":false},"author":1,"featured_media":182,"parent":0,"menu_order":0,"comment_status":"closed","ping_status":"closed","template":"","meta":{"footnotes":""},"_links":{"self":[{"href":"https:\/\/colegioarquitectos.com\/congreso\/wp-json\/wp\/v2\/pages\/70"}],"collection":[{"href":"https:\/\/colegioarquitectos.com\/congreso\/wp-json\/wp\/v2\/pages"}],"about":[{"href":"https:\/\/colegioarquitectos.com\/congreso\/wp-json\/wp\/v2\/types\/page"}],"author":[{"embeddable":true,"href":"https:\/\/colegioarquitectos.com\/congreso\/wp-json\/wp\/v2\/users\/1"}],"replies":[{"embeddable":true,"href":"https:\/\/colegioarquitectos.com\/congreso\/wp-json\/wp\/v2\/comments?post=70"}],"version-history":[{"count":25,"href":"https:\/\/colegioarquitectos.com\/congreso\/wp-json\/wp\/v2\/pages\/70\/revisions"}],"predecessor-version":[{"id":295,"href":"https:\/\/colegioarquitectos.com\/congreso\/wp-json\/wp\/v2\/pages\/70\/revisions\/295"}],"wp:featuredmedia":[{"embeddable":true,"href":"https:\/\/colegioarquitectos.com\/congreso\/wp-json\/wp\/v2\/media\/182"}],"wp:attachment":[{"href":"https:\/\/colegioarquitectos.com\/congreso\/wp-json\/wp\/v2\/media?parent=70"}],"curies":[{"name":"wp","href":"https:\/\/api.w.org\/{rel}","templated":true}]}}