
{"id":10208,"date":"2015-11-19T20:52:17","date_gmt":"2015-11-19T20:52:17","guid":{"rendered":"http:\/\/colegioarquitectos.com\/?page_id=10208"},"modified":"2015-11-24T18:07:24","modified_gmt":"2015-11-24T18:07:24","slug":"roberto-davila-carson","status":"publish","type":"page","link":"https:\/\/colegioarquitectos.com\/noticias\/?page_id=10208","title":{"rendered":"Roberto D\u00e1vila Carson"},"content":{"rendered":"<p><a href=\"http:\/\/colegioarquitectos.com\/noticias\/wp-content\/uploads\/2015\/11\/3.-Roberto-D\u00e1vila-Carson.jpg\"><img loading=\"lazy\" decoding=\"async\" class=\"size-full wp-image-10209 alignleft\" src=\"http:\/\/colegioarquitectos.com\/noticias\/wp-content\/uploads\/2015\/11\/3.-Roberto-D\u00e1vila-Carson.jpg\" alt=\"3. Roberto D\u00e1vila Carson\" width=\"150\" height=\"150\" \/><\/a>Nacimiento: 1889<\/p>\n<p>Muerte: 1971<\/p>\n<p>A\u00f1o Premio Nacional de Arquitectura: 1971<\/p>\n<p>Alma M\u00e1ter: Universidad de Chile<\/p>\n<p>&nbsp;<\/p>\n<p>Roberto D\u00e1vila naci\u00f3 en Santiago el 27 de enero de 1889 y muri\u00f3 en la misma ciudad el 28 de abril de 1971. Vivi\u00f3 en Austria desde los ocho a\u00f1os hasta que regres\u00f3 a Chile en 1914 por motivo de la Primera Guerra Mundial.<\/p>\n<p>Entre 1915 y 1920 estudi\u00f3 Arquitectura en la Universidad de Chile, donde fue ayudante de Josu\u00e9 Smith Miller (hijo de Josu\u00e9 Smith Solar) y se titul\u00f3 con distinci\u00f3n m\u00e1xima. Durante sus a\u00f1os de formaci\u00f3n manifest\u00f3 una postura cr\u00edtica frente a la ense\u00f1anza, favoreciendo en su propuesta la construcci\u00f3n vern\u00e1cula inspirada en el amor por la historia.\u00a0Su proyecto de t\u00edtulo en 1927 fue un Monumento Conmemorativo y Sepulcral de la Batalla de Maip\u00fa.<\/p>\n<p>Recorri\u00f3 poblados y caser\u00edos del valle central impregn\u00e1ndose de las construcciones de origen espa\u00f1ol de los siglos XVII y XVIII. Logr\u00f3 obtener un voluminoso material arquitect\u00f3nico patrimonial en notas, croquis, dibujos y bocetos, especialmente de construcciones del per\u00edodo entre 1650 y 1800. En su tercer a\u00f1o de carrera, demostr\u00f3 su postura de rescate del patrimonio hist\u00f3rico con el proyecto para un Centro Recreativo Comunal de la Orden Religiosa de Punta de Tralca en el litoral chileno, que inclu\u00eda elementos de la arquitectura colonial.<\/p>\n<p>Desarroll\u00f3 en Chile sus primeros a\u00f1os de ejercicio profesional, ejecutando proyectos de escuelas a lo largo del pa\u00eds, contratado por la empresa norteamericana The Foundation Company.<\/p>\n<p>En 1930 viaj\u00f3 a Europa gracias a una beca. En Par\u00eds conoci\u00f3 y trabaj\u00f3 con Le Corbusier y asisti\u00f3 a cursos con artistas como Theo van Doesburg y el escultor belga Georges Vantongerloo, ambos fundadores del grupo vanguardista De Stijl. En Bruselas asisti\u00f3 al Segundo Congreso Internacional de Arquitectura Moderna (CIAM) y en Viena ingres\u00f3 al taller de arquitectura de Peter Behrens.<\/p>\n<p>Al cabo de un tiempo, public\u00f3 su obra desarrollada en Europa lo que le vali\u00f3 la invitaci\u00f3n para incorporarse a la Asociaci\u00f3n Central de Arquitectos Austr\u00edacos.<\/p>\n<p>Regres\u00f3 a Chile en 1934, introduciendo importantes innovaciones y t\u00e9cnicas. Se encarg\u00f3 de varios proyectos en Santiago, los balnearios litorales de Vi\u00f1a del Mar, Algarrobo, Re\u00f1aca, Conc\u00f3n y la ciudad de Temuco.<\/p>\n<p>Entre 1929 y 1968, realiz\u00f3 su labor docente en la Facultad de Arquitectura y Urbanismo de la Universidad de Chile donde fue profesor de Historia del Arte, de Composici\u00f3n y de Taller Arquitectura. Tambi\u00e9n fue Director del Instituto de Historia, instaurando el m\u00e9todo de ense\u00f1anza de la discusi\u00f3n arquitect\u00f3nica, el cuestionamiento permanente y la tertulia entretenida en torno a la mesa de taller. El Colegio de Arquitectos le otorg\u00f3 el Premio Nacional de Arquitectura en 1971.<\/p>\n<p>Un cl\u00e1sico: el CAP DUCAL<\/p>\n<p>Cap Ducal es un restaurante en Vi\u00f1a del Mar, construido en 1936 por Roberto D\u00e1vila. Se sit\u00faa sobre un roquerio en la Av. Marina, en los terrenos de lo que fue la primera playa de ba\u00f1o p\u00fablica de Vi\u00f1a. Es el \u00fanico edificio costero convertido en hotel que se ha conservado desde los a\u00f1os 30, haciendo esto evidencia de su importante legado patrimonial. Al igual que ocurri\u00f3 en otras ciudades latinoamericanas, Vi\u00f1a del Mar fue testigo de la paulatina integraci\u00f3n entre las actividades mar\u00edtimas y la vida urbana. Durante los a\u00f1os 30, se estaban llevando a cabo grandes reformas en los usos de la ciudad de Vi\u00f1a, estableci\u00e9ndose como uno de los balnearios m\u00e1s importantes de Chile.<\/p>\n<p>&nbsp;<\/p>\n<p><strong>Obra<\/strong><\/p>\n\n\t\t<style type=\"text\/css\">\n\t\t\t#gallery-1 {\n\t\t\t\tmargin: auto;\n\t\t\t}\n\t\t\t#gallery-1 .gallery-item {\n\t\t\t\tfloat: left;\n\t\t\t\tmargin-top: 10px;\n\t\t\t\ttext-align: center;\n\t\t\t\twidth: 33%;\n\t\t\t}\n\t\t\t#gallery-1 img {\n\t\t\t\tborder: 2px solid #cfcfcf;\n\t\t\t}\n\t\t\t#gallery-1 .gallery-caption {\n\t\t\t\tmargin-left: 0;\n\t\t\t}\n\t\t\t\/* see gallery_shortcode() in wp-includes\/media.php *\/\n\t\t<\/style>\n\t\t<div id='gallery-1' class='gallery galleryid-10208 gallery-columns-3 gallery-size-thumbnail'><dl class='gallery-item'>\n\t\t\t<dt class='gallery-icon landscape'>\n\t\t\t\t<a href='https:\/\/colegioarquitectos.com\/noticias\/?attachment_id=10210'><img loading=\"lazy\" decoding=\"async\" width=\"180\" height=\"180\" src=\"https:\/\/colegioarquitectos.com\/noticias\/wp-content\/uploads\/2015\/11\/Cap-Ducal-180x180.jpg\" class=\"attachment-thumbnail size-thumbnail\" alt=\"\" aria-describedby=\"gallery-1-10210\" \/><\/a>\n\t\t\t<\/dt>\n\t\t\t\t<dd class='wp-caption-text gallery-caption' id='gallery-1-10210'>\n\t\t\t\tCap Ducal (1936)\n\t\t\t\t<\/dd><\/dl><dl class='gallery-item'>\n\t\t\t<dt class='gallery-icon landscape'>\n\t\t\t\t<a href='https:\/\/colegioarquitectos.com\/noticias\/?attachment_id=10217'><img loading=\"lazy\" decoding=\"async\" width=\"180\" height=\"180\" src=\"https:\/\/colegioarquitectos.com\/noticias\/wp-content\/uploads\/2015\/11\/hotel-restaurant-Cap-Ducal-180x180.jpg\" class=\"attachment-thumbnail size-thumbnail\" alt=\"\" aria-describedby=\"gallery-1-10217\" \/><\/a>\n\t\t\t<\/dt>\n\t\t\t\t<dd class='wp-caption-text gallery-caption' id='gallery-1-10217'>\n\t\t\t\tCap Ducal \n\t\t\t\t<\/dd><\/dl><dl class='gallery-item'>\n\t\t\t<dt class='gallery-icon landscape'>\n\t\t\t\t<a href='https:\/\/colegioarquitectos.com\/noticias\/?attachment_id=10212'><img loading=\"lazy\" decoding=\"async\" width=\"180\" height=\"180\" src=\"https:\/\/colegioarquitectos.com\/noticias\/wp-content\/uploads\/2015\/11\/Casa-Fedeghelli-Conc\u00f3n-1938-180x180.jpg\" class=\"attachment-thumbnail size-thumbnail\" alt=\"\" aria-describedby=\"gallery-1-10212\" \/><\/a>\n\t\t\t<\/dt>\n\t\t\t\t<dd class='wp-caption-text gallery-caption' id='gallery-1-10212'>\n\t\t\t\tCasa Fedeghelli, Conc\u00f3n (1938)\n\t\t\t\t<\/dd><\/dl><br style=\"clear: both\" \/><dl class='gallery-item'>\n\t\t\t<dt class='gallery-icon landscape'>\n\t\t\t\t<a href='https:\/\/colegioarquitectos.com\/noticias\/?attachment_id=10213'><img loading=\"lazy\" decoding=\"async\" width=\"180\" height=\"180\" src=\"https:\/\/colegioarquitectos.com\/noticias\/wp-content\/uploads\/2015\/11\/Casa-Flores-Vi\u00f1a-del-Mar-1938-1939-180x180.jpg\" class=\"attachment-thumbnail size-thumbnail\" alt=\"\" aria-describedby=\"gallery-1-10213\" \/><\/a>\n\t\t\t<\/dt>\n\t\t\t\t<dd class='wp-caption-text gallery-caption' id='gallery-1-10213'>\n\t\t\t\tCasa Flores, Vi\u00f1a del Mar (1938-1939)\n\t\t\t\t<\/dd><\/dl><dl class='gallery-item'>\n\t\t\t<dt class='gallery-icon landscape'>\n\t\t\t\t<a href='https:\/\/colegioarquitectos.com\/noticias\/?attachment_id=10214'><img loading=\"lazy\" decoding=\"async\" width=\"180\" height=\"180\" src=\"https:\/\/colegioarquitectos.com\/noticias\/wp-content\/uploads\/2015\/11\/Casa-Fuenzalida-Re\u00f1aca-1939-180x180.jpg\" class=\"attachment-thumbnail size-thumbnail\" alt=\"\" aria-describedby=\"gallery-1-10214\" \/><\/a>\n\t\t\t<\/dt>\n\t\t\t\t<dd class='wp-caption-text gallery-caption' id='gallery-1-10214'>\n\t\t\t\tCasa Fuenzalida, Re\u00f1aca (1939)\n\t\t\t\t<\/dd><\/dl><dl class='gallery-item'>\n\t\t\t<dt class='gallery-icon landscape'>\n\t\t\t\t<a href='https:\/\/colegioarquitectos.com\/noticias\/?attachment_id=10216'><img loading=\"lazy\" decoding=\"async\" width=\"180\" height=\"180\" src=\"https:\/\/colegioarquitectos.com\/noticias\/wp-content\/uploads\/2015\/11\/Casa-Vald\u00e9s-Re\u00f1aca-1939-180x180.jpg\" class=\"attachment-thumbnail size-thumbnail\" alt=\"\" aria-describedby=\"gallery-1-10216\" \/><\/a>\n\t\t\t<\/dt>\n\t\t\t\t<dd class='wp-caption-text gallery-caption' id='gallery-1-10216'>\n\t\t\t\tCasa Vald\u00e9s, Re\u00f1aca (1939)\n\t\t\t\t<\/dd><\/dl><br style=\"clear: both\" \/><dl class='gallery-item'>\n\t\t\t<dt class='gallery-icon landscape'>\n\t\t\t\t<a href='https:\/\/colegioarquitectos.com\/noticias\/?attachment_id=10215'><img loading=\"lazy\" decoding=\"async\" width=\"180\" height=\"180\" src=\"https:\/\/colegioarquitectos.com\/noticias\/wp-content\/uploads\/2015\/11\/Casa-Tocornal-Re\u00f1aca-180x180.jpg\" class=\"attachment-thumbnail size-thumbnail\" alt=\"\" aria-describedby=\"gallery-1-10215\" \/><\/a>\n\t\t\t<\/dt>\n\t\t\t\t<dd class='wp-caption-text gallery-caption' id='gallery-1-10215'>\n\t\t\t\tCasa Tocornal, Re\u00f1aca\n\t\t\t\t<\/dd><\/dl><dl class='gallery-item'>\n\t\t\t<dt class='gallery-icon landscape'>\n\t\t\t\t<a href='https:\/\/colegioarquitectos.com\/noticias\/?attachment_id=10211'><img loading=\"lazy\" decoding=\"async\" width=\"180\" height=\"180\" src=\"https:\/\/colegioarquitectos.com\/noticias\/wp-content\/uploads\/2015\/11\/Casa-Coral-Vi\u00f1a-del-Mar-1942-180x180.jpg\" class=\"attachment-thumbnail size-thumbnail\" alt=\"\" aria-describedby=\"gallery-1-10211\" \/><\/a>\n\t\t\t<\/dt>\n\t\t\t\t<dd class='wp-caption-text gallery-caption' id='gallery-1-10211'>\n\t\t\t\tCasa Coral, Vi\u00f1a del Mar (1942)\n\t\t\t\t<\/dd><\/dl><dl class='gallery-item'>\n\t\t\t<dt class='gallery-icon portrait'>\n\t\t\t\t<a href='https:\/\/colegioarquitectos.com\/noticias\/?attachment_id=10218'><img loading=\"lazy\" decoding=\"async\" width=\"180\" height=\"180\" src=\"https:\/\/colegioarquitectos.com\/noticias\/wp-content\/uploads\/2015\/11\/Iglesia-Fundo-Vilc\u00fan-180x180.jpg\" class=\"attachment-thumbnail size-thumbnail\" alt=\"\" aria-describedby=\"gallery-1-10218\" \/><\/a>\n\t\t\t<\/dt>\n\t\t\t\t<dd class='wp-caption-text gallery-caption' id='gallery-1-10218'>\n\t\t\t\tIglesia Fundo Vilc\u00fan\n\t\t\t\t<\/dd><\/dl><br style=\"clear: both\" \/><dl class='gallery-item'>\n\t\t\t<dt class='gallery-icon landscape'>\n\t\t\t\t<a href='https:\/\/colegioarquitectos.com\/noticias\/?attachment_id=10219'><img loading=\"lazy\" decoding=\"async\" width=\"180\" height=\"180\" src=\"https:\/\/colegioarquitectos.com\/noticias\/wp-content\/uploads\/2015\/11\/Proyecto-Escuela-Arq-Cerro-San-Luis-180x180.jpg\" class=\"attachment-thumbnail size-thumbnail\" alt=\"\" aria-describedby=\"gallery-1-10219\" \/><\/a>\n\t\t\t<\/dt>\n\t\t\t\t<dd class='wp-caption-text gallery-caption' id='gallery-1-10219'>\n\t\t\t\tProyecto Escuela Arq. Cerro San Luis (1931)\n\t\t\t\t<\/dd><\/dl><dl class='gallery-item'>\n\t\t\t<dt class='gallery-icon landscape'>\n\t\t\t\t<a href='https:\/\/colegioarquitectos.com\/noticias\/?attachment_id=10220'><img loading=\"lazy\" decoding=\"async\" width=\"180\" height=\"180\" src=\"https:\/\/colegioarquitectos.com\/noticias\/wp-content\/uploads\/2015\/11\/Proyecto-Escuela-Arq-Cerro-Sn-Luis-1931-180x180.jpg\" class=\"attachment-thumbnail size-thumbnail\" alt=\"\" aria-describedby=\"gallery-1-10220\" \/><\/a>\n\t\t\t<\/dt>\n\t\t\t\t<dd class='wp-caption-text gallery-caption' id='gallery-1-10220'>\n\t\t\t\tProyecto Escuela Arq. Cerro San Luis\n\t\t\t\t<\/dd><\/dl>\n\t\t\t<br style='clear: both' \/>\n\t\t<\/div>\n\n<p>&nbsp;<\/p>\n<p>&nbsp;<\/p>\n<p><\/p>","protected":false},"excerpt":{"rendered":"<p>Nacimiento: 1889 Muerte: 1971 A\u00f1o Premio Nacional de Arquitectura: 1971 Alma M\u00e1ter: Universidad de Chile &nbsp; Roberto D\u00e1vila naci\u00f3 en Santiago el 27 de enero de 1889 y muri\u00f3 en la misma ciudad el 28 de abril de 1971. Vivi\u00f3 &hellip; <a class=\"more-link\" href=\"https:\/\/colegioarquitectos.com\/noticias\/?page_id=10208\">ver m\u00e1s<\/a><\/p>","protected":false},"author":4,"featured_media":0,"parent":7409,"menu_order":0,"comment_status":"closed","ping_status":"closed","template":"","meta":{"footnotes":""},"class_list":["post-10208","page","type-page","status-publish","hentry"],"yoast_head":"<!-- This site is optimized with the Yoast SEO plugin v24.2 - https:\/\/yoast.com\/wordpress\/plugins\/seo\/ -->\n<title>Roberto D\u00e1vila Carson - COLEGIO DE ARQUITECTOS DE CHILE<\/title>\n<meta name=\"robots\" content=\"index, follow, max-snippet:-1, max-image-preview:large, max-video-preview:-1\" \/>\n<link rel=\"canonical\" href=\"https:\/\/colegioarquitectos.com\/noticias\/?page_id=10208\" \/>\n<meta property=\"og:locale\" content=\"es_ES\" \/>\n<meta property=\"og:type\" content=\"article\" \/>\n<meta property=\"og:title\" content=\"Roberto D\u00e1vila Carson - COLEGIO DE ARQUITECTOS DE CHILE\" \/>\n<meta property=\"og:description\" content=\"Nacimiento: 1889 Muerte: 1971 A\u00f1o Premio Nacional de Arquitectura: 1971 Alma M\u00e1ter: Universidad de Chile &nbsp; Roberto D\u00e1vila naci\u00f3 en Santiago el 27 de enero de 1889 y muri\u00f3 en la misma ciudad el 28 de abril de 1971. Vivi\u00f3 &hellip; ver m\u00e1s\" \/>\n<meta property=\"og:url\" content=\"https:\/\/colegioarquitectos.com\/noticias\/?page_id=10208\" \/>\n<meta property=\"og:site_name\" content=\"COLEGIO DE ARQUITECTOS DE CHILE\" \/>\n<meta property=\"article:publisher\" content=\"https:\/\/facebook.com\/Colegioarq\/\" \/>\n<meta property=\"article:modified_time\" content=\"2015-11-24T18:07:24+00:00\" \/>\n<meta property=\"og:image\" content=\"https:\/\/colegioarquitectos.com\/noticias\/wp-content\/uploads\/2015\/11\/Cap-Ducal-180x180.jpg\" \/>\n<meta name=\"twitter:card\" content=\"summary_large_image\" \/>\n<meta name=\"twitter:site\" content=\"@colegioarq\" \/>\n<meta name=\"twitter:label1\" content=\"Tiempo de lectura\" \/>\n\t<meta name=\"twitter:data1\" content=\"3 minutos\" \/>\n<script type=\"application\/ld+json\" class=\"yoast-schema-graph\">{\"@context\":\"https:\/\/schema.org\",\"@graph\":[{\"@type\":\"WebPage\",\"@id\":\"https:\/\/colegioarquitectos.com\/noticias\/?page_id=10208\",\"url\":\"https:\/\/colegioarquitectos.com\/noticias\/?page_id=10208\",\"name\":\"Roberto D\u00e1vila Carson - COLEGIO DE ARQUITECTOS DE CHILE\",\"isPartOf\":{\"@id\":\"https:\/\/colegioarquitectos.com\/noticias\/#website\"},\"datePublished\":\"2015-11-19T20:52:17+00:00\",\"dateModified\":\"2015-11-24T18:07:24+00:00\",\"breadcrumb\":{\"@id\":\"https:\/\/colegioarquitectos.com\/noticias\/?page_id=10208#breadcrumb\"},\"inLanguage\":\"es\",\"potentialAction\":[{\"@type\":\"ReadAction\",\"target\":[\"https:\/\/colegioarquitectos.com\/noticias\/?page_id=10208\"]}]},{\"@type\":\"BreadcrumbList\",\"@id\":\"https:\/\/colegioarquitectos.com\/noticias\/?page_id=10208#breadcrumb\",\"itemListElement\":[{\"@type\":\"ListItem\",\"position\":1,\"name\":\"Portada\",\"item\":\"https:\/\/colegioarquitectos.com\/noticias\"},{\"@type\":\"ListItem\",\"position\":2,\"name\":\"Premio Nacional de Arquitectura\",\"item\":\"https:\/\/colegioarquitectos.com\/noticias\/?page_id=7409\"},{\"@type\":\"ListItem\",\"position\":3,\"name\":\"Roberto D\u00e1vila Carson\"}]},{\"@type\":\"WebSite\",\"@id\":\"https:\/\/colegioarquitectos.com\/noticias\/#website\",\"url\":\"https:\/\/colegioarquitectos.com\/noticias\/\",\"name\":\"COLEGIO DE ARQUITECTOS DE CHILE\",\"description\":\"\",\"publisher\":{\"@id\":\"https:\/\/colegioarquitectos.com\/noticias\/#organization\"},\"potentialAction\":[{\"@type\":\"SearchAction\",\"target\":{\"@type\":\"EntryPoint\",\"urlTemplate\":\"https:\/\/colegioarquitectos.com\/noticias\/?s={search_term_string}\"},\"query-input\":{\"@type\":\"PropertyValueSpecification\",\"valueRequired\":true,\"valueName\":\"search_term_string\"}}],\"inLanguage\":\"es\"},{\"@type\":\"Organization\",\"@id\":\"https:\/\/colegioarquitectos.com\/noticias\/#organization\",\"name\":\"COLEGIO DE ARQUITECTOS DE CHILE\",\"url\":\"https:\/\/colegioarquitectos.com\/noticias\/\",\"logo\":{\"@type\":\"ImageObject\",\"inLanguage\":\"es\",\"@id\":\"https:\/\/colegioarquitectos.com\/noticias\/#\/schema\/logo\/image\/\",\"url\":\"https:\/\/colegioarquitectos.com\/noticias\/wp-content\/uploads\/2021\/05\/ENCABEZADO-LOGO-CA.jpg\",\"contentUrl\":\"https:\/\/colegioarquitectos.com\/noticias\/wp-content\/uploads\/2021\/05\/ENCABEZADO-LOGO-CA.jpg\",\"width\":690,\"height\":350,\"caption\":\"COLEGIO DE ARQUITECTOS DE CHILE\"},\"image\":{\"@id\":\"https:\/\/colegioarquitectos.com\/noticias\/#\/schema\/logo\/image\/\"},\"sameAs\":[\"https:\/\/facebook.com\/Colegioarq\/\",\"https:\/\/x.com\/colegioarq\",\"https:\/\/instagram.com\/colegioarq\",\"https:\/\/youtube.com\/@ColegiodeArquitectosdeChile\"]}]}<\/script>\n<!-- \/ Yoast SEO plugin. -->","yoast_head_json":{"title":"Roberto D\u00e1vila Carson - COLEGIO DE ARQUITECTOS DE CHILE","robots":{"index":"index","follow":"follow","max-snippet":"max-snippet:-1","max-image-preview":"max-image-preview:large","max-video-preview":"max-video-preview:-1"},"canonical":"https:\/\/colegioarquitectos.com\/noticias\/?page_id=10208","og_locale":"es_ES","og_type":"article","og_title":"Roberto D\u00e1vila Carson - COLEGIO DE ARQUITECTOS DE CHILE","og_description":"Nacimiento: 1889 Muerte: 1971 A\u00f1o Premio Nacional de Arquitectura: 1971 Alma M\u00e1ter: Universidad de Chile &nbsp; Roberto D\u00e1vila naci\u00f3 en Santiago el 27 de enero de 1889 y muri\u00f3 en la misma ciudad el 28 de abril de 1971. Vivi\u00f3 &hellip; ver m\u00e1s","og_url":"https:\/\/colegioarquitectos.com\/noticias\/?page_id=10208","og_site_name":"COLEGIO DE ARQUITECTOS DE CHILE","article_publisher":"https:\/\/facebook.com\/Colegioarq\/","article_modified_time":"2015-11-24T18:07:24+00:00","og_image":[{"url":"https:\/\/colegioarquitectos.com\/noticias\/wp-content\/uploads\/2015\/11\/Cap-Ducal-180x180.jpg","type":"","width":"","height":""}],"twitter_card":"summary_large_image","twitter_site":"@colegioarq","twitter_misc":{"Tiempo de lectura":"3 minutos"},"schema":{"@context":"https:\/\/schema.org","@graph":[{"@type":"WebPage","@id":"https:\/\/colegioarquitectos.com\/noticias\/?page_id=10208","url":"https:\/\/colegioarquitectos.com\/noticias\/?page_id=10208","name":"Roberto D\u00e1vila Carson - COLEGIO DE ARQUITECTOS DE CHILE","isPartOf":{"@id":"https:\/\/colegioarquitectos.com\/noticias\/#website"},"datePublished":"2015-11-19T20:52:17+00:00","dateModified":"2015-11-24T18:07:24+00:00","breadcrumb":{"@id":"https:\/\/colegioarquitectos.com\/noticias\/?page_id=10208#breadcrumb"},"inLanguage":"es","potentialAction":[{"@type":"ReadAction","target":["https:\/\/colegioarquitectos.com\/noticias\/?page_id=10208"]}]},{"@type":"BreadcrumbList","@id":"https:\/\/colegioarquitectos.com\/noticias\/?page_id=10208#breadcrumb","itemListElement":[{"@type":"ListItem","position":1,"name":"Portada","item":"https:\/\/colegioarquitectos.com\/noticias"},{"@type":"ListItem","position":2,"name":"Premio Nacional de Arquitectura","item":"https:\/\/colegioarquitectos.com\/noticias\/?page_id=7409"},{"@type":"ListItem","position":3,"name":"Roberto D\u00e1vila Carson"}]},{"@type":"WebSite","@id":"https:\/\/colegioarquitectos.com\/noticias\/#website","url":"https:\/\/colegioarquitectos.com\/noticias\/","name":"COLEGIO DE ARQUITECTOS DE CHILE","description":"","publisher":{"@id":"https:\/\/colegioarquitectos.com\/noticias\/#organization"},"potentialAction":[{"@type":"SearchAction","target":{"@type":"EntryPoint","urlTemplate":"https:\/\/colegioarquitectos.com\/noticias\/?s={search_term_string}"},"query-input":{"@type":"PropertyValueSpecification","valueRequired":true,"valueName":"search_term_string"}}],"inLanguage":"es"},{"@type":"Organization","@id":"https:\/\/colegioarquitectos.com\/noticias\/#organization","name":"COLEGIO DE ARQUITECTOS DE CHILE","url":"https:\/\/colegioarquitectos.com\/noticias\/","logo":{"@type":"ImageObject","inLanguage":"es","@id":"https:\/\/colegioarquitectos.com\/noticias\/#\/schema\/logo\/image\/","url":"https:\/\/colegioarquitectos.com\/noticias\/wp-content\/uploads\/2021\/05\/ENCABEZADO-LOGO-CA.jpg","contentUrl":"https:\/\/colegioarquitectos.com\/noticias\/wp-content\/uploads\/2021\/05\/ENCABEZADO-LOGO-CA.jpg","width":690,"height":350,"caption":"COLEGIO DE ARQUITECTOS DE CHILE"},"image":{"@id":"https:\/\/colegioarquitectos.com\/noticias\/#\/schema\/logo\/image\/"},"sameAs":["https:\/\/facebook.com\/Colegioarq\/","https:\/\/x.com\/colegioarq","https:\/\/instagram.com\/colegioarq","https:\/\/youtube.com\/@ColegiodeArquitectosdeChile"]}]}},"_links":{"self":[{"href":"https:\/\/colegioarquitectos.com\/noticias\/index.php?rest_route=\/wp\/v2\/pages\/10208","targetHints":{"allow":["GET"]}}],"collection":[{"href":"https:\/\/colegioarquitectos.com\/noticias\/index.php?rest_route=\/wp\/v2\/pages"}],"about":[{"href":"https:\/\/colegioarquitectos.com\/noticias\/index.php?rest_route=\/wp\/v2\/types\/page"}],"author":[{"embeddable":true,"href":"https:\/\/colegioarquitectos.com\/noticias\/index.php?rest_route=\/wp\/v2\/users\/4"}],"replies":[{"embeddable":true,"href":"https:\/\/colegioarquitectos.com\/noticias\/index.php?rest_route=%2Fwp%2Fv2%2Fcomments&post=10208"}],"version-history":[{"count":0,"href":"https:\/\/colegioarquitectos.com\/noticias\/index.php?rest_route=\/wp\/v2\/pages\/10208\/revisions"}],"up":[{"embeddable":true,"href":"https:\/\/colegioarquitectos.com\/noticias\/index.php?rest_route=\/wp\/v2\/pages\/7409"}],"wp:attachment":[{"href":"https:\/\/colegioarquitectos.com\/noticias\/index.php?rest_route=%2Fwp%2Fv2%2Fmedia&parent=10208"}],"curies":[{"name":"wp","href":"https:\/\/api.w.org\/{rel}","templated":true}]}}