
{"id":10235,"date":"2015-11-20T15:26:11","date_gmt":"2015-11-20T15:26:11","guid":{"rendered":"http:\/\/colegioarquitectos.com\/?page_id=10235"},"modified":"2025-08-01T13:14:47","modified_gmt":"2025-08-01T17:14:47","slug":"patrocinio-ca","status":"publish","type":"page","link":"https:\/\/colegioarquitectos.com\/noticias\/?page_id=10235","title":{"rendered":"Solicitud de Patrocinios CA"},"content":{"rendered":"<p><strong>Solicitud de Patrocinios\u00a0 en el \u00e1mbito de la difusi\u00f3n para eventos e iniciativas externas al del Colegio de Arquitectos de Chile\u00a0<\/strong><\/p>\n<hr \/>\n<p>El Colegio de Arquitectos de Chile (CA) puede participar como patrocinador de eventos organizados por otras instituciones o personas naturales. Ello podr\u00e1 aplicar a actividades de arquitectura y urbanismo en el \u00e1mbito de la formaci\u00f3n, investigaci\u00f3n, eventos, exposiciones, seminarios y otros.<\/p>\n<hr \/>\n<p><strong>Para que el Colegio de Arquitectos de Chile participe como patrocinador se establecen las siguientes condiciones m\u00ednimas para cualquier tipo de evento:<\/strong><\/p>\n<ul>\n<li><strong>Inclusi\u00f3n del logo del CA en todas las piezas gr\u00e1ficas de difusi\u00f3n del evento<\/strong><\/li>\n<li><strong>Menci\u00f3n oral del patrocinio del CA en la inauguraci\u00f3n y clausura del evento<\/strong><\/li>\n<li><strong>Menci\u00f3n del CA en al menos una nota de prensa relacionada<\/strong><\/li>\n<li><strong>Presencia f\u00edsica en los eventos que se desarrollen (stand en el caso que corresponda)<\/strong><\/li>\n<\/ul>\n<hr \/>\n<p>Luego, dependiente de la naturaleza de cada actividad se establecen condiciones espec\u00edficas que se suman a las ya mencionadas:<\/p>\n<p><strong>A) En caso de actividades liberadas al p\u00fablico:<\/strong><\/p>\n<p>&#8211; Contar con al menos 10 invitaciones para el Colegio de Arquitectos de Chile<\/p>\n<p><strong>\u00a0B) En caso de seminarios, congresos, encuentros, foros o conferencias con cobro de inscripci\u00f3n:<\/strong><\/p>\n<p>&#8211; Contar con al menos 5 cupos liberados para el Colegio de Arquitectos de Chile<\/p>\n<p>&#8211; Contar con un beneficio de descuento para arquitectas o arquitectos colegiados activos que participen<\/p>\n<hr \/>\n<p><strong>Una vez aprobado el patrocinio, el Colegio de Arquitectos de Chile se compromete a:\u00a0<\/strong><\/p>\n<ul>\n<li><strong>Publicar una nota de prensa en su sitio web<\/strong>.\u00a0 \u00a0(Informaci\u00f3n debe ser proporcionada por quien solicita el patrocinio)<\/li>\n<li><strong>Difusi\u00f3n de la nota de prensa a trav\u00e9s del Bolet\u00edn CA<\/strong> (newsletter) enviado a todos los colegiados y colegiadas quincenalmente.<\/li>\n<li><strong>Difusi\u00f3n a trav\u00e9s de las redes sociales del CA<\/strong>: INSTAGRAM \/ FACEBOOK \/X .\u00a0(Informaci\u00f3n debe ser proporcionada por quien solicita el patrocinio)<\/li>\n<\/ul>\n<p>&nbsp;<\/p>\n<hr \/>\n<p>&nbsp;<\/p>\n<p>Para mayor informaci\u00f3n o detalle puedes comunicarte con:<\/p>\n<p><strong>Gabriel Salgado S.<\/strong><\/p>\n<p><strong> Coordinador General y Eventos CA<\/strong><\/p>\n<p>Email: <strong><a href=\"mailto:coordinador@colegioarquitectos.com\">coordinador@colegioarquitectos.com<\/a><\/strong><\/p>\n<p>&nbsp;<\/p>\n<p><\/p>","protected":false},"excerpt":{"rendered":"<p>Solicitud de Patrocinios\u00a0 en el \u00e1mbito de la difusi\u00f3n para eventos e iniciativas externas al del Colegio de Arquitectos de Chile\u00a0 El Colegio de Arquitectos de Chile (CA) puede participar como patrocinador de eventos organizados por otras instituciones o personas &hellip; <a class=\"more-link\" href=\"https:\/\/colegioarquitectos.com\/noticias\/?page_id=10235\">ver m\u00e1s<\/a><\/p>","protected":false},"author":1,"featured_media":26427,"parent":0,"menu_order":0,"comment_status":"closed","ping_status":"closed","template":"pages\/fullwidth.php","meta":{"footnotes":""},"class_list":["post-10235","page","type-page","status-publish","has-post-thumbnail","hentry"],"yoast_head":"<!-- This site is optimized with the Yoast SEO plugin v24.2 - https:\/\/yoast.com\/wordpress\/plugins\/seo\/ -->\n<title>Solicitud de Patrocinios CA - COLEGIO DE ARQUITECTOS DE CHILE<\/title>\n<meta name=\"robots\" content=\"index, follow, max-snippet:-1, max-image-preview:large, max-video-preview:-1\" \/>\n<link rel=\"canonical\" href=\"https:\/\/colegioarquitectos.com\/noticias\/?page_id=10235\" \/>\n<meta property=\"og:locale\" content=\"es_ES\" \/>\n<meta property=\"og:type\" content=\"article\" \/>\n<meta property=\"og:title\" content=\"Solicitud de Patrocinios CA - COLEGIO DE ARQUITECTOS DE CHILE\" \/>\n<meta property=\"og:description\" content=\"Solicitud de Patrocinios\u00a0 en el \u00e1mbito de la difusi\u00f3n para eventos e iniciativas externas al del Colegio de Arquitectos de Chile\u00a0 El Colegio de Arquitectos de Chile (CA) puede participar como patrocinador de eventos organizados por otras instituciones o personas &hellip; ver m\u00e1s\" \/>\n<meta property=\"og:url\" content=\"https:\/\/colegioarquitectos.com\/noticias\/?page_id=10235\" \/>\n<meta property=\"og:site_name\" content=\"COLEGIO DE ARQUITECTOS DE CHILE\" \/>\n<meta property=\"article:publisher\" content=\"https:\/\/facebook.com\/Colegioarq\/\" \/>\n<meta property=\"article:modified_time\" content=\"2025-08-01T17:14:47+00:00\" \/>\n<meta property=\"og:image\" content=\"https:\/\/colegioarquitectos.com\/noticias\/wp-content\/uploads\/2015\/11\/MG_1561.jpg\" \/>\n\t<meta property=\"og:image:width\" content=\"800\" \/>\n\t<meta property=\"og:image:height\" content=\"533\" \/>\n\t<meta property=\"og:image:type\" content=\"image\/jpeg\" \/>\n<meta name=\"twitter:card\" content=\"summary_large_image\" \/>\n<meta name=\"twitter:site\" content=\"@colegioarq\" \/>\n<meta name=\"twitter:label1\" content=\"Tiempo de lectura\" \/>\n\t<meta name=\"twitter:data1\" content=\"2 minutos\" \/>\n<script type=\"application\/ld+json\" class=\"yoast-schema-graph\">{\"@context\":\"https:\/\/schema.org\",\"@graph\":[{\"@type\":\"WebPage\",\"@id\":\"https:\/\/colegioarquitectos.com\/noticias\/?page_id=10235\",\"url\":\"https:\/\/colegioarquitectos.com\/noticias\/?page_id=10235\",\"name\":\"Solicitud de Patrocinios CA - COLEGIO DE ARQUITECTOS DE CHILE\",\"isPartOf\":{\"@id\":\"https:\/\/colegioarquitectos.com\/noticias\/#website\"},\"primaryImageOfPage\":{\"@id\":\"https:\/\/colegioarquitectos.com\/noticias\/?page_id=10235#primaryimage\"},\"image\":{\"@id\":\"https:\/\/colegioarquitectos.com\/noticias\/?page_id=10235#primaryimage\"},\"thumbnailUrl\":\"https:\/\/colegioarquitectos.com\/noticias\/wp-content\/uploads\/2015\/11\/MG_1561.jpg\",\"datePublished\":\"2015-11-20T15:26:11+00:00\",\"dateModified\":\"2025-08-01T17:14:47+00:00\",\"breadcrumb\":{\"@id\":\"https:\/\/colegioarquitectos.com\/noticias\/?page_id=10235#breadcrumb\"},\"inLanguage\":\"es\",\"potentialAction\":[{\"@type\":\"ReadAction\",\"target\":[\"https:\/\/colegioarquitectos.com\/noticias\/?page_id=10235\"]}]},{\"@type\":\"ImageObject\",\"inLanguage\":\"es\",\"@id\":\"https:\/\/colegioarquitectos.com\/noticias\/?page_id=10235#primaryimage\",\"url\":\"https:\/\/colegioarquitectos.com\/noticias\/wp-content\/uploads\/2015\/11\/MG_1561.jpg\",\"contentUrl\":\"https:\/\/colegioarquitectos.com\/noticias\/wp-content\/uploads\/2015\/11\/MG_1561.jpg\",\"width\":800,\"height\":533},{\"@type\":\"BreadcrumbList\",\"@id\":\"https:\/\/colegioarquitectos.com\/noticias\/?page_id=10235#breadcrumb\",\"itemListElement\":[{\"@type\":\"ListItem\",\"position\":1,\"name\":\"Portada\",\"item\":\"https:\/\/colegioarquitectos.com\/noticias\"},{\"@type\":\"ListItem\",\"position\":2,\"name\":\"Solicitud de Patrocinios CA\"}]},{\"@type\":\"WebSite\",\"@id\":\"https:\/\/colegioarquitectos.com\/noticias\/#website\",\"url\":\"https:\/\/colegioarquitectos.com\/noticias\/\",\"name\":\"COLEGIO DE ARQUITECTOS DE CHILE\",\"description\":\"\",\"publisher\":{\"@id\":\"https:\/\/colegioarquitectos.com\/noticias\/#organization\"},\"potentialAction\":[{\"@type\":\"SearchAction\",\"target\":{\"@type\":\"EntryPoint\",\"urlTemplate\":\"https:\/\/colegioarquitectos.com\/noticias\/?s={search_term_string}\"},\"query-input\":{\"@type\":\"PropertyValueSpecification\",\"valueRequired\":true,\"valueName\":\"search_term_string\"}}],\"inLanguage\":\"es\"},{\"@type\":\"Organization\",\"@id\":\"https:\/\/colegioarquitectos.com\/noticias\/#organization\",\"name\":\"COLEGIO DE ARQUITECTOS DE CHILE\",\"url\":\"https:\/\/colegioarquitectos.com\/noticias\/\",\"logo\":{\"@type\":\"ImageObject\",\"inLanguage\":\"es\",\"@id\":\"https:\/\/colegioarquitectos.com\/noticias\/#\/schema\/logo\/image\/\",\"url\":\"https:\/\/colegioarquitectos.com\/noticias\/wp-content\/uploads\/2021\/05\/ENCABEZADO-LOGO-CA.jpg\",\"contentUrl\":\"https:\/\/colegioarquitectos.com\/noticias\/wp-content\/uploads\/2021\/05\/ENCABEZADO-LOGO-CA.jpg\",\"width\":690,\"height\":350,\"caption\":\"COLEGIO DE ARQUITECTOS DE CHILE\"},\"image\":{\"@id\":\"https:\/\/colegioarquitectos.com\/noticias\/#\/schema\/logo\/image\/\"},\"sameAs\":[\"https:\/\/facebook.com\/Colegioarq\/\",\"https:\/\/x.com\/colegioarq\",\"https:\/\/instagram.com\/colegioarq\",\"https:\/\/youtube.com\/@ColegiodeArquitectosdeChile\"]}]}<\/script>\n<!-- \/ Yoast SEO plugin. -->","yoast_head_json":{"title":"Solicitud de Patrocinios CA - COLEGIO DE ARQUITECTOS DE CHILE","robots":{"index":"index","follow":"follow","max-snippet":"max-snippet:-1","max-image-preview":"max-image-preview:large","max-video-preview":"max-video-preview:-1"},"canonical":"https:\/\/colegioarquitectos.com\/noticias\/?page_id=10235","og_locale":"es_ES","og_type":"article","og_title":"Solicitud de Patrocinios CA - COLEGIO DE ARQUITECTOS DE CHILE","og_description":"Solicitud de Patrocinios\u00a0 en el \u00e1mbito de la difusi\u00f3n para eventos e iniciativas externas al del Colegio de Arquitectos de Chile\u00a0 El Colegio de Arquitectos de Chile (CA) puede participar como patrocinador de eventos organizados por otras instituciones o personas &hellip; ver m\u00e1s","og_url":"https:\/\/colegioarquitectos.com\/noticias\/?page_id=10235","og_site_name":"COLEGIO DE ARQUITECTOS DE CHILE","article_publisher":"https:\/\/facebook.com\/Colegioarq\/","article_modified_time":"2025-08-01T17:14:47+00:00","og_image":[{"width":800,"height":533,"url":"https:\/\/colegioarquitectos.com\/noticias\/wp-content\/uploads\/2015\/11\/MG_1561.jpg","type":"image\/jpeg"}],"twitter_card":"summary_large_image","twitter_site":"@colegioarq","twitter_misc":{"Tiempo de lectura":"2 minutos"},"schema":{"@context":"https:\/\/schema.org","@graph":[{"@type":"WebPage","@id":"https:\/\/colegioarquitectos.com\/noticias\/?page_id=10235","url":"https:\/\/colegioarquitectos.com\/noticias\/?page_id=10235","name":"Solicitud de Patrocinios CA - COLEGIO DE ARQUITECTOS DE CHILE","isPartOf":{"@id":"https:\/\/colegioarquitectos.com\/noticias\/#website"},"primaryImageOfPage":{"@id":"https:\/\/colegioarquitectos.com\/noticias\/?page_id=10235#primaryimage"},"image":{"@id":"https:\/\/colegioarquitectos.com\/noticias\/?page_id=10235#primaryimage"},"thumbnailUrl":"https:\/\/colegioarquitectos.com\/noticias\/wp-content\/uploads\/2015\/11\/MG_1561.jpg","datePublished":"2015-11-20T15:26:11+00:00","dateModified":"2025-08-01T17:14:47+00:00","breadcrumb":{"@id":"https:\/\/colegioarquitectos.com\/noticias\/?page_id=10235#breadcrumb"},"inLanguage":"es","potentialAction":[{"@type":"ReadAction","target":["https:\/\/colegioarquitectos.com\/noticias\/?page_id=10235"]}]},{"@type":"ImageObject","inLanguage":"es","@id":"https:\/\/colegioarquitectos.com\/noticias\/?page_id=10235#primaryimage","url":"https:\/\/colegioarquitectos.com\/noticias\/wp-content\/uploads\/2015\/11\/MG_1561.jpg","contentUrl":"https:\/\/colegioarquitectos.com\/noticias\/wp-content\/uploads\/2015\/11\/MG_1561.jpg","width":800,"height":533},{"@type":"BreadcrumbList","@id":"https:\/\/colegioarquitectos.com\/noticias\/?page_id=10235#breadcrumb","itemListElement":[{"@type":"ListItem","position":1,"name":"Portada","item":"https:\/\/colegioarquitectos.com\/noticias"},{"@type":"ListItem","position":2,"name":"Solicitud de Patrocinios CA"}]},{"@type":"WebSite","@id":"https:\/\/colegioarquitectos.com\/noticias\/#website","url":"https:\/\/colegioarquitectos.com\/noticias\/","name":"COLEGIO DE ARQUITECTOS DE CHILE","description":"","publisher":{"@id":"https:\/\/colegioarquitectos.com\/noticias\/#organization"},"potentialAction":[{"@type":"SearchAction","target":{"@type":"EntryPoint","urlTemplate":"https:\/\/colegioarquitectos.com\/noticias\/?s={search_term_string}"},"query-input":{"@type":"PropertyValueSpecification","valueRequired":true,"valueName":"search_term_string"}}],"inLanguage":"es"},{"@type":"Organization","@id":"https:\/\/colegioarquitectos.com\/noticias\/#organization","name":"COLEGIO DE ARQUITECTOS DE CHILE","url":"https:\/\/colegioarquitectos.com\/noticias\/","logo":{"@type":"ImageObject","inLanguage":"es","@id":"https:\/\/colegioarquitectos.com\/noticias\/#\/schema\/logo\/image\/","url":"https:\/\/colegioarquitectos.com\/noticias\/wp-content\/uploads\/2021\/05\/ENCABEZADO-LOGO-CA.jpg","contentUrl":"https:\/\/colegioarquitectos.com\/noticias\/wp-content\/uploads\/2021\/05\/ENCABEZADO-LOGO-CA.jpg","width":690,"height":350,"caption":"COLEGIO DE ARQUITECTOS DE CHILE"},"image":{"@id":"https:\/\/colegioarquitectos.com\/noticias\/#\/schema\/logo\/image\/"},"sameAs":["https:\/\/facebook.com\/Colegioarq\/","https:\/\/x.com\/colegioarq","https:\/\/instagram.com\/colegioarq","https:\/\/youtube.com\/@ColegiodeArquitectosdeChile"]}]}},"_links":{"self":[{"href":"https:\/\/colegioarquitectos.com\/noticias\/index.php?rest_route=\/wp\/v2\/pages\/10235","targetHints":{"allow":["GET"]}}],"collection":[{"href":"https:\/\/colegioarquitectos.com\/noticias\/index.php?rest_route=\/wp\/v2\/pages"}],"about":[{"href":"https:\/\/colegioarquitectos.com\/noticias\/index.php?rest_route=\/wp\/v2\/types\/page"}],"author":[{"embeddable":true,"href":"https:\/\/colegioarquitectos.com\/noticias\/index.php?rest_route=\/wp\/v2\/users\/1"}],"replies":[{"embeddable":true,"href":"https:\/\/colegioarquitectos.com\/noticias\/index.php?rest_route=%2Fwp%2Fv2%2Fcomments&post=10235"}],"version-history":[{"count":1,"href":"https:\/\/colegioarquitectos.com\/noticias\/index.php?rest_route=\/wp\/v2\/pages\/10235\/revisions"}],"predecessor-version":[{"id":34123,"href":"https:\/\/colegioarquitectos.com\/noticias\/index.php?rest_route=\/wp\/v2\/pages\/10235\/revisions\/34123"}],"wp:featuredmedia":[{"embeddable":true,"href":"https:\/\/colegioarquitectos.com\/noticias\/index.php?rest_route=\/wp\/v2\/media\/26427"}],"wp:attachment":[{"href":"https:\/\/colegioarquitectos.com\/noticias\/index.php?rest_route=%2Fwp%2Fv2%2Fmedia&parent=10235"}],"curies":[{"name":"wp","href":"https:\/\/api.w.org\/{rel}","templated":true}]}}