
{"id":10259,"date":"2015-11-20T20:19:22","date_gmt":"2015-11-20T20:19:22","guid":{"rendered":"http:\/\/colegioarquitectos.com\/?page_id=10259"},"modified":"2015-11-24T18:19:24","modified_gmt":"2015-11-24T18:19:24","slug":"sergio-larrain-garcia-moreno","status":"publish","type":"page","link":"https:\/\/colegioarquitectos.com\/noticias\/?page_id=10259","title":{"rendered":"Sergio Larra\u00edn Garc\u00eda-Moreno"},"content":{"rendered":"<p><a href=\"http:\/\/colegioarquitectos.com\/noticias\/wp-content\/uploads\/2015\/11\/6297418864_bb7163854e_b.jpg\"><img loading=\"lazy\" decoding=\"async\" class=\" wp-image-10260 alignleft\" src=\"http:\/\/colegioarquitectos.com\/noticias\/wp-content\/uploads\/2015\/11\/6297418864_bb7163854e_b-300x255.jpg\" alt=\"6297418864_bb7163854e_b\" width=\"202\" height=\"172\" srcset=\"https:\/\/colegioarquitectos.com\/noticias\/wp-content\/uploads\/2015\/11\/6297418864_bb7163854e_b-300x255.jpg 300w, https:\/\/colegioarquitectos.com\/noticias\/wp-content\/uploads\/2015\/11\/6297418864_bb7163854e_b.jpg 765w\" sizes=\"auto, (max-width: 202px) 100vw, 202px\" \/><\/a>Nacimiento: 1905<\/p>\n<p>Muerte: 1999<\/p>\n<p>A\u00f1o Premio Nacional de Arquitectura: 1972<\/p>\n<p>Alma M\u00e1ter: Universidad Cat\u00f3lica de Chile<\/p>\n<p>&nbsp;<\/p>\n<p>Sergio Larra\u00edn naci\u00f3 en Santiago el 17 de noviembre de 1905 y muri\u00f3 en la misma ciudad el 27 de junio de 1999. Adem\u00e1s de arquitecto, fue regidor de la Municipalidad de Santiago por el Partido Conservador (1938-1941); agente del Servicio de Inteligencia Brit\u00e1nico en Chile para investigar las actividades nazis en el pa\u00eds (posteriormente condecorado por la reina Isabel II) y en el Colegio de Arquitectos fue Consejero entre los a\u00f1os 1942 y 1943.<\/p>\n<p>El 16 de agosto de 1968 fue nombrado embajador de Chile en Per\u00fa por el presidente Eduardo Frei Montalva, cargo que mantuvo hasta 1971.<\/p>\n<p>Estudi\u00f3 en la Escuela de Arquitectura de la Universidad Cat\u00f3lica de Chile, donde egres\u00f3 en 1928. Es considerado uno de los principales exponentes de la generaci\u00f3n de arquitectos que viaj\u00f3 a Europa y tom\u00f3 contacto con Le Corbusier, la escuela de dise\u00f1o Bauhaus y las tendencias art\u00edsticas del movimiento moderno desarrollada por Paul Klee, Vasili Kandinski y Josef Albers a quienes conoci\u00f3, adem\u00e1s de Walter Gropius, Pier Oud y Mies van der Rohe. La experiencia marc\u00f3 definitivamente su trayectoria profesional que se destac\u00f3 por su car\u00e1cter innovador y vanguardista.<\/p>\n<p>Estuvo ligado a importantes cambios en la Escuela de Arquitectura mientras desarroll\u00f3 su labor docente en la Pontificia Universidad Cat\u00f3lica de Chile, llegando a ser decano en 1952, cargo que mantuvo por 15 a\u00f1os.<\/p>\n<p>Entre sus logros m\u00e1s importantes est\u00e1n la creaci\u00f3n de un programa de profesores visitantes y de becas para el perfeccionamiento de profesores chilenos en el extranjero. Bajo su administraci\u00f3n se concret\u00f3 la compra de la casa Lo Contador que alberga a la actual Facultad de Arquitectura. Su gesti\u00f3n acad\u00e9mica dio lugar a la fundaci\u00f3n del Centro Interdisciplinario de Desarrollo Urbano CIDU.<\/p>\n<p>Estudioso y coleccionista de piezas arqueol\u00f3gicas americanas, fund\u00f3 el Museo Chileno de Arte Precolombino de Santiago en 1981, que hoy funciona en la calle Bandera, Santiago Centro.<\/p>\n<p>En 1972 fue galardonado con el Premio Nacional de Arquitectura y en 1984 recibi\u00f3 el Doctorado Honoris Causa de la Pontificia Universidad Cat\u00f3lica de Chile.<\/p>\n<p><strong>Un cl\u00e1sico: Edificio Oberpaur<\/strong><\/p>\n<p>En 1929 junto al arquitecto Jorge Arteaga desarrollan esta obra, considerada el primer edificio moderno de Santiago por su programa poco convencional: plantas libres, doble altura, escaleras mec\u00e1nicas, ventanas horizontales alargadas y la total ausencia de ornamentaci\u00f3n.<\/p>\n\n\t\t<style type=\"text\/css\">\n\t\t\t#gallery-1 {\n\t\t\t\tmargin: auto;\n\t\t\t}\n\t\t\t#gallery-1 .gallery-item {\n\t\t\t\tfloat: left;\n\t\t\t\tmargin-top: 10px;\n\t\t\t\ttext-align: center;\n\t\t\t\twidth: 33%;\n\t\t\t}\n\t\t\t#gallery-1 img {\n\t\t\t\tborder: 2px solid #cfcfcf;\n\t\t\t}\n\t\t\t#gallery-1 .gallery-caption {\n\t\t\t\tmargin-left: 0;\n\t\t\t}\n\t\t\t\/* see gallery_shortcode() in wp-includes\/media.php *\/\n\t\t<\/style>\n\t\t<div id='gallery-1' class='gallery galleryid-10259 gallery-columns-3 gallery-size-thumbnail'><dl class='gallery-item'>\n\t\t\t<dt class='gallery-icon landscape'>\n\t\t\t\t<a href='https:\/\/colegioarquitectos.com\/noticias\/?attachment_id=10269'><img loading=\"lazy\" decoding=\"async\" width=\"180\" height=\"180\" src=\"https:\/\/colegioarquitectos.com\/noticias\/wp-content\/uploads\/2015\/11\/oberpaur2-180x180.jpg\" class=\"attachment-thumbnail size-thumbnail\" alt=\"\" aria-describedby=\"gallery-1-10269\" \/><\/a>\n\t\t\t<\/dt>\n\t\t\t\t<dd class='wp-caption-text gallery-caption' id='gallery-1-10269'>\n\t\t\t\tEdificio Oberpaur (1929)\n\t\t\t\t<\/dd><\/dl><dl class='gallery-item'>\n\t\t\t<dt class='gallery-icon landscape'>\n\t\t\t\t<a href='https:\/\/colegioarquitectos.com\/noticias\/?attachment_id=10268'><img loading=\"lazy\" decoding=\"async\" width=\"180\" height=\"180\" src=\"https:\/\/colegioarquitectos.com\/noticias\/wp-content\/uploads\/2015\/11\/Oberpaur-180x180.jpg\" class=\"attachment-thumbnail size-thumbnail\" alt=\"\" aria-describedby=\"gallery-1-10268\" \/><\/a>\n\t\t\t<\/dt>\n\t\t\t\t<dd class='wp-caption-text gallery-caption' id='gallery-1-10268'>\n\t\t\t\tEdificio Oberpaur\n\t\t\t\t<\/dd><\/dl><dl class='gallery-item'>\n\t\t\t<dt class='gallery-icon landscape'>\n\t\t\t\t<a href='https:\/\/colegioarquitectos.com\/noticias\/?attachment_id=10267'><img loading=\"lazy\" decoding=\"async\" width=\"180\" height=\"180\" src=\"https:\/\/colegioarquitectos.com\/noticias\/wp-content\/uploads\/2015\/11\/oberpaur-3-180x180.jpg\" class=\"attachment-thumbnail size-thumbnail\" alt=\"\" aria-describedby=\"gallery-1-10267\" \/><\/a>\n\t\t\t<\/dt>\n\t\t\t\t<dd class='wp-caption-text gallery-caption' id='gallery-1-10267'>\n\t\t\t\tEdificio Oberpaur\n\t\t\t\t<\/dd><\/dl><br style=\"clear: both\" \/><dl class='gallery-item'>\n\t\t\t<dt class='gallery-icon portrait'>\n\t\t\t\t<a href='https:\/\/colegioarquitectos.com\/noticias\/?attachment_id=10271'><img loading=\"lazy\" decoding=\"async\" width=\"180\" height=\"180\" src=\"https:\/\/colegioarquitectos.com\/noticias\/wp-content\/uploads\/2015\/11\/Sta-lucia-180x180.jpg\" class=\"attachment-thumbnail size-thumbnail\" alt=\"\" aria-describedby=\"gallery-1-10271\" \/><\/a>\n\t\t\t<\/dt>\n\t\t\t\t<dd class='wp-caption-text gallery-caption' id='gallery-1-10271'>\n\t\t\t\tEdificio Santa Luc\u00eda (1933)\n\t\t\t\t<\/dd><\/dl><dl class='gallery-item'>\n\t\t\t<dt class='gallery-icon landscape'>\n\t\t\t\t<a href='https:\/\/colegioarquitectos.com\/noticias\/?attachment_id=10265'><img loading=\"lazy\" decoding=\"async\" width=\"180\" height=\"180\" src=\"https:\/\/colegioarquitectos.com\/noticias\/wp-content\/uploads\/2015\/11\/edificio-sta-lucia-180x180.jpg\" class=\"attachment-thumbnail size-thumbnail\" alt=\"\" aria-describedby=\"gallery-1-10265\" \/><\/a>\n\t\t\t<\/dt>\n\t\t\t\t<dd class='wp-caption-text gallery-caption' id='gallery-1-10265'>\n\t\t\t\tEdificio Santa Luc\u00eda \n\t\t\t\t<\/dd><\/dl><dl class='gallery-item'>\n\t\t\t<dt class='gallery-icon landscape'>\n\t\t\t\t<a href='https:\/\/colegioarquitectos.com\/noticias\/?attachment_id=10264'><img loading=\"lazy\" decoding=\"async\" width=\"180\" height=\"180\" src=\"https:\/\/colegioarquitectos.com\/noticias\/wp-content\/uploads\/2015\/11\/Edificio-La-Patria-Concepci\u00f3n-180x180.jpg\" class=\"attachment-thumbnail size-thumbnail\" alt=\"\" aria-describedby=\"gallery-1-10264\" \/><\/a>\n\t\t\t<\/dt>\n\t\t\t\t<dd class='wp-caption-text gallery-caption' id='gallery-1-10264'>\n\t\t\t\tEdificio La Patria Concepci\u00f3n (1961-1963)\n\t\t\t\t<\/dd><\/dl><br style=\"clear: both\" \/><dl class='gallery-item'>\n\t\t\t<dt class='gallery-icon landscape'>\n\t\t\t\t<a href='https:\/\/colegioarquitectos.com\/noticias\/?attachment_id=10266'><img loading=\"lazy\" decoding=\"async\" width=\"180\" height=\"180\" src=\"https:\/\/colegioarquitectos.com\/noticias\/wp-content\/uploads\/2015\/11\/Municipalidad-de-Concepci\u00f3n-180x180.jpg\" class=\"attachment-thumbnail size-thumbnail\" alt=\"\" aria-describedby=\"gallery-1-10266\" \/><\/a>\n\t\t\t<\/dt>\n\t\t\t\t<dd class='wp-caption-text gallery-caption' id='gallery-1-10266'>\n\t\t\t\tMunicipalidad de Concepci\u00f3n (1969)\n\t\t\t\t<\/dd><\/dl><dl class='gallery-item'>\n\t\t\t<dt class='gallery-icon portrait'>\n\t\t\t\t<a href='https:\/\/colegioarquitectos.com\/noticias\/?attachment_id=10263'><img loading=\"lazy\" decoding=\"async\" width=\"180\" height=\"180\" src=\"https:\/\/colegioarquitectos.com\/noticias\/wp-content\/uploads\/2015\/11\/articles-43633_imagen-180x180.jpg\" class=\"attachment-thumbnail size-thumbnail\" alt=\"\" aria-describedby=\"gallery-1-10263\" \/><\/a>\n\t\t\t<\/dt>\n\t\t\t\t<dd class='wp-caption-text gallery-caption' id='gallery-1-10263'>\n\t\t\t\tLarra\u00edn retrato de Jorge Opazo (1960)\n\t\t\t\t<\/dd><\/dl><dl class='gallery-item'>\n\t\t\t<dt class='gallery-icon landscape'>\n\t\t\t\t<a href='https:\/\/colegioarquitectos.com\/noticias\/?attachment_id=10261'><img loading=\"lazy\" decoding=\"async\" width=\"155\" height=\"106\" src=\"https:\/\/colegioarquitectos.com\/noticias\/wp-content\/uploads\/2015\/11\/2756e227.jpg\" class=\"attachment-thumbnail size-thumbnail\" alt=\"\" \/><\/a>\n\t\t\t<\/dt><\/dl><br style=\"clear: both\" \/><dl class='gallery-item'>\n\t\t\t<dt class='gallery-icon landscape'>\n\t\t\t\t<a href='https:\/\/colegioarquitectos.com\/noticias\/?attachment_id=10270'><img loading=\"lazy\" decoding=\"async\" width=\"180\" height=\"180\" src=\"https:\/\/colegioarquitectos.com\/noticias\/wp-content\/uploads\/2015\/11\/sergio-larrain-011-180x180.jpg\" class=\"attachment-thumbnail size-thumbnail\" alt=\"\" \/><\/a>\n\t\t\t<\/dt><\/dl>\n\t\t\t<br style='clear: both' \/>\n\t\t<\/div>\n\n<p>&nbsp;<\/p>\n<p><\/p>","protected":false},"excerpt":{"rendered":"<p>Nacimiento: 1905 Muerte: 1999 A\u00f1o Premio Nacional de Arquitectura: 1972 Alma M\u00e1ter: Universidad Cat\u00f3lica de Chile &nbsp; Sergio Larra\u00edn naci\u00f3 en Santiago el 17 de noviembre de 1905 y muri\u00f3 en la misma ciudad el 27 de junio de 1999. &hellip; <a class=\"more-link\" href=\"https:\/\/colegioarquitectos.com\/noticias\/?page_id=10259\">ver m\u00e1s<\/a><\/p>","protected":false},"author":4,"featured_media":0,"parent":7409,"menu_order":0,"comment_status":"closed","ping_status":"closed","template":"","meta":{"footnotes":""},"class_list":["post-10259","page","type-page","status-publish","hentry"],"yoast_head":"<!-- This site is optimized with the Yoast SEO plugin v24.2 - https:\/\/yoast.com\/wordpress\/plugins\/seo\/ -->\n<title>Sergio Larra\u00edn Garc\u00eda-Moreno - COLEGIO DE ARQUITECTOS DE CHILE<\/title>\n<meta name=\"robots\" content=\"index, follow, max-snippet:-1, max-image-preview:large, max-video-preview:-1\" \/>\n<link rel=\"canonical\" href=\"https:\/\/colegioarquitectos.com\/noticias\/?page_id=10259\" \/>\n<meta property=\"og:locale\" content=\"es_ES\" \/>\n<meta property=\"og:type\" content=\"article\" \/>\n<meta property=\"og:title\" content=\"Sergio Larra\u00edn Garc\u00eda-Moreno - COLEGIO DE ARQUITECTOS DE CHILE\" \/>\n<meta property=\"og:description\" content=\"Nacimiento: 1905 Muerte: 1999 A\u00f1o Premio Nacional de Arquitectura: 1972 Alma M\u00e1ter: Universidad Cat\u00f3lica de Chile &nbsp; Sergio Larra\u00edn naci\u00f3 en Santiago el 17 de noviembre de 1905 y muri\u00f3 en la misma ciudad el 27 de junio de 1999. &hellip; ver m\u00e1s\" \/>\n<meta property=\"og:url\" content=\"https:\/\/colegioarquitectos.com\/noticias\/?page_id=10259\" \/>\n<meta property=\"og:site_name\" content=\"COLEGIO DE ARQUITECTOS DE CHILE\" \/>\n<meta property=\"article:publisher\" content=\"https:\/\/facebook.com\/Colegioarq\/\" \/>\n<meta property=\"article:modified_time\" content=\"2015-11-24T18:19:24+00:00\" \/>\n<meta property=\"og:image\" content=\"https:\/\/colegioarquitectos.com\/noticias\/wp-content\/uploads\/2015\/11\/oberpaur2-180x180.jpg\" \/>\n<meta name=\"twitter:card\" content=\"summary_large_image\" \/>\n<meta name=\"twitter:site\" content=\"@colegioarq\" \/>\n<meta name=\"twitter:label1\" content=\"Tiempo de lectura\" \/>\n\t<meta name=\"twitter:data1\" content=\"2 minutos\" \/>\n<script type=\"application\/ld+json\" class=\"yoast-schema-graph\">{\"@context\":\"https:\/\/schema.org\",\"@graph\":[{\"@type\":\"WebPage\",\"@id\":\"https:\/\/colegioarquitectos.com\/noticias\/?page_id=10259\",\"url\":\"https:\/\/colegioarquitectos.com\/noticias\/?page_id=10259\",\"name\":\"Sergio Larra\u00edn Garc\u00eda-Moreno - COLEGIO DE ARQUITECTOS DE CHILE\",\"isPartOf\":{\"@id\":\"https:\/\/colegioarquitectos.com\/noticias\/#website\"},\"primaryImageOfPage\":{\"@id\":\"https:\/\/colegioarquitectos.com\/noticias\/?page_id=10259#primaryimage\"},\"image\":{\"@id\":\"https:\/\/colegioarquitectos.com\/noticias\/?page_id=10259#primaryimage\"},\"thumbnailUrl\":\"http:\/\/colegioarquitectos.com\/noticias\/wp-content\/uploads\/2015\/11\/6297418864_bb7163854e_b-300x255.jpg\",\"datePublished\":\"2015-11-20T20:19:22+00:00\",\"dateModified\":\"2015-11-24T18:19:24+00:00\",\"breadcrumb\":{\"@id\":\"https:\/\/colegioarquitectos.com\/noticias\/?page_id=10259#breadcrumb\"},\"inLanguage\":\"es\",\"potentialAction\":[{\"@type\":\"ReadAction\",\"target\":[\"https:\/\/colegioarquitectos.com\/noticias\/?page_id=10259\"]}]},{\"@type\":\"ImageObject\",\"inLanguage\":\"es\",\"@id\":\"https:\/\/colegioarquitectos.com\/noticias\/?page_id=10259#primaryimage\",\"url\":\"https:\/\/colegioarquitectos.com\/noticias\/wp-content\/uploads\/2015\/11\/6297418864_bb7163854e_b.jpg\",\"contentUrl\":\"https:\/\/colegioarquitectos.com\/noticias\/wp-content\/uploads\/2015\/11\/6297418864_bb7163854e_b.jpg\",\"width\":765,\"height\":650},{\"@type\":\"BreadcrumbList\",\"@id\":\"https:\/\/colegioarquitectos.com\/noticias\/?page_id=10259#breadcrumb\",\"itemListElement\":[{\"@type\":\"ListItem\",\"position\":1,\"name\":\"Portada\",\"item\":\"https:\/\/colegioarquitectos.com\/noticias\"},{\"@type\":\"ListItem\",\"position\":2,\"name\":\"Premio Nacional de Arquitectura\",\"item\":\"https:\/\/colegioarquitectos.com\/noticias\/?page_id=7409\"},{\"@type\":\"ListItem\",\"position\":3,\"name\":\"Sergio Larra\u00edn Garc\u00eda-Moreno\"}]},{\"@type\":\"WebSite\",\"@id\":\"https:\/\/colegioarquitectos.com\/noticias\/#website\",\"url\":\"https:\/\/colegioarquitectos.com\/noticias\/\",\"name\":\"COLEGIO DE ARQUITECTOS DE CHILE\",\"description\":\"\",\"publisher\":{\"@id\":\"https:\/\/colegioarquitectos.com\/noticias\/#organization\"},\"potentialAction\":[{\"@type\":\"SearchAction\",\"target\":{\"@type\":\"EntryPoint\",\"urlTemplate\":\"https:\/\/colegioarquitectos.com\/noticias\/?s={search_term_string}\"},\"query-input\":{\"@type\":\"PropertyValueSpecification\",\"valueRequired\":true,\"valueName\":\"search_term_string\"}}],\"inLanguage\":\"es\"},{\"@type\":\"Organization\",\"@id\":\"https:\/\/colegioarquitectos.com\/noticias\/#organization\",\"name\":\"COLEGIO DE ARQUITECTOS DE CHILE\",\"url\":\"https:\/\/colegioarquitectos.com\/noticias\/\",\"logo\":{\"@type\":\"ImageObject\",\"inLanguage\":\"es\",\"@id\":\"https:\/\/colegioarquitectos.com\/noticias\/#\/schema\/logo\/image\/\",\"url\":\"https:\/\/colegioarquitectos.com\/noticias\/wp-content\/uploads\/2021\/05\/ENCABEZADO-LOGO-CA.jpg\",\"contentUrl\":\"https:\/\/colegioarquitectos.com\/noticias\/wp-content\/uploads\/2021\/05\/ENCABEZADO-LOGO-CA.jpg\",\"width\":690,\"height\":350,\"caption\":\"COLEGIO DE ARQUITECTOS DE CHILE\"},\"image\":{\"@id\":\"https:\/\/colegioarquitectos.com\/noticias\/#\/schema\/logo\/image\/\"},\"sameAs\":[\"https:\/\/facebook.com\/Colegioarq\/\",\"https:\/\/x.com\/colegioarq\",\"https:\/\/instagram.com\/colegioarq\",\"https:\/\/youtube.com\/@ColegiodeArquitectosdeChile\"]}]}<\/script>\n<!-- \/ Yoast SEO plugin. -->","yoast_head_json":{"title":"Sergio Larra\u00edn Garc\u00eda-Moreno - COLEGIO DE ARQUITECTOS DE CHILE","robots":{"index":"index","follow":"follow","max-snippet":"max-snippet:-1","max-image-preview":"max-image-preview:large","max-video-preview":"max-video-preview:-1"},"canonical":"https:\/\/colegioarquitectos.com\/noticias\/?page_id=10259","og_locale":"es_ES","og_type":"article","og_title":"Sergio Larra\u00edn Garc\u00eda-Moreno - COLEGIO DE ARQUITECTOS DE CHILE","og_description":"Nacimiento: 1905 Muerte: 1999 A\u00f1o Premio Nacional de Arquitectura: 1972 Alma M\u00e1ter: Universidad Cat\u00f3lica de Chile &nbsp; Sergio Larra\u00edn naci\u00f3 en Santiago el 17 de noviembre de 1905 y muri\u00f3 en la misma ciudad el 27 de junio de 1999. &hellip; ver m\u00e1s","og_url":"https:\/\/colegioarquitectos.com\/noticias\/?page_id=10259","og_site_name":"COLEGIO DE ARQUITECTOS DE CHILE","article_publisher":"https:\/\/facebook.com\/Colegioarq\/","article_modified_time":"2015-11-24T18:19:24+00:00","og_image":[{"url":"https:\/\/colegioarquitectos.com\/noticias\/wp-content\/uploads\/2015\/11\/oberpaur2-180x180.jpg","type":"","width":"","height":""}],"twitter_card":"summary_large_image","twitter_site":"@colegioarq","twitter_misc":{"Tiempo de lectura":"2 minutos"},"schema":{"@context":"https:\/\/schema.org","@graph":[{"@type":"WebPage","@id":"https:\/\/colegioarquitectos.com\/noticias\/?page_id=10259","url":"https:\/\/colegioarquitectos.com\/noticias\/?page_id=10259","name":"Sergio Larra\u00edn Garc\u00eda-Moreno - COLEGIO DE ARQUITECTOS DE CHILE","isPartOf":{"@id":"https:\/\/colegioarquitectos.com\/noticias\/#website"},"primaryImageOfPage":{"@id":"https:\/\/colegioarquitectos.com\/noticias\/?page_id=10259#primaryimage"},"image":{"@id":"https:\/\/colegioarquitectos.com\/noticias\/?page_id=10259#primaryimage"},"thumbnailUrl":"http:\/\/colegioarquitectos.com\/noticias\/wp-content\/uploads\/2015\/11\/6297418864_bb7163854e_b-300x255.jpg","datePublished":"2015-11-20T20:19:22+00:00","dateModified":"2015-11-24T18:19:24+00:00","breadcrumb":{"@id":"https:\/\/colegioarquitectos.com\/noticias\/?page_id=10259#breadcrumb"},"inLanguage":"es","potentialAction":[{"@type":"ReadAction","target":["https:\/\/colegioarquitectos.com\/noticias\/?page_id=10259"]}]},{"@type":"ImageObject","inLanguage":"es","@id":"https:\/\/colegioarquitectos.com\/noticias\/?page_id=10259#primaryimage","url":"https:\/\/colegioarquitectos.com\/noticias\/wp-content\/uploads\/2015\/11\/6297418864_bb7163854e_b.jpg","contentUrl":"https:\/\/colegioarquitectos.com\/noticias\/wp-content\/uploads\/2015\/11\/6297418864_bb7163854e_b.jpg","width":765,"height":650},{"@type":"BreadcrumbList","@id":"https:\/\/colegioarquitectos.com\/noticias\/?page_id=10259#breadcrumb","itemListElement":[{"@type":"ListItem","position":1,"name":"Portada","item":"https:\/\/colegioarquitectos.com\/noticias"},{"@type":"ListItem","position":2,"name":"Premio Nacional de Arquitectura","item":"https:\/\/colegioarquitectos.com\/noticias\/?page_id=7409"},{"@type":"ListItem","position":3,"name":"Sergio Larra\u00edn Garc\u00eda-Moreno"}]},{"@type":"WebSite","@id":"https:\/\/colegioarquitectos.com\/noticias\/#website","url":"https:\/\/colegioarquitectos.com\/noticias\/","name":"COLEGIO DE ARQUITECTOS DE CHILE","description":"","publisher":{"@id":"https:\/\/colegioarquitectos.com\/noticias\/#organization"},"potentialAction":[{"@type":"SearchAction","target":{"@type":"EntryPoint","urlTemplate":"https:\/\/colegioarquitectos.com\/noticias\/?s={search_term_string}"},"query-input":{"@type":"PropertyValueSpecification","valueRequired":true,"valueName":"search_term_string"}}],"inLanguage":"es"},{"@type":"Organization","@id":"https:\/\/colegioarquitectos.com\/noticias\/#organization","name":"COLEGIO DE ARQUITECTOS DE CHILE","url":"https:\/\/colegioarquitectos.com\/noticias\/","logo":{"@type":"ImageObject","inLanguage":"es","@id":"https:\/\/colegioarquitectos.com\/noticias\/#\/schema\/logo\/image\/","url":"https:\/\/colegioarquitectos.com\/noticias\/wp-content\/uploads\/2021\/05\/ENCABEZADO-LOGO-CA.jpg","contentUrl":"https:\/\/colegioarquitectos.com\/noticias\/wp-content\/uploads\/2021\/05\/ENCABEZADO-LOGO-CA.jpg","width":690,"height":350,"caption":"COLEGIO DE ARQUITECTOS DE CHILE"},"image":{"@id":"https:\/\/colegioarquitectos.com\/noticias\/#\/schema\/logo\/image\/"},"sameAs":["https:\/\/facebook.com\/Colegioarq\/","https:\/\/x.com\/colegioarq","https:\/\/instagram.com\/colegioarq","https:\/\/youtube.com\/@ColegiodeArquitectosdeChile"]}]}},"_links":{"self":[{"href":"https:\/\/colegioarquitectos.com\/noticias\/index.php?rest_route=\/wp\/v2\/pages\/10259","targetHints":{"allow":["GET"]}}],"collection":[{"href":"https:\/\/colegioarquitectos.com\/noticias\/index.php?rest_route=\/wp\/v2\/pages"}],"about":[{"href":"https:\/\/colegioarquitectos.com\/noticias\/index.php?rest_route=\/wp\/v2\/types\/page"}],"author":[{"embeddable":true,"href":"https:\/\/colegioarquitectos.com\/noticias\/index.php?rest_route=\/wp\/v2\/users\/4"}],"replies":[{"embeddable":true,"href":"https:\/\/colegioarquitectos.com\/noticias\/index.php?rest_route=%2Fwp%2Fv2%2Fcomments&post=10259"}],"version-history":[{"count":0,"href":"https:\/\/colegioarquitectos.com\/noticias\/index.php?rest_route=\/wp\/v2\/pages\/10259\/revisions"}],"up":[{"embeddable":true,"href":"https:\/\/colegioarquitectos.com\/noticias\/index.php?rest_route=\/wp\/v2\/pages\/7409"}],"wp:attachment":[{"href":"https:\/\/colegioarquitectos.com\/noticias\/index.php?rest_route=%2Fwp%2Fv2%2Fmedia&parent=10259"}],"curies":[{"name":"wp","href":"https:\/\/api.w.org\/{rel}","templated":true}]}}