
{"id":10329,"date":"2015-11-24T20:10:53","date_gmt":"2015-11-24T20:10:53","guid":{"rendered":"http:\/\/colegioarquitectos.com\/?page_id=10329"},"modified":"2015-11-24T20:32:38","modified_gmt":"2015-11-24T20:32:38","slug":"rodulfo-oyarzun-phillipi","status":"publish","type":"page","link":"https:\/\/colegioarquitectos.com\/noticias\/?page_id=10329","title":{"rendered":"Rodulfo Oyarz\u00fan Phillipi"},"content":{"rendered":"<p><a href=\"http:\/\/colegioarquitectos.com\/noticias\/wp-content\/uploads\/2015\/11\/Rodulfo-Oyarz\u00fan-Philippi-2.jpg\"><img loading=\"lazy\" decoding=\"async\" class=\"size-full wp-image-10330 alignleft\" src=\"http:\/\/colegioarquitectos.com\/noticias\/wp-content\/uploads\/2015\/11\/Rodulfo-Oyarz\u00fan-Philippi-2.jpg\" alt=\"Rodulfo Oyarz\u00fan Philippi 2\" width=\"201\" height=\"250\" \/><\/a>Nacimiento: 1895<\/p>\n<p>Muerte: 1985<\/p>\n<p>A\u00f1o Premio Nacional de Arquitectura: 1974<\/p>\n<p>Alma M\u00e1ter: Universidad de Chile<\/p>\n<p>&nbsp;<\/p>\n<p>&nbsp;<\/p>\n<p>Rodulfo Oyarz\u00fan naci\u00f3 en Santiago el 15 de junio en 1895 y muri\u00f3 en la misma ciudad el 27 de mayo de 1985. Fue arquitecto, urbanista, pintor, escultor, y ense\u00f1\u00f3 en las l\u00edneas de las artes pl\u00e1sticas, la arquitectura y el urbanismo.<\/p>\n<p>Hijo del m\u00e9dico y arque\u00f3logo Aureliano Oyarz\u00fan, realiz\u00f3 estudios primarios y secundarios en el Instituto Nacional y a los 17 a\u00f1os, mientras se encontraba radicado en Europa junto a su familia, estudi\u00f3 un semestre Construcci\u00f3n e Historia del Arte en el Polit\u00e9cnico de Charlottenburg en Berl\u00edn. De regreso en Chile entr\u00f3 a la Escuela de Arquitectura de la Universidad de Chile donde se gradu\u00f3 en 1917.<\/p>\n<p>En 1922 estudi\u00f3 dibujo y pintura en la Escuela de Bellas Artes donde fue alumno de Juan Francisco Gonz\u00e1lez, Ricardo Richon Brunet y Pablo Burchard. En 1927 viaj\u00f3 a Europa, visit\u00f3 las principales capitales del continente y realiz\u00f3 estudios de Arquitectura Moderna en la Academia de Bellas Artes de Viena, donde asisti\u00f3 al taller de Clemens Holzmeister y por otra parte, a un curso de posgrado de Urbanismo con Karl Brunner. Adem\u00e1s estudi\u00f3 pintura con Robin Christian Andersen.<\/p>\n<p>Regres\u00f3 a Chile en 1929, incorpor\u00e1ndose a la vanguardia arquitect\u00f3nica y los movimientos de renovaci\u00f3n de la ense\u00f1anza de la arquitectura. Durante ese mismo a\u00f1o propuso al gobierno contratar a Karl Brunner para la ense\u00f1anza y asesor\u00eda en materia de Urbanismo; tambi\u00e9n co fund\u00f3 el Instituto Nacional de Urbanismo donde fue Presidente por varios a\u00f1os y particip\u00f3 en la discusi\u00f3n p\u00fablica sobre la Ordenanza General de Construcci\u00f3n y Urbanismo luego del terremoto de Talca (1928).<\/p>\n<p>Preocupado por la calidad de las construcciones para las clases obreras, se dedic\u00f3 a redactar ordenanzas reguladoras y realiz\u00f3 campa\u00f1as en la prensa para promover una conciencia p\u00fablica sobre el problema de la planificaci\u00f3n en el desarrollo urbano y las condiciones sanitarias de las obras.<\/p>\n<p>En sus proyectos urbanos, el arquitecto incluy\u00f3 soluciones pr\u00e1cticas y mostr\u00f3 su preocupaci\u00f3n por la tendencia en Chile de construir conjuntos habitacionales sin un estilo definido, proponiendo como soluci\u00f3n edificaciones est\u00e1ndar similares a las \u00e1reas residenciales en Europa. Transmiti\u00f3 la importancia de distintos conceptos como \u00e1reas de construcci\u00f3n, alturas, soluciones de tr\u00e1nsito y \u00e1reas verdes.<\/p>\n<p>En 1930 asumi\u00f3 la C\u00e1tedra de Urbanismo de la Escuela de Arquitectura de la Universidad de Chile y en 1934 fund\u00f3 la revista de Arte en la misma instituci\u00f3n.<\/p>\n<p>A ra\u00edz del terremoto de 1939, el Instituto de Urbanismo que presid\u00eda propuso crear un Ministerio de Reconstrucci\u00f3n, planteando planificar con criterios cient\u00edficos la reconstrucci\u00f3n de las ciudades devastadas. Hacia fines de la d\u00e9cada de los a\u00f1os 30 hab\u00eda realizado el plan regulador de Algarrobo, y los anteproyectos de los planes reguladores de Concepci\u00f3n, Chillan y Los \u00c1ngeles, a los que se sum\u00f3 en 1958 el anteproyecto del plan regulador de Constituci\u00f3n. Con su esposa, Elsa Fuentes, desarroll\u00f3 un proyecto de ciudad universitaria para la Universidad de Chile, que se ubicar\u00eda junto al R\u00edo Mapocho, entre las calles Recoleta e Independencia.<\/p>\n<p>En numerosos encuentros, conferencias y publicaciones denunciaba la degradaci\u00f3n de las ciudades, la especulaci\u00f3n del suelo, el desarrollo innecesario de la construcci\u00f3n en altura, el alto costo de la ampliaci\u00f3n de los servicios b\u00e1sicos, la extensi\u00f3n desmesurada de la ciudad y la carencia de espacios p\u00fablicos verdes.\u00a0Apoyaba la idea de crear un sistema de transporte r\u00e1pido masivo y dec\u00eda que la ciudad crec\u00eda sin orientaci\u00f3n y que las iniciativas de las autoridades comunales para resolver los problemas del Gran Santiago eran insuficientes, proponiendo la creaci\u00f3n del cargo de un \u00abAlcalde Mayor\u00bb.<\/p>\n<p>En 1957 fue profesor de la Escuela de Canteros de la Universidad de Chile, donde desarroll\u00f3 su tesis sobre Conceptos Fundamentales Correlativos de las Artes Pl\u00e1sticas. Entre los a\u00f1os 1958 y 1965 fue profesor de Dibujo T\u00e9cnico en la Escuela de Ingenier\u00eda de la Universidad de Chile y en 1971 asumi\u00f3 un taller de Arquitectura en la Universidad T\u00e9cnica del Estado, sede Concepci\u00f3n.<\/p>\n<p>Fue nombrado Profesor Em\u00e9rito de las Facultades de Arquitectura de la Universidad de Chile y de la Universidad del Bio-Bio en Concepci\u00f3n y obtuvo el Premio Nacional de Arquitectura el a\u00f1o 1974.<\/p>\n<p>Entre sus obras construidas est\u00e1 la\u00a0Caja Nacional de Empleados P\u00fablicos y Periodistas (1952), el\u00a0Edificio Compa\u00f1\u00eda de Seguros La Mundial, actual Edificio de la Bolsa de Santiago (1920-1923) que realiz\u00f3 junto a\u00a0Alberto Shade, al igual que el Hotel Mundial; el\u00a0Proyecto Casa Oyarz\u00fan; la Residencia Sara Rozas (1924), demolida;\u00a0Residencia Scheleyer (1924) tambi\u00e9n demolida, y el\u00a0Edificio Alfredo Faz (1925).<\/p>\n<p>&nbsp;<\/p>\n<p><strong>Obra\u00a0<\/strong><\/p>\n\n\t\t<style type=\"text\/css\">\n\t\t\t#gallery-1 {\n\t\t\t\tmargin: auto;\n\t\t\t}\n\t\t\t#gallery-1 .gallery-item {\n\t\t\t\tfloat: left;\n\t\t\t\tmargin-top: 10px;\n\t\t\t\ttext-align: center;\n\t\t\t\twidth: 33%;\n\t\t\t}\n\t\t\t#gallery-1 img {\n\t\t\t\tborder: 2px solid #cfcfcf;\n\t\t\t}\n\t\t\t#gallery-1 .gallery-caption {\n\t\t\t\tmargin-left: 0;\n\t\t\t}\n\t\t\t\/* see gallery_shortcode() in wp-includes\/media.php *\/\n\t\t<\/style>\n\t\t<div id='gallery-1' class='gallery galleryid-10329 gallery-columns-3 gallery-size-thumbnail'><dl class='gallery-item'>\n\t\t\t<dt class='gallery-icon landscape'>\n\t\t\t\t<a href='https:\/\/colegioarquitectos.com\/noticias\/?attachment_id=10333'><img loading=\"lazy\" decoding=\"async\" width=\"180\" height=\"180\" src=\"https:\/\/colegioarquitectos.com\/noticias\/wp-content\/uploads\/2015\/11\/Edificio-La-Bolsa-1920-1923-180x180.jpg\" class=\"attachment-thumbnail size-thumbnail\" alt=\"\" aria-describedby=\"gallery-1-10333\" \/><\/a>\n\t\t\t<\/dt>\n\t\t\t\t<dd class='wp-caption-text gallery-caption' id='gallery-1-10333'>\n\t\t\t\tEdificio Compa\u00f1\u00eda de Seguros La Mundial, actual Edificio Bolsa de Comercio de Santiago (1920-1923)\n\t\t\t\t<\/dd><\/dl><dl class='gallery-item'>\n\t\t\t<dt class='gallery-icon portrait'>\n\t\t\t\t<a href='https:\/\/colegioarquitectos.com\/noticias\/?attachment_id=10335'><img loading=\"lazy\" decoding=\"async\" width=\"180\" height=\"180\" src=\"https:\/\/colegioarquitectos.com\/noticias\/wp-content\/uploads\/2015\/11\/Hotel-Mundial-1920-1923-180x180.jpg\" class=\"attachment-thumbnail size-thumbnail\" alt=\"\" aria-describedby=\"gallery-1-10335\" \/><\/a>\n\t\t\t<\/dt>\n\t\t\t\t<dd class='wp-caption-text gallery-caption' id='gallery-1-10335'>\n\t\t\t\tEx Hotel Mundial, actual Banco BBVA (1920-1923)\n\t\t\t\t<\/dd><\/dl><dl class='gallery-item'>\n\t\t\t<dt class='gallery-icon landscape'>\n\t\t\t\t<a href='https:\/\/colegioarquitectos.com\/noticias\/?attachment_id=10334'><img loading=\"lazy\" decoding=\"async\" width=\"180\" height=\"180\" src=\"https:\/\/colegioarquitectos.com\/noticias\/wp-content\/uploads\/2015\/11\/Firma-180x180.jpg\" class=\"attachment-thumbnail size-thumbnail\" alt=\"\" aria-describedby=\"gallery-1-10334\" \/><\/a>\n\t\t\t<\/dt>\n\t\t\t\t<dd class='wp-caption-text gallery-caption' id='gallery-1-10334'>\n\t\t\t\tFirma arquitectos Shade- Oyarz\u00fan Phillipi\n\t\t\t\t<\/dd><\/dl><br style=\"clear: both\" \/><dl class='gallery-item'>\n\t\t\t<dt class='gallery-icon landscape'>\n\t\t\t\t<a href='https:\/\/colegioarquitectos.com\/noticias\/?attachment_id=10332'><img loading=\"lazy\" decoding=\"async\" width=\"180\" height=\"180\" src=\"https:\/\/colegioarquitectos.com\/noticias\/wp-content\/uploads\/2015\/11\/Casa-Rodulfo-Oyarz\u00fan-1931-180x180.jpg\" class=\"attachment-thumbnail size-thumbnail\" alt=\"\" aria-describedby=\"gallery-1-10332\" \/><\/a>\n\t\t\t<\/dt>\n\t\t\t\t<dd class='wp-caption-text gallery-caption' id='gallery-1-10332'>\n\t\t\t\tCasa Oyarz\u00fan \n\t\t\t\t<\/dd><\/dl><dl class='gallery-item'>\n\t\t\t<dt class='gallery-icon portrait'>\n\t\t\t\t<a href='https:\/\/colegioarquitectos.com\/noticias\/?attachment_id=10331'><img loading=\"lazy\" decoding=\"async\" width=\"113\" height=\"161\" src=\"https:\/\/colegioarquitectos.com\/noticias\/wp-content\/uploads\/2015\/11\/31.jpg\" class=\"attachment-thumbnail size-thumbnail\" alt=\"\" aria-describedby=\"gallery-1-10331\" \/><\/a>\n\t\t\t<\/dt>\n\t\t\t\t<dd class='wp-caption-text gallery-caption' id='gallery-1-10331'>\n\t\t\t\tRodulfo Armando Oyarz\u00fan Philippi (1895-1985)\n\t\t\t\t<\/dd><\/dl>\n\t\t\t<br style='clear: both' \/>\n\t\t<\/div>\n\n<p><\/p>","protected":false},"excerpt":{"rendered":"<p>Nacimiento: 1895 Muerte: 1985 A\u00f1o Premio Nacional de Arquitectura: 1974 Alma M\u00e1ter: Universidad de Chile &nbsp; &nbsp; Rodulfo Oyarz\u00fan naci\u00f3 en Santiago el 15 de junio en 1895 y muri\u00f3 en la misma ciudad el 27 de mayo de 1985. &hellip; <a class=\"more-link\" href=\"https:\/\/colegioarquitectos.com\/noticias\/?page_id=10329\">ver m\u00e1s<\/a><\/p>","protected":false},"author":4,"featured_media":0,"parent":7409,"menu_order":0,"comment_status":"closed","ping_status":"closed","template":"","meta":{"footnotes":""},"class_list":["post-10329","page","type-page","status-publish","hentry"],"yoast_head":"<!-- This site is optimized with the Yoast SEO plugin v24.2 - https:\/\/yoast.com\/wordpress\/plugins\/seo\/ -->\n<title>Rodulfo Oyarz\u00fan Phillipi - COLEGIO DE ARQUITECTOS DE CHILE<\/title>\n<meta name=\"robots\" content=\"index, follow, max-snippet:-1, max-image-preview:large, max-video-preview:-1\" \/>\n<link rel=\"canonical\" href=\"https:\/\/colegioarquitectos.com\/noticias\/?page_id=10329\" \/>\n<meta property=\"og:locale\" content=\"es_ES\" \/>\n<meta property=\"og:type\" content=\"article\" \/>\n<meta property=\"og:title\" content=\"Rodulfo Oyarz\u00fan Phillipi - COLEGIO DE ARQUITECTOS DE CHILE\" \/>\n<meta property=\"og:description\" content=\"Nacimiento: 1895 Muerte: 1985 A\u00f1o Premio Nacional de Arquitectura: 1974 Alma M\u00e1ter: Universidad de Chile &nbsp; &nbsp; Rodulfo Oyarz\u00fan naci\u00f3 en Santiago el 15 de junio en 1895 y muri\u00f3 en la misma ciudad el 27 de mayo de 1985. &hellip; ver m\u00e1s\" \/>\n<meta property=\"og:url\" content=\"https:\/\/colegioarquitectos.com\/noticias\/?page_id=10329\" \/>\n<meta property=\"og:site_name\" content=\"COLEGIO DE ARQUITECTOS DE CHILE\" \/>\n<meta property=\"article:publisher\" content=\"https:\/\/facebook.com\/Colegioarq\/\" \/>\n<meta property=\"article:modified_time\" content=\"2015-11-24T20:32:38+00:00\" \/>\n<meta property=\"og:image\" content=\"https:\/\/colegioarquitectos.com\/noticias\/wp-content\/uploads\/2015\/11\/Edificio-La-Bolsa-1920-1923-180x180.jpg\" \/>\n<meta name=\"twitter:card\" content=\"summary_large_image\" \/>\n<meta name=\"twitter:site\" content=\"@colegioarq\" \/>\n<meta name=\"twitter:label1\" content=\"Tiempo de lectura\" \/>\n\t<meta name=\"twitter:data1\" content=\"4 minutos\" \/>\n<script type=\"application\/ld+json\" class=\"yoast-schema-graph\">{\"@context\":\"https:\/\/schema.org\",\"@graph\":[{\"@type\":\"WebPage\",\"@id\":\"https:\/\/colegioarquitectos.com\/noticias\/?page_id=10329\",\"url\":\"https:\/\/colegioarquitectos.com\/noticias\/?page_id=10329\",\"name\":\"Rodulfo Oyarz\u00fan Phillipi - COLEGIO DE ARQUITECTOS DE CHILE\",\"isPartOf\":{\"@id\":\"https:\/\/colegioarquitectos.com\/noticias\/#website\"},\"datePublished\":\"2015-11-24T20:10:53+00:00\",\"dateModified\":\"2015-11-24T20:32:38+00:00\",\"breadcrumb\":{\"@id\":\"https:\/\/colegioarquitectos.com\/noticias\/?page_id=10329#breadcrumb\"},\"inLanguage\":\"es\",\"potentialAction\":[{\"@type\":\"ReadAction\",\"target\":[\"https:\/\/colegioarquitectos.com\/noticias\/?page_id=10329\"]}]},{\"@type\":\"BreadcrumbList\",\"@id\":\"https:\/\/colegioarquitectos.com\/noticias\/?page_id=10329#breadcrumb\",\"itemListElement\":[{\"@type\":\"ListItem\",\"position\":1,\"name\":\"Portada\",\"item\":\"https:\/\/colegioarquitectos.com\/noticias\"},{\"@type\":\"ListItem\",\"position\":2,\"name\":\"Premio Nacional de Arquitectura\",\"item\":\"https:\/\/colegioarquitectos.com\/noticias\/?page_id=7409\"},{\"@type\":\"ListItem\",\"position\":3,\"name\":\"Rodulfo Oyarz\u00fan Phillipi\"}]},{\"@type\":\"WebSite\",\"@id\":\"https:\/\/colegioarquitectos.com\/noticias\/#website\",\"url\":\"https:\/\/colegioarquitectos.com\/noticias\/\",\"name\":\"COLEGIO DE ARQUITECTOS DE CHILE\",\"description\":\"\",\"publisher\":{\"@id\":\"https:\/\/colegioarquitectos.com\/noticias\/#organization\"},\"potentialAction\":[{\"@type\":\"SearchAction\",\"target\":{\"@type\":\"EntryPoint\",\"urlTemplate\":\"https:\/\/colegioarquitectos.com\/noticias\/?s={search_term_string}\"},\"query-input\":{\"@type\":\"PropertyValueSpecification\",\"valueRequired\":true,\"valueName\":\"search_term_string\"}}],\"inLanguage\":\"es\"},{\"@type\":\"Organization\",\"@id\":\"https:\/\/colegioarquitectos.com\/noticias\/#organization\",\"name\":\"COLEGIO DE ARQUITECTOS DE CHILE\",\"url\":\"https:\/\/colegioarquitectos.com\/noticias\/\",\"logo\":{\"@type\":\"ImageObject\",\"inLanguage\":\"es\",\"@id\":\"https:\/\/colegioarquitectos.com\/noticias\/#\/schema\/logo\/image\/\",\"url\":\"https:\/\/colegioarquitectos.com\/noticias\/wp-content\/uploads\/2021\/05\/ENCABEZADO-LOGO-CA.jpg\",\"contentUrl\":\"https:\/\/colegioarquitectos.com\/noticias\/wp-content\/uploads\/2021\/05\/ENCABEZADO-LOGO-CA.jpg\",\"width\":690,\"height\":350,\"caption\":\"COLEGIO DE ARQUITECTOS DE CHILE\"},\"image\":{\"@id\":\"https:\/\/colegioarquitectos.com\/noticias\/#\/schema\/logo\/image\/\"},\"sameAs\":[\"https:\/\/facebook.com\/Colegioarq\/\",\"https:\/\/x.com\/colegioarq\",\"https:\/\/instagram.com\/colegioarq\",\"https:\/\/youtube.com\/@ColegiodeArquitectosdeChile\"]}]}<\/script>\n<!-- \/ Yoast SEO plugin. -->","yoast_head_json":{"title":"Rodulfo Oyarz\u00fan Phillipi - COLEGIO DE ARQUITECTOS DE CHILE","robots":{"index":"index","follow":"follow","max-snippet":"max-snippet:-1","max-image-preview":"max-image-preview:large","max-video-preview":"max-video-preview:-1"},"canonical":"https:\/\/colegioarquitectos.com\/noticias\/?page_id=10329","og_locale":"es_ES","og_type":"article","og_title":"Rodulfo Oyarz\u00fan Phillipi - COLEGIO DE ARQUITECTOS DE CHILE","og_description":"Nacimiento: 1895 Muerte: 1985 A\u00f1o Premio Nacional de Arquitectura: 1974 Alma M\u00e1ter: Universidad de Chile &nbsp; &nbsp; Rodulfo Oyarz\u00fan naci\u00f3 en Santiago el 15 de junio en 1895 y muri\u00f3 en la misma ciudad el 27 de mayo de 1985. &hellip; ver m\u00e1s","og_url":"https:\/\/colegioarquitectos.com\/noticias\/?page_id=10329","og_site_name":"COLEGIO DE ARQUITECTOS DE CHILE","article_publisher":"https:\/\/facebook.com\/Colegioarq\/","article_modified_time":"2015-11-24T20:32:38+00:00","og_image":[{"url":"https:\/\/colegioarquitectos.com\/noticias\/wp-content\/uploads\/2015\/11\/Edificio-La-Bolsa-1920-1923-180x180.jpg","type":"","width":"","height":""}],"twitter_card":"summary_large_image","twitter_site":"@colegioarq","twitter_misc":{"Tiempo de lectura":"4 minutos"},"schema":{"@context":"https:\/\/schema.org","@graph":[{"@type":"WebPage","@id":"https:\/\/colegioarquitectos.com\/noticias\/?page_id=10329","url":"https:\/\/colegioarquitectos.com\/noticias\/?page_id=10329","name":"Rodulfo Oyarz\u00fan Phillipi - COLEGIO DE ARQUITECTOS DE CHILE","isPartOf":{"@id":"https:\/\/colegioarquitectos.com\/noticias\/#website"},"datePublished":"2015-11-24T20:10:53+00:00","dateModified":"2015-11-24T20:32:38+00:00","breadcrumb":{"@id":"https:\/\/colegioarquitectos.com\/noticias\/?page_id=10329#breadcrumb"},"inLanguage":"es","potentialAction":[{"@type":"ReadAction","target":["https:\/\/colegioarquitectos.com\/noticias\/?page_id=10329"]}]},{"@type":"BreadcrumbList","@id":"https:\/\/colegioarquitectos.com\/noticias\/?page_id=10329#breadcrumb","itemListElement":[{"@type":"ListItem","position":1,"name":"Portada","item":"https:\/\/colegioarquitectos.com\/noticias"},{"@type":"ListItem","position":2,"name":"Premio Nacional de Arquitectura","item":"https:\/\/colegioarquitectos.com\/noticias\/?page_id=7409"},{"@type":"ListItem","position":3,"name":"Rodulfo Oyarz\u00fan Phillipi"}]},{"@type":"WebSite","@id":"https:\/\/colegioarquitectos.com\/noticias\/#website","url":"https:\/\/colegioarquitectos.com\/noticias\/","name":"COLEGIO DE ARQUITECTOS DE CHILE","description":"","publisher":{"@id":"https:\/\/colegioarquitectos.com\/noticias\/#organization"},"potentialAction":[{"@type":"SearchAction","target":{"@type":"EntryPoint","urlTemplate":"https:\/\/colegioarquitectos.com\/noticias\/?s={search_term_string}"},"query-input":{"@type":"PropertyValueSpecification","valueRequired":true,"valueName":"search_term_string"}}],"inLanguage":"es"},{"@type":"Organization","@id":"https:\/\/colegioarquitectos.com\/noticias\/#organization","name":"COLEGIO DE ARQUITECTOS DE CHILE","url":"https:\/\/colegioarquitectos.com\/noticias\/","logo":{"@type":"ImageObject","inLanguage":"es","@id":"https:\/\/colegioarquitectos.com\/noticias\/#\/schema\/logo\/image\/","url":"https:\/\/colegioarquitectos.com\/noticias\/wp-content\/uploads\/2021\/05\/ENCABEZADO-LOGO-CA.jpg","contentUrl":"https:\/\/colegioarquitectos.com\/noticias\/wp-content\/uploads\/2021\/05\/ENCABEZADO-LOGO-CA.jpg","width":690,"height":350,"caption":"COLEGIO DE ARQUITECTOS DE CHILE"},"image":{"@id":"https:\/\/colegioarquitectos.com\/noticias\/#\/schema\/logo\/image\/"},"sameAs":["https:\/\/facebook.com\/Colegioarq\/","https:\/\/x.com\/colegioarq","https:\/\/instagram.com\/colegioarq","https:\/\/youtube.com\/@ColegiodeArquitectosdeChile"]}]}},"_links":{"self":[{"href":"https:\/\/colegioarquitectos.com\/noticias\/index.php?rest_route=\/wp\/v2\/pages\/10329","targetHints":{"allow":["GET"]}}],"collection":[{"href":"https:\/\/colegioarquitectos.com\/noticias\/index.php?rest_route=\/wp\/v2\/pages"}],"about":[{"href":"https:\/\/colegioarquitectos.com\/noticias\/index.php?rest_route=\/wp\/v2\/types\/page"}],"author":[{"embeddable":true,"href":"https:\/\/colegioarquitectos.com\/noticias\/index.php?rest_route=\/wp\/v2\/users\/4"}],"replies":[{"embeddable":true,"href":"https:\/\/colegioarquitectos.com\/noticias\/index.php?rest_route=%2Fwp%2Fv2%2Fcomments&post=10329"}],"version-history":[{"count":0,"href":"https:\/\/colegioarquitectos.com\/noticias\/index.php?rest_route=\/wp\/v2\/pages\/10329\/revisions"}],"up":[{"embeddable":true,"href":"https:\/\/colegioarquitectos.com\/noticias\/index.php?rest_route=\/wp\/v2\/pages\/7409"}],"wp:attachment":[{"href":"https:\/\/colegioarquitectos.com\/noticias\/index.php?rest_route=%2Fwp%2Fv2%2Fmedia&parent=10329"}],"curies":[{"name":"wp","href":"https:\/\/api.w.org\/{rel}","templated":true}]}}