
{"id":10975,"date":"2016-01-11T20:51:40","date_gmt":"2016-01-11T20:51:40","guid":{"rendered":"http:\/\/colegioarquitectos.com\/?page_id=10975"},"modified":"2016-01-11T21:02:29","modified_gmt":"2016-01-11T21:02:29","slug":"alberto-cruz-covarrubias","status":"publish","type":"page","link":"https:\/\/colegioarquitectos.com\/noticias\/?page_id=10975","title":{"rendered":"Alberto Cruz Covarrubias"},"content":{"rendered":"<p><a href=\"http:\/\/colegioarquitectos.com\/noticias\/wp-content\/uploads\/2016\/01\/4745912631_5499e074ed_b.jpg\"><img loading=\"lazy\" decoding=\"async\" class=\" wp-image-10976 alignleft\" src=\"http:\/\/colegioarquitectos.com\/noticias\/wp-content\/uploads\/2016\/01\/4745912631_5499e074ed_b-225x300.jpg\" alt=\"Alberto\" width=\"200\" height=\"267\" srcset=\"https:\/\/colegioarquitectos.com\/noticias\/wp-content\/uploads\/2016\/01\/4745912631_5499e074ed_b-225x300.jpg 225w, https:\/\/colegioarquitectos.com\/noticias\/wp-content\/uploads\/2016\/01\/4745912631_5499e074ed_b.jpg 768w\" sizes=\"auto, (max-width: 200px) 100vw, 200px\" \/><\/a><\/p>\n<p><strong>Nacimiento:<\/strong>\u00a01917<\/p>\n<p><strong>Muerte:<\/strong>\u00a02013<\/p>\n<p><strong>A\u00f1o Premio Nacional de Arquitectura:<\/strong>\u00a01975<\/p>\n<p><strong>Alma M\u00e1ter:<\/strong>\u00a0Pontificia Universidad Cat\u00f3lica<\/p>\n<p>&nbsp;<\/p>\n<p>&nbsp;<\/p>\n<p>&nbsp;<\/p>\n<p>Alberto Cruz Covarrubias naci\u00f3 en Santiago en 1917 y muri\u00f3 en la misma ciudad el 24 de septiembre de 2013.<\/p>\n<p>En 1934 ingres\u00f3 a la Facultad de Arquitectura de la Universidad Cat\u00f3lica de Chile, donde se titul\u00f3 en 1939. Entre 1940 y 1942 trabaj\u00f3 en una oficina, asociado con los arquitectos Jorge Elton y J. L\u00f3pez, realizando encargos de viviendas para diferentes clientes y lugares del pa\u00eds.<\/p>\n<p>Desde 1942 fue ayudante del Taller de Composici\u00f3n Decorativa en la Facultad de Arquitectura de la Pontificia Universidad Cat\u00f3lica de Chile y desde 1945 docente en la misma escuela. Con Alberto Piwonka crean el \u201cCurso del Espacio\u201d que incidir\u00e1 m\u00e1s tarde en la modificaci\u00f3n de la ense\u00f1anza cl\u00e1sica de la Facultad. En 1949 Cruz participa en la reestructuraci\u00f3n del plan de estudios de la misma escuela y un a\u00f1o m\u00e1s tarde es nombrado Profesor de Taller Arquitect\u00f3nico.<\/p>\n<p>En 1952 funda el Instituto de Arquitectura y Urbanismo de la Pontificia Universidad Cat\u00f3lica de Valpara\u00edso (PUCV) junto al poeta argentino Godofredo Iommi, el escultor Claudio Girola y los arquitectos Miguel Eyquem, Francisco M\u00e9ndez, Jaime Bellalta, Jos\u00e9 Vial, Fabio Cruz, y Arturo Baeza. Instauran una nueva orientaci\u00f3n de la ense\u00f1anza de la arquitectura en Chile y proponen una idea original acerca de la concepci\u00f3n de la poes\u00eda, el arte y el oficio de la arquitectura, que orienta y configura la pedagog\u00eda y el plan de estudios. Esta escuela, que se caracteriz\u00f3 por su apertura al saber, los espacios de reflexi\u00f3n e investigaci\u00f3n para la creaci\u00f3n arquitect\u00f3nica, fue el lugar donde Cruz desarroll\u00f3 una prol\u00edfica labor te\u00f3rica y docente.<\/p>\n<p>En los a\u00f1os 60 los fundadores revisan los fundamentos y el Plan de Estudios de la Escuela, bas\u00e1ndose en una visi\u00f3n po\u00e9tica de Am\u00e9rica: <em>Amereida<\/em>, poema que narra acerca de su origen y destino. Esto dar\u00e1 vida a la primera Traves\u00eda organizada por los profesores, por el interior del continente americano, entre Tierra del Fuego y Santa Cruz de la Sierra.<\/p>\n<p>En 1969 Cruz realiza un viaje por la costa del Oc\u00e9ano Pac\u00edfico y visita ciudades en Per\u00fa, Panam\u00e1, M\u00e9xico, California, Washington, y Vancouver, Canad\u00e1, estableciendo contacto con arquitectos, artistas y poetas en conferencias y simposios en que expone el fundamento de <em>Amereida<\/em> y la relaci\u00f3n que puede establecerse entre el poema y la arquitectura.<\/p>\n<p>En este periodo publica <em>Para una situaci\u00f3n de Am\u00e9rica Latina frente al Pac\u00edfico<\/em>, libro realizado en conjunto con Godofredo Iommi y otros profesores de la Escuela de Arquitectura.<\/p>\n<p>Con el apoyo de la PUCV, en 1969 participa en la formaci\u00f3n de Ciudad Abierta en Ritoque, sobre \u00a0terrenos que albergan un extenso campo de dunas, humedales, quebradas, campo y un borde de playa de m\u00e1s de 3 kil\u00f3metros en medio de una amplia diversidad de flora y fauna. La Ciudad Abierta tiene como fin dar libertad a la manifestaci\u00f3n de todos los oficios, y propone la unidad de vida, trabajo y estudio.<\/p>\n<p>En 1984 asume como Decano de la Facultad de Arquitectura y Urbanismo de la Universidad Cat\u00f3lica de Valpara\u00edso, siendo reelecto en 1987. En 1993 es designado Doctor Honoris Causa por la misma instituci\u00f3n.<\/p>\n<p>Hasta el a\u00f1o de su muerte fue docente de la PUCV, donde realiza estudios, talleres y obras en torno a la Ciudad Abierta, trabajos colectivos a partir de actos po\u00e9ticos y conferencias relacionadas con la fundaci\u00f3n. Dentro de su experiencia docente tambi\u00e9n destacan talleres en la Universidad del B\u00edo B\u00edo en Concepci\u00f3n, Chile.<\/p>\n<p>&nbsp;<\/p>\n<p>&nbsp;<\/p>\n\n\t\t<style type=\"text\/css\">\n\t\t\t#gallery-1 {\n\t\t\t\tmargin: auto;\n\t\t\t}\n\t\t\t#gallery-1 .gallery-item {\n\t\t\t\tfloat: left;\n\t\t\t\tmargin-top: 10px;\n\t\t\t\ttext-align: center;\n\t\t\t\twidth: 33%;\n\t\t\t}\n\t\t\t#gallery-1 img {\n\t\t\t\tborder: 2px solid #cfcfcf;\n\t\t\t}\n\t\t\t#gallery-1 .gallery-caption {\n\t\t\t\tmargin-left: 0;\n\t\t\t}\n\t\t\t\/* see gallery_shortcode() in wp-includes\/media.php *\/\n\t\t<\/style>\n\t\t<div id='gallery-1' class='gallery galleryid-10975 gallery-columns-3 gallery-size-thumbnail'><dl class='gallery-item'>\n\t\t\t<dt class='gallery-icon landscape'>\n\t\t\t\t<a href='https:\/\/colegioarquitectos.com\/noticias\/?attachment_id=10985'><img loading=\"lazy\" decoding=\"async\" width=\"180\" height=\"180\" src=\"https:\/\/colegioarquitectos.com\/noticias\/wp-content\/uploads\/2016\/01\/Achupayas1-180x180.jpg\" class=\"attachment-thumbnail size-thumbnail\" alt=\"\" aria-describedby=\"gallery-1-10985\" \/><\/a>\n\t\t\t<\/dt>\n\t\t\t\t<dd class='wp-caption-text gallery-caption' id='gallery-1-10985'>\n\t\t\t\tEstudio Urban\u00edstico para Poblaci\u00f3n Obrera Achupallas (1954)\n\t\t\t\t<\/dd><\/dl><dl class='gallery-item'>\n\t\t\t<dt class='gallery-icon landscape'>\n\t\t\t\t<a href='https:\/\/colegioarquitectos.com\/noticias\/?attachment_id=10992'><img loading=\"lazy\" decoding=\"async\" width=\"180\" height=\"180\" src=\"https:\/\/colegioarquitectos.com\/noticias\/wp-content\/uploads\/2016\/01\/jose_viaarchivo_historicol-180x180.jpg\" class=\"attachment-thumbnail size-thumbnail\" alt=\"\" \/><\/a>\n\t\t\t<\/dt><\/dl><dl class='gallery-item'>\n\t\t\t<dt class='gallery-icon landscape'>\n\t\t\t\t<a href='https:\/\/colegioarquitectos.com\/noticias\/?attachment_id=10989'><img loading=\"lazy\" decoding=\"async\" width=\"180\" height=\"180\" src=\"https:\/\/colegioarquitectos.com\/noticias\/wp-content\/uploads\/2016\/01\/articles-87018_thumbnail1-180x180.jpg\" class=\"attachment-thumbnail size-thumbnail\" alt=\"\" \/><\/a>\n\t\t\t<\/dt><\/dl><br style=\"clear: both\" \/><dl class='gallery-item'>\n\t\t\t<dt class='gallery-icon landscape'>\n\t\t\t\t<a href='https:\/\/colegioarquitectos.com\/noticias\/?attachment_id=10983'><img loading=\"lazy\" decoding=\"async\" width=\"180\" height=\"180\" src=\"https:\/\/colegioarquitectos.com\/noticias\/wp-content\/uploads\/2016\/01\/51-180x180.jpg\" class=\"attachment-thumbnail size-thumbnail\" alt=\"\" aria-describedby=\"gallery-1-10983\" \/><\/a>\n\t\t\t<\/dt>\n\t\t\t\t<dd class='wp-caption-text gallery-caption' id='gallery-1-10983'>\n\t\t\t\tCruz Covarrubias lider\u00f3 la creaci\u00f3n de la Ciudad Abierta de Ritoque\n\t\t\t\t<\/dd><\/dl><dl class='gallery-item'>\n\t\t\t<dt class='gallery-icon landscape'>\n\t\t\t\t<a href='https:\/\/colegioarquitectos.com\/noticias\/?attachment_id=10988'><img loading=\"lazy\" decoding=\"async\" width=\"180\" height=\"180\" src=\"https:\/\/colegioarquitectos.com\/noticias\/wp-content\/uploads\/2016\/01\/albertocruz-1024x6581-180x180.jpg\" class=\"attachment-thumbnail size-thumbnail\" alt=\"\" aria-describedby=\"gallery-1-10988\" \/><\/a>\n\t\t\t<\/dt>\n\t\t\t\t<dd class='wp-caption-text gallery-caption' id='gallery-1-10988'>\n\t\t\t\tCiudad Abierta de Ritoque\n\t\t\t\t<\/dd><\/dl><dl class='gallery-item'>\n\t\t\t<dt class='gallery-icon landscape'>\n\t\t\t\t<a href='https:\/\/colegioarquitectos.com\/noticias\/?attachment_id=10993'><img loading=\"lazy\" decoding=\"async\" width=\"180\" height=\"180\" src=\"https:\/\/colegioarquitectos.com\/noticias\/wp-content\/uploads\/2016\/01\/med-18817-05-180x180.jpg\" class=\"attachment-thumbnail size-thumbnail\" alt=\"\" aria-describedby=\"gallery-1-10993\" \/><\/a>\n\t\t\t<\/dt>\n\t\t\t\t<dd class='wp-caption-text gallery-caption' id='gallery-1-10993'>\n\t\t\t\tCiudad Abierta de Ritoque\n\t\t\t\t<\/dd><\/dl><br style=\"clear: both\" \/><dl class='gallery-item'>\n\t\t\t<dt class='gallery-icon landscape'>\n\t\t\t\t<a href='https:\/\/colegioarquitectos.com\/noticias\/?attachment_id=10994'><img loading=\"lazy\" decoding=\"async\" width=\"180\" height=\"180\" src=\"https:\/\/colegioarquitectos.com\/noticias\/wp-content\/uploads\/2016\/01\/med-18821-02-180x180.jpg\" class=\"attachment-thumbnail size-thumbnail\" alt=\"\" aria-describedby=\"gallery-1-10994\" \/><\/a>\n\t\t\t<\/dt>\n\t\t\t\t<dd class='wp-caption-text gallery-caption' id='gallery-1-10994'>\n\t\t\t\tCiudad Abierta de Ritoque\n\t\t\t\t<\/dd><\/dl><dl class='gallery-item'>\n\t\t\t<dt class='gallery-icon landscape'>\n\t\t\t\t<a href='https:\/\/colegioarquitectos.com\/noticias\/?attachment_id=10995'><img loading=\"lazy\" decoding=\"async\" width=\"180\" height=\"180\" src=\"https:\/\/colegioarquitectos.com\/noticias\/wp-content\/uploads\/2016\/01\/med-18822-03-180x180.jpg\" class=\"attachment-thumbnail size-thumbnail\" alt=\"\" aria-describedby=\"gallery-1-10995\" \/><\/a>\n\t\t\t<\/dt>\n\t\t\t\t<dd class='wp-caption-text gallery-caption' id='gallery-1-10995'>\n\t\t\t\tCiudad Abierta de Ritoque\n\t\t\t\t<\/dd><\/dl><dl class='gallery-item'>\n\t\t\t<dt class='gallery-icon landscape'>\n\t\t\t\t<a href='https:\/\/colegioarquitectos.com\/noticias\/?attachment_id=10996'><img loading=\"lazy\" decoding=\"async\" width=\"180\" height=\"180\" src=\"https:\/\/colegioarquitectos.com\/noticias\/wp-content\/uploads\/2016\/01\/med-18825-04-180x180.jpg\" class=\"attachment-thumbnail size-thumbnail\" alt=\"\" aria-describedby=\"gallery-1-10996\" \/><\/a>\n\t\t\t<\/dt>\n\t\t\t\t<dd class='wp-caption-text gallery-caption' id='gallery-1-10996'>\n\t\t\t\tCiudad Abierta de Ritoque\n\t\t\t\t<\/dd><\/dl><br style=\"clear: both\" \/><dl class='gallery-item'>\n\t\t\t<dt class='gallery-icon landscape'>\n\t\t\t\t<a href='https:\/\/colegioarquitectos.com\/noticias\/?attachment_id=10986'><img loading=\"lazy\" decoding=\"async\" width=\"180\" height=\"180\" src=\"https:\/\/colegioarquitectos.com\/noticias\/wp-content\/uploads\/2016\/01\/Alberto_Cruz_Covarrubias1-180x180.jpg\" class=\"attachment-thumbnail size-thumbnail\" alt=\"\" \/><\/a>\n\t\t\t<\/dt><\/dl><dl class='gallery-item'>\n\t\t\t<dt class='gallery-icon landscape'>\n\t\t\t\t<a href='https:\/\/colegioarquitectos.com\/noticias\/?attachment_id=10990'><img loading=\"lazy\" decoding=\"async\" width=\"180\" height=\"180\" src=\"https:\/\/colegioarquitectos.com\/noticias\/wp-content\/uploads\/2016\/01\/articles-87019_thumbnail-180x180.jpg\" class=\"attachment-thumbnail size-thumbnail\" alt=\"\" \/><\/a>\n\t\t\t<\/dt><\/dl><dl class='gallery-item'>\n\t\t\t<dt class='gallery-icon landscape'>\n\t\t\t\t<a href='https:\/\/colegioarquitectos.com\/noticias\/?attachment_id=10987'><img loading=\"lazy\" decoding=\"async\" width=\"180\" height=\"180\" src=\"https:\/\/colegioarquitectos.com\/noticias\/wp-content\/uploads\/2016\/01\/alberto-cruz11-180x180.jpg\" class=\"attachment-thumbnail size-thumbnail\" alt=\"\" \/><\/a>\n\t\t\t<\/dt><\/dl><br style=\"clear: both\" \/><dl class='gallery-item'>\n\t\t\t<dt class='gallery-icon landscape'>\n\t\t\t\t<a href='https:\/\/colegioarquitectos.com\/noticias\/?attachment_id=10997'><img loading=\"lazy\" decoding=\"async\" width=\"180\" height=\"180\" src=\"https:\/\/colegioarquitectos.com\/noticias\/wp-content\/uploads\/2016\/01\/portada-2-180x180.jpg\" class=\"attachment-thumbnail size-thumbnail\" alt=\"\" \/><\/a>\n\t\t\t<\/dt><\/dl>\n\t\t\t<br style='clear: both' \/>\n\t\t<\/div>\n\n<p>&nbsp;<\/p>\n<p>&nbsp;<\/p>\n<p><strong>Textos te\u00f3ricos y publicaciones:<\/strong><\/p>\n<p>&nbsp;<\/p>\n<p>Forma y Figura en la Arquitectura (1982)<\/p>\n<p>Estudio acerca de la Observaci\u00f3n en Arquitectura (1982)<\/p>\n<p>Hay que ser absolutamente moderno\u00a0 (1982)<\/p>\n<p>Diez Separatas del Libro no Escrito. Valpara\u00edso: Escuela de Arquitectura y Dise\u00f1o PUCV (1985)<\/p>\n<p>Instante Segundo. 50 A\u00f1os Escuela de Arquitectura y Dise\u00f1o UCV (2002)<\/p>\n<p>Don\/ Arquitectura. Revisi\u00f3n de su carrera (2002)<\/p>\n<p>M\u00fasica de las Matem\u00e1ticas (2002)<\/p>\n<p>Santidad de la obra (2002)<\/p>\n<p>Amereida \u2013 Palladio: Carta a los arquitectos europeos (2004), junto a Bruno Barla<\/p>\n<p>El Acto Arquitect\u00f3nico (2012).<\/p>\n<p>&nbsp;<\/p>\n<p><\/p>","protected":false},"excerpt":{"rendered":"<p>Nacimiento:\u00a01917 Muerte:\u00a02013 A\u00f1o Premio Nacional de Arquitectura:\u00a01975 Alma M\u00e1ter:\u00a0Pontificia Universidad Cat\u00f3lica &nbsp; &nbsp; &nbsp; Alberto Cruz Covarrubias naci\u00f3 en Santiago en 1917 y muri\u00f3 en la misma ciudad el 24 de septiembre de 2013. En 1934 ingres\u00f3 a la Facultad &hellip; <a class=\"more-link\" href=\"https:\/\/colegioarquitectos.com\/noticias\/?page_id=10975\">ver m\u00e1s<\/a><\/p>","protected":false},"author":4,"featured_media":0,"parent":7409,"menu_order":0,"comment_status":"closed","ping_status":"closed","template":"","meta":{"footnotes":""},"class_list":["post-10975","page","type-page","status-publish","hentry"],"yoast_head":"<!-- This site is optimized with the Yoast SEO plugin v24.2 - https:\/\/yoast.com\/wordpress\/plugins\/seo\/ -->\n<title>Alberto Cruz Covarrubias - COLEGIO DE ARQUITECTOS DE CHILE<\/title>\n<meta name=\"robots\" content=\"index, follow, max-snippet:-1, max-image-preview:large, max-video-preview:-1\" \/>\n<link rel=\"canonical\" href=\"https:\/\/colegioarquitectos.com\/noticias\/?page_id=10975\" \/>\n<meta property=\"og:locale\" content=\"es_ES\" \/>\n<meta property=\"og:type\" content=\"article\" \/>\n<meta property=\"og:title\" content=\"Alberto Cruz Covarrubias - COLEGIO DE ARQUITECTOS DE CHILE\" \/>\n<meta property=\"og:description\" content=\"Nacimiento:\u00a01917 Muerte:\u00a02013 A\u00f1o Premio Nacional de Arquitectura:\u00a01975 Alma M\u00e1ter:\u00a0Pontificia Universidad Cat\u00f3lica &nbsp; &nbsp; &nbsp; Alberto Cruz Covarrubias naci\u00f3 en Santiago en 1917 y muri\u00f3 en la misma ciudad el 24 de septiembre de 2013. En 1934 ingres\u00f3 a la Facultad &hellip; ver m\u00e1s\" \/>\n<meta property=\"og:url\" content=\"https:\/\/colegioarquitectos.com\/noticias\/?page_id=10975\" \/>\n<meta property=\"og:site_name\" content=\"COLEGIO DE ARQUITECTOS DE CHILE\" \/>\n<meta property=\"article:publisher\" content=\"https:\/\/facebook.com\/Colegioarq\/\" \/>\n<meta property=\"article:modified_time\" content=\"2016-01-11T21:02:29+00:00\" \/>\n<meta property=\"og:image\" content=\"https:\/\/colegioarquitectos.com\/noticias\/wp-content\/uploads\/2016\/01\/Achupayas1-180x180.jpg\" \/>\n<meta name=\"twitter:card\" content=\"summary_large_image\" \/>\n<meta name=\"twitter:site\" content=\"@colegioarq\" \/>\n<meta name=\"twitter:label1\" content=\"Tiempo de lectura\" \/>\n\t<meta name=\"twitter:data1\" content=\"4 minutos\" \/>\n<script type=\"application\/ld+json\" class=\"yoast-schema-graph\">{\"@context\":\"https:\/\/schema.org\",\"@graph\":[{\"@type\":\"WebPage\",\"@id\":\"https:\/\/colegioarquitectos.com\/noticias\/?page_id=10975\",\"url\":\"https:\/\/colegioarquitectos.com\/noticias\/?page_id=10975\",\"name\":\"Alberto Cruz Covarrubias - COLEGIO DE ARQUITECTOS DE CHILE\",\"isPartOf\":{\"@id\":\"https:\/\/colegioarquitectos.com\/noticias\/#website\"},\"primaryImageOfPage\":{\"@id\":\"https:\/\/colegioarquitectos.com\/noticias\/?page_id=10975#primaryimage\"},\"image\":{\"@id\":\"https:\/\/colegioarquitectos.com\/noticias\/?page_id=10975#primaryimage\"},\"thumbnailUrl\":\"http:\/\/colegioarquitectos.com\/noticias\/wp-content\/uploads\/2016\/01\/4745912631_5499e074ed_b-225x300.jpg\",\"datePublished\":\"2016-01-11T20:51:40+00:00\",\"dateModified\":\"2016-01-11T21:02:29+00:00\",\"breadcrumb\":{\"@id\":\"https:\/\/colegioarquitectos.com\/noticias\/?page_id=10975#breadcrumb\"},\"inLanguage\":\"es\",\"potentialAction\":[{\"@type\":\"ReadAction\",\"target\":[\"https:\/\/colegioarquitectos.com\/noticias\/?page_id=10975\"]}]},{\"@type\":\"ImageObject\",\"inLanguage\":\"es\",\"@id\":\"https:\/\/colegioarquitectos.com\/noticias\/?page_id=10975#primaryimage\",\"url\":\"https:\/\/colegioarquitectos.com\/noticias\/wp-content\/uploads\/2016\/01\/4745912631_5499e074ed_b.jpg\",\"contentUrl\":\"https:\/\/colegioarquitectos.com\/noticias\/wp-content\/uploads\/2016\/01\/4745912631_5499e074ed_b.jpg\",\"width\":768,\"height\":1024},{\"@type\":\"BreadcrumbList\",\"@id\":\"https:\/\/colegioarquitectos.com\/noticias\/?page_id=10975#breadcrumb\",\"itemListElement\":[{\"@type\":\"ListItem\",\"position\":1,\"name\":\"Portada\",\"item\":\"https:\/\/colegioarquitectos.com\/noticias\"},{\"@type\":\"ListItem\",\"position\":2,\"name\":\"Premio Nacional de Arquitectura\",\"item\":\"https:\/\/colegioarquitectos.com\/noticias\/?page_id=7409\"},{\"@type\":\"ListItem\",\"position\":3,\"name\":\"Alberto Cruz Covarrubias\"}]},{\"@type\":\"WebSite\",\"@id\":\"https:\/\/colegioarquitectos.com\/noticias\/#website\",\"url\":\"https:\/\/colegioarquitectos.com\/noticias\/\",\"name\":\"COLEGIO DE ARQUITECTOS DE CHILE\",\"description\":\"\",\"publisher\":{\"@id\":\"https:\/\/colegioarquitectos.com\/noticias\/#organization\"},\"potentialAction\":[{\"@type\":\"SearchAction\",\"target\":{\"@type\":\"EntryPoint\",\"urlTemplate\":\"https:\/\/colegioarquitectos.com\/noticias\/?s={search_term_string}\"},\"query-input\":{\"@type\":\"PropertyValueSpecification\",\"valueRequired\":true,\"valueName\":\"search_term_string\"}}],\"inLanguage\":\"es\"},{\"@type\":\"Organization\",\"@id\":\"https:\/\/colegioarquitectos.com\/noticias\/#organization\",\"name\":\"COLEGIO DE ARQUITECTOS DE CHILE\",\"url\":\"https:\/\/colegioarquitectos.com\/noticias\/\",\"logo\":{\"@type\":\"ImageObject\",\"inLanguage\":\"es\",\"@id\":\"https:\/\/colegioarquitectos.com\/noticias\/#\/schema\/logo\/image\/\",\"url\":\"https:\/\/colegioarquitectos.com\/noticias\/wp-content\/uploads\/2021\/05\/ENCABEZADO-LOGO-CA.jpg\",\"contentUrl\":\"https:\/\/colegioarquitectos.com\/noticias\/wp-content\/uploads\/2021\/05\/ENCABEZADO-LOGO-CA.jpg\",\"width\":690,\"height\":350,\"caption\":\"COLEGIO DE ARQUITECTOS DE CHILE\"},\"image\":{\"@id\":\"https:\/\/colegioarquitectos.com\/noticias\/#\/schema\/logo\/image\/\"},\"sameAs\":[\"https:\/\/facebook.com\/Colegioarq\/\",\"https:\/\/x.com\/colegioarq\",\"https:\/\/instagram.com\/colegioarq\",\"https:\/\/youtube.com\/@ColegiodeArquitectosdeChile\"]}]}<\/script>\n<!-- \/ Yoast SEO plugin. -->","yoast_head_json":{"title":"Alberto Cruz Covarrubias - COLEGIO DE ARQUITECTOS DE CHILE","robots":{"index":"index","follow":"follow","max-snippet":"max-snippet:-1","max-image-preview":"max-image-preview:large","max-video-preview":"max-video-preview:-1"},"canonical":"https:\/\/colegioarquitectos.com\/noticias\/?page_id=10975","og_locale":"es_ES","og_type":"article","og_title":"Alberto Cruz Covarrubias - COLEGIO DE ARQUITECTOS DE CHILE","og_description":"Nacimiento:\u00a01917 Muerte:\u00a02013 A\u00f1o Premio Nacional de Arquitectura:\u00a01975 Alma M\u00e1ter:\u00a0Pontificia Universidad Cat\u00f3lica &nbsp; &nbsp; &nbsp; Alberto Cruz Covarrubias naci\u00f3 en Santiago en 1917 y muri\u00f3 en la misma ciudad el 24 de septiembre de 2013. En 1934 ingres\u00f3 a la Facultad &hellip; ver m\u00e1s","og_url":"https:\/\/colegioarquitectos.com\/noticias\/?page_id=10975","og_site_name":"COLEGIO DE ARQUITECTOS DE CHILE","article_publisher":"https:\/\/facebook.com\/Colegioarq\/","article_modified_time":"2016-01-11T21:02:29+00:00","og_image":[{"url":"https:\/\/colegioarquitectos.com\/noticias\/wp-content\/uploads\/2016\/01\/Achupayas1-180x180.jpg","type":"","width":"","height":""}],"twitter_card":"summary_large_image","twitter_site":"@colegioarq","twitter_misc":{"Tiempo de lectura":"4 minutos"},"schema":{"@context":"https:\/\/schema.org","@graph":[{"@type":"WebPage","@id":"https:\/\/colegioarquitectos.com\/noticias\/?page_id=10975","url":"https:\/\/colegioarquitectos.com\/noticias\/?page_id=10975","name":"Alberto Cruz Covarrubias - COLEGIO DE ARQUITECTOS DE CHILE","isPartOf":{"@id":"https:\/\/colegioarquitectos.com\/noticias\/#website"},"primaryImageOfPage":{"@id":"https:\/\/colegioarquitectos.com\/noticias\/?page_id=10975#primaryimage"},"image":{"@id":"https:\/\/colegioarquitectos.com\/noticias\/?page_id=10975#primaryimage"},"thumbnailUrl":"http:\/\/colegioarquitectos.com\/noticias\/wp-content\/uploads\/2016\/01\/4745912631_5499e074ed_b-225x300.jpg","datePublished":"2016-01-11T20:51:40+00:00","dateModified":"2016-01-11T21:02:29+00:00","breadcrumb":{"@id":"https:\/\/colegioarquitectos.com\/noticias\/?page_id=10975#breadcrumb"},"inLanguage":"es","potentialAction":[{"@type":"ReadAction","target":["https:\/\/colegioarquitectos.com\/noticias\/?page_id=10975"]}]},{"@type":"ImageObject","inLanguage":"es","@id":"https:\/\/colegioarquitectos.com\/noticias\/?page_id=10975#primaryimage","url":"https:\/\/colegioarquitectos.com\/noticias\/wp-content\/uploads\/2016\/01\/4745912631_5499e074ed_b.jpg","contentUrl":"https:\/\/colegioarquitectos.com\/noticias\/wp-content\/uploads\/2016\/01\/4745912631_5499e074ed_b.jpg","width":768,"height":1024},{"@type":"BreadcrumbList","@id":"https:\/\/colegioarquitectos.com\/noticias\/?page_id=10975#breadcrumb","itemListElement":[{"@type":"ListItem","position":1,"name":"Portada","item":"https:\/\/colegioarquitectos.com\/noticias"},{"@type":"ListItem","position":2,"name":"Premio Nacional de Arquitectura","item":"https:\/\/colegioarquitectos.com\/noticias\/?page_id=7409"},{"@type":"ListItem","position":3,"name":"Alberto Cruz Covarrubias"}]},{"@type":"WebSite","@id":"https:\/\/colegioarquitectos.com\/noticias\/#website","url":"https:\/\/colegioarquitectos.com\/noticias\/","name":"COLEGIO DE ARQUITECTOS DE CHILE","description":"","publisher":{"@id":"https:\/\/colegioarquitectos.com\/noticias\/#organization"},"potentialAction":[{"@type":"SearchAction","target":{"@type":"EntryPoint","urlTemplate":"https:\/\/colegioarquitectos.com\/noticias\/?s={search_term_string}"},"query-input":{"@type":"PropertyValueSpecification","valueRequired":true,"valueName":"search_term_string"}}],"inLanguage":"es"},{"@type":"Organization","@id":"https:\/\/colegioarquitectos.com\/noticias\/#organization","name":"COLEGIO DE ARQUITECTOS DE CHILE","url":"https:\/\/colegioarquitectos.com\/noticias\/","logo":{"@type":"ImageObject","inLanguage":"es","@id":"https:\/\/colegioarquitectos.com\/noticias\/#\/schema\/logo\/image\/","url":"https:\/\/colegioarquitectos.com\/noticias\/wp-content\/uploads\/2021\/05\/ENCABEZADO-LOGO-CA.jpg","contentUrl":"https:\/\/colegioarquitectos.com\/noticias\/wp-content\/uploads\/2021\/05\/ENCABEZADO-LOGO-CA.jpg","width":690,"height":350,"caption":"COLEGIO DE ARQUITECTOS DE CHILE"},"image":{"@id":"https:\/\/colegioarquitectos.com\/noticias\/#\/schema\/logo\/image\/"},"sameAs":["https:\/\/facebook.com\/Colegioarq\/","https:\/\/x.com\/colegioarq","https:\/\/instagram.com\/colegioarq","https:\/\/youtube.com\/@ColegiodeArquitectosdeChile"]}]}},"_links":{"self":[{"href":"https:\/\/colegioarquitectos.com\/noticias\/index.php?rest_route=\/wp\/v2\/pages\/10975","targetHints":{"allow":["GET"]}}],"collection":[{"href":"https:\/\/colegioarquitectos.com\/noticias\/index.php?rest_route=\/wp\/v2\/pages"}],"about":[{"href":"https:\/\/colegioarquitectos.com\/noticias\/index.php?rest_route=\/wp\/v2\/types\/page"}],"author":[{"embeddable":true,"href":"https:\/\/colegioarquitectos.com\/noticias\/index.php?rest_route=\/wp\/v2\/users\/4"}],"replies":[{"embeddable":true,"href":"https:\/\/colegioarquitectos.com\/noticias\/index.php?rest_route=%2Fwp%2Fv2%2Fcomments&post=10975"}],"version-history":[{"count":0,"href":"https:\/\/colegioarquitectos.com\/noticias\/index.php?rest_route=\/wp\/v2\/pages\/10975\/revisions"}],"up":[{"embeddable":true,"href":"https:\/\/colegioarquitectos.com\/noticias\/index.php?rest_route=\/wp\/v2\/pages\/7409"}],"wp:attachment":[{"href":"https:\/\/colegioarquitectos.com\/noticias\/index.php?rest_route=%2Fwp%2Fv2%2Fmedia&parent=10975"}],"curies":[{"name":"wp","href":"https:\/\/api.w.org\/{rel}","templated":true}]}}