
{"id":11096,"date":"2016-01-18T20:42:05","date_gmt":"2016-01-18T20:42:05","guid":{"rendered":"http:\/\/colegioarquitectos.com\/?page_id=11096"},"modified":"2016-01-18T21:00:33","modified_gmt":"2016-01-18T21:00:33","slug":"hector-valdes-phillips","status":"publish","type":"page","link":"https:\/\/colegioarquitectos.com\/noticias\/?page_id=11096","title":{"rendered":"H\u00e9ctor Vald\u00e9s Phillips"},"content":{"rendered":"<p><a href=\"http:\/\/colegioarquitectos.com\/noticias\/wp-content\/uploads\/2016\/01\/300px-Arquitectos.jpg\"><img loading=\"lazy\" decoding=\"async\" class=\"wp-image-11097 alignleft\" src=\"http:\/\/colegioarquitectos.com\/noticias\/wp-content\/uploads\/2016\/01\/300px-Arquitectos.jpg\" alt=\"300px-Arquitectos\" width=\"123\" height=\"190\" \/><\/a><\/p>\n<p>Nacimiento: 1918<\/p>\n<p>A\u00f1o Premio Nacional de Arquitectura: 1979<\/p>\n<p>Alma M\u00e1ter: Universidad Cat\u00f3lica de Chile<\/p>\n<p>&nbsp;<\/p>\n<p>&nbsp;<\/p>\n<p>Naci\u00f3 en Santiago en 1918.\u00a0Ingres\u00f3 a la Escuela de Arquitectura de la Universidad Cat\u00f3lica de Chile en 1936. Recibi\u00f3 el t\u00edtulo profesional en 1943 y luego se desempe\u00f1\u00f3 como Ayudante de la C\u00e1tedra de Taller y como profesor por m\u00e1s de 15 a\u00f1os participando en importantes procesos de cambio en la ense\u00f1anza de dicha casa de estudios.<\/p>\n<p>Realiz\u00f3 una destacada actividad gremial que comenz\u00f3 en 1949, cuando presidi\u00f3 la comisi\u00f3n encargada de estudiar el Reglamento de Concursos del Colegio de Arquitectos. En 1971 fue elegido Presidente del mismo Colegio y reelegido por el per\u00edodo 1972-1973, manteni\u00e9ndose voluntariamente en el cargo hasta 1975. Su gesti\u00f3n hizo posible la activa participaci\u00f3n del Colegio de Arquitectos en el debate sobre la l\u00ednea Uno del Metro de Santiago. Propici\u00f3 adem\u00e1s la creaci\u00f3n de la revista c\/a, publicaci\u00f3n que abri\u00f3 el debate y la reflexi\u00f3n en torno a la arquitectura.<\/p>\n<p>Fue adem\u00e1s Presidente de la Sociedad Constructora de Establecimientos Educacionales, Vicepresidente Ejecutivo de la Corporaci\u00f3n de la Vivienda y Miembro del Consejo de Monumentos Nacionales.<\/p>\n<p>Form\u00f3 una de las m\u00e1s importantes oficinas de arquitectos del pa\u00eds junto a Fernando Castillo Velasco, Carlos Garc\u00eda Huidobro y Carlos Bresciani quienes proyectaron en conjunto algunas de las obras m\u00e1s destacadas de la arquitectura contempor\u00e1nea chilena, entre ellas la Universidad T\u00e9cnica del Estado en las ciudades de Santiago, Antofagasta, Punta Arenas y Concepci\u00f3n y el Casino de Arica, edificaciones dise\u00f1adas de acuerdo con los cambios culturales y tecnol\u00f3gicos de la d\u00e9cada del sesenta.<\/p>\n<p>El especial inter\u00e9s de H\u00e9ctor Vald\u00e9s por los conjuntos residenciales se puede constatar en la Unidad Vecinal Portales, el Edificio Empart y la Poblaci\u00f3n Chinchorro de Arica proyectados para dar soluci\u00f3n pr\u00e1ctica al problema habitacional colectivo que genera relaciones espaciales funcionales, de este modo materializ\u00f3 ideas que hasta ese momento se manejaban s\u00f3lo a nivel te\u00f3rico.<\/p>\n<p>H\u00e9ctor Vald\u00e9s recibi\u00f3 el Premio Nacional de Arquitectura otorgado por el Colegio de Arquitectos de Chile en 1979.<\/p>\n<p>Obras proyectadas en conjunto con los Arquitectos Carlos Bresciani, Fernando Castillo Velasco y Carlos Garc\u00eda Huidobro:<\/p>\n\n\t\t<style type=\"text\/css\">\n\t\t\t#gallery-1 {\n\t\t\t\tmargin: auto;\n\t\t\t}\n\t\t\t#gallery-1 .gallery-item {\n\t\t\t\tfloat: left;\n\t\t\t\tmargin-top: 10px;\n\t\t\t\ttext-align: center;\n\t\t\t\twidth: 33%;\n\t\t\t}\n\t\t\t#gallery-1 img {\n\t\t\t\tborder: 2px solid #cfcfcf;\n\t\t\t}\n\t\t\t#gallery-1 .gallery-caption {\n\t\t\t\tmargin-left: 0;\n\t\t\t}\n\t\t\t\/* see gallery_shortcode() in wp-includes\/media.php *\/\n\t\t<\/style>\n\t\t<div id='gallery-1' class='gallery galleryid-11096 gallery-columns-3 gallery-size-thumbnail'><dl class='gallery-item'>\n\t\t\t<dt class='gallery-icon landscape'>\n\t\t\t\t<a href='https:\/\/colegioarquitectos.com\/noticias\/?attachment_id=11104'><img loading=\"lazy\" decoding=\"async\" width=\"180\" height=\"180\" src=\"https:\/\/colegioarquitectos.com\/noticias\/wp-content\/uploads\/2016\/01\/Conjunto-Matta-Viel-180x180.jpg\" class=\"attachment-thumbnail size-thumbnail\" alt=\"\" aria-describedby=\"gallery-1-11104\" \/><\/a>\n\t\t\t<\/dt>\n\t\t\t\t<dd class='wp-caption-text gallery-caption' id='gallery-1-11104'>\n\t\t\t\tConjunto Habitacional Matta-Viel\n\t\t\t\t<\/dd><\/dl><dl class='gallery-item'>\n\t\t\t<dt class='gallery-icon landscape'>\n\t\t\t\t<a href='https:\/\/colegioarquitectos.com\/noticias\/?attachment_id=11105'><img loading=\"lazy\" decoding=\"async\" width=\"180\" height=\"180\" src=\"https:\/\/colegioarquitectos.com\/noticias\/wp-content\/uploads\/2016\/01\/Tajamar2-180x180.jpg\" class=\"attachment-thumbnail size-thumbnail\" alt=\"\" aria-describedby=\"gallery-1-11105\" \/><\/a>\n\t\t\t<\/dt>\n\t\t\t\t<dd class='wp-caption-text gallery-caption' id='gallery-1-11105'>\n\t\t\t\tTorres de Tajamar\n\t\t\t\t<\/dd><\/dl><dl class='gallery-item'>\n\t\t\t<dt class='gallery-icon landscape'>\n\t\t\t\t<a href='https:\/\/colegioarquitectos.com\/noticias\/?attachment_id=11106'><img loading=\"lazy\" decoding=\"async\" width=\"180\" height=\"180\" src=\"https:\/\/colegioarquitectos.com\/noticias\/wp-content\/uploads\/2016\/01\/Unidad-Vecinal-Portales-180x180.jpg\" class=\"attachment-thumbnail size-thumbnail\" alt=\"\" aria-describedby=\"gallery-1-11106\" \/><\/a>\n\t\t\t<\/dt>\n\t\t\t\t<dd class='wp-caption-text gallery-caption' id='gallery-1-11106'>\n\t\t\t\tUnidad Vecinal Portales\n\t\t\t\t<\/dd><\/dl><br style=\"clear: both\" \/><dl class='gallery-item'>\n\t\t\t<dt class='gallery-icon landscape'>\n\t\t\t\t<a href='https:\/\/colegioarquitectos.com\/noticias\/?attachment_id=11107'><img loading=\"lazy\" decoding=\"async\" width=\"180\" height=\"180\" src=\"https:\/\/colegioarquitectos.com\/noticias\/wp-content\/uploads\/2016\/01\/UTE-180x180.jpg\" class=\"attachment-thumbnail size-thumbnail\" alt=\"\" aria-describedby=\"gallery-1-11107\" \/><\/a>\n\t\t\t<\/dt>\n\t\t\t\t<dd class='wp-caption-text gallery-caption' id='gallery-1-11107'>\n\t\t\t\tUniversida T\u00e9cnica del Estado\n\t\t\t\t<\/dd><\/dl><dl class='gallery-item'>\n\t\t\t<dt class='gallery-icon landscape'>\n\t\t\t\t<a href='https:\/\/colegioarquitectos.com\/noticias\/?attachment_id=11103'><img loading=\"lazy\" decoding=\"async\" width=\"180\" height=\"180\" src=\"https:\/\/colegioarquitectos.com\/noticias\/wp-content\/uploads\/2016\/01\/9691676001_ca2ef925c1_b-180x180.jpg\" class=\"attachment-thumbnail size-thumbnail\" alt=\"\" \/><\/a>\n\t\t\t<\/dt><\/dl><dl class='gallery-item'>\n\t\t\t<dt class='gallery-icon landscape'>\n\t\t\t\t<a href='https:\/\/colegioarquitectos.com\/noticias\/?attachment_id=11108'><img loading=\"lazy\" decoding=\"async\" width=\"180\" height=\"180\" src=\"https:\/\/colegioarquitectos.com\/noticias\/wp-content\/uploads\/2016\/01\/300px-Arquitectos-180x180.png\" class=\"attachment-thumbnail size-thumbnail\" alt=\"\" aria-describedby=\"gallery-1-11108\" \/><\/a>\n\t\t\t<\/dt>\n\t\t\t\t<dd class='wp-caption-text gallery-caption' id='gallery-1-11108'>\n\t\t\t\tH\u00e9ctor Vald\u00e9s, Fernando Castillo, Carlos Bresciani y Carlos Garc\u00eda-Huidobro\n\t\t\t\t<\/dd><\/dl><br style=\"clear: both\" \/>\n\t\t<\/div>\n\n<p>&nbsp;<\/p>\n<p><a href=\"http:\/\/www.artistasplasticoschilenos.cl\/658\/w3-article-39805.html#obra\">Fuente: Artistas Pl\u00e1sticos Chilenos (APCh)\u00a0<\/a><\/p>\n<p><\/p>","protected":false},"excerpt":{"rendered":"<p>Nacimiento: 1918 A\u00f1o Premio Nacional de Arquitectura: 1979 Alma M\u00e1ter: Universidad Cat\u00f3lica de Chile &nbsp; &nbsp; Naci\u00f3 en Santiago en 1918.\u00a0Ingres\u00f3 a la Escuela de Arquitectura de la Universidad Cat\u00f3lica de Chile en 1936. Recibi\u00f3 el t\u00edtulo profesional en 1943 &hellip; <a class=\"more-link\" href=\"https:\/\/colegioarquitectos.com\/noticias\/?page_id=11096\">ver m\u00e1s<\/a><\/p>","protected":false},"author":4,"featured_media":0,"parent":7409,"menu_order":0,"comment_status":"closed","ping_status":"closed","template":"","meta":{"footnotes":""},"class_list":["post-11096","page","type-page","status-publish","hentry"],"yoast_head":"<!-- This site is optimized with the Yoast SEO plugin v24.2 - https:\/\/yoast.com\/wordpress\/plugins\/seo\/ -->\n<title>H\u00e9ctor Vald\u00e9s Phillips - COLEGIO DE ARQUITECTOS DE CHILE<\/title>\n<meta name=\"robots\" content=\"index, follow, max-snippet:-1, max-image-preview:large, max-video-preview:-1\" \/>\n<link rel=\"canonical\" href=\"https:\/\/colegioarquitectos.com\/noticias\/?page_id=11096\" \/>\n<meta property=\"og:locale\" content=\"es_ES\" \/>\n<meta property=\"og:type\" content=\"article\" \/>\n<meta property=\"og:title\" content=\"H\u00e9ctor Vald\u00e9s Phillips - COLEGIO DE ARQUITECTOS DE CHILE\" \/>\n<meta property=\"og:description\" content=\"Nacimiento: 1918 A\u00f1o Premio Nacional de Arquitectura: 1979 Alma M\u00e1ter: Universidad Cat\u00f3lica de Chile &nbsp; &nbsp; Naci\u00f3 en Santiago en 1918.\u00a0Ingres\u00f3 a la Escuela de Arquitectura de la Universidad Cat\u00f3lica de Chile en 1936. Recibi\u00f3 el t\u00edtulo profesional en 1943 &hellip; ver m\u00e1s\" \/>\n<meta property=\"og:url\" content=\"https:\/\/colegioarquitectos.com\/noticias\/?page_id=11096\" \/>\n<meta property=\"og:site_name\" content=\"COLEGIO DE ARQUITECTOS DE CHILE\" \/>\n<meta property=\"article:publisher\" content=\"https:\/\/facebook.com\/Colegioarq\/\" \/>\n<meta property=\"article:modified_time\" content=\"2016-01-18T21:00:33+00:00\" \/>\n<meta property=\"og:image\" content=\"https:\/\/colegioarquitectos.com\/noticias\/wp-content\/uploads\/2016\/01\/Conjunto-Matta-Viel-180x180.jpg\" \/>\n<meta name=\"twitter:card\" content=\"summary_large_image\" \/>\n<meta name=\"twitter:site\" content=\"@colegioarq\" \/>\n<meta name=\"twitter:label1\" content=\"Tiempo de lectura\" \/>\n\t<meta name=\"twitter:data1\" content=\"2 minutos\" \/>\n<script type=\"application\/ld+json\" class=\"yoast-schema-graph\">{\"@context\":\"https:\/\/schema.org\",\"@graph\":[{\"@type\":\"WebPage\",\"@id\":\"https:\/\/colegioarquitectos.com\/noticias\/?page_id=11096\",\"url\":\"https:\/\/colegioarquitectos.com\/noticias\/?page_id=11096\",\"name\":\"H\u00e9ctor Vald\u00e9s Phillips - COLEGIO DE ARQUITECTOS DE CHILE\",\"isPartOf\":{\"@id\":\"https:\/\/colegioarquitectos.com\/noticias\/#website\"},\"primaryImageOfPage\":{\"@id\":\"https:\/\/colegioarquitectos.com\/noticias\/?page_id=11096#primaryimage\"},\"image\":{\"@id\":\"https:\/\/colegioarquitectos.com\/noticias\/?page_id=11096#primaryimage\"},\"thumbnailUrl\":\"http:\/\/colegioarquitectos.com\/noticias\/wp-content\/uploads\/2016\/01\/300px-Arquitectos.jpg\",\"datePublished\":\"2016-01-18T20:42:05+00:00\",\"dateModified\":\"2016-01-18T21:00:33+00:00\",\"breadcrumb\":{\"@id\":\"https:\/\/colegioarquitectos.com\/noticias\/?page_id=11096#breadcrumb\"},\"inLanguage\":\"es\",\"potentialAction\":[{\"@type\":\"ReadAction\",\"target\":[\"https:\/\/colegioarquitectos.com\/noticias\/?page_id=11096\"]}]},{\"@type\":\"ImageObject\",\"inLanguage\":\"es\",\"@id\":\"https:\/\/colegioarquitectos.com\/noticias\/?page_id=11096#primaryimage\",\"url\":\"http:\/\/colegioarquitectos.com\/noticias\/wp-content\/uploads\/2016\/01\/300px-Arquitectos.jpg\",\"contentUrl\":\"http:\/\/colegioarquitectos.com\/noticias\/wp-content\/uploads\/2016\/01\/300px-Arquitectos.jpg\"},{\"@type\":\"BreadcrumbList\",\"@id\":\"https:\/\/colegioarquitectos.com\/noticias\/?page_id=11096#breadcrumb\",\"itemListElement\":[{\"@type\":\"ListItem\",\"position\":1,\"name\":\"Portada\",\"item\":\"https:\/\/colegioarquitectos.com\/noticias\"},{\"@type\":\"ListItem\",\"position\":2,\"name\":\"Premio Nacional de Arquitectura\",\"item\":\"https:\/\/colegioarquitectos.com\/noticias\/?page_id=7409\"},{\"@type\":\"ListItem\",\"position\":3,\"name\":\"H\u00e9ctor Vald\u00e9s Phillips\"}]},{\"@type\":\"WebSite\",\"@id\":\"https:\/\/colegioarquitectos.com\/noticias\/#website\",\"url\":\"https:\/\/colegioarquitectos.com\/noticias\/\",\"name\":\"COLEGIO DE ARQUITECTOS DE CHILE\",\"description\":\"\",\"publisher\":{\"@id\":\"https:\/\/colegioarquitectos.com\/noticias\/#organization\"},\"potentialAction\":[{\"@type\":\"SearchAction\",\"target\":{\"@type\":\"EntryPoint\",\"urlTemplate\":\"https:\/\/colegioarquitectos.com\/noticias\/?s={search_term_string}\"},\"query-input\":{\"@type\":\"PropertyValueSpecification\",\"valueRequired\":true,\"valueName\":\"search_term_string\"}}],\"inLanguage\":\"es\"},{\"@type\":\"Organization\",\"@id\":\"https:\/\/colegioarquitectos.com\/noticias\/#organization\",\"name\":\"COLEGIO DE ARQUITECTOS DE CHILE\",\"url\":\"https:\/\/colegioarquitectos.com\/noticias\/\",\"logo\":{\"@type\":\"ImageObject\",\"inLanguage\":\"es\",\"@id\":\"https:\/\/colegioarquitectos.com\/noticias\/#\/schema\/logo\/image\/\",\"url\":\"https:\/\/colegioarquitectos.com\/noticias\/wp-content\/uploads\/2021\/05\/ENCABEZADO-LOGO-CA.jpg\",\"contentUrl\":\"https:\/\/colegioarquitectos.com\/noticias\/wp-content\/uploads\/2021\/05\/ENCABEZADO-LOGO-CA.jpg\",\"width\":690,\"height\":350,\"caption\":\"COLEGIO DE ARQUITECTOS DE CHILE\"},\"image\":{\"@id\":\"https:\/\/colegioarquitectos.com\/noticias\/#\/schema\/logo\/image\/\"},\"sameAs\":[\"https:\/\/facebook.com\/Colegioarq\/\",\"https:\/\/x.com\/colegioarq\",\"https:\/\/instagram.com\/colegioarq\",\"https:\/\/youtube.com\/@ColegiodeArquitectosdeChile\"]}]}<\/script>\n<!-- \/ Yoast SEO plugin. -->","yoast_head_json":{"title":"H\u00e9ctor Vald\u00e9s Phillips - COLEGIO DE ARQUITECTOS DE CHILE","robots":{"index":"index","follow":"follow","max-snippet":"max-snippet:-1","max-image-preview":"max-image-preview:large","max-video-preview":"max-video-preview:-1"},"canonical":"https:\/\/colegioarquitectos.com\/noticias\/?page_id=11096","og_locale":"es_ES","og_type":"article","og_title":"H\u00e9ctor Vald\u00e9s Phillips - COLEGIO DE ARQUITECTOS DE CHILE","og_description":"Nacimiento: 1918 A\u00f1o Premio Nacional de Arquitectura: 1979 Alma M\u00e1ter: Universidad Cat\u00f3lica de Chile &nbsp; &nbsp; Naci\u00f3 en Santiago en 1918.\u00a0Ingres\u00f3 a la Escuela de Arquitectura de la Universidad Cat\u00f3lica de Chile en 1936. Recibi\u00f3 el t\u00edtulo profesional en 1943 &hellip; ver m\u00e1s","og_url":"https:\/\/colegioarquitectos.com\/noticias\/?page_id=11096","og_site_name":"COLEGIO DE ARQUITECTOS DE CHILE","article_publisher":"https:\/\/facebook.com\/Colegioarq\/","article_modified_time":"2016-01-18T21:00:33+00:00","og_image":[{"url":"https:\/\/colegioarquitectos.com\/noticias\/wp-content\/uploads\/2016\/01\/Conjunto-Matta-Viel-180x180.jpg","type":"","width":"","height":""}],"twitter_card":"summary_large_image","twitter_site":"@colegioarq","twitter_misc":{"Tiempo de lectura":"2 minutos"},"schema":{"@context":"https:\/\/schema.org","@graph":[{"@type":"WebPage","@id":"https:\/\/colegioarquitectos.com\/noticias\/?page_id=11096","url":"https:\/\/colegioarquitectos.com\/noticias\/?page_id=11096","name":"H\u00e9ctor Vald\u00e9s Phillips - COLEGIO DE ARQUITECTOS DE CHILE","isPartOf":{"@id":"https:\/\/colegioarquitectos.com\/noticias\/#website"},"primaryImageOfPage":{"@id":"https:\/\/colegioarquitectos.com\/noticias\/?page_id=11096#primaryimage"},"image":{"@id":"https:\/\/colegioarquitectos.com\/noticias\/?page_id=11096#primaryimage"},"thumbnailUrl":"http:\/\/colegioarquitectos.com\/noticias\/wp-content\/uploads\/2016\/01\/300px-Arquitectos.jpg","datePublished":"2016-01-18T20:42:05+00:00","dateModified":"2016-01-18T21:00:33+00:00","breadcrumb":{"@id":"https:\/\/colegioarquitectos.com\/noticias\/?page_id=11096#breadcrumb"},"inLanguage":"es","potentialAction":[{"@type":"ReadAction","target":["https:\/\/colegioarquitectos.com\/noticias\/?page_id=11096"]}]},{"@type":"ImageObject","inLanguage":"es","@id":"https:\/\/colegioarquitectos.com\/noticias\/?page_id=11096#primaryimage","url":"http:\/\/colegioarquitectos.com\/noticias\/wp-content\/uploads\/2016\/01\/300px-Arquitectos.jpg","contentUrl":"http:\/\/colegioarquitectos.com\/noticias\/wp-content\/uploads\/2016\/01\/300px-Arquitectos.jpg"},{"@type":"BreadcrumbList","@id":"https:\/\/colegioarquitectos.com\/noticias\/?page_id=11096#breadcrumb","itemListElement":[{"@type":"ListItem","position":1,"name":"Portada","item":"https:\/\/colegioarquitectos.com\/noticias"},{"@type":"ListItem","position":2,"name":"Premio Nacional de Arquitectura","item":"https:\/\/colegioarquitectos.com\/noticias\/?page_id=7409"},{"@type":"ListItem","position":3,"name":"H\u00e9ctor Vald\u00e9s Phillips"}]},{"@type":"WebSite","@id":"https:\/\/colegioarquitectos.com\/noticias\/#website","url":"https:\/\/colegioarquitectos.com\/noticias\/","name":"COLEGIO DE ARQUITECTOS DE CHILE","description":"","publisher":{"@id":"https:\/\/colegioarquitectos.com\/noticias\/#organization"},"potentialAction":[{"@type":"SearchAction","target":{"@type":"EntryPoint","urlTemplate":"https:\/\/colegioarquitectos.com\/noticias\/?s={search_term_string}"},"query-input":{"@type":"PropertyValueSpecification","valueRequired":true,"valueName":"search_term_string"}}],"inLanguage":"es"},{"@type":"Organization","@id":"https:\/\/colegioarquitectos.com\/noticias\/#organization","name":"COLEGIO DE ARQUITECTOS DE CHILE","url":"https:\/\/colegioarquitectos.com\/noticias\/","logo":{"@type":"ImageObject","inLanguage":"es","@id":"https:\/\/colegioarquitectos.com\/noticias\/#\/schema\/logo\/image\/","url":"https:\/\/colegioarquitectos.com\/noticias\/wp-content\/uploads\/2021\/05\/ENCABEZADO-LOGO-CA.jpg","contentUrl":"https:\/\/colegioarquitectos.com\/noticias\/wp-content\/uploads\/2021\/05\/ENCABEZADO-LOGO-CA.jpg","width":690,"height":350,"caption":"COLEGIO DE ARQUITECTOS DE CHILE"},"image":{"@id":"https:\/\/colegioarquitectos.com\/noticias\/#\/schema\/logo\/image\/"},"sameAs":["https:\/\/facebook.com\/Colegioarq\/","https:\/\/x.com\/colegioarq","https:\/\/instagram.com\/colegioarq","https:\/\/youtube.com\/@ColegiodeArquitectosdeChile"]}]}},"_links":{"self":[{"href":"https:\/\/colegioarquitectos.com\/noticias\/index.php?rest_route=\/wp\/v2\/pages\/11096","targetHints":{"allow":["GET"]}}],"collection":[{"href":"https:\/\/colegioarquitectos.com\/noticias\/index.php?rest_route=\/wp\/v2\/pages"}],"about":[{"href":"https:\/\/colegioarquitectos.com\/noticias\/index.php?rest_route=\/wp\/v2\/types\/page"}],"author":[{"embeddable":true,"href":"https:\/\/colegioarquitectos.com\/noticias\/index.php?rest_route=\/wp\/v2\/users\/4"}],"replies":[{"embeddable":true,"href":"https:\/\/colegioarquitectos.com\/noticias\/index.php?rest_route=%2Fwp%2Fv2%2Fcomments&post=11096"}],"version-history":[{"count":0,"href":"https:\/\/colegioarquitectos.com\/noticias\/index.php?rest_route=\/wp\/v2\/pages\/11096\/revisions"}],"up":[{"embeddable":true,"href":"https:\/\/colegioarquitectos.com\/noticias\/index.php?rest_route=\/wp\/v2\/pages\/7409"}],"wp:attachment":[{"href":"https:\/\/colegioarquitectos.com\/noticias\/index.php?rest_route=%2Fwp%2Fv2%2Fmedia&parent=11096"}],"curies":[{"name":"wp","href":"https:\/\/api.w.org\/{rel}","templated":true}]}}