
{"id":11545,"date":"2016-03-09T19:18:55","date_gmt":"2016-03-09T19:18:55","guid":{"rendered":"http:\/\/colegioarquitectos.com\/?page_id=11545"},"modified":"2025-05-15T12:53:16","modified_gmt":"2025-05-15T16:53:16","slug":"bienales-de-arquitectura","status":"publish","type":"page","link":"https:\/\/colegioarquitectos.com\/noticias\/?page_id=11545","title":{"rendered":"Bienal de Arquitectura y Urbanismo de Chile"},"content":{"rendered":"<p>&nbsp;<\/p>\n<p><img loading=\"lazy\" decoding=\"async\" class=\"aligncenter size-full wp-image-29807\" src=\"https:\/\/colegioarquitectos.com\/noticias\/wp-content\/uploads\/2016\/03\/Proyecto-nuevo-1.jpg\" alt=\"\" width=\"1280\" height=\"720\" srcset=\"https:\/\/colegioarquitectos.com\/noticias\/wp-content\/uploads\/2016\/03\/Proyecto-nuevo-1.jpg 1280w, https:\/\/colegioarquitectos.com\/noticias\/wp-content\/uploads\/2016\/03\/Proyecto-nuevo-1-300x169.jpg 300w, https:\/\/colegioarquitectos.com\/noticias\/wp-content\/uploads\/2016\/03\/Proyecto-nuevo-1-768x432.jpg 768w, https:\/\/colegioarquitectos.com\/noticias\/wp-content\/uploads\/2016\/03\/Proyecto-nuevo-1-1024x576.jpg 1024w\" sizes=\"auto, (max-width: 1280px) 100vw, 1280px\" \/><\/p>\n<p>La Bienal de Arquitectura y Urbanismo de Chile fue creada por el Directorio Nacional del Colegio\u00a0de Arquitectos de Chile en 1977, y se ha repetido cada 2 a\u00f1os\u00a0en forma continua hasta hoy, generando el espacio de encuentro m\u00e1s importante de discusi\u00f3n y desarrollo profesional de la arquitectura nacional.<\/p>\n<p>La Bienal de Arquitectura y Urbanismo de Chile crea un espacio de encuentro, reflexi\u00f3n e intercambio de ideas sobre el trabajo arquitect\u00f3nico. All\u00ed se analiza en profundidad los grandes temas y problemas a solucionar en Chile. Tambi\u00e9n es una vitrina de los mejores proyectos arquitect\u00f3nicos y urbanos de los dos \u00faltimos a\u00f1os.<\/p>\n<p>Los temas que trata tienen relaci\u00f3n directa con los espacios p\u00fablicos, y los \u00e1mbitos del quehacer humano y su vida: asuntos sociales, culturales, hist\u00f3ricos y muchos otros, en el espacio que convoca a una participaci\u00f3n real de las y los arquitectos y profesionales del \u00e1rea, as\u00ed como de especialistas extranjeros invitados,\u00a0y tambi\u00e9n de sectores p\u00fablico y privado y la ciudadan\u00eda en general.<\/p>\n<p>La Bienal concita a una participaci\u00f3n multitudinaria para un trabajo amplio que tenga como marco un proyecto pa\u00eds, cuyo aporte tiene como uno\u00a0de sus horizontes un s\u00f3lido aporte.<\/p>\n<p>La Bienal de Arquitectura y Urbanismo de Chile crece, expande sus l\u00edmites, y busca, a trav\u00e9s de un trabajo conjunto de todos los profesionales, t\u00e9cnicos, autoridades e invitados extranjeros involucrados, institucionalizar un equipo que reuniendo los antecedentes necesarios, confluya en un diagn\u00f3stico consensual y desde ah\u00ed en un esquema de soluciones que sirvan de base para estructurar propuestas profundas, serias, profesionales e informadas.<\/p>\n<p>&nbsp;<\/p>\n<h4>Bienales<\/h4>\n<hr \/>\n<table width=\"1006\">\n<tbody>\n<tr>\n<td width=\"34\">1977<\/td>\n<td style=\"text-align: center;\" width=\"443\"><strong>I: \u00abPatrimonio nacional\u00bb<\/strong><\/td>\n<td style=\"text-align: center;\" width=\"529\">Cristi\u00e1n Fern\u00e1ndez<\/td>\n<\/tr>\n<tr>\n<td>1979<\/td>\n<td style=\"text-align: center;\"><strong>II: \u00abHacer ciudad\u00bb<\/strong><\/td>\n<td style=\"text-align: center;\">Eduardo Cuevas<\/td>\n<\/tr>\n<tr>\n<td>1981<\/td>\n<td style=\"text-align: center;\"><strong>III: \u00abVivienda\u00bb<\/strong><\/td>\n<td style=\"text-align: center;\">Marcelo Etcheverry<\/td>\n<\/tr>\n<tr>\n<td style=\"text-align: center;\">1983<\/td>\n<td style=\"text-align: center;\"><strong>IV: \u00abPatrimonio y presente: La recuperaci\u00f3n cr\u00edtica del pasado\u00bb<\/strong><\/td>\n<td style=\"text-align: center;\">Pedro Murtinho<\/td>\n<\/tr>\n<tr>\n<td>1985<\/td>\n<td style=\"text-align: center;\"><strong>V: \u00abArquitectura y calidad de vida: Desaf\u00edos de la vivienda social\u00bb<\/strong><\/td>\n<td style=\"text-align: center;\">\u00c1ngel Hern\u00e1ndez<\/td>\n<\/tr>\n<tr>\n<td>1987<\/td>\n<td style=\"text-align: center;\"><strong>VI: \u00abArquitectura y futuro: Indagar el futuro para construir el presente\u00bb<\/strong><\/td>\n<td style=\"text-align: center;\">Fernando Castillo<\/td>\n<\/tr>\n<tr>\n<td>1989<\/td>\n<td style=\"text-align: center;\"><strong>VII: \u00abArquitectura y cr\u00edtica\u00bb<\/strong><\/td>\n<td style=\"text-align: center;\">Eduardo San Mart\u00edn<\/td>\n<\/tr>\n<tr>\n<td>1991<\/td>\n<td style=\"text-align: center;\"><strong>VIII: \u00abArquitectura Latinoamericana: Un camino propio\u00bb<\/strong><\/td>\n<td style=\"text-align: center;\">Jorge Iglesis<\/td>\n<\/tr>\n<tr>\n<td>1993<\/td>\n<td style=\"text-align: center;\"><strong>IX: \u00abCiudad y medio ambiente: El desaf\u00edo\u00bb<\/strong><\/td>\n<td style=\"text-align: center;\">Juan C\u00e1rdenas<\/td>\n<\/tr>\n<tr>\n<td>1995<\/td>\n<td style=\"text-align: center;\"><strong>X: \u00abHacia el a\u00f1o 2000, \u00bfqu\u00e9 ciudad queremos?\u00bb<\/strong><\/td>\n<td style=\"text-align: center;\">V\u00edctor Gubbins<\/td>\n<\/tr>\n<tr>\n<td>1997<\/td>\n<td style=\"text-align: center;\"><strong>XI: \u00abEl espacio p\u00fablico: Vigencia y destino\u00bb<\/strong><\/td>\n<td style=\"text-align: center;\">Pilar Urrejola<\/td>\n<\/tr>\n<tr>\n<td>2000<\/td>\n<td style=\"text-align: center;\"><strong>II: \u00abArquitectura de uso p\u00fablico: Re-inventar el futuro\u00bb<\/strong><\/td>\n<td style=\"text-align: center;\">Humberto Eliash<\/td>\n<\/tr>\n<tr>\n<td>2002<\/td>\n<td style=\"text-align: center;\"><strong>XIII: \u00abGlobalizaci\u00f3n, comunicaci\u00f3n y arquitectura\u00bb<\/strong><\/td>\n<td style=\"text-align: center;\">Alberto Sartori<\/td>\n<\/tr>\n<tr>\n<td>2004<\/td>\n<td style=\"text-align: center;\"><strong>XIV: \u00abReforma urbana: Hag\u00e1mosla realidad\u00bb<\/strong><\/td>\n<td style=\"text-align: center;\">Patricio Schmidt<\/td>\n<\/tr>\n<tr>\n<td>2006<\/td>\n<td style=\"text-align: center;\"><strong>XV: \u00abHumanidad, calidad e integraci\u00f3n\u00bb<\/strong><\/td>\n<td style=\"text-align: center;\">Cristi\u00e1n Undurraga<\/td>\n<\/tr>\n<tr>\n<td>2008<\/td>\n<td style=\"text-align: center;\"><strong>XVI: \u00abHacia una arquitectura que cuide nuestra Tierra\u00bb<\/strong><\/td>\n<td style=\"text-align: center;\">Juan Ignacio Baixas<\/td>\n<\/tr>\n<tr>\n<td>2010<\/td>\n<td style=\"text-align: center;\"><strong>XVII: \u00ab8.8 Re-construcci\u00f3n\u00bb<\/strong><\/td>\n<td style=\"text-align: center;\">Guillermo Hevia<\/td>\n<\/tr>\n<tr>\n<td>2012<\/td>\n<td style=\"text-align: center;\"><strong>XVIII: \u00abCiudades para ciudadanos\u00bb<\/strong><\/td>\n<td style=\"text-align: center;\">Sebasti\u00e1n Gray<\/td>\n<\/tr>\n<tr>\n<td>2015<\/td>\n<td style=\"text-align: center;\"><strong>XIX: \u00abArquitectura y educaci\u00f3n: El pa\u00eds que queremos\u00bb<\/strong><\/td>\n<td style=\"text-align: center;\">Fernando Mar\u00edn<\/td>\n<\/tr>\n<tr>\n<td>2017<\/td>\n<td style=\"text-align: center;\"><strong>XX: \u00abDi\u00e1logos impostergables\u00bb<\/strong><\/td>\n<td style=\"text-align: center;\">Felipe Vera<\/td>\n<\/tr>\n<tr>\n<td>2019<\/td>\n<td style=\"text-align: center;\"><strong>XXI: \u00abFeria Libre de Arquitectura. Lo com\u00fan y lo corriente\u00bb<\/strong><\/td>\n<td style=\"text-align: center;\">Beatriz Coeff\u00e9, Joaqu\u00edn Gonz\u00e1lez, Vesna Obilinovic, Juan Pablo Urrutia y Tom\u00e1s Villal\u00f3n<\/td>\n<\/tr>\n<tr>\n<td>2023<\/td>\n<td style=\"text-align: center;\"><strong>XXII: \u00abH\u00e1bitats vulnerables\u00bb<\/strong><\/td>\n<td style=\"text-align: center;\">Loreto Lyon y Crist\u00f3bal Molina<\/td>\n<\/tr>\n<tr>\n<td>2025<\/td>\n<td style=\"text-align: center;\"><strong>XXIII: \u00abDoble exposici\u00f3n. [Re] programar [Re] adaptar [Re] construir\u00bb<\/strong><\/td>\n<td style=\"text-align: center;\">\u00c1ngela Carvajal, Sebasti\u00e1n L\u00f3pez y \u00d3scar Aceves<\/td>\n<\/tr>\n<\/tbody>\n<\/table>\n<p>&nbsp;<\/p>\n<p><\/p>","protected":false},"excerpt":{"rendered":"<p>&nbsp; La Bienal de Arquitectura y Urbanismo de Chile fue creada por el Directorio Nacional del Colegio\u00a0de Arquitectos de Chile en 1977, y se ha repetido cada 2 a\u00f1os\u00a0en forma continua hasta hoy, generando el espacio de encuentro m\u00e1s importante &hellip; <a class=\"more-link\" href=\"https:\/\/colegioarquitectos.com\/noticias\/?page_id=11545\">ver m\u00e1s<\/a><\/p>","protected":false},"author":4,"featured_media":0,"parent":7396,"menu_order":0,"comment_status":"closed","ping_status":"closed","template":"pages\/fullwidth.php","meta":{"footnotes":""},"class_list":["post-11545","page","type-page","status-publish","hentry"],"yoast_head":"<!-- This site is optimized with the Yoast SEO plugin v24.2 - https:\/\/yoast.com\/wordpress\/plugins\/seo\/ -->\n<title>Bienal de Arquitectura y Urbanismo de Chile - COLEGIO DE ARQUITECTOS DE CHILE<\/title>\n<meta name=\"robots\" content=\"index, follow, max-snippet:-1, max-image-preview:large, max-video-preview:-1\" \/>\n<link rel=\"canonical\" href=\"https:\/\/colegioarquitectos.com\/noticias\/?page_id=11545\" \/>\n<meta property=\"og:locale\" content=\"es_ES\" \/>\n<meta property=\"og:type\" content=\"article\" \/>\n<meta property=\"og:title\" content=\"Bienal de Arquitectura y Urbanismo de Chile - COLEGIO DE ARQUITECTOS DE CHILE\" \/>\n<meta property=\"og:description\" content=\"&nbsp; La Bienal de Arquitectura y Urbanismo de Chile fue creada por el Directorio Nacional del Colegio\u00a0de Arquitectos de Chile en 1977, y se ha repetido cada 2 a\u00f1os\u00a0en forma continua hasta hoy, generando el espacio de encuentro m\u00e1s importante &hellip; ver m\u00e1s\" \/>\n<meta property=\"og:url\" content=\"https:\/\/colegioarquitectos.com\/noticias\/?page_id=11545\" \/>\n<meta property=\"og:site_name\" content=\"COLEGIO DE ARQUITECTOS DE CHILE\" \/>\n<meta property=\"article:publisher\" content=\"https:\/\/facebook.com\/Colegioarq\/\" \/>\n<meta property=\"article:modified_time\" content=\"2025-05-15T16:53:16+00:00\" \/>\n<meta property=\"og:image\" content=\"https:\/\/colegioarquitectos.com\/noticias\/wp-content\/uploads\/2016\/03\/Proyecto-nuevo-1.jpg\" \/>\n\t<meta property=\"og:image:width\" content=\"1280\" \/>\n\t<meta property=\"og:image:height\" content=\"720\" \/>\n\t<meta property=\"og:image:type\" content=\"image\/jpeg\" \/>\n<meta name=\"twitter:card\" content=\"summary_large_image\" \/>\n<meta name=\"twitter:site\" content=\"@colegioarq\" \/>\n<meta name=\"twitter:label1\" content=\"Tiempo de lectura\" \/>\n\t<meta name=\"twitter:data1\" content=\"3 minutos\" \/>\n<script type=\"application\/ld+json\" class=\"yoast-schema-graph\">{\"@context\":\"https:\/\/schema.org\",\"@graph\":[{\"@type\":\"WebPage\",\"@id\":\"https:\/\/colegioarquitectos.com\/noticias\/?page_id=11545\",\"url\":\"https:\/\/colegioarquitectos.com\/noticias\/?page_id=11545\",\"name\":\"Bienal de Arquitectura y Urbanismo de Chile - COLEGIO DE ARQUITECTOS DE CHILE\",\"isPartOf\":{\"@id\":\"https:\/\/colegioarquitectos.com\/noticias\/#website\"},\"primaryImageOfPage\":{\"@id\":\"https:\/\/colegioarquitectos.com\/noticias\/?page_id=11545#primaryimage\"},\"image\":{\"@id\":\"https:\/\/colegioarquitectos.com\/noticias\/?page_id=11545#primaryimage\"},\"thumbnailUrl\":\"https:\/\/colegioarquitectos.com\/noticias\/wp-content\/uploads\/2016\/03\/Proyecto-nuevo-1.jpg\",\"datePublished\":\"2016-03-09T19:18:55+00:00\",\"dateModified\":\"2025-05-15T16:53:16+00:00\",\"breadcrumb\":{\"@id\":\"https:\/\/colegioarquitectos.com\/noticias\/?page_id=11545#breadcrumb\"},\"inLanguage\":\"es\",\"potentialAction\":[{\"@type\":\"ReadAction\",\"target\":[\"https:\/\/colegioarquitectos.com\/noticias\/?page_id=11545\"]}]},{\"@type\":\"ImageObject\",\"inLanguage\":\"es\",\"@id\":\"https:\/\/colegioarquitectos.com\/noticias\/?page_id=11545#primaryimage\",\"url\":\"https:\/\/colegioarquitectos.com\/noticias\/wp-content\/uploads\/2016\/03\/Proyecto-nuevo-1.jpg\",\"contentUrl\":\"https:\/\/colegioarquitectos.com\/noticias\/wp-content\/uploads\/2016\/03\/Proyecto-nuevo-1.jpg\",\"width\":1280,\"height\":720},{\"@type\":\"BreadcrumbList\",\"@id\":\"https:\/\/colegioarquitectos.com\/noticias\/?page_id=11545#breadcrumb\",\"itemListElement\":[{\"@type\":\"ListItem\",\"position\":1,\"name\":\"Portada\",\"item\":\"https:\/\/colegioarquitectos.com\/noticias\"},{\"@type\":\"ListItem\",\"position\":2,\"name\":\"Historia del Colegio de Arquitectos de Chile\",\"item\":\"https:\/\/colegioarquitectos.com\/noticias\/?page_id=7396\"},{\"@type\":\"ListItem\",\"position\":3,\"name\":\"Bienal de Arquitectura y Urbanismo de Chile\"}]},{\"@type\":\"WebSite\",\"@id\":\"https:\/\/colegioarquitectos.com\/noticias\/#website\",\"url\":\"https:\/\/colegioarquitectos.com\/noticias\/\",\"name\":\"COLEGIO DE ARQUITECTOS DE CHILE\",\"description\":\"\",\"publisher\":{\"@id\":\"https:\/\/colegioarquitectos.com\/noticias\/#organization\"},\"potentialAction\":[{\"@type\":\"SearchAction\",\"target\":{\"@type\":\"EntryPoint\",\"urlTemplate\":\"https:\/\/colegioarquitectos.com\/noticias\/?s={search_term_string}\"},\"query-input\":{\"@type\":\"PropertyValueSpecification\",\"valueRequired\":true,\"valueName\":\"search_term_string\"}}],\"inLanguage\":\"es\"},{\"@type\":\"Organization\",\"@id\":\"https:\/\/colegioarquitectos.com\/noticias\/#organization\",\"name\":\"COLEGIO DE ARQUITECTOS DE CHILE\",\"url\":\"https:\/\/colegioarquitectos.com\/noticias\/\",\"logo\":{\"@type\":\"ImageObject\",\"inLanguage\":\"es\",\"@id\":\"https:\/\/colegioarquitectos.com\/noticias\/#\/schema\/logo\/image\/\",\"url\":\"https:\/\/colegioarquitectos.com\/noticias\/wp-content\/uploads\/2021\/05\/ENCABEZADO-LOGO-CA.jpg\",\"contentUrl\":\"https:\/\/colegioarquitectos.com\/noticias\/wp-content\/uploads\/2021\/05\/ENCABEZADO-LOGO-CA.jpg\",\"width\":690,\"height\":350,\"caption\":\"COLEGIO DE ARQUITECTOS DE CHILE\"},\"image\":{\"@id\":\"https:\/\/colegioarquitectos.com\/noticias\/#\/schema\/logo\/image\/\"},\"sameAs\":[\"https:\/\/facebook.com\/Colegioarq\/\",\"https:\/\/x.com\/colegioarq\",\"https:\/\/instagram.com\/colegioarq\",\"https:\/\/youtube.com\/@ColegiodeArquitectosdeChile\"]}]}<\/script>\n<!-- \/ Yoast SEO plugin. -->","yoast_head_json":{"title":"Bienal de Arquitectura y Urbanismo de Chile - COLEGIO DE ARQUITECTOS DE CHILE","robots":{"index":"index","follow":"follow","max-snippet":"max-snippet:-1","max-image-preview":"max-image-preview:large","max-video-preview":"max-video-preview:-1"},"canonical":"https:\/\/colegioarquitectos.com\/noticias\/?page_id=11545","og_locale":"es_ES","og_type":"article","og_title":"Bienal de Arquitectura y Urbanismo de Chile - COLEGIO DE ARQUITECTOS DE CHILE","og_description":"&nbsp; La Bienal de Arquitectura y Urbanismo de Chile fue creada por el Directorio Nacional del Colegio\u00a0de Arquitectos de Chile en 1977, y se ha repetido cada 2 a\u00f1os\u00a0en forma continua hasta hoy, generando el espacio de encuentro m\u00e1s importante &hellip; ver m\u00e1s","og_url":"https:\/\/colegioarquitectos.com\/noticias\/?page_id=11545","og_site_name":"COLEGIO DE ARQUITECTOS DE CHILE","article_publisher":"https:\/\/facebook.com\/Colegioarq\/","article_modified_time":"2025-05-15T16:53:16+00:00","og_image":[{"width":1280,"height":720,"url":"https:\/\/colegioarquitectos.com\/noticias\/wp-content\/uploads\/2016\/03\/Proyecto-nuevo-1.jpg","type":"image\/jpeg"}],"twitter_card":"summary_large_image","twitter_site":"@colegioarq","twitter_misc":{"Tiempo de lectura":"3 minutos"},"schema":{"@context":"https:\/\/schema.org","@graph":[{"@type":"WebPage","@id":"https:\/\/colegioarquitectos.com\/noticias\/?page_id=11545","url":"https:\/\/colegioarquitectos.com\/noticias\/?page_id=11545","name":"Bienal de Arquitectura y Urbanismo de Chile - COLEGIO DE ARQUITECTOS DE CHILE","isPartOf":{"@id":"https:\/\/colegioarquitectos.com\/noticias\/#website"},"primaryImageOfPage":{"@id":"https:\/\/colegioarquitectos.com\/noticias\/?page_id=11545#primaryimage"},"image":{"@id":"https:\/\/colegioarquitectos.com\/noticias\/?page_id=11545#primaryimage"},"thumbnailUrl":"https:\/\/colegioarquitectos.com\/noticias\/wp-content\/uploads\/2016\/03\/Proyecto-nuevo-1.jpg","datePublished":"2016-03-09T19:18:55+00:00","dateModified":"2025-05-15T16:53:16+00:00","breadcrumb":{"@id":"https:\/\/colegioarquitectos.com\/noticias\/?page_id=11545#breadcrumb"},"inLanguage":"es","potentialAction":[{"@type":"ReadAction","target":["https:\/\/colegioarquitectos.com\/noticias\/?page_id=11545"]}]},{"@type":"ImageObject","inLanguage":"es","@id":"https:\/\/colegioarquitectos.com\/noticias\/?page_id=11545#primaryimage","url":"https:\/\/colegioarquitectos.com\/noticias\/wp-content\/uploads\/2016\/03\/Proyecto-nuevo-1.jpg","contentUrl":"https:\/\/colegioarquitectos.com\/noticias\/wp-content\/uploads\/2016\/03\/Proyecto-nuevo-1.jpg","width":1280,"height":720},{"@type":"BreadcrumbList","@id":"https:\/\/colegioarquitectos.com\/noticias\/?page_id=11545#breadcrumb","itemListElement":[{"@type":"ListItem","position":1,"name":"Portada","item":"https:\/\/colegioarquitectos.com\/noticias"},{"@type":"ListItem","position":2,"name":"Historia del Colegio de Arquitectos de Chile","item":"https:\/\/colegioarquitectos.com\/noticias\/?page_id=7396"},{"@type":"ListItem","position":3,"name":"Bienal de Arquitectura y Urbanismo de Chile"}]},{"@type":"WebSite","@id":"https:\/\/colegioarquitectos.com\/noticias\/#website","url":"https:\/\/colegioarquitectos.com\/noticias\/","name":"COLEGIO DE ARQUITECTOS DE CHILE","description":"","publisher":{"@id":"https:\/\/colegioarquitectos.com\/noticias\/#organization"},"potentialAction":[{"@type":"SearchAction","target":{"@type":"EntryPoint","urlTemplate":"https:\/\/colegioarquitectos.com\/noticias\/?s={search_term_string}"},"query-input":{"@type":"PropertyValueSpecification","valueRequired":true,"valueName":"search_term_string"}}],"inLanguage":"es"},{"@type":"Organization","@id":"https:\/\/colegioarquitectos.com\/noticias\/#organization","name":"COLEGIO DE ARQUITECTOS DE CHILE","url":"https:\/\/colegioarquitectos.com\/noticias\/","logo":{"@type":"ImageObject","inLanguage":"es","@id":"https:\/\/colegioarquitectos.com\/noticias\/#\/schema\/logo\/image\/","url":"https:\/\/colegioarquitectos.com\/noticias\/wp-content\/uploads\/2021\/05\/ENCABEZADO-LOGO-CA.jpg","contentUrl":"https:\/\/colegioarquitectos.com\/noticias\/wp-content\/uploads\/2021\/05\/ENCABEZADO-LOGO-CA.jpg","width":690,"height":350,"caption":"COLEGIO DE ARQUITECTOS DE CHILE"},"image":{"@id":"https:\/\/colegioarquitectos.com\/noticias\/#\/schema\/logo\/image\/"},"sameAs":["https:\/\/facebook.com\/Colegioarq\/","https:\/\/x.com\/colegioarq","https:\/\/instagram.com\/colegioarq","https:\/\/youtube.com\/@ColegiodeArquitectosdeChile"]}]}},"_links":{"self":[{"href":"https:\/\/colegioarquitectos.com\/noticias\/index.php?rest_route=\/wp\/v2\/pages\/11545","targetHints":{"allow":["GET"]}}],"collection":[{"href":"https:\/\/colegioarquitectos.com\/noticias\/index.php?rest_route=\/wp\/v2\/pages"}],"about":[{"href":"https:\/\/colegioarquitectos.com\/noticias\/index.php?rest_route=\/wp\/v2\/types\/page"}],"author":[{"embeddable":true,"href":"https:\/\/colegioarquitectos.com\/noticias\/index.php?rest_route=\/wp\/v2\/users\/4"}],"replies":[{"embeddable":true,"href":"https:\/\/colegioarquitectos.com\/noticias\/index.php?rest_route=%2Fwp%2Fv2%2Fcomments&post=11545"}],"version-history":[{"count":3,"href":"https:\/\/colegioarquitectos.com\/noticias\/index.php?rest_route=\/wp\/v2\/pages\/11545\/revisions"}],"predecessor-version":[{"id":33706,"href":"https:\/\/colegioarquitectos.com\/noticias\/index.php?rest_route=\/wp\/v2\/pages\/11545\/revisions\/33706"}],"up":[{"embeddable":true,"href":"https:\/\/colegioarquitectos.com\/noticias\/index.php?rest_route=\/wp\/v2\/pages\/7396"}],"wp:attachment":[{"href":"https:\/\/colegioarquitectos.com\/noticias\/index.php?rest_route=%2Fwp%2Fv2%2Fmedia&parent=11545"}],"curies":[{"name":"wp","href":"https:\/\/api.w.org\/{rel}","templated":true}]}}