
{"id":11920,"date":"2016-03-30T19:17:36","date_gmt":"2016-03-30T19:17:36","guid":{"rendered":"http:\/\/colegioarquitectos.com\/?page_id=11920"},"modified":"2023-03-13T14:18:24","modified_gmt":"2023-03-13T18:18:24","slug":"comite-de-derechos-humanos-y-ciudadanos","status":"publish","type":"page","link":"https:\/\/colegioarquitectos.com\/noticias\/?page_id=11920","title":{"rendered":"COMIT\u00c9 DE DERECHOS HUMANOS Y CIUDADANOS"},"content":{"rendered":"<h4>DESCRIPCI\u00d3N \u00d3RGANO ASESOR<\/h4>\n<hr \/>\n<p>El Comit\u00e9 de Derechos Humanos y Ciudadanos existe desde 1986. Ha estado presidido por las arquitectas: Ana Mar\u00eda Barrenechea Gr\u00fcnenwald (1986-2004), Mar\u00eda Cecilia Dinamarca Silva (2004-2015), Alicia Alarc\u00f3n Ram\u00edrez (2015-2017) y Viviana Teuche Vega (2017- a la fecha).<\/p>\n<p>El Comit\u00e9 ha realizado numerosas acciones de promoci\u00f3n y en defensa de los derechos humanos, entre \u00e9stas:<\/p>\n<p>&nbsp;<\/p>\n<ul>\n<li>Querella criminal interpuesta en la Corte de Apelaciones de Santiago por el Colegio de Arquitectos de Chile bajo la presidencia de Patricio Gross Fuentes (11.07.2000) en contra del Senador Vitalicio Augusto Pinochet, Manuel Contreras, Osvaldo Romo, Basclay Zapata y de todo otro que resulte responsable por los desaparecimientos forzados, que constituyen un Crimen contra la Humanidad (ONU); de 7 arquitectos y\/o egresados de Arquitectura y un ejecutado pol\u00edtico: Ida Vera, Francisco Aedo, Alejandro Rodr\u00edguez, Leopoldo Ben\u00edtez, Carlos Gajardo, Yactong Juantok, Luis Guendelman y Mario Pe\u00f1a. La querella fue patrocinada por los abogados Juan Subercaseaux y Juan Miguel Pavin.<\/li>\n<\/ul>\n<p>&nbsp;<\/p>\n<ul>\n<li>Apoyo a abogados del Consejo de Defensa del Estado, que llevan casos de arquitectos detenidos desaparecidos. Entrevista de la presidenta del Comit\u00e9 con la Ministra de Defensa Michelle Bachelet, para presentar el caso del arquitecto detenido desaparecido Francisco Aedo.<\/li>\n<\/ul>\n<p>&nbsp;<\/p>\n<ul>\n<li>Numerosos actos en memoria de los 8 arquitectos detenidos desaparecidos y\/o ejecutado pol\u00edtico desde 1986 en adelante. Durante los \u00faltimos a\u00f1os, se incorpor\u00f3 en estos homenajes a los arquitectos (cuentan con t\u00edtulo p\u00f3stumo) Patricio Manzano Gonz\u00e1lez (ejecutado) y Carlos Salcedo Morales (detenido desaparecido).<\/li>\n<\/ul>\n<p>&nbsp;<\/p>\n<ul>\n<li>Concurso de obras pict\u00f3ricas con invitaci\u00f3n a arquitectos\/as y artistas pl\u00e1sticos\/as, para definir portada e ilustraciones a incorporar en cap\u00edtulos del libro \u201cOcho Arquitectos en la Memoria\u201d (2004). Exposici\u00f3n p\u00fablica de las obras en el Colegio de Arquitectos (todas aparecen en el libro). Los atriles del montaje fueron donados al Colegio por el Comit\u00e9.<\/li>\n<\/ul>\n<p>&nbsp;<\/p>\n<ul>\n<li>Edici\u00f3n y publicaci\u00f3n del libro testimonial \u201cOcho Arquitectos en la Memoria\u201d, Edici\u00f3n Fundaci\u00f3n Espacio y Desarrollo 2005, escrito en coautor\u00eda por integrantes del comit\u00e9. El libro se present\u00f3 en el Colegio de Arquitectos (junio 2005); en la FAU Universidad de Chile (noviembre 2005); en la Escuela de Arquitectura PUC (diciembre 2005); en la Casa de la Cultura de Concepci\u00f3n en conjunto con Facultad de Arquitectura Universidad del Biob\u00edo (julio 2006). Seleccionado en la XV Bienal de Arquitectura 2006 y en la II Bienal de Arquitectura V Regi\u00f3n. Donaci\u00f3n de ejemplares al Museo de la Memoria en un acto realizado en 2010. Se solicit\u00f3 apoyo para su difusi\u00f3n a la Ministra de la Cultura Paulina Urrutia el a\u00f1o 2006.\u00a0 \u00a0 \u00a0 \u00a0 \u00a0 \u00a0 \u00a0 \u00a0 \u00a0 Donaci\u00f3n de ejemplares a bibliotecas de escuelas de arquitectura y otras instituciones y organizaciones en el pa\u00eds y en el extranjero, incluyendo la Biblioteca de Isla de Pascua.La informaci\u00f3n contenida en el libro ha sido utilizada en procesos judiciales por la detenci\u00f3n y desaparici\u00f3n de los colegas. El libro en digital se encontraba en la p\u00e1gina web del CA hasta el per\u00edodo de gesti\u00f3n del Directorio Nacional 2018-2020, luego fue retirado sin conocimiento del Comit\u00e9.<\/li>\n<\/ul>\n<p>&nbsp;<\/p>\n<ul>\n<li>Por iniciativa y propuesta del Comit\u00e9, el Decano de Medicina de la U. de Chile y entonces Vicerrector Dr. Jorge Las Heras; dio el nombre del arquitecto detenido desaparecido Alejandro Rodr\u00edguez, a la sede de Medicina Occidente en Quinta Normal, edificio dise\u00f1ado y construido por nuestro colega. En el acto, se realiz\u00f3 la presentaci\u00f3n del libro (noviembre 2005). Queda la tarea pendiente de terminar y renovar este edificio y su entorno para la Universidad.<\/li>\n<\/ul>\n<p>&nbsp;<\/p>\n<ul>\n<li>Cuadro Memorial con fotos de arquitectos detenidos desaparecidos, instalado e inaugurado el 2005 en el sal\u00f3n de honor de la sede del Colegio de Arquitectos. El memorial fue retirado y perdido durante la ejecuci\u00f3n de obras de mejoramientos de la sede en el per\u00edodo de gesti\u00f3n del Directorio Nacional 2018-2020. No ha habido explicaci\u00f3n sobre esta desafortunada e irrespetuosa acci\u00f3n.<\/li>\n<\/ul>\n<p>&nbsp;<\/p>\n<p>&nbsp;<\/p>\n<ul>\n<li>Participaci\u00f3n en la gesti\u00f3n y ejecuci\u00f3n del Memorial en homenaje a los Arquitectos acad\u00e9micos detenidos desaparecidos Francisco Aedo, Carlos Gajardo y Yactong Juantok, en la Facultad de Arquitectura y Urbanismo Universidad de Valpara\u00edso, inaugurado el 2006.<\/li>\n<\/ul>\n<p>&nbsp;<\/p>\n<ul>\n<li>Participaci\u00f3n en la inauguraci\u00f3n de Memorial en Huechuraba (2009), dise\u00f1ado por la colega Consuelo N\u00fa\u00f1ez Lannefranque, arquitecta funcionaria de la Municipalidad de Huechuraba.<\/li>\n<li>Declaraci\u00f3n p\u00fablica (septiembre 2015) y carta de apoyo a Alcaldesa de Providencia por el proyecto de Memorial en Homenaje a Jos\u00e9 Manuel Parada, Manuel Guerrero y Santiago Nattino; en Av. Los Leones con El Vergel (ex frontis del Colegio Latinoamericano). Participaci\u00f3n del comit\u00e9 en reuni\u00f3n convocada por la Alcaldesa, con distintas organizaciones sociales y personas vinculadas a la defensa de los derechos humanos, para pedir apoyo al proyecto impulsado por la organizaci\u00f3n Ciudad Elefante. Fue inaugurado el 30 de marzo de 2016.<\/li>\n<\/ul>\n<p>&nbsp;<\/p>\n<ul>\n<li>Apoyo del Comit\u00e9 a los arquitectos Emilio Mar\u00edn y Nicol\u00e1s Norero, autores del monumento p\u00fablico \u201cMujeres en la Memoria\u201d, ubicado en la explanada sobre la estaci\u00f3n de Metro Los H\u00e9roes (2006). Colaboraci\u00f3n en las gestiones para su recuperaci\u00f3n, con el Comit\u00e9 Pro-Monumento a las Mujeres V\u00edctimas de la Represi\u00f3n. Corporaci\u00f3n Memorial Escuela de Econom\u00eda de la U. de Chile (2017).<\/li>\n<\/ul>\n<p>&nbsp;<\/p>\n<ul>\n<li>Foro de Derechos Humanos \u201cDerechos Urbanos: Ciudades para Ciudadanos\u201d. Presentaci\u00f3n del Comit\u00e9 y varios invitados. XVIII Bienal de Arquitectura, Estaci\u00f3n Mapocho (2012).<\/li>\n<\/ul>\n<p>&nbsp;<\/p>\n<ul>\n<li>Participaci\u00f3n en \u00abSeminario Internacional Espacio y Violencia Pol\u00edtica\u00bb, en Museo de la Memoria y los Derechos Humanos (diciembre 2015), organizado por Foro Urbano, con especialistas chilenos, de Alemania, Italia, Estados Unidos y Colombia; para debatir la relaci\u00f3n entre lugares, sitios y territorio e identidades y violencia pol\u00edtica.<\/li>\n<\/ul>\n<p>&nbsp;<\/p>\n<ul>\n<li>Foro sobre \u201cDerechos Urbanos y Memoria\u201d en XX Bienal de Arquitectura, Parque Cultural de Valpara\u00edso (2017).<\/li>\n<\/ul>\n<p>&nbsp;<\/p>\n<ul>\n<li>Gesti\u00f3n y apoyo de Titulaciones P\u00f3stumas en Universidad de Chile y Universidad de Valpara\u00edso:<\/li>\n<\/ul>\n<p>&nbsp;<\/p>\n<p>En la Universidad de Valpara\u00edso; Ceremonia de Titulaci\u00f3n P\u00f3stuma en la Escuela de Arquitectura (septiembre 2016), en la cual el Rector Aldo Valle entreg\u00f3 t\u00edtulos p\u00f3stumos a Yactong Juantok y Carlos Gajardo. El Comit\u00e9 particip\u00f3 en la ceremonia y en la organizaci\u00f3n de la misma.<\/p>\n<p>&nbsp;<\/p>\n<p>En la Universidad de Chile; gesti\u00f3n de titulaciones p\u00f3stumas y donaci\u00f3n de un ejemplar del libro \u201cOcho Arquitectos en la Memoria\u201d, por las presidenta y vicepresidenta del comit\u00e9 con la Vicerrectora de Extensi\u00f3n y Comunicaciones Faride Zeran (enero 2017). La Vicerrector\u00eda realiz\u00f3 la Ceremonia de Titulaci\u00f3n P\u00f3stuma de estudiantes y\/o egresados de diferentes carreras detenidos desaparecidos, entre ellos: Luis Alberto Guendelman, Mario Pe\u00f1a, Patricio Manzano y Carlos Salcedo; en abril de 2018.<\/p>\n<p>&nbsp;<\/p>\n<p>El Comit\u00e9 mantiene comunicaci\u00f3n permanente con la Coordinadora Ejecutiva de la C\u00e1tedra de Derechos Humanos de la Vicerrector\u00eda de Extensi\u00f3n y Comunicaciones de la Universidad de Chile.<\/p>\n<p>&nbsp;<\/p>\n<ul>\n<li>Gesti\u00f3n de Colegiaturas P\u00f3stumas en el Colegio de Arquitectos, de arquitectos detenidos desaparecidos con t\u00edtulo p\u00f3stumo. Se realizaron dos ceremonias de Colegiatura p\u00f3stuma: en enero 2017 a Carlos Gajardo y Yactong Juantok; en enero de 2019 a Luis Guendelman, Mario Pe\u00f1a, Patricio Manzano y Carlos Salcedo.<\/li>\n<\/ul>\n<p>&nbsp;<\/p>\n<ul>\n<li>Participaci\u00f3n en la ceremonia de Inauguraci\u00f3n del a\u00f1o acad\u00e9mico 2017 en la Universidad de Valpara\u00edso, presidida por el rector Aldo Valle, en la cual se otorg\u00f3 de manera p\u00f3stuma la Medalla Universidad de Valpara\u00edso a Francisco Aedo Carrasco, acad\u00e9mico de la Facultad de Arquitectura, detenido desaparecido; recibiendo la distinci\u00f3n en su representaci\u00f3n su hija Paulina Aedo.<\/li>\n<\/ul>\n<p>&nbsp;<\/p>\n<ul>\n<li>Conmemoraci\u00f3n del D\u00eda Internacional de la Mujer, 8 de marzo, con un encuentro y almuerzo anual en la sede del CA, en el cual se rinde homenaje a mujeres destacadas en el \u00e1mbito de los derechos humanos y derechos de la mujer, con Invitadas especiales.<\/li>\n<\/ul>\n<p>&nbsp;<\/p>\n<ul>\n<li>Actividades relacionadas con los derechos de la mujer; entre \u00e9stas el Colectivo de Arquitectas Chilenas, fundada en conjunto con otras colegas (2007). Organizaci\u00f3n de acto en la sede del CA por el D\u00eda Internacional de la Eliminaci\u00f3n de la Violencia con la Mujer (25 de noviembre), en el cual se rindi\u00f3 homenaje a las arquitectas \u00c1ngela Schweitzer, Myriam Waisberg y Johanna Zeppelin.<\/li>\n<\/ul>\n<p>&nbsp;<\/p>\n<ul>\n<li>Actividades realizadas en la sede del CA, en conjunto con el Comit\u00e9 de Acci\u00f3n Gremial; encuentros musicales con Max Berr\u00fa y otros m\u00fasicos, Tango Bar, etc. (2008).<\/li>\n<\/ul>\n<p>&nbsp;<\/p>\n<h4>OBJETIVOS<\/h4>\n<hr \/>\n<h5>OBJETIVO GENERAL<\/h5>\n<p>&nbsp;<\/p>\n<p>Relevar dentro del gremio la importancia del respeto a los derechos humanos y ciudadanos de las personas en tanto habitantes del Espacio Urbano, en el \u00e1mbito del Derecho a la Ciudad y al Territorio, y asumir el rol fundamental que nos compete como arquitectas y arquitectos en la creaci\u00f3n y defensa de un medio ambiente y h\u00e1bitat digno.<\/p>\n<p>Conjuntamente defender y promover los Derechos Humanos de Arquitectas y Arquitectos con la presencia permanente del comit\u00e9 en el quehacer del colegio, a trav\u00e9s de diversas iniciativas, tanto de difusi\u00f3n como de defensa de sus derechos, y en la realizaci\u00f3n de actividades en memoria de nuestros colegas v\u00edctimas de violaciones a los derechos humanos. A la vez que exigir como Colegio al Estado Chileno, la garant\u00eda de los derechos civiles y pol\u00edticos establecidos en la Constituci\u00f3n, como tambi\u00e9n proponer aquellos derechos no considerados en \u00e9sta y que debieran ser parte fundamental de la NUEVA CONSTITUCI\u00d3N, respaldados por los Tratados Internacionales y gran parte suscritos por Chile.<\/p>\n<p>&nbsp;<\/p>\n<h5>OBJETIVOS ESPEC\u00cdFICOS<\/h5>\n<p>Velar por la permanencia del Cuadro Memorial en homenaje a los colegas detenidos desaparecidos y\/o ejecutados en la sede del Colegio del Colegio de Arquitectos.<\/p>\n<p>Abordar desde el \u00e1mbito de los derechos humanos y ciudadanos, el estudio de los conflictos en la ciudad que afectan al individuo y a la comunidad.<\/p>\n<p>Proponer orientaciones al colegio sobre temas relacionados con los Derechos Humanos y Ciudadanos en temas de conflicto o en apoyo a otros Comit\u00e9s.<\/p>\n<p>Colaborar con colegas y otros profesionales dedicados al tema de la memoria, en publicaciones, dise\u00f1o de memoriales, dise\u00f1o de \u201crutas de la memoria\u201d, obras art\u00edsticas y otros que preserven la Memoria Colectiva con relaci\u00f3n a los Derechos Humanos.<\/p>\n<p>Difundir y profundizar la Carta de los Derechos Urbanos elaborada por nuestro Comit\u00e9.<\/p>\n<p>Realizar actividades peri\u00f3dicas de difusi\u00f3n del libro \u201cOcho Arquitectos en la Memoria\u201d, manteniendo viva la memoria de los arquitectos detenidos desaparecidos, v\u00edctimas de la dictadura c\u00edvico \u2013 militar instaurada en 1973.<\/p>\n<p>Participar en actividades con otros organismos de Derechos Humanos en el pa\u00eds, en especial con la Asociaci\u00f3n Nacional de Colegios Profesionales y otras asociaciones gremiales, y establecer v\u00ednculos de amistad y colaboraci\u00f3n con organismos similares de otros pa\u00edses.<\/p>\n<p>&nbsp;<\/p>\n<h4>MESA DIRECTIVA VIGENTE<\/h4>\n<hr \/>\n<p><strong>Presidenta<\/strong><\/p>\n<p><strong>Viviana Teuche Vega \/ ICA N\u00b0 4122<\/strong><\/p>\n<p>Arquitecta Universidad de Chile sede Valpara\u00edso.<\/p>\n<p>Profesional Arquitecta de planta en la Municipalidad de Huechuraba (1993-2015) en Secretar\u00eda Comunal de Planificaci\u00f3n (SECPLAN) y Direcci\u00f3n de Obras Municipales (DOM).<\/p>\n<p>Participaci\u00f3n en cursos, talleres, seminarios, diplomados y otros relacionados con actividad profesional en SECPLAN y DOM.<\/p>\n<p>Actividad profesional independiente desde 1973 (consultor\u00edas, estudios, tasaciones, otros).<\/p>\n<p>Perito Judicial Arquitecto Tasador y Arquitectura (2018-2022) en Corte de Apelaciones de Santiago, San Miguel y Valpara\u00edso.<\/p>\n<p>Coautora del libro \u201cLa Vivienda derecho, arquitectura y calidad de vida\u201d, con Arquitecto Jos\u00e9 F\u00e9lix Vidal (2010).<\/p>\n<p>&nbsp;<\/p>\n<p>Actividad gremial: Asociada Colegio de Arquitectos de Chile ICA 4122.<\/p>\n<p>Presidenta del Comit\u00e9 de Derechos Humanos y Ciudadanos (segundo per\u00edodo).<\/p>\n<p>Vicepresidenta del Comit\u00e9 de Derechos Humanos y Ciudadanos (2004-2017).<\/p>\n<p>Integrante fundadora del Comit\u00e9 de G\u00e9nero (2020).<\/p>\n<p>Integrante fundadora del Comit\u00e9 de Acci\u00f3n Gremial (2019).<\/p>\n<p>Integrante Comit\u00e9 de Gesti\u00f3n Profesional (1999-2003).<\/p>\n<p>Coautora del libro \u201cOcho Arquitectos en la Memoria\u201d &#8211; Comit\u00e9 de Derechos Humanos y Ciudadanos Colegio de Arquitectos de Chile, 2005.<\/p>\n<p>Gesti\u00f3n Memorial Acad\u00e9micos Detenidos Desparecidos en Escuela de Arquitectura U. de Valpara\u00edso (2003).<\/p>\n<p>&nbsp;<\/p>\n<p><strong>Vicepresidenta<\/strong><\/p>\n<p><strong>Patricia Henr\u00edquez Orellana \/ ICA N\u00b0 4332<\/strong><\/p>\n<p>Arquitecta y Magister en Urbanismo, Universidad de Chile.<\/p>\n<p>Profesora Asistente, docente del Departamento de Urbanismo, Escuela de postgrado. FAU U. de Chile.<\/p>\n<p>Arquitecta funcionaria del Ministerio de Obras P\u00fablicas.<\/p>\n<p>Especialidad: Urbanismo, Planificaci\u00f3n y Dise\u00f1o Urbano, Derecho a la Ciudad, Movilidad y Transporte.<\/p>\n<p>&nbsp;<\/p>\n<p>Actividad gremial: Asociada Colegio de Arquitectos de Chile ICA 4332.<\/p>\n<p>Vicepresidenta del Comit\u00e9 de Derechos Humanos y Ciudadanos (segundo per\u00edodo).<\/p>\n<p>Integrante fundadora del Comit\u00e9 de G\u00e9nero (2020).<\/p>\n<p>Integrante fundadora del Comit\u00e9 de Acci\u00f3n Gremial (2019)<\/p>\n<p>Coautora del libro \u201cOcho Arquitectos en la Memoria\u201d &#8211; Comit\u00e9 de Derechos Humanos y Ciudadanos Colegio de Arquitectos de Chile, 2005.<\/p>\n<p>&nbsp;<\/p>\n<p><strong>Secretaria<\/strong><\/p>\n<p><strong>Gloria Hidalgo B\u00e9as \/ ICA N\u00b05034<\/strong><\/p>\n<p>Arquitecta Universidad de Chile,<\/p>\n<p>Arquitecta de la Direcci\u00f3n de Obras Municipales de Santiago. Oficina Dise\u00f1o Urbano.<\/p>\n<p>Arquitecta funcionaria en la Direcci\u00f3n de Obras Municipales de Macul.<\/p>\n<p>Arquitecta funcionaria en la Direcci\u00f3n de Obras Municipales de Vitacura.<\/p>\n<p>Arquitecta funcionaria en la Direcci\u00f3n de Obras Municipales de Lo Barnechea.<\/p>\n<p>Revisora y asesora de Jardines Infantiles en la Direcci\u00f3n Regional de Junta Nacional de Jardines Infantiles JUNJI R.M.<\/p>\n<p>Arquitecta funcionaria de la Direcci\u00f3n de Arquitectura R.M. MOP, cargo Inspectora fiscal de Dise\u00f1o y Obras. Encargada de Patrimonio Arquitect\u00f3nico, Gesti\u00f3n Ambiental Territorial y Participaci\u00f3n Ciudadana.<\/p>\n<p>&nbsp;<\/p>\n<p>Actividad gremial: Asociada Colegio de Arquitectos de Chile ICA 5034.<\/p>\n<p>Secretaria del Comit\u00e9 de Derechos Humanos y Ciudadanos (segundo per\u00edodo).<\/p>\n<p>Integrante fundadora del Comit\u00e9 de G\u00e9nero (2020).<\/p>\n<p>Integrante Comit\u00e9 Acci\u00f3n Gremial.<\/p>\n<p>&nbsp;<\/p>\n<h4><strong>REDES SOCIALES OFICIALES ACTIVAS<\/strong><\/h4>\n<hr \/>\n<p>El comit\u00e9 no mantiene por el momento redes sociales oficiales activas.<\/p>\n<p>&nbsp;<\/p>\n<p><a href=\"mailto:ddhh@colegioarquitectos.com\">ddhh@colegioarquitectos.com<\/a><\/p>\n<p><\/p>","protected":false},"excerpt":{"rendered":"<p>DESCRIPCI\u00d3N \u00d3RGANO ASESOR El Comit\u00e9 de Derechos Humanos y Ciudadanos existe desde 1986. Ha estado presidido por las arquitectas: Ana Mar\u00eda Barrenechea Gr\u00fcnenwald (1986-2004), Mar\u00eda Cecilia Dinamarca Silva (2004-2015), Alicia Alarc\u00f3n Ram\u00edrez (2015-2017) y Viviana Teuche Vega (2017- a la &hellip; <a class=\"more-link\" href=\"https:\/\/colegioarquitectos.com\/noticias\/?page_id=11920\">ver m\u00e1s<\/a><\/p>","protected":false},"author":4,"featured_media":0,"parent":4841,"menu_order":0,"comment_status":"closed","ping_status":"closed","template":"pages\/fullwidth.php","meta":{"footnotes":""},"class_list":["post-11920","page","type-page","status-publish","hentry"],"yoast_head":"<!-- This site is optimized with the Yoast SEO plugin v24.2 - https:\/\/yoast.com\/wordpress\/plugins\/seo\/ -->\n<title>COMIT\u00c9 DE DERECHOS HUMANOS Y CIUDADANOS - COLEGIO DE ARQUITECTOS DE CHILE<\/title>\n<meta name=\"robots\" content=\"index, follow, max-snippet:-1, max-image-preview:large, max-video-preview:-1\" \/>\n<link rel=\"canonical\" href=\"https:\/\/colegioarquitectos.com\/noticias\/?page_id=11920\" \/>\n<meta property=\"og:locale\" content=\"es_ES\" \/>\n<meta property=\"og:type\" content=\"article\" \/>\n<meta property=\"og:title\" content=\"COMIT\u00c9 DE DERECHOS HUMANOS Y CIUDADANOS - COLEGIO DE ARQUITECTOS DE CHILE\" \/>\n<meta property=\"og:description\" content=\"DESCRIPCI\u00d3N \u00d3RGANO ASESOR El Comit\u00e9 de Derechos Humanos y Ciudadanos existe desde 1986. Ha estado presidido por las arquitectas: Ana Mar\u00eda Barrenechea Gr\u00fcnenwald (1986-2004), Mar\u00eda Cecilia Dinamarca Silva (2004-2015), Alicia Alarc\u00f3n Ram\u00edrez (2015-2017) y Viviana Teuche Vega (2017- a la &hellip; ver m\u00e1s\" \/>\n<meta property=\"og:url\" content=\"https:\/\/colegioarquitectos.com\/noticias\/?page_id=11920\" \/>\n<meta property=\"og:site_name\" content=\"COLEGIO DE ARQUITECTOS DE CHILE\" \/>\n<meta property=\"article:publisher\" content=\"https:\/\/facebook.com\/Colegioarq\/\" \/>\n<meta property=\"article:modified_time\" content=\"2023-03-13T18:18:24+00:00\" \/>\n<meta name=\"twitter:card\" content=\"summary_large_image\" \/>\n<meta name=\"twitter:site\" content=\"@colegioarq\" \/>\n<meta name=\"twitter:label1\" content=\"Tiempo de lectura\" \/>\n\t<meta name=\"twitter:data1\" content=\"11 minutos\" \/>\n<script type=\"application\/ld+json\" class=\"yoast-schema-graph\">{\"@context\":\"https:\/\/schema.org\",\"@graph\":[{\"@type\":\"WebPage\",\"@id\":\"https:\/\/colegioarquitectos.com\/noticias\/?page_id=11920\",\"url\":\"https:\/\/colegioarquitectos.com\/noticias\/?page_id=11920\",\"name\":\"COMIT\u00c9 DE DERECHOS HUMANOS Y CIUDADANOS - COLEGIO DE ARQUITECTOS DE CHILE\",\"isPartOf\":{\"@id\":\"https:\/\/colegioarquitectos.com\/noticias\/#website\"},\"datePublished\":\"2016-03-30T19:17:36+00:00\",\"dateModified\":\"2023-03-13T18:18:24+00:00\",\"breadcrumb\":{\"@id\":\"https:\/\/colegioarquitectos.com\/noticias\/?page_id=11920#breadcrumb\"},\"inLanguage\":\"es\",\"potentialAction\":[{\"@type\":\"ReadAction\",\"target\":[\"https:\/\/colegioarquitectos.com\/noticias\/?page_id=11920\"]}]},{\"@type\":\"BreadcrumbList\",\"@id\":\"https:\/\/colegioarquitectos.com\/noticias\/?page_id=11920#breadcrumb\",\"itemListElement\":[{\"@type\":\"ListItem\",\"position\":1,\"name\":\"Portada\",\"item\":\"https:\/\/colegioarquitectos.com\/noticias\"},{\"@type\":\"ListItem\",\"position\":2,\"name\":\"RNA: Plataforma de consulta de colegiados y colegiadas\",\"item\":\"https:\/\/colegioarquitectos.com\/noticias\/?page_id=4841\"},{\"@type\":\"ListItem\",\"position\":3,\"name\":\"COMIT\u00c9 DE DERECHOS HUMANOS Y CIUDADANOS\"}]},{\"@type\":\"WebSite\",\"@id\":\"https:\/\/colegioarquitectos.com\/noticias\/#website\",\"url\":\"https:\/\/colegioarquitectos.com\/noticias\/\",\"name\":\"COLEGIO DE ARQUITECTOS DE CHILE\",\"description\":\"\",\"publisher\":{\"@id\":\"https:\/\/colegioarquitectos.com\/noticias\/#organization\"},\"potentialAction\":[{\"@type\":\"SearchAction\",\"target\":{\"@type\":\"EntryPoint\",\"urlTemplate\":\"https:\/\/colegioarquitectos.com\/noticias\/?s={search_term_string}\"},\"query-input\":{\"@type\":\"PropertyValueSpecification\",\"valueRequired\":true,\"valueName\":\"search_term_string\"}}],\"inLanguage\":\"es\"},{\"@type\":\"Organization\",\"@id\":\"https:\/\/colegioarquitectos.com\/noticias\/#organization\",\"name\":\"COLEGIO DE ARQUITECTOS DE CHILE\",\"url\":\"https:\/\/colegioarquitectos.com\/noticias\/\",\"logo\":{\"@type\":\"ImageObject\",\"inLanguage\":\"es\",\"@id\":\"https:\/\/colegioarquitectos.com\/noticias\/#\/schema\/logo\/image\/\",\"url\":\"https:\/\/colegioarquitectos.com\/noticias\/wp-content\/uploads\/2021\/05\/ENCABEZADO-LOGO-CA.jpg\",\"contentUrl\":\"https:\/\/colegioarquitectos.com\/noticias\/wp-content\/uploads\/2021\/05\/ENCABEZADO-LOGO-CA.jpg\",\"width\":690,\"height\":350,\"caption\":\"COLEGIO DE ARQUITECTOS DE CHILE\"},\"image\":{\"@id\":\"https:\/\/colegioarquitectos.com\/noticias\/#\/schema\/logo\/image\/\"},\"sameAs\":[\"https:\/\/facebook.com\/Colegioarq\/\",\"https:\/\/x.com\/colegioarq\",\"https:\/\/instagram.com\/colegioarq\",\"https:\/\/youtube.com\/@ColegiodeArquitectosdeChile\"]}]}<\/script>\n<!-- \/ Yoast SEO plugin. -->","yoast_head_json":{"title":"COMIT\u00c9 DE DERECHOS HUMANOS Y CIUDADANOS - COLEGIO DE ARQUITECTOS DE CHILE","robots":{"index":"index","follow":"follow","max-snippet":"max-snippet:-1","max-image-preview":"max-image-preview:large","max-video-preview":"max-video-preview:-1"},"canonical":"https:\/\/colegioarquitectos.com\/noticias\/?page_id=11920","og_locale":"es_ES","og_type":"article","og_title":"COMIT\u00c9 DE DERECHOS HUMANOS Y CIUDADANOS - COLEGIO DE ARQUITECTOS DE CHILE","og_description":"DESCRIPCI\u00d3N \u00d3RGANO ASESOR El Comit\u00e9 de Derechos Humanos y Ciudadanos existe desde 1986. Ha estado presidido por las arquitectas: Ana Mar\u00eda Barrenechea Gr\u00fcnenwald (1986-2004), Mar\u00eda Cecilia Dinamarca Silva (2004-2015), Alicia Alarc\u00f3n Ram\u00edrez (2015-2017) y Viviana Teuche Vega (2017- a la &hellip; ver m\u00e1s","og_url":"https:\/\/colegioarquitectos.com\/noticias\/?page_id=11920","og_site_name":"COLEGIO DE ARQUITECTOS DE CHILE","article_publisher":"https:\/\/facebook.com\/Colegioarq\/","article_modified_time":"2023-03-13T18:18:24+00:00","twitter_card":"summary_large_image","twitter_site":"@colegioarq","twitter_misc":{"Tiempo de lectura":"11 minutos"},"schema":{"@context":"https:\/\/schema.org","@graph":[{"@type":"WebPage","@id":"https:\/\/colegioarquitectos.com\/noticias\/?page_id=11920","url":"https:\/\/colegioarquitectos.com\/noticias\/?page_id=11920","name":"COMIT\u00c9 DE DERECHOS HUMANOS Y CIUDADANOS - COLEGIO DE ARQUITECTOS DE CHILE","isPartOf":{"@id":"https:\/\/colegioarquitectos.com\/noticias\/#website"},"datePublished":"2016-03-30T19:17:36+00:00","dateModified":"2023-03-13T18:18:24+00:00","breadcrumb":{"@id":"https:\/\/colegioarquitectos.com\/noticias\/?page_id=11920#breadcrumb"},"inLanguage":"es","potentialAction":[{"@type":"ReadAction","target":["https:\/\/colegioarquitectos.com\/noticias\/?page_id=11920"]}]},{"@type":"BreadcrumbList","@id":"https:\/\/colegioarquitectos.com\/noticias\/?page_id=11920#breadcrumb","itemListElement":[{"@type":"ListItem","position":1,"name":"Portada","item":"https:\/\/colegioarquitectos.com\/noticias"},{"@type":"ListItem","position":2,"name":"RNA: Plataforma de consulta de colegiados y colegiadas","item":"https:\/\/colegioarquitectos.com\/noticias\/?page_id=4841"},{"@type":"ListItem","position":3,"name":"COMIT\u00c9 DE DERECHOS HUMANOS Y CIUDADANOS"}]},{"@type":"WebSite","@id":"https:\/\/colegioarquitectos.com\/noticias\/#website","url":"https:\/\/colegioarquitectos.com\/noticias\/","name":"COLEGIO DE ARQUITECTOS DE CHILE","description":"","publisher":{"@id":"https:\/\/colegioarquitectos.com\/noticias\/#organization"},"potentialAction":[{"@type":"SearchAction","target":{"@type":"EntryPoint","urlTemplate":"https:\/\/colegioarquitectos.com\/noticias\/?s={search_term_string}"},"query-input":{"@type":"PropertyValueSpecification","valueRequired":true,"valueName":"search_term_string"}}],"inLanguage":"es"},{"@type":"Organization","@id":"https:\/\/colegioarquitectos.com\/noticias\/#organization","name":"COLEGIO DE ARQUITECTOS DE CHILE","url":"https:\/\/colegioarquitectos.com\/noticias\/","logo":{"@type":"ImageObject","inLanguage":"es","@id":"https:\/\/colegioarquitectos.com\/noticias\/#\/schema\/logo\/image\/","url":"https:\/\/colegioarquitectos.com\/noticias\/wp-content\/uploads\/2021\/05\/ENCABEZADO-LOGO-CA.jpg","contentUrl":"https:\/\/colegioarquitectos.com\/noticias\/wp-content\/uploads\/2021\/05\/ENCABEZADO-LOGO-CA.jpg","width":690,"height":350,"caption":"COLEGIO DE ARQUITECTOS DE CHILE"},"image":{"@id":"https:\/\/colegioarquitectos.com\/noticias\/#\/schema\/logo\/image\/"},"sameAs":["https:\/\/facebook.com\/Colegioarq\/","https:\/\/x.com\/colegioarq","https:\/\/instagram.com\/colegioarq","https:\/\/youtube.com\/@ColegiodeArquitectosdeChile"]}]}},"_links":{"self":[{"href":"https:\/\/colegioarquitectos.com\/noticias\/index.php?rest_route=\/wp\/v2\/pages\/11920","targetHints":{"allow":["GET"]}}],"collection":[{"href":"https:\/\/colegioarquitectos.com\/noticias\/index.php?rest_route=\/wp\/v2\/pages"}],"about":[{"href":"https:\/\/colegioarquitectos.com\/noticias\/index.php?rest_route=\/wp\/v2\/types\/page"}],"author":[{"embeddable":true,"href":"https:\/\/colegioarquitectos.com\/noticias\/index.php?rest_route=\/wp\/v2\/users\/4"}],"replies":[{"embeddable":true,"href":"https:\/\/colegioarquitectos.com\/noticias\/index.php?rest_route=%2Fwp%2Fv2%2Fcomments&post=11920"}],"version-history":[{"count":0,"href":"https:\/\/colegioarquitectos.com\/noticias\/index.php?rest_route=\/wp\/v2\/pages\/11920\/revisions"}],"up":[{"embeddable":true,"href":"https:\/\/colegioarquitectos.com\/noticias\/index.php?rest_route=\/wp\/v2\/pages\/4841"}],"wp:attachment":[{"href":"https:\/\/colegioarquitectos.com\/noticias\/index.php?rest_route=%2Fwp%2Fv2%2Fmedia&parent=11920"}],"curies":[{"name":"wp","href":"https:\/\/api.w.org\/{rel}","templated":true}]}}