
{"id":11922,"date":"2016-03-30T19:20:14","date_gmt":"2016-03-30T19:20:14","guid":{"rendered":"http:\/\/colegioarquitectos.com\/?page_id=11922"},"modified":"2023-10-06T09:43:06","modified_gmt":"2023-10-06T13:43:06","slug":"comite-de-desarrollo-urbano","status":"publish","type":"page","link":"https:\/\/colegioarquitectos.com\/noticias\/?page_id=11922","title":{"rendered":"COMIT\u00c9 DE DESARROLLO URBANO"},"content":{"rendered":"<p>&nbsp;<\/p>\n<h4>DESCRIPCI\u00d3N \u00d3RGANO ASESOR<\/h4>\n<hr \/>\n<p>El Comit\u00e9 de Desarrollo Urbano tiene como objetivos superiores el bien com\u00fan, la equidad y una concepci\u00f3n democr\u00e1tica y participativa, a los cuales deber\u00e1n ajustarse todas las otras finalidades del derecho, como el de propiedad y libertad econ\u00f3mica, entre otros. El bien com\u00fan, entendido como el derecho que obra en servicio del total de la comunidad humana, as\u00ed como de cada uno de sus integrantes, para alcanzar una adecuada formaci\u00f3n, realizaci\u00f3n y calidad de vida, incluyendo el disfrute de los beneficios que de ello se deriven. Equidad urbana y ordenamiento territorial, son materias de nuestro trabajo.<\/p>\n<p>Estos conceptos son esenciales para lograr el desarrollo integral, equitativo y sustentable, por lo que deben ser preocupaci\u00f3n preferente de cada uno de los ciudadanos que habiten Chile y en especial del Estado, que es la autoridad que los representa. El Comit\u00e9 de Desarrollo Urbano, a trav\u00e9s de sus colegiados, insta a todos los arquitectos, especialistas en urbanismo o ciudadanos comprometidos con el desarrollo equilibrado de nuestras ciudades, a participar y colaborar en esta labor.<\/p>\n<p>&nbsp;<\/p>\n<h4>MESA DIRECTIVA VIGENTE<\/h4>\n<hr \/>\n<p>&nbsp;<\/p>\n<p><strong>Presidente<\/strong><\/p>\n<p>Enrique Venegas Flores<\/p>\n<p>&nbsp;<\/p>\n<p><strong>Vicepresidente<\/strong><\/p>\n<p>Germ\u00e1n Contreras Mu\u00f1oz<\/p>\n<p>&nbsp;<\/p>\n<p><strong>Secretaria Ejecutiva<\/strong><\/p>\n<p>Natalia Monjes Orellana<\/p>\n<p>&nbsp;<\/p>\n<p>&nbsp;<\/p>\n<h4>REDES SOCIALES OFICIALES ACTIVAS<\/h4>\n<hr \/>\n<p>Twitter:\u00a0@comitedut<\/p>\n<p>Instagram:\u00a0@cdu_ca<\/p>\n<p><a href=\"mailto:cdu@colegioarquitectos.com\">cdu@colegioarquitectos.com<\/a><\/p>\n<p>&nbsp;<\/p>\n<p><\/p>","protected":false},"excerpt":{"rendered":"<p>&nbsp; DESCRIPCI\u00d3N \u00d3RGANO ASESOR El Comit\u00e9 de Desarrollo Urbano tiene como objetivos superiores el bien com\u00fan, la equidad y una concepci\u00f3n democr\u00e1tica y participativa, a los cuales deber\u00e1n ajustarse todas las otras finalidades del derecho, como el de propiedad y &hellip; <a class=\"more-link\" href=\"https:\/\/colegioarquitectos.com\/noticias\/?page_id=11922\">ver m\u00e1s<\/a><\/p>","protected":false},"author":4,"featured_media":0,"parent":4841,"menu_order":0,"comment_status":"closed","ping_status":"closed","template":"pages\/fullwidth.php","meta":{"footnotes":""},"class_list":["post-11922","page","type-page","status-publish","hentry"],"yoast_head":"<!-- This site is optimized with the Yoast SEO plugin v24.2 - https:\/\/yoast.com\/wordpress\/plugins\/seo\/ -->\n<title>COMIT\u00c9 DE DESARROLLO URBANO - COLEGIO DE ARQUITECTOS DE CHILE<\/title>\n<meta name=\"robots\" content=\"index, follow, max-snippet:-1, max-image-preview:large, max-video-preview:-1\" \/>\n<link rel=\"canonical\" href=\"https:\/\/colegioarquitectos.com\/noticias\/?page_id=11922\" \/>\n<meta property=\"og:locale\" content=\"es_ES\" \/>\n<meta property=\"og:type\" content=\"article\" \/>\n<meta property=\"og:title\" content=\"COMIT\u00c9 DE DESARROLLO URBANO - COLEGIO DE ARQUITECTOS DE CHILE\" \/>\n<meta property=\"og:description\" content=\"&nbsp; DESCRIPCI\u00d3N \u00d3RGANO ASESOR El Comit\u00e9 de Desarrollo Urbano tiene como objetivos superiores el bien com\u00fan, la equidad y una concepci\u00f3n democr\u00e1tica y participativa, a los cuales deber\u00e1n ajustarse todas las otras finalidades del derecho, como el de propiedad y &hellip; ver m\u00e1s\" \/>\n<meta property=\"og:url\" content=\"https:\/\/colegioarquitectos.com\/noticias\/?page_id=11922\" \/>\n<meta property=\"og:site_name\" content=\"COLEGIO DE ARQUITECTOS DE CHILE\" \/>\n<meta property=\"article:publisher\" content=\"https:\/\/facebook.com\/Colegioarq\/\" \/>\n<meta property=\"article:modified_time\" content=\"2023-10-06T13:43:06+00:00\" \/>\n<meta name=\"twitter:card\" content=\"summary_large_image\" \/>\n<meta name=\"twitter:site\" content=\"@colegioarq\" \/>\n<meta name=\"twitter:label1\" content=\"Tiempo de lectura\" \/>\n\t<meta name=\"twitter:data1\" content=\"1 minuto\" \/>\n<script type=\"application\/ld+json\" class=\"yoast-schema-graph\">{\"@context\":\"https:\/\/schema.org\",\"@graph\":[{\"@type\":\"WebPage\",\"@id\":\"https:\/\/colegioarquitectos.com\/noticias\/?page_id=11922\",\"url\":\"https:\/\/colegioarquitectos.com\/noticias\/?page_id=11922\",\"name\":\"COMIT\u00c9 DE DESARROLLO URBANO - COLEGIO DE ARQUITECTOS DE CHILE\",\"isPartOf\":{\"@id\":\"https:\/\/colegioarquitectos.com\/noticias\/#website\"},\"datePublished\":\"2016-03-30T19:20:14+00:00\",\"dateModified\":\"2023-10-06T13:43:06+00:00\",\"breadcrumb\":{\"@id\":\"https:\/\/colegioarquitectos.com\/noticias\/?page_id=11922#breadcrumb\"},\"inLanguage\":\"es\",\"potentialAction\":[{\"@type\":\"ReadAction\",\"target\":[\"https:\/\/colegioarquitectos.com\/noticias\/?page_id=11922\"]}]},{\"@type\":\"BreadcrumbList\",\"@id\":\"https:\/\/colegioarquitectos.com\/noticias\/?page_id=11922#breadcrumb\",\"itemListElement\":[{\"@type\":\"ListItem\",\"position\":1,\"name\":\"Portada\",\"item\":\"https:\/\/colegioarquitectos.com\/noticias\"},{\"@type\":\"ListItem\",\"position\":2,\"name\":\"RNA: Plataforma de consulta de colegiados y colegiadas\",\"item\":\"https:\/\/colegioarquitectos.com\/noticias\/?page_id=4841\"},{\"@type\":\"ListItem\",\"position\":3,\"name\":\"COMIT\u00c9 DE DESARROLLO URBANO\"}]},{\"@type\":\"WebSite\",\"@id\":\"https:\/\/colegioarquitectos.com\/noticias\/#website\",\"url\":\"https:\/\/colegioarquitectos.com\/noticias\/\",\"name\":\"COLEGIO DE ARQUITECTOS DE CHILE\",\"description\":\"\",\"publisher\":{\"@id\":\"https:\/\/colegioarquitectos.com\/noticias\/#organization\"},\"potentialAction\":[{\"@type\":\"SearchAction\",\"target\":{\"@type\":\"EntryPoint\",\"urlTemplate\":\"https:\/\/colegioarquitectos.com\/noticias\/?s={search_term_string}\"},\"query-input\":{\"@type\":\"PropertyValueSpecification\",\"valueRequired\":true,\"valueName\":\"search_term_string\"}}],\"inLanguage\":\"es\"},{\"@type\":\"Organization\",\"@id\":\"https:\/\/colegioarquitectos.com\/noticias\/#organization\",\"name\":\"COLEGIO DE ARQUITECTOS DE CHILE\",\"url\":\"https:\/\/colegioarquitectos.com\/noticias\/\",\"logo\":{\"@type\":\"ImageObject\",\"inLanguage\":\"es\",\"@id\":\"https:\/\/colegioarquitectos.com\/noticias\/#\/schema\/logo\/image\/\",\"url\":\"https:\/\/colegioarquitectos.com\/noticias\/wp-content\/uploads\/2021\/05\/ENCABEZADO-LOGO-CA.jpg\",\"contentUrl\":\"https:\/\/colegioarquitectos.com\/noticias\/wp-content\/uploads\/2021\/05\/ENCABEZADO-LOGO-CA.jpg\",\"width\":690,\"height\":350,\"caption\":\"COLEGIO DE ARQUITECTOS DE CHILE\"},\"image\":{\"@id\":\"https:\/\/colegioarquitectos.com\/noticias\/#\/schema\/logo\/image\/\"},\"sameAs\":[\"https:\/\/facebook.com\/Colegioarq\/\",\"https:\/\/x.com\/colegioarq\",\"https:\/\/instagram.com\/colegioarq\",\"https:\/\/youtube.com\/@ColegiodeArquitectosdeChile\"]}]}<\/script>\n<!-- \/ Yoast SEO plugin. -->","yoast_head_json":{"title":"COMIT\u00c9 DE DESARROLLO URBANO - COLEGIO DE ARQUITECTOS DE CHILE","robots":{"index":"index","follow":"follow","max-snippet":"max-snippet:-1","max-image-preview":"max-image-preview:large","max-video-preview":"max-video-preview:-1"},"canonical":"https:\/\/colegioarquitectos.com\/noticias\/?page_id=11922","og_locale":"es_ES","og_type":"article","og_title":"COMIT\u00c9 DE DESARROLLO URBANO - COLEGIO DE ARQUITECTOS DE CHILE","og_description":"&nbsp; DESCRIPCI\u00d3N \u00d3RGANO ASESOR El Comit\u00e9 de Desarrollo Urbano tiene como objetivos superiores el bien com\u00fan, la equidad y una concepci\u00f3n democr\u00e1tica y participativa, a los cuales deber\u00e1n ajustarse todas las otras finalidades del derecho, como el de propiedad y &hellip; ver m\u00e1s","og_url":"https:\/\/colegioarquitectos.com\/noticias\/?page_id=11922","og_site_name":"COLEGIO DE ARQUITECTOS DE CHILE","article_publisher":"https:\/\/facebook.com\/Colegioarq\/","article_modified_time":"2023-10-06T13:43:06+00:00","twitter_card":"summary_large_image","twitter_site":"@colegioarq","twitter_misc":{"Tiempo de lectura":"1 minuto"},"schema":{"@context":"https:\/\/schema.org","@graph":[{"@type":"WebPage","@id":"https:\/\/colegioarquitectos.com\/noticias\/?page_id=11922","url":"https:\/\/colegioarquitectos.com\/noticias\/?page_id=11922","name":"COMIT\u00c9 DE DESARROLLO URBANO - COLEGIO DE ARQUITECTOS DE CHILE","isPartOf":{"@id":"https:\/\/colegioarquitectos.com\/noticias\/#website"},"datePublished":"2016-03-30T19:20:14+00:00","dateModified":"2023-10-06T13:43:06+00:00","breadcrumb":{"@id":"https:\/\/colegioarquitectos.com\/noticias\/?page_id=11922#breadcrumb"},"inLanguage":"es","potentialAction":[{"@type":"ReadAction","target":["https:\/\/colegioarquitectos.com\/noticias\/?page_id=11922"]}]},{"@type":"BreadcrumbList","@id":"https:\/\/colegioarquitectos.com\/noticias\/?page_id=11922#breadcrumb","itemListElement":[{"@type":"ListItem","position":1,"name":"Portada","item":"https:\/\/colegioarquitectos.com\/noticias"},{"@type":"ListItem","position":2,"name":"RNA: Plataforma de consulta de colegiados y colegiadas","item":"https:\/\/colegioarquitectos.com\/noticias\/?page_id=4841"},{"@type":"ListItem","position":3,"name":"COMIT\u00c9 DE DESARROLLO URBANO"}]},{"@type":"WebSite","@id":"https:\/\/colegioarquitectos.com\/noticias\/#website","url":"https:\/\/colegioarquitectos.com\/noticias\/","name":"COLEGIO DE ARQUITECTOS DE CHILE","description":"","publisher":{"@id":"https:\/\/colegioarquitectos.com\/noticias\/#organization"},"potentialAction":[{"@type":"SearchAction","target":{"@type":"EntryPoint","urlTemplate":"https:\/\/colegioarquitectos.com\/noticias\/?s={search_term_string}"},"query-input":{"@type":"PropertyValueSpecification","valueRequired":true,"valueName":"search_term_string"}}],"inLanguage":"es"},{"@type":"Organization","@id":"https:\/\/colegioarquitectos.com\/noticias\/#organization","name":"COLEGIO DE ARQUITECTOS DE CHILE","url":"https:\/\/colegioarquitectos.com\/noticias\/","logo":{"@type":"ImageObject","inLanguage":"es","@id":"https:\/\/colegioarquitectos.com\/noticias\/#\/schema\/logo\/image\/","url":"https:\/\/colegioarquitectos.com\/noticias\/wp-content\/uploads\/2021\/05\/ENCABEZADO-LOGO-CA.jpg","contentUrl":"https:\/\/colegioarquitectos.com\/noticias\/wp-content\/uploads\/2021\/05\/ENCABEZADO-LOGO-CA.jpg","width":690,"height":350,"caption":"COLEGIO DE ARQUITECTOS DE CHILE"},"image":{"@id":"https:\/\/colegioarquitectos.com\/noticias\/#\/schema\/logo\/image\/"},"sameAs":["https:\/\/facebook.com\/Colegioarq\/","https:\/\/x.com\/colegioarq","https:\/\/instagram.com\/colegioarq","https:\/\/youtube.com\/@ColegiodeArquitectosdeChile"]}]}},"_links":{"self":[{"href":"https:\/\/colegioarquitectos.com\/noticias\/index.php?rest_route=\/wp\/v2\/pages\/11922","targetHints":{"allow":["GET"]}}],"collection":[{"href":"https:\/\/colegioarquitectos.com\/noticias\/index.php?rest_route=\/wp\/v2\/pages"}],"about":[{"href":"https:\/\/colegioarquitectos.com\/noticias\/index.php?rest_route=\/wp\/v2\/types\/page"}],"author":[{"embeddable":true,"href":"https:\/\/colegioarquitectos.com\/noticias\/index.php?rest_route=\/wp\/v2\/users\/4"}],"replies":[{"embeddable":true,"href":"https:\/\/colegioarquitectos.com\/noticias\/index.php?rest_route=%2Fwp%2Fv2%2Fcomments&post=11922"}],"version-history":[{"count":0,"href":"https:\/\/colegioarquitectos.com\/noticias\/index.php?rest_route=\/wp\/v2\/pages\/11922\/revisions"}],"up":[{"embeddable":true,"href":"https:\/\/colegioarquitectos.com\/noticias\/index.php?rest_route=\/wp\/v2\/pages\/4841"}],"wp:attachment":[{"href":"https:\/\/colegioarquitectos.com\/noticias\/index.php?rest_route=%2Fwp%2Fv2%2Fmedia&parent=11922"}],"curies":[{"name":"wp","href":"https:\/\/api.w.org\/{rel}","templated":true}]}}