
{"id":11928,"date":"2016-03-30T19:27:47","date_gmt":"2016-03-30T19:27:47","guid":{"rendered":"http:\/\/colegioarquitectos.com\/?page_id=11928"},"modified":"2023-03-13T14:20:31","modified_gmt":"2023-03-13T18:20:31","slug":"comite-de-leyes-y-ordenanzas","status":"publish","type":"page","link":"https:\/\/colegioarquitectos.com\/noticias\/?page_id=11928","title":{"rendered":"COMIT\u00c9 DE LEYES, ORDENANZAS Y ARANCELES"},"content":{"rendered":"<p>&nbsp;<\/p>\n<h3><strong>Directiva<\/strong><\/h3>\n<p>Presidenta: Liliana Vergara Flores<\/p>\n<p>Vicepresidente: Guillermo Berm\u00fadez Gallardo<\/p>\n<p>Secretaria: Carmen Gloria Z\u00fa\u00f1iga Dekartzow<\/p>\n<p>&nbsp;<\/p>\n<p><strong>Presentaci\u00f3n o descripci\u00f3n<\/strong><\/p>\n<p>El Comit\u00e9 de Leyes, Ordenanzas y Aranceles del Colegio de Arquitectos de Chile se dedica a generar an\u00e1lisis y proposiciones en materias legales correspondientes al \u00e1mbito de competencia de los arquitectos, en especial la Ley General de Urbanismo y Construcciones, y su Ordenanza.<\/p>\n<p>En esa direcci\u00f3n, nuestro Comit\u00e9 informa consultas de los colegiados y colegiadas y presenta propuestas al Directorio Nacional del Colegio de Arquitectos de Chile y, tambi\u00e9n, directamente al Ministerio de Vivienda y Urbanismo.<\/p>\n<p><\/p>","protected":false},"excerpt":{"rendered":"<p>&nbsp; Directiva Presidenta: Liliana Vergara Flores Vicepresidente: Guillermo Berm\u00fadez Gallardo Secretaria: Carmen Gloria Z\u00fa\u00f1iga Dekartzow &nbsp; Presentaci\u00f3n o descripci\u00f3n El Comit\u00e9 de Leyes, Ordenanzas y Aranceles del Colegio de Arquitectos de Chile se dedica a generar an\u00e1lisis y proposiciones en &hellip; <a class=\"more-link\" href=\"https:\/\/colegioarquitectos.com\/noticias\/?page_id=11928\">ver m\u00e1s<\/a><\/p>","protected":false},"author":4,"featured_media":0,"parent":4841,"menu_order":0,"comment_status":"closed","ping_status":"closed","template":"pages\/fullwidth.php","meta":{"footnotes":""},"class_list":["post-11928","page","type-page","status-publish","hentry"],"yoast_head":"<!-- This site is optimized with the Yoast SEO plugin v24.2 - https:\/\/yoast.com\/wordpress\/plugins\/seo\/ -->\n<title>COMIT\u00c9 DE LEYES, ORDENANZAS Y ARANCELES - COLEGIO DE ARQUITECTOS DE CHILE<\/title>\n<meta name=\"robots\" content=\"index, follow, max-snippet:-1, max-image-preview:large, max-video-preview:-1\" \/>\n<link rel=\"canonical\" href=\"https:\/\/colegioarquitectos.com\/noticias\/?page_id=11928\" \/>\n<meta property=\"og:locale\" content=\"es_ES\" \/>\n<meta property=\"og:type\" content=\"article\" \/>\n<meta property=\"og:title\" content=\"COMIT\u00c9 DE LEYES, ORDENANZAS Y ARANCELES - COLEGIO DE ARQUITECTOS DE CHILE\" \/>\n<meta property=\"og:description\" content=\"&nbsp; Directiva Presidenta: Liliana Vergara Flores Vicepresidente: Guillermo Berm\u00fadez Gallardo Secretaria: Carmen Gloria Z\u00fa\u00f1iga Dekartzow &nbsp; Presentaci\u00f3n o descripci\u00f3n El Comit\u00e9 de Leyes, Ordenanzas y Aranceles del Colegio de Arquitectos de Chile se dedica a generar an\u00e1lisis y proposiciones en &hellip; ver m\u00e1s\" \/>\n<meta property=\"og:url\" content=\"https:\/\/colegioarquitectos.com\/noticias\/?page_id=11928\" \/>\n<meta property=\"og:site_name\" content=\"COLEGIO DE ARQUITECTOS DE CHILE\" \/>\n<meta property=\"article:publisher\" content=\"https:\/\/facebook.com\/Colegioarq\/\" \/>\n<meta property=\"article:modified_time\" content=\"2023-03-13T18:20:31+00:00\" \/>\n<meta name=\"twitter:card\" content=\"summary_large_image\" \/>\n<meta name=\"twitter:site\" content=\"@colegioarq\" \/>\n<meta name=\"twitter:label1\" content=\"Tiempo de lectura\" \/>\n\t<meta name=\"twitter:data1\" content=\"1 minuto\" \/>\n<script type=\"application\/ld+json\" class=\"yoast-schema-graph\">{\"@context\":\"https:\/\/schema.org\",\"@graph\":[{\"@type\":\"WebPage\",\"@id\":\"https:\/\/colegioarquitectos.com\/noticias\/?page_id=11928\",\"url\":\"https:\/\/colegioarquitectos.com\/noticias\/?page_id=11928\",\"name\":\"COMIT\u00c9 DE LEYES, ORDENANZAS Y ARANCELES - COLEGIO DE ARQUITECTOS DE CHILE\",\"isPartOf\":{\"@id\":\"https:\/\/colegioarquitectos.com\/noticias\/#website\"},\"datePublished\":\"2016-03-30T19:27:47+00:00\",\"dateModified\":\"2023-03-13T18:20:31+00:00\",\"breadcrumb\":{\"@id\":\"https:\/\/colegioarquitectos.com\/noticias\/?page_id=11928#breadcrumb\"},\"inLanguage\":\"es\",\"potentialAction\":[{\"@type\":\"ReadAction\",\"target\":[\"https:\/\/colegioarquitectos.com\/noticias\/?page_id=11928\"]}]},{\"@type\":\"BreadcrumbList\",\"@id\":\"https:\/\/colegioarquitectos.com\/noticias\/?page_id=11928#breadcrumb\",\"itemListElement\":[{\"@type\":\"ListItem\",\"position\":1,\"name\":\"Portada\",\"item\":\"https:\/\/colegioarquitectos.com\/noticias\"},{\"@type\":\"ListItem\",\"position\":2,\"name\":\"RNA: Plataforma de consulta de colegiados y colegiadas\",\"item\":\"https:\/\/colegioarquitectos.com\/noticias\/?page_id=4841\"},{\"@type\":\"ListItem\",\"position\":3,\"name\":\"COMIT\u00c9 DE LEYES, ORDENANZAS Y ARANCELES\"}]},{\"@type\":\"WebSite\",\"@id\":\"https:\/\/colegioarquitectos.com\/noticias\/#website\",\"url\":\"https:\/\/colegioarquitectos.com\/noticias\/\",\"name\":\"COLEGIO DE ARQUITECTOS DE CHILE\",\"description\":\"\",\"publisher\":{\"@id\":\"https:\/\/colegioarquitectos.com\/noticias\/#organization\"},\"potentialAction\":[{\"@type\":\"SearchAction\",\"target\":{\"@type\":\"EntryPoint\",\"urlTemplate\":\"https:\/\/colegioarquitectos.com\/noticias\/?s={search_term_string}\"},\"query-input\":{\"@type\":\"PropertyValueSpecification\",\"valueRequired\":true,\"valueName\":\"search_term_string\"}}],\"inLanguage\":\"es\"},{\"@type\":\"Organization\",\"@id\":\"https:\/\/colegioarquitectos.com\/noticias\/#organization\",\"name\":\"COLEGIO DE ARQUITECTOS DE CHILE\",\"url\":\"https:\/\/colegioarquitectos.com\/noticias\/\",\"logo\":{\"@type\":\"ImageObject\",\"inLanguage\":\"es\",\"@id\":\"https:\/\/colegioarquitectos.com\/noticias\/#\/schema\/logo\/image\/\",\"url\":\"https:\/\/colegioarquitectos.com\/noticias\/wp-content\/uploads\/2021\/05\/ENCABEZADO-LOGO-CA.jpg\",\"contentUrl\":\"https:\/\/colegioarquitectos.com\/noticias\/wp-content\/uploads\/2021\/05\/ENCABEZADO-LOGO-CA.jpg\",\"width\":690,\"height\":350,\"caption\":\"COLEGIO DE ARQUITECTOS DE CHILE\"},\"image\":{\"@id\":\"https:\/\/colegioarquitectos.com\/noticias\/#\/schema\/logo\/image\/\"},\"sameAs\":[\"https:\/\/facebook.com\/Colegioarq\/\",\"https:\/\/x.com\/colegioarq\",\"https:\/\/instagram.com\/colegioarq\",\"https:\/\/youtube.com\/@ColegiodeArquitectosdeChile\"]}]}<\/script>\n<!-- \/ Yoast SEO plugin. -->","yoast_head_json":{"title":"COMIT\u00c9 DE LEYES, ORDENANZAS Y ARANCELES - COLEGIO DE ARQUITECTOS DE CHILE","robots":{"index":"index","follow":"follow","max-snippet":"max-snippet:-1","max-image-preview":"max-image-preview:large","max-video-preview":"max-video-preview:-1"},"canonical":"https:\/\/colegioarquitectos.com\/noticias\/?page_id=11928","og_locale":"es_ES","og_type":"article","og_title":"COMIT\u00c9 DE LEYES, ORDENANZAS Y ARANCELES - COLEGIO DE ARQUITECTOS DE CHILE","og_description":"&nbsp; Directiva Presidenta: Liliana Vergara Flores Vicepresidente: Guillermo Berm\u00fadez Gallardo Secretaria: Carmen Gloria Z\u00fa\u00f1iga Dekartzow &nbsp; Presentaci\u00f3n o descripci\u00f3n El Comit\u00e9 de Leyes, Ordenanzas y Aranceles del Colegio de Arquitectos de Chile se dedica a generar an\u00e1lisis y proposiciones en &hellip; ver m\u00e1s","og_url":"https:\/\/colegioarquitectos.com\/noticias\/?page_id=11928","og_site_name":"COLEGIO DE ARQUITECTOS DE CHILE","article_publisher":"https:\/\/facebook.com\/Colegioarq\/","article_modified_time":"2023-03-13T18:20:31+00:00","twitter_card":"summary_large_image","twitter_site":"@colegioarq","twitter_misc":{"Tiempo de lectura":"1 minuto"},"schema":{"@context":"https:\/\/schema.org","@graph":[{"@type":"WebPage","@id":"https:\/\/colegioarquitectos.com\/noticias\/?page_id=11928","url":"https:\/\/colegioarquitectos.com\/noticias\/?page_id=11928","name":"COMIT\u00c9 DE LEYES, ORDENANZAS Y ARANCELES - COLEGIO DE ARQUITECTOS DE CHILE","isPartOf":{"@id":"https:\/\/colegioarquitectos.com\/noticias\/#website"},"datePublished":"2016-03-30T19:27:47+00:00","dateModified":"2023-03-13T18:20:31+00:00","breadcrumb":{"@id":"https:\/\/colegioarquitectos.com\/noticias\/?page_id=11928#breadcrumb"},"inLanguage":"es","potentialAction":[{"@type":"ReadAction","target":["https:\/\/colegioarquitectos.com\/noticias\/?page_id=11928"]}]},{"@type":"BreadcrumbList","@id":"https:\/\/colegioarquitectos.com\/noticias\/?page_id=11928#breadcrumb","itemListElement":[{"@type":"ListItem","position":1,"name":"Portada","item":"https:\/\/colegioarquitectos.com\/noticias"},{"@type":"ListItem","position":2,"name":"RNA: Plataforma de consulta de colegiados y colegiadas","item":"https:\/\/colegioarquitectos.com\/noticias\/?page_id=4841"},{"@type":"ListItem","position":3,"name":"COMIT\u00c9 DE LEYES, ORDENANZAS Y ARANCELES"}]},{"@type":"WebSite","@id":"https:\/\/colegioarquitectos.com\/noticias\/#website","url":"https:\/\/colegioarquitectos.com\/noticias\/","name":"COLEGIO DE ARQUITECTOS DE CHILE","description":"","publisher":{"@id":"https:\/\/colegioarquitectos.com\/noticias\/#organization"},"potentialAction":[{"@type":"SearchAction","target":{"@type":"EntryPoint","urlTemplate":"https:\/\/colegioarquitectos.com\/noticias\/?s={search_term_string}"},"query-input":{"@type":"PropertyValueSpecification","valueRequired":true,"valueName":"search_term_string"}}],"inLanguage":"es"},{"@type":"Organization","@id":"https:\/\/colegioarquitectos.com\/noticias\/#organization","name":"COLEGIO DE ARQUITECTOS DE CHILE","url":"https:\/\/colegioarquitectos.com\/noticias\/","logo":{"@type":"ImageObject","inLanguage":"es","@id":"https:\/\/colegioarquitectos.com\/noticias\/#\/schema\/logo\/image\/","url":"https:\/\/colegioarquitectos.com\/noticias\/wp-content\/uploads\/2021\/05\/ENCABEZADO-LOGO-CA.jpg","contentUrl":"https:\/\/colegioarquitectos.com\/noticias\/wp-content\/uploads\/2021\/05\/ENCABEZADO-LOGO-CA.jpg","width":690,"height":350,"caption":"COLEGIO DE ARQUITECTOS DE CHILE"},"image":{"@id":"https:\/\/colegioarquitectos.com\/noticias\/#\/schema\/logo\/image\/"},"sameAs":["https:\/\/facebook.com\/Colegioarq\/","https:\/\/x.com\/colegioarq","https:\/\/instagram.com\/colegioarq","https:\/\/youtube.com\/@ColegiodeArquitectosdeChile"]}]}},"_links":{"self":[{"href":"https:\/\/colegioarquitectos.com\/noticias\/index.php?rest_route=\/wp\/v2\/pages\/11928","targetHints":{"allow":["GET"]}}],"collection":[{"href":"https:\/\/colegioarquitectos.com\/noticias\/index.php?rest_route=\/wp\/v2\/pages"}],"about":[{"href":"https:\/\/colegioarquitectos.com\/noticias\/index.php?rest_route=\/wp\/v2\/types\/page"}],"author":[{"embeddable":true,"href":"https:\/\/colegioarquitectos.com\/noticias\/index.php?rest_route=\/wp\/v2\/users\/4"}],"replies":[{"embeddable":true,"href":"https:\/\/colegioarquitectos.com\/noticias\/index.php?rest_route=%2Fwp%2Fv2%2Fcomments&post=11928"}],"version-history":[{"count":0,"href":"https:\/\/colegioarquitectos.com\/noticias\/index.php?rest_route=\/wp\/v2\/pages\/11928\/revisions"}],"up":[{"embeddable":true,"href":"https:\/\/colegioarquitectos.com\/noticias\/index.php?rest_route=\/wp\/v2\/pages\/4841"}],"wp:attachment":[{"href":"https:\/\/colegioarquitectos.com\/noticias\/index.php?rest_route=%2Fwp%2Fv2%2Fmedia&parent=11928"}],"curies":[{"name":"wp","href":"https:\/\/api.w.org\/{rel}","templated":true}]}}