
{"id":11931,"date":"2016-03-30T19:29:58","date_gmt":"2016-03-30T19:29:58","guid":{"rendered":"http:\/\/colegioarquitectos.com\/?page_id=11931"},"modified":"2023-10-06T09:44:50","modified_gmt":"2023-10-06T13:44:50","slug":"comite-de-patrimonio-arquitectonico-ambiental","status":"publish","type":"page","link":"https:\/\/colegioarquitectos.com\/noticias\/?page_id=11931","title":{"rendered":"COMIT\u00c9 DE PATRIMONIO ARQUITECT\u00d3NICO Y AMBIENTAL"},"content":{"rendered":"<h4>DESCRIPCI\u00d3N \u00d3RGANO ASESOR<\/h4>\n<hr \/>\n<p>El Comit\u00e9 de Patrimonio Arquitect\u00f3nico y Ambiental es un \u00f3rgano asesor del Colegio de Arquitectos de Chile cuyo objetivo es velar por la integridad del patrimonio nacional, con especial \u00e9nfasis en el patrimonio urbano-arquitect\u00f3nico; difundir su importancia y trascendencia para el desarrollo nacional; defender el amplio espectro que abarca el concepto y su relevancia en el quehacer profesional; destacar su permanencia en el tiempo; propiciar el di\u00e1logo entre los actores involucrados y la ciudadan\u00eda; y, apoyar la generaci\u00f3n de pol\u00edticas p\u00fablicas y normativas que permitan su protecci\u00f3n y puesta en valor.<\/p>\n<p>Asimismo, pretende promover la participaci\u00f3n activa de todas las instancias del Colegio de Arquitectos en la protecci\u00f3n, investigaci\u00f3n, formaci\u00f3n, difusi\u00f3n y valoraci\u00f3n del patrimonio urbano-arquitect\u00f3nico, abarcando su transversalidad y comprometiendo el quehacer profesional de sus asociados y del gremio en general..<\/p>\n<p>&nbsp;<\/p>\n<h4>OBJETIVOS<\/h4>\n<hr \/>\n<h4>OBJETIVO GENERAL<\/h4>\n<p>Velar por la integridad del patrimonio nacional, con especial \u00e9nfasis en el patrimonio urbano-arquitect\u00f3nico.<\/p>\n<p>&nbsp;<\/p>\n<h5>OBJETIVOS ESPEC\u00cdFICOS<\/h5>\n<ul>\n<li>Difundir la importancia de la protecci\u00f3n, conservaci\u00f3n y puesta en valor de nuestro patrimonio nacional.<\/li>\n<li>Propiciar el debate y di\u00e1logo entre los distintos actores que influyen en la protecci\u00f3n de nuestro patrimonio, considerando la participaci\u00f3n ciudadana como un factor relevante y el aporte de los organismos p\u00fablicos y privados, as\u00ed como el de los profesionales t\u00e9cnicos especializados.<\/li>\n<li>Promover el perfeccionamiento y actualizaci\u00f3n de nuestra legislaci\u00f3n patrimonial, mejorando los instrumentos de protecci\u00f3n efectiva del patrimonio en t\u00e9rminos de financiamiento p\u00fablico, incentivos reales a privados, estructura regional, exenciones tributarias, medios de difusi\u00f3n y reflexi\u00f3n, entre otros.<\/li>\n<li>Incentivar la incorporaci\u00f3n a la normativa vigente del reconocimiento de los Sitios del Patrimonio Mundial y de los Monumentos Nacionales, sean Monumentos Hist\u00f3ricos y\/o Zonas T\u00edpicas por la v\u00eda de los Planes Reguladores Comunales como Intercomunales.<\/li>\n<li>Apoyar y proponer la generaci\u00f3n de pol\u00edticas p\u00fablicas que permitan el reconocimiento y la conservaci\u00f3n del patrimonio como componente esencial del desarrollo de nuestro pa\u00eds.<\/li>\n<\/ul>\n<p>&nbsp;<\/p>\n<h4>MESA DIRECTIVA VIGENTE<\/h4>\n<hr \/>\n<p>&nbsp;<\/p>\n<p><strong>Presidenta<\/strong><\/p>\n<p>Paz Undurraga Castelblanco<\/p>\n<p>&nbsp;<\/p>\n<p><strong>Vicepresidente<\/strong><\/p>\n<p>Carlos Inostroza Hern\u00e1ndez<\/p>\n<p>&nbsp;<\/p>\n<p><strong>Secretario<\/strong><\/p>\n<p>Ricardo Cruz Pecaric<\/p>\n<p>&nbsp;<\/p>\n<p><strong>Encargado de Contenidos<\/strong><\/p>\n<p>Ignacio Julio Montaner<\/p>\n<p>&nbsp;<\/p>\n<p><strong>Encargado de Comunicaciones<\/strong><\/p>\n<p>Nicole Trejo Imilp\u00e1n<\/p>\n<p>&nbsp;<\/p>\n<p>&nbsp;<\/p>\n<p>&nbsp;<\/p>\n<h4>REDES SOCIALES OFICIALES ACTIVAS<\/h4>\n<hr \/>\n<p>Twitter: @patrimonio115CA<\/p>\n<p>Instagram: @comite.patrimonio<\/p>\n<p>Facebook: @comitepatrimonio.ca<\/p>\n<p>Youtube: Comit\u00e9 Patrimonio<\/p>\n<p><a href=\"mailto:compat@colegioarquitectos.com\">compat@colegioarquitectos.com<\/a><\/p>\n<p><\/p>","protected":false},"excerpt":{"rendered":"<p>DESCRIPCI\u00d3N \u00d3RGANO ASESOR El Comit\u00e9 de Patrimonio Arquitect\u00f3nico y Ambiental es un \u00f3rgano asesor del Colegio de Arquitectos de Chile cuyo objetivo es velar por la integridad del patrimonio nacional, con especial \u00e9nfasis en el patrimonio urbano-arquitect\u00f3nico; difundir su importancia &hellip; <a class=\"more-link\" href=\"https:\/\/colegioarquitectos.com\/noticias\/?page_id=11931\">ver m\u00e1s<\/a><\/p>","protected":false},"author":4,"featured_media":0,"parent":4841,"menu_order":0,"comment_status":"closed","ping_status":"closed","template":"pages\/fullwidth.php","meta":{"footnotes":""},"class_list":["post-11931","page","type-page","status-publish","hentry"],"yoast_head":"<!-- This site is optimized with the Yoast SEO plugin v24.2 - https:\/\/yoast.com\/wordpress\/plugins\/seo\/ -->\n<title>COMIT\u00c9 DE PATRIMONIO ARQUITECT\u00d3NICO Y AMBIENTAL - COLEGIO DE ARQUITECTOS DE CHILE<\/title>\n<meta name=\"robots\" content=\"index, follow, max-snippet:-1, max-image-preview:large, max-video-preview:-1\" \/>\n<link rel=\"canonical\" href=\"https:\/\/colegioarquitectos.com\/noticias\/?page_id=11931\" \/>\n<meta property=\"og:locale\" content=\"es_ES\" \/>\n<meta property=\"og:type\" content=\"article\" \/>\n<meta property=\"og:title\" content=\"COMIT\u00c9 DE PATRIMONIO ARQUITECT\u00d3NICO Y AMBIENTAL - COLEGIO DE ARQUITECTOS DE CHILE\" \/>\n<meta property=\"og:description\" content=\"DESCRIPCI\u00d3N \u00d3RGANO ASESOR El Comit\u00e9 de Patrimonio Arquitect\u00f3nico y Ambiental es un \u00f3rgano asesor del Colegio de Arquitectos de Chile cuyo objetivo es velar por la integridad del patrimonio nacional, con especial \u00e9nfasis en el patrimonio urbano-arquitect\u00f3nico; difundir su importancia &hellip; ver m\u00e1s\" \/>\n<meta property=\"og:url\" content=\"https:\/\/colegioarquitectos.com\/noticias\/?page_id=11931\" \/>\n<meta property=\"og:site_name\" content=\"COLEGIO DE ARQUITECTOS DE CHILE\" \/>\n<meta property=\"article:publisher\" content=\"https:\/\/facebook.com\/Colegioarq\/\" \/>\n<meta property=\"article:modified_time\" content=\"2023-10-06T13:44:50+00:00\" \/>\n<meta name=\"twitter:card\" content=\"summary_large_image\" \/>\n<meta name=\"twitter:site\" content=\"@colegioarq\" \/>\n<meta name=\"twitter:label1\" content=\"Tiempo de lectura\" \/>\n\t<meta name=\"twitter:data1\" content=\"2 minutos\" \/>\n<script type=\"application\/ld+json\" class=\"yoast-schema-graph\">{\"@context\":\"https:\/\/schema.org\",\"@graph\":[{\"@type\":\"WebPage\",\"@id\":\"https:\/\/colegioarquitectos.com\/noticias\/?page_id=11931\",\"url\":\"https:\/\/colegioarquitectos.com\/noticias\/?page_id=11931\",\"name\":\"COMIT\u00c9 DE PATRIMONIO ARQUITECT\u00d3NICO Y AMBIENTAL - COLEGIO DE ARQUITECTOS DE CHILE\",\"isPartOf\":{\"@id\":\"https:\/\/colegioarquitectos.com\/noticias\/#website\"},\"datePublished\":\"2016-03-30T19:29:58+00:00\",\"dateModified\":\"2023-10-06T13:44:50+00:00\",\"breadcrumb\":{\"@id\":\"https:\/\/colegioarquitectos.com\/noticias\/?page_id=11931#breadcrumb\"},\"inLanguage\":\"es\",\"potentialAction\":[{\"@type\":\"ReadAction\",\"target\":[\"https:\/\/colegioarquitectos.com\/noticias\/?page_id=11931\"]}]},{\"@type\":\"BreadcrumbList\",\"@id\":\"https:\/\/colegioarquitectos.com\/noticias\/?page_id=11931#breadcrumb\",\"itemListElement\":[{\"@type\":\"ListItem\",\"position\":1,\"name\":\"Portada\",\"item\":\"https:\/\/colegioarquitectos.com\/noticias\"},{\"@type\":\"ListItem\",\"position\":2,\"name\":\"RNA: Plataforma de consulta de colegiados y colegiadas\",\"item\":\"https:\/\/colegioarquitectos.com\/noticias\/?page_id=4841\"},{\"@type\":\"ListItem\",\"position\":3,\"name\":\"COMIT\u00c9 DE PATRIMONIO ARQUITECT\u00d3NICO Y AMBIENTAL\"}]},{\"@type\":\"WebSite\",\"@id\":\"https:\/\/colegioarquitectos.com\/noticias\/#website\",\"url\":\"https:\/\/colegioarquitectos.com\/noticias\/\",\"name\":\"COLEGIO DE ARQUITECTOS DE CHILE\",\"description\":\"\",\"publisher\":{\"@id\":\"https:\/\/colegioarquitectos.com\/noticias\/#organization\"},\"potentialAction\":[{\"@type\":\"SearchAction\",\"target\":{\"@type\":\"EntryPoint\",\"urlTemplate\":\"https:\/\/colegioarquitectos.com\/noticias\/?s={search_term_string}\"},\"query-input\":{\"@type\":\"PropertyValueSpecification\",\"valueRequired\":true,\"valueName\":\"search_term_string\"}}],\"inLanguage\":\"es\"},{\"@type\":\"Organization\",\"@id\":\"https:\/\/colegioarquitectos.com\/noticias\/#organization\",\"name\":\"COLEGIO DE ARQUITECTOS DE CHILE\",\"url\":\"https:\/\/colegioarquitectos.com\/noticias\/\",\"logo\":{\"@type\":\"ImageObject\",\"inLanguage\":\"es\",\"@id\":\"https:\/\/colegioarquitectos.com\/noticias\/#\/schema\/logo\/image\/\",\"url\":\"https:\/\/colegioarquitectos.com\/noticias\/wp-content\/uploads\/2021\/05\/ENCABEZADO-LOGO-CA.jpg\",\"contentUrl\":\"https:\/\/colegioarquitectos.com\/noticias\/wp-content\/uploads\/2021\/05\/ENCABEZADO-LOGO-CA.jpg\",\"width\":690,\"height\":350,\"caption\":\"COLEGIO DE ARQUITECTOS DE CHILE\"},\"image\":{\"@id\":\"https:\/\/colegioarquitectos.com\/noticias\/#\/schema\/logo\/image\/\"},\"sameAs\":[\"https:\/\/facebook.com\/Colegioarq\/\",\"https:\/\/x.com\/colegioarq\",\"https:\/\/instagram.com\/colegioarq\",\"https:\/\/youtube.com\/@ColegiodeArquitectosdeChile\"]}]}<\/script>\n<!-- \/ Yoast SEO plugin. -->","yoast_head_json":{"title":"COMIT\u00c9 DE PATRIMONIO ARQUITECT\u00d3NICO Y AMBIENTAL - COLEGIO DE ARQUITECTOS DE CHILE","robots":{"index":"index","follow":"follow","max-snippet":"max-snippet:-1","max-image-preview":"max-image-preview:large","max-video-preview":"max-video-preview:-1"},"canonical":"https:\/\/colegioarquitectos.com\/noticias\/?page_id=11931","og_locale":"es_ES","og_type":"article","og_title":"COMIT\u00c9 DE PATRIMONIO ARQUITECT\u00d3NICO Y AMBIENTAL - COLEGIO DE ARQUITECTOS DE CHILE","og_description":"DESCRIPCI\u00d3N \u00d3RGANO ASESOR El Comit\u00e9 de Patrimonio Arquitect\u00f3nico y Ambiental es un \u00f3rgano asesor del Colegio de Arquitectos de Chile cuyo objetivo es velar por la integridad del patrimonio nacional, con especial \u00e9nfasis en el patrimonio urbano-arquitect\u00f3nico; difundir su importancia &hellip; ver m\u00e1s","og_url":"https:\/\/colegioarquitectos.com\/noticias\/?page_id=11931","og_site_name":"COLEGIO DE ARQUITECTOS DE CHILE","article_publisher":"https:\/\/facebook.com\/Colegioarq\/","article_modified_time":"2023-10-06T13:44:50+00:00","twitter_card":"summary_large_image","twitter_site":"@colegioarq","twitter_misc":{"Tiempo de lectura":"2 minutos"},"schema":{"@context":"https:\/\/schema.org","@graph":[{"@type":"WebPage","@id":"https:\/\/colegioarquitectos.com\/noticias\/?page_id=11931","url":"https:\/\/colegioarquitectos.com\/noticias\/?page_id=11931","name":"COMIT\u00c9 DE PATRIMONIO ARQUITECT\u00d3NICO Y AMBIENTAL - COLEGIO DE ARQUITECTOS DE CHILE","isPartOf":{"@id":"https:\/\/colegioarquitectos.com\/noticias\/#website"},"datePublished":"2016-03-30T19:29:58+00:00","dateModified":"2023-10-06T13:44:50+00:00","breadcrumb":{"@id":"https:\/\/colegioarquitectos.com\/noticias\/?page_id=11931#breadcrumb"},"inLanguage":"es","potentialAction":[{"@type":"ReadAction","target":["https:\/\/colegioarquitectos.com\/noticias\/?page_id=11931"]}]},{"@type":"BreadcrumbList","@id":"https:\/\/colegioarquitectos.com\/noticias\/?page_id=11931#breadcrumb","itemListElement":[{"@type":"ListItem","position":1,"name":"Portada","item":"https:\/\/colegioarquitectos.com\/noticias"},{"@type":"ListItem","position":2,"name":"RNA: Plataforma de consulta de colegiados y colegiadas","item":"https:\/\/colegioarquitectos.com\/noticias\/?page_id=4841"},{"@type":"ListItem","position":3,"name":"COMIT\u00c9 DE PATRIMONIO ARQUITECT\u00d3NICO Y AMBIENTAL"}]},{"@type":"WebSite","@id":"https:\/\/colegioarquitectos.com\/noticias\/#website","url":"https:\/\/colegioarquitectos.com\/noticias\/","name":"COLEGIO DE ARQUITECTOS DE CHILE","description":"","publisher":{"@id":"https:\/\/colegioarquitectos.com\/noticias\/#organization"},"potentialAction":[{"@type":"SearchAction","target":{"@type":"EntryPoint","urlTemplate":"https:\/\/colegioarquitectos.com\/noticias\/?s={search_term_string}"},"query-input":{"@type":"PropertyValueSpecification","valueRequired":true,"valueName":"search_term_string"}}],"inLanguage":"es"},{"@type":"Organization","@id":"https:\/\/colegioarquitectos.com\/noticias\/#organization","name":"COLEGIO DE ARQUITECTOS DE CHILE","url":"https:\/\/colegioarquitectos.com\/noticias\/","logo":{"@type":"ImageObject","inLanguage":"es","@id":"https:\/\/colegioarquitectos.com\/noticias\/#\/schema\/logo\/image\/","url":"https:\/\/colegioarquitectos.com\/noticias\/wp-content\/uploads\/2021\/05\/ENCABEZADO-LOGO-CA.jpg","contentUrl":"https:\/\/colegioarquitectos.com\/noticias\/wp-content\/uploads\/2021\/05\/ENCABEZADO-LOGO-CA.jpg","width":690,"height":350,"caption":"COLEGIO DE ARQUITECTOS DE CHILE"},"image":{"@id":"https:\/\/colegioarquitectos.com\/noticias\/#\/schema\/logo\/image\/"},"sameAs":["https:\/\/facebook.com\/Colegioarq\/","https:\/\/x.com\/colegioarq","https:\/\/instagram.com\/colegioarq","https:\/\/youtube.com\/@ColegiodeArquitectosdeChile"]}]}},"_links":{"self":[{"href":"https:\/\/colegioarquitectos.com\/noticias\/index.php?rest_route=\/wp\/v2\/pages\/11931","targetHints":{"allow":["GET"]}}],"collection":[{"href":"https:\/\/colegioarquitectos.com\/noticias\/index.php?rest_route=\/wp\/v2\/pages"}],"about":[{"href":"https:\/\/colegioarquitectos.com\/noticias\/index.php?rest_route=\/wp\/v2\/types\/page"}],"author":[{"embeddable":true,"href":"https:\/\/colegioarquitectos.com\/noticias\/index.php?rest_route=\/wp\/v2\/users\/4"}],"replies":[{"embeddable":true,"href":"https:\/\/colegioarquitectos.com\/noticias\/index.php?rest_route=%2Fwp%2Fv2%2Fcomments&post=11931"}],"version-history":[{"count":0,"href":"https:\/\/colegioarquitectos.com\/noticias\/index.php?rest_route=\/wp\/v2\/pages\/11931\/revisions"}],"up":[{"embeddable":true,"href":"https:\/\/colegioarquitectos.com\/noticias\/index.php?rest_route=\/wp\/v2\/pages\/4841"}],"wp:attachment":[{"href":"https:\/\/colegioarquitectos.com\/noticias\/index.php?rest_route=%2Fwp%2Fv2%2Fmedia&parent=11931"}],"curies":[{"name":"wp","href":"https:\/\/api.w.org\/{rel}","templated":true}]}}