
{"id":11934,"date":"2016-03-30T19:31:18","date_gmt":"2016-03-30T19:31:18","guid":{"rendered":"http:\/\/colegioarquitectos.com\/?page_id=11934"},"modified":"2023-03-13T14:16:30","modified_gmt":"2023-03-13T18:16:30","slug":"comite-de-sustentabilidad-y-energia","status":"publish","type":"page","link":"https:\/\/colegioarquitectos.com\/noticias\/?page_id=11934","title":{"rendered":"COMIT\u00c9 DE SUSTENTABILIDAD Y ENERG\u00cdA"},"content":{"rendered":"<h4>DESCRIPCI\u00d3N \u00d3RGANO ASESOR<\/h4>\n<hr \/>\n<p>Ser una plataforma de conexi\u00f3n entre los diferentes actores dentro del \u00e1mbito de la sostenibilidad y hacer y canalizar contribuciones para el desarrollo nacional en el \u00e1rea y para la mitigaci\u00f3n y adaptaci\u00f3n frente al cambio clim\u00e1tico, adem\u00e1s de mejorar la calidad de vida de las personas y su relaci\u00f3n con el medio ambiente.<\/p>\n<p>&nbsp;<\/p>\n<h4>OBJETIVOS<\/h4>\n<hr \/>\n<h5>OBJETIVO GENERAL<\/h5>\n<p>Nuestros objetivos principales son generar sinergia y colaboraci\u00f3n entre los profesionales de nuestra \u00e1rea apoyando su aporte y presencia a nivel nacional en diferentes \u00e1mbitos del quehacer; con esto impulsar pol\u00edticas p\u00fablicas relacionadas a la sustentabilidad, difundir la sustentabilidad y sus alcances, vincularse con la academia y comunicar los beneficios de la sostenibilidad en la arquitectura a sus usuarios.<\/p>\n<p>&nbsp;<\/p>\n<h5>OBJETIVOS ESPEC\u00cdFICOS<\/h5>\n<p>&nbsp;<\/p>\n<ul>\n<li>a) Red Nacional: Conexi\u00f3n a nivel nacional de las entidades que trabajan en desarrollo de ciudades sostenibles con enfoque en diversidad y realidad local. Reuni\u00f3n de profesionales y estudiantes dedicados al desarrollo del \u00e1rea.<\/li>\n<li>b) Aporte t\u00e9cnico y profesional: a instituciones p\u00fablicas para afianzar y acelerar el desarrollo sostenible nacional en el \u00e1rea.<\/li>\n<li>c) Difusi\u00f3n: Generar publicaciones que permitan difundir el desarrollo de la sostenibilidad en la Arquitectura.<\/li>\n<li>d) Capacitaci\u00f3n continua en el \u00e1rea a profesionales, generando conferencias, cursos y talleres.<\/li>\n<li>e) Proyectos, desarrollo de iniciativas desde el Comit\u00e9.<\/li>\n<\/ul>\n<p>&nbsp;<\/p>\n<h4>MESA DIRECTIVA VIGENTE<\/h4>\n<hr \/>\n<p><strong>Presidente<\/strong><\/p>\n<p><strong>Tatiana Vidal Oyarz\u00fan \/ ICA N\u00b0 7459<\/strong><\/p>\n<p>&nbsp;<\/p>\n<p>Arquitecta U. de Chile, Diplomada arquitectura sustentable, Mag\u00edster en arquitectura y construcci\u00f3n sustentable<\/p>\n<p>Certificadora energ\u00e9tica CEV + CES+ CVs + EDGE<\/p>\n<p>Arquitecta dedicada al desarrollo de proyectos de equipamiento, p\u00fablicos y privados durante 21 a\u00f1os. Hace 14 a\u00f1os, trabajando en el \u00e1rea de la eficiencia energ\u00e9tica y sustentabilidad. Actualmente, socia directora en +E Arquitectura Sustentable Ltda., como asesora y certificadora de proyectos de arquitectura p\u00fablica.<\/p>\n<p>Docente en la carrera de Construcci\u00f3n sustentable en DUOC.<\/p>\n<p>Logros: Primer Lugar Premio CES categor\u00eda Pre-certificaci\u00f3n CES 2020, Segundo Lugar Premio CES categor\u00eda Pre-certificaci\u00f3n CES 2019.<\/p>\n<p>&nbsp;<\/p>\n<p><strong>Vicepresidente<\/strong><\/p>\n<p><strong>Javier Carrasco Eade \/ ICA N\u00b0 8840<\/strong><\/p>\n<p>Arquitecto UBB y Master en Ciencias Aplicadas de la Universidad de Nottingham. Socio fundador de A8Estudio y Soluciones de Dise\u00f1o Sustentable SPA, con 13 a\u00f1os de desempe\u00f1o profesional en el sector p\u00fablico y privado, proyectos de arquitectura, estudios e investigaci\u00f3n en eficiencia energ\u00e9tica y ense\u00f1anza universitaria en pregrado y postgrado<\/p>\n<p>&nbsp;<\/p>\n<p><strong>Secretario<\/strong><\/p>\n<p><strong>Mauricio Ram\u00edrez Molina \/ ICA N\u00b07620<\/strong><\/p>\n<p>Arquitecto ULagos y Master en Ciencias Aplicadas UCLouvain. Socio fundador de 88 Limitada, con veinte a\u00f1os de desempe\u00f1o profesional en arquitectura, certificaci\u00f3n de edificaciones, calidad ambiental interior, eficiencia energ\u00e9tica, gesti\u00f3n de proyectos, innovaci\u00f3n tecnol\u00f3gica, inteligencia inmobiliaria, masterplanning y ense\u00f1anza universitaria en pregrado y post\u00edtulo<\/p>\n<p>&nbsp;<\/p>\n<h4>REDES SOCIALES OFICIALES ACTIVAS<\/h4>\n<hr \/>\n<p>Instagram: <a href=\"https:\/\/www.instagram.com\/ecoarq_comite\">ecoarq_comite<\/a><\/p>\n<p>Facebook: <a href=\"https:\/\/www.facebook.com\/ecoarqcomite\">@comit\u00e9 Ecoarq<\/a><\/p>\n<p><a href=\"mailto:ecoarq@colegioarquitectos.com\">ecoarq@colegioarquitectos.com<\/a><\/p>\n<p><\/p>","protected":false},"excerpt":{"rendered":"<p>DESCRIPCI\u00d3N \u00d3RGANO ASESOR Ser una plataforma de conexi\u00f3n entre los diferentes actores dentro del \u00e1mbito de la sostenibilidad y hacer y canalizar contribuciones para el desarrollo nacional en el \u00e1rea y para la mitigaci\u00f3n y adaptaci\u00f3n frente al cambio clim\u00e1tico, &hellip; <a class=\"more-link\" href=\"https:\/\/colegioarquitectos.com\/noticias\/?page_id=11934\">ver m\u00e1s<\/a><\/p>","protected":false},"author":4,"featured_media":0,"parent":4841,"menu_order":0,"comment_status":"closed","ping_status":"closed","template":"pages\/fullwidth.php","meta":{"footnotes":""},"class_list":["post-11934","page","type-page","status-publish","hentry"],"yoast_head":"<!-- This site is optimized with the Yoast SEO plugin v24.2 - https:\/\/yoast.com\/wordpress\/plugins\/seo\/ -->\n<title>COMIT\u00c9 DE SUSTENTABILIDAD Y ENERG\u00cdA - COLEGIO DE ARQUITECTOS DE CHILE<\/title>\n<meta name=\"robots\" content=\"index, follow, max-snippet:-1, max-image-preview:large, max-video-preview:-1\" \/>\n<link rel=\"canonical\" href=\"https:\/\/colegioarquitectos.com\/noticias\/?page_id=11934\" \/>\n<meta property=\"og:locale\" content=\"es_ES\" \/>\n<meta property=\"og:type\" content=\"article\" \/>\n<meta property=\"og:title\" content=\"COMIT\u00c9 DE SUSTENTABILIDAD Y ENERG\u00cdA - COLEGIO DE ARQUITECTOS DE CHILE\" \/>\n<meta property=\"og:description\" content=\"DESCRIPCI\u00d3N \u00d3RGANO ASESOR Ser una plataforma de conexi\u00f3n entre los diferentes actores dentro del \u00e1mbito de la sostenibilidad y hacer y canalizar contribuciones para el desarrollo nacional en el \u00e1rea y para la mitigaci\u00f3n y adaptaci\u00f3n frente al cambio clim\u00e1tico, &hellip; ver m\u00e1s\" \/>\n<meta property=\"og:url\" content=\"https:\/\/colegioarquitectos.com\/noticias\/?page_id=11934\" \/>\n<meta property=\"og:site_name\" content=\"COLEGIO DE ARQUITECTOS DE CHILE\" \/>\n<meta property=\"article:publisher\" content=\"https:\/\/facebook.com\/Colegioarq\/\" \/>\n<meta property=\"article:modified_time\" content=\"2023-03-13T18:16:30+00:00\" \/>\n<meta name=\"twitter:card\" content=\"summary_large_image\" \/>\n<meta name=\"twitter:site\" content=\"@colegioarq\" \/>\n<meta name=\"twitter:label1\" content=\"Tiempo de lectura\" \/>\n\t<meta name=\"twitter:data1\" content=\"2 minutos\" \/>\n<script type=\"application\/ld+json\" class=\"yoast-schema-graph\">{\"@context\":\"https:\/\/schema.org\",\"@graph\":[{\"@type\":\"WebPage\",\"@id\":\"https:\/\/colegioarquitectos.com\/noticias\/?page_id=11934\",\"url\":\"https:\/\/colegioarquitectos.com\/noticias\/?page_id=11934\",\"name\":\"COMIT\u00c9 DE SUSTENTABILIDAD Y ENERG\u00cdA - COLEGIO DE ARQUITECTOS DE CHILE\",\"isPartOf\":{\"@id\":\"https:\/\/colegioarquitectos.com\/noticias\/#website\"},\"datePublished\":\"2016-03-30T19:31:18+00:00\",\"dateModified\":\"2023-03-13T18:16:30+00:00\",\"breadcrumb\":{\"@id\":\"https:\/\/colegioarquitectos.com\/noticias\/?page_id=11934#breadcrumb\"},\"inLanguage\":\"es\",\"potentialAction\":[{\"@type\":\"ReadAction\",\"target\":[\"https:\/\/colegioarquitectos.com\/noticias\/?page_id=11934\"]}]},{\"@type\":\"BreadcrumbList\",\"@id\":\"https:\/\/colegioarquitectos.com\/noticias\/?page_id=11934#breadcrumb\",\"itemListElement\":[{\"@type\":\"ListItem\",\"position\":1,\"name\":\"Portada\",\"item\":\"https:\/\/colegioarquitectos.com\/noticias\"},{\"@type\":\"ListItem\",\"position\":2,\"name\":\"RNA: Plataforma de consulta de colegiados y colegiadas\",\"item\":\"https:\/\/colegioarquitectos.com\/noticias\/?page_id=4841\"},{\"@type\":\"ListItem\",\"position\":3,\"name\":\"COMIT\u00c9 DE SUSTENTABILIDAD Y ENERG\u00cdA\"}]},{\"@type\":\"WebSite\",\"@id\":\"https:\/\/colegioarquitectos.com\/noticias\/#website\",\"url\":\"https:\/\/colegioarquitectos.com\/noticias\/\",\"name\":\"COLEGIO DE ARQUITECTOS DE CHILE\",\"description\":\"\",\"publisher\":{\"@id\":\"https:\/\/colegioarquitectos.com\/noticias\/#organization\"},\"potentialAction\":[{\"@type\":\"SearchAction\",\"target\":{\"@type\":\"EntryPoint\",\"urlTemplate\":\"https:\/\/colegioarquitectos.com\/noticias\/?s={search_term_string}\"},\"query-input\":{\"@type\":\"PropertyValueSpecification\",\"valueRequired\":true,\"valueName\":\"search_term_string\"}}],\"inLanguage\":\"es\"},{\"@type\":\"Organization\",\"@id\":\"https:\/\/colegioarquitectos.com\/noticias\/#organization\",\"name\":\"COLEGIO DE ARQUITECTOS DE CHILE\",\"url\":\"https:\/\/colegioarquitectos.com\/noticias\/\",\"logo\":{\"@type\":\"ImageObject\",\"inLanguage\":\"es\",\"@id\":\"https:\/\/colegioarquitectos.com\/noticias\/#\/schema\/logo\/image\/\",\"url\":\"https:\/\/colegioarquitectos.com\/noticias\/wp-content\/uploads\/2021\/05\/ENCABEZADO-LOGO-CA.jpg\",\"contentUrl\":\"https:\/\/colegioarquitectos.com\/noticias\/wp-content\/uploads\/2021\/05\/ENCABEZADO-LOGO-CA.jpg\",\"width\":690,\"height\":350,\"caption\":\"COLEGIO DE ARQUITECTOS DE CHILE\"},\"image\":{\"@id\":\"https:\/\/colegioarquitectos.com\/noticias\/#\/schema\/logo\/image\/\"},\"sameAs\":[\"https:\/\/facebook.com\/Colegioarq\/\",\"https:\/\/x.com\/colegioarq\",\"https:\/\/instagram.com\/colegioarq\",\"https:\/\/youtube.com\/@ColegiodeArquitectosdeChile\"]}]}<\/script>\n<!-- \/ Yoast SEO plugin. -->","yoast_head_json":{"title":"COMIT\u00c9 DE SUSTENTABILIDAD Y ENERG\u00cdA - COLEGIO DE ARQUITECTOS DE CHILE","robots":{"index":"index","follow":"follow","max-snippet":"max-snippet:-1","max-image-preview":"max-image-preview:large","max-video-preview":"max-video-preview:-1"},"canonical":"https:\/\/colegioarquitectos.com\/noticias\/?page_id=11934","og_locale":"es_ES","og_type":"article","og_title":"COMIT\u00c9 DE SUSTENTABILIDAD Y ENERG\u00cdA - COLEGIO DE ARQUITECTOS DE CHILE","og_description":"DESCRIPCI\u00d3N \u00d3RGANO ASESOR Ser una plataforma de conexi\u00f3n entre los diferentes actores dentro del \u00e1mbito de la sostenibilidad y hacer y canalizar contribuciones para el desarrollo nacional en el \u00e1rea y para la mitigaci\u00f3n y adaptaci\u00f3n frente al cambio clim\u00e1tico, &hellip; ver m\u00e1s","og_url":"https:\/\/colegioarquitectos.com\/noticias\/?page_id=11934","og_site_name":"COLEGIO DE ARQUITECTOS DE CHILE","article_publisher":"https:\/\/facebook.com\/Colegioarq\/","article_modified_time":"2023-03-13T18:16:30+00:00","twitter_card":"summary_large_image","twitter_site":"@colegioarq","twitter_misc":{"Tiempo de lectura":"2 minutos"},"schema":{"@context":"https:\/\/schema.org","@graph":[{"@type":"WebPage","@id":"https:\/\/colegioarquitectos.com\/noticias\/?page_id=11934","url":"https:\/\/colegioarquitectos.com\/noticias\/?page_id=11934","name":"COMIT\u00c9 DE SUSTENTABILIDAD Y ENERG\u00cdA - COLEGIO DE ARQUITECTOS DE CHILE","isPartOf":{"@id":"https:\/\/colegioarquitectos.com\/noticias\/#website"},"datePublished":"2016-03-30T19:31:18+00:00","dateModified":"2023-03-13T18:16:30+00:00","breadcrumb":{"@id":"https:\/\/colegioarquitectos.com\/noticias\/?page_id=11934#breadcrumb"},"inLanguage":"es","potentialAction":[{"@type":"ReadAction","target":["https:\/\/colegioarquitectos.com\/noticias\/?page_id=11934"]}]},{"@type":"BreadcrumbList","@id":"https:\/\/colegioarquitectos.com\/noticias\/?page_id=11934#breadcrumb","itemListElement":[{"@type":"ListItem","position":1,"name":"Portada","item":"https:\/\/colegioarquitectos.com\/noticias"},{"@type":"ListItem","position":2,"name":"RNA: Plataforma de consulta de colegiados y colegiadas","item":"https:\/\/colegioarquitectos.com\/noticias\/?page_id=4841"},{"@type":"ListItem","position":3,"name":"COMIT\u00c9 DE SUSTENTABILIDAD Y ENERG\u00cdA"}]},{"@type":"WebSite","@id":"https:\/\/colegioarquitectos.com\/noticias\/#website","url":"https:\/\/colegioarquitectos.com\/noticias\/","name":"COLEGIO DE ARQUITECTOS DE CHILE","description":"","publisher":{"@id":"https:\/\/colegioarquitectos.com\/noticias\/#organization"},"potentialAction":[{"@type":"SearchAction","target":{"@type":"EntryPoint","urlTemplate":"https:\/\/colegioarquitectos.com\/noticias\/?s={search_term_string}"},"query-input":{"@type":"PropertyValueSpecification","valueRequired":true,"valueName":"search_term_string"}}],"inLanguage":"es"},{"@type":"Organization","@id":"https:\/\/colegioarquitectos.com\/noticias\/#organization","name":"COLEGIO DE ARQUITECTOS DE CHILE","url":"https:\/\/colegioarquitectos.com\/noticias\/","logo":{"@type":"ImageObject","inLanguage":"es","@id":"https:\/\/colegioarquitectos.com\/noticias\/#\/schema\/logo\/image\/","url":"https:\/\/colegioarquitectos.com\/noticias\/wp-content\/uploads\/2021\/05\/ENCABEZADO-LOGO-CA.jpg","contentUrl":"https:\/\/colegioarquitectos.com\/noticias\/wp-content\/uploads\/2021\/05\/ENCABEZADO-LOGO-CA.jpg","width":690,"height":350,"caption":"COLEGIO DE ARQUITECTOS DE CHILE"},"image":{"@id":"https:\/\/colegioarquitectos.com\/noticias\/#\/schema\/logo\/image\/"},"sameAs":["https:\/\/facebook.com\/Colegioarq\/","https:\/\/x.com\/colegioarq","https:\/\/instagram.com\/colegioarq","https:\/\/youtube.com\/@ColegiodeArquitectosdeChile"]}]}},"_links":{"self":[{"href":"https:\/\/colegioarquitectos.com\/noticias\/index.php?rest_route=\/wp\/v2\/pages\/11934","targetHints":{"allow":["GET"]}}],"collection":[{"href":"https:\/\/colegioarquitectos.com\/noticias\/index.php?rest_route=\/wp\/v2\/pages"}],"about":[{"href":"https:\/\/colegioarquitectos.com\/noticias\/index.php?rest_route=\/wp\/v2\/types\/page"}],"author":[{"embeddable":true,"href":"https:\/\/colegioarquitectos.com\/noticias\/index.php?rest_route=\/wp\/v2\/users\/4"}],"replies":[{"embeddable":true,"href":"https:\/\/colegioarquitectos.com\/noticias\/index.php?rest_route=%2Fwp%2Fv2%2Fcomments&post=11934"}],"version-history":[{"count":0,"href":"https:\/\/colegioarquitectos.com\/noticias\/index.php?rest_route=\/wp\/v2\/pages\/11934\/revisions"}],"up":[{"embeddable":true,"href":"https:\/\/colegioarquitectos.com\/noticias\/index.php?rest_route=\/wp\/v2\/pages\/4841"}],"wp:attachment":[{"href":"https:\/\/colegioarquitectos.com\/noticias\/index.php?rest_route=%2Fwp%2Fv2%2Fmedia&parent=11934"}],"curies":[{"name":"wp","href":"https:\/\/api.w.org\/{rel}","templated":true}]}}