
{"id":11939,"date":"2016-03-30T19:34:02","date_gmt":"2016-03-30T19:34:02","guid":{"rendered":"http:\/\/colegioarquitectos.com\/?page_id=11939"},"modified":"2023-10-06T09:47:59","modified_gmt":"2023-10-06T13:47:59","slug":"comite-de-docencia-universitaria","status":"publish","type":"page","link":"https:\/\/colegioarquitectos.com\/noticias\/?page_id=11939","title":{"rendered":"COMIT\u00c9 DE DOCENCIA"},"content":{"rendered":"<h4>DESCRIPCI\u00d3N \u00d3RGANO ASESOR<\/h4>\n<hr \/>\n<p>El Comit\u00e9 de Docencia es un organismo que asesora a la Directiva del Colegio de Arquitectos de Chile en materias que le corresponde, tales como la articulaci\u00f3n entre la comunidad de arquitectos asociados y las entidades formativas, en la educaci\u00f3n superior, que definen un perfil profesional que los habilita para ejercer como arquitecto de acuerdo a las prerrogativas que les otorgan las leyes de la Rep\u00fablica de Chile de acuerdo a los alcances disciplinares de la arquitectura (Ley 7211, Art. 12).<\/p>\n<p>&nbsp;<\/p>\n<h4>OBJETIVOS<\/h4>\n<hr \/>\n<h5>OBJETIVO GENERAL<\/h5>\n<p>Re-articular la participaci\u00f3n del colegio de arquitectos en torno a la formaci\u00f3n de los futuros profesionales, generando espacios de trabajo con las diferentes universidades, creando redes de apoyo para los docentes y estudiantes buscando aportar de manera colaborativa y horizontalcon el fin de fortalecer el gremio de manera integral desde sus bases.<\/p>\n<p>&nbsp;<\/p>\n<h5>OBJETIVOS ESPEC\u00cdFICOS<\/h5>\n<ul>\n<li>Organizar y coordinar a los miembros del comit\u00e9 para el desarrollo de actividades concernientes a la Arquitectura y la Docencia en la misma disciplina.<\/li>\n<li>Generar discusi\u00f3n, an\u00e1lisis y acciones cr\u00edticas en las metodolog\u00edas docentes para contribuir al perfeccionamiento de la carrera docente en Arquitectura y Dise\u00f1o.<\/li>\n<li>Coordinar acciones con planteles y academia en funci\u00f3n del cruce de experiencias y procesos regionales y locales.<\/li>\n<li>Considerar el cambio de paradigma frente a la docencia que nos permita abordar, preparar y apoyar al sistema educativo en estos y otros eventos cr\u00edticos similares.<\/li>\n<li>Generar redes de cooperaci\u00f3n, promover encuentros de docentes para el mejoramiento y adaptaci\u00f3n de las din\u00e1micas de ense\u00f1anza\/aprendizaje frente a las nuevas exigencias.<\/li>\n<li>Apoyar sistemas de mejoramiento continuo para docentes, frente al desaf\u00edo del uso de modos an\u00e1logo digitales, clases pr\u00e1cticas o Workshop, frente a los estudiantes nativos digitales.<\/li>\n<li>Promover un enfoque hacia la comunidad educativa consider\u00e1ndolos tres estamentos de las instituciones de educaci\u00f3n superior: estudiantes, acad\u00e9micos y administrativos.<\/li>\n<li>Promover enfoques hacia los territorios con la participaci\u00f3n activa de la comunidad desde sus espacios locales, en la ense\u00f1anza y la docencia.<\/li>\n<li>Revisar el estado del arte en las universidades respecto a las metodolog\u00edas de ense\u00f1anza aprendizaje, buscando maneras de apoyar la incorporaci\u00f3n de estas a nuestro contexto educacional.<\/li>\n<li>Construir metodolog\u00edas de trazabilidad efectiva y afectiva de procesos docentes colaborativos y comunitarios, y de los cambios metodol\u00f3gicos experimentados, para revisar eficiencia y mejoras.<\/li>\n<li>Levantar problem\u00e1ticas desde la institucionalidad universitaria referente a demandas estudiantiles y estabilidad laboral de docentes.<\/li>\n<\/ul>\n<p>&nbsp;<\/p>\n<h4>MESA DIRECTIVA VIGENTE<\/h4>\n<hr \/>\n<p>&nbsp;<\/p>\n<p><strong>Presidente<\/strong><\/p>\n<p><strong>SANTIAGO IGNACIO SOTO S\u00c1EZ \/ ICA N\u00b0 9323<\/strong><\/p>\n<p>Arquitecto Universidad La Rep\u00fablica 2008.<\/p>\n<p>Diplomado en Arquitectura sustentable, Universidad de Chile, 2009.<\/p>\n<p>Diplomado en Medios Digitales, Universidad de Chile, 2010.<\/p>\n<p>M\u00e1ster en Arquitectura, Energ\u00eda y Medio Ambiente, ETSAB, Universitat Polit\u00e9cnica de Catalunya 2013.<\/p>\n<p>Socio XS Arquitectura Ltda. 2015-2021.<\/p>\n<p>Director Fundaci\u00f3n SCL 500.<\/p>\n<p>Docente Composici\u00f3n y Est\u00e9tica, Instituto del Medio Ambiente.<\/p>\n<p>Actualmente Arquitecto a cargo de \u00e1rea urbana Programa Recuperaci\u00f3n de Barrios MINVU, Poblaci\u00f3n San Joaqu\u00edn, Comuna Pedro Aguirre Cerda.<\/p>\n<p>&nbsp;<\/p>\n<p><strong>Secretario<\/strong><\/p>\n<p><strong>Guillermo Caro Pinto \/ ICA N\u00b011407<\/strong><\/p>\n<p>Arquitecto Universidad Mayor, Magister en Docencia para la Educaci\u00f3n Superior Universidad Central de Chile, Diplomado en Calidad Educativa de la Educaci\u00f3n Superior, Diplomado en Investigaci\u00f3n Universitaria, Diplomado en Docencia para la Educaci\u00f3n Superior, Investigador colaborador del Grupo Independiente de Investigaci\u00f3n Educativa, proyecto \u201cCreatividad: Competencia Oculta\u201d, expuesto en el XXI congreso Internacional de Aprendizaje y Ense\u00f1anza , Nueva York 2014, Investigador principal del proyecto \u201cFormaci\u00f3n del Arquitecto: La incidencia del proyecto del proyecto de t\u00edtulo en el campo laboral\u201d expuesto en el XII congreso internacional de Investigadores en Educaci\u00f3n , Osorno 2019. Coordinador durante 2 a\u00f1os del Sistema de Portafolios para el proceso de Acreditaci\u00f3n Internacional RIBA 2019 de la Escuela de Arquitectura de la universidad Central de Chile, con 10 a\u00f1os de experiencia docente enfocados en el desarrollo de la creatividad proyectual destacando principamente: Talleres de Arquitectura, Talleres de creaci\u00f3n audiovisual, Talleres de fotograf\u00eda, Formaci\u00f3n de docentes en utilizaci\u00f3n TICS para el aula. Participante del Comit\u00e9 de Docencia del Colegio de Arquitectos de Chile Profesionalmente trabajando en diferentes oficinas tales como ENLACE arquitectura y gesti\u00f3n, EMESE arquitectura, principalmente en proyectos como restoranes, oficinas, institutos Telet\u00f3n, arquitectura educacional, entre otros.<\/p>\n<p>&nbsp;<\/p>\n<p><strong>Vicepresidente<\/strong><\/p>\n<p><strong>Rodrigo Lagos Vergara \/ ICA N\u00b0 4675<\/strong><\/p>\n<p>Arquitecto de la Universidad del B\u00edo-B\u00edo.<\/p>\n<p>Master \u00abHistoria. Arte, arquitectura y ciudad\u00bb en la Universidad Polit\u00e9cnica de Catalu\u00f1a, (Espa\u00f1a,1993) y Dr. (c) en la Universidad Cat\u00f3lica de Lovaina, (B\u00e9lgica, 2004). Co-fundador y director del Magister en Did\u00e1ctica Proyectual (Madpro, 2005-2010), y actualmente acad\u00e9mico del Dpto. de Dise\u00f1o y teor\u00eda de la Arquitectura y del Magister Latinoamericano en Arquitectura de la Facultad de Arquitectura, Construcci\u00f3n y Dise\u00f1o de la Universidad del B\u00edo-B\u00edo. Editor de libros y numerosos art\u00edculos sobre la ense\u00f1anza del proyecto en arquitectura, y Presidente del Comit\u00e9 de Docencia del Colegio de Arquitectos de Chile (2018-2020). Como practicante budista recibe ense\u00f1anzas Kagyu Ngag Dz\u00f6 en Drikung Kagyu Rinchen Ling Monastery, Katmand\u00fa (Nepal, 2009).<\/p>\n<p>&nbsp;<\/p>\n<h4>REDES SOCIALES OFICIALES ACTIVAS<\/h4>\n<hr \/>\n<p>Instagram: <strong><a href=\"https:\/\/www.instagram.com\/comitedocencia\/\">https:\/\/www.instagram.com\/comitedocencia\/<\/a><\/strong><\/p>\n<p>Facebook:\u00a0<strong><a href=\"https:\/\/www.facebook.com\/Comit%C3%A9-de-Docencia-105527031493746\">https:\/\/www.facebook.com\/Comit%C3%A9-de-Docencia-105527031493746<\/a><\/strong><\/p>\n<p><\/p>","protected":false},"excerpt":{"rendered":"<p>DESCRIPCI\u00d3N \u00d3RGANO ASESOR El Comit\u00e9 de Docencia es un organismo que asesora a la Directiva del Colegio de Arquitectos de Chile en materias que le corresponde, tales como la articulaci\u00f3n entre la comunidad de arquitectos asociados y las entidades formativas, &hellip; <a class=\"more-link\" href=\"https:\/\/colegioarquitectos.com\/noticias\/?page_id=11939\">ver m\u00e1s<\/a><\/p>","protected":false},"author":4,"featured_media":0,"parent":4841,"menu_order":0,"comment_status":"closed","ping_status":"closed","template":"pages\/fullwidth.php","meta":{"footnotes":""},"class_list":["post-11939","page","type-page","status-publish","hentry"],"yoast_head":"<!-- This site is optimized with the Yoast SEO plugin v24.2 - https:\/\/yoast.com\/wordpress\/plugins\/seo\/ -->\n<title>COMIT\u00c9 DE DOCENCIA - COLEGIO DE ARQUITECTOS DE CHILE<\/title>\n<meta name=\"robots\" content=\"index, follow, max-snippet:-1, max-image-preview:large, max-video-preview:-1\" \/>\n<link rel=\"canonical\" href=\"https:\/\/colegioarquitectos.com\/noticias\/?page_id=11939\" \/>\n<meta property=\"og:locale\" content=\"es_ES\" \/>\n<meta property=\"og:type\" content=\"article\" \/>\n<meta property=\"og:title\" content=\"COMIT\u00c9 DE DOCENCIA - COLEGIO DE ARQUITECTOS DE CHILE\" \/>\n<meta property=\"og:description\" content=\"DESCRIPCI\u00d3N \u00d3RGANO ASESOR El Comit\u00e9 de Docencia es un organismo que asesora a la Directiva del Colegio de Arquitectos de Chile en materias que le corresponde, tales como la articulaci\u00f3n entre la comunidad de arquitectos asociados y las entidades formativas, &hellip; ver m\u00e1s\" \/>\n<meta property=\"og:url\" content=\"https:\/\/colegioarquitectos.com\/noticias\/?page_id=11939\" \/>\n<meta property=\"og:site_name\" content=\"COLEGIO DE ARQUITECTOS DE CHILE\" \/>\n<meta property=\"article:publisher\" content=\"https:\/\/facebook.com\/Colegioarq\/\" \/>\n<meta property=\"article:modified_time\" content=\"2023-10-06T13:47:59+00:00\" \/>\n<meta name=\"twitter:card\" content=\"summary_large_image\" \/>\n<meta name=\"twitter:site\" content=\"@colegioarq\" \/>\n<meta name=\"twitter:label1\" content=\"Tiempo de lectura\" \/>\n\t<meta name=\"twitter:data1\" content=\"4 minutos\" \/>\n<script type=\"application\/ld+json\" class=\"yoast-schema-graph\">{\"@context\":\"https:\/\/schema.org\",\"@graph\":[{\"@type\":\"WebPage\",\"@id\":\"https:\/\/colegioarquitectos.com\/noticias\/?page_id=11939\",\"url\":\"https:\/\/colegioarquitectos.com\/noticias\/?page_id=11939\",\"name\":\"COMIT\u00c9 DE DOCENCIA - COLEGIO DE ARQUITECTOS DE CHILE\",\"isPartOf\":{\"@id\":\"https:\/\/colegioarquitectos.com\/noticias\/#website\"},\"datePublished\":\"2016-03-30T19:34:02+00:00\",\"dateModified\":\"2023-10-06T13:47:59+00:00\",\"breadcrumb\":{\"@id\":\"https:\/\/colegioarquitectos.com\/noticias\/?page_id=11939#breadcrumb\"},\"inLanguage\":\"es\",\"potentialAction\":[{\"@type\":\"ReadAction\",\"target\":[\"https:\/\/colegioarquitectos.com\/noticias\/?page_id=11939\"]}]},{\"@type\":\"BreadcrumbList\",\"@id\":\"https:\/\/colegioarquitectos.com\/noticias\/?page_id=11939#breadcrumb\",\"itemListElement\":[{\"@type\":\"ListItem\",\"position\":1,\"name\":\"Portada\",\"item\":\"https:\/\/colegioarquitectos.com\/noticias\"},{\"@type\":\"ListItem\",\"position\":2,\"name\":\"RNA: Plataforma de consulta de colegiados y colegiadas\",\"item\":\"https:\/\/colegioarquitectos.com\/noticias\/?page_id=4841\"},{\"@type\":\"ListItem\",\"position\":3,\"name\":\"COMIT\u00c9 DE DOCENCIA\"}]},{\"@type\":\"WebSite\",\"@id\":\"https:\/\/colegioarquitectos.com\/noticias\/#website\",\"url\":\"https:\/\/colegioarquitectos.com\/noticias\/\",\"name\":\"COLEGIO DE ARQUITECTOS DE CHILE\",\"description\":\"\",\"publisher\":{\"@id\":\"https:\/\/colegioarquitectos.com\/noticias\/#organization\"},\"potentialAction\":[{\"@type\":\"SearchAction\",\"target\":{\"@type\":\"EntryPoint\",\"urlTemplate\":\"https:\/\/colegioarquitectos.com\/noticias\/?s={search_term_string}\"},\"query-input\":{\"@type\":\"PropertyValueSpecification\",\"valueRequired\":true,\"valueName\":\"search_term_string\"}}],\"inLanguage\":\"es\"},{\"@type\":\"Organization\",\"@id\":\"https:\/\/colegioarquitectos.com\/noticias\/#organization\",\"name\":\"COLEGIO DE ARQUITECTOS DE CHILE\",\"url\":\"https:\/\/colegioarquitectos.com\/noticias\/\",\"logo\":{\"@type\":\"ImageObject\",\"inLanguage\":\"es\",\"@id\":\"https:\/\/colegioarquitectos.com\/noticias\/#\/schema\/logo\/image\/\",\"url\":\"https:\/\/colegioarquitectos.com\/noticias\/wp-content\/uploads\/2021\/05\/ENCABEZADO-LOGO-CA.jpg\",\"contentUrl\":\"https:\/\/colegioarquitectos.com\/noticias\/wp-content\/uploads\/2021\/05\/ENCABEZADO-LOGO-CA.jpg\",\"width\":690,\"height\":350,\"caption\":\"COLEGIO DE ARQUITECTOS DE CHILE\"},\"image\":{\"@id\":\"https:\/\/colegioarquitectos.com\/noticias\/#\/schema\/logo\/image\/\"},\"sameAs\":[\"https:\/\/facebook.com\/Colegioarq\/\",\"https:\/\/x.com\/colegioarq\",\"https:\/\/instagram.com\/colegioarq\",\"https:\/\/youtube.com\/@ColegiodeArquitectosdeChile\"]}]}<\/script>\n<!-- \/ Yoast SEO plugin. -->","yoast_head_json":{"title":"COMIT\u00c9 DE DOCENCIA - COLEGIO DE ARQUITECTOS DE CHILE","robots":{"index":"index","follow":"follow","max-snippet":"max-snippet:-1","max-image-preview":"max-image-preview:large","max-video-preview":"max-video-preview:-1"},"canonical":"https:\/\/colegioarquitectos.com\/noticias\/?page_id=11939","og_locale":"es_ES","og_type":"article","og_title":"COMIT\u00c9 DE DOCENCIA - COLEGIO DE ARQUITECTOS DE CHILE","og_description":"DESCRIPCI\u00d3N \u00d3RGANO ASESOR El Comit\u00e9 de Docencia es un organismo que asesora a la Directiva del Colegio de Arquitectos de Chile en materias que le corresponde, tales como la articulaci\u00f3n entre la comunidad de arquitectos asociados y las entidades formativas, &hellip; ver m\u00e1s","og_url":"https:\/\/colegioarquitectos.com\/noticias\/?page_id=11939","og_site_name":"COLEGIO DE ARQUITECTOS DE CHILE","article_publisher":"https:\/\/facebook.com\/Colegioarq\/","article_modified_time":"2023-10-06T13:47:59+00:00","twitter_card":"summary_large_image","twitter_site":"@colegioarq","twitter_misc":{"Tiempo de lectura":"4 minutos"},"schema":{"@context":"https:\/\/schema.org","@graph":[{"@type":"WebPage","@id":"https:\/\/colegioarquitectos.com\/noticias\/?page_id=11939","url":"https:\/\/colegioarquitectos.com\/noticias\/?page_id=11939","name":"COMIT\u00c9 DE DOCENCIA - COLEGIO DE ARQUITECTOS DE CHILE","isPartOf":{"@id":"https:\/\/colegioarquitectos.com\/noticias\/#website"},"datePublished":"2016-03-30T19:34:02+00:00","dateModified":"2023-10-06T13:47:59+00:00","breadcrumb":{"@id":"https:\/\/colegioarquitectos.com\/noticias\/?page_id=11939#breadcrumb"},"inLanguage":"es","potentialAction":[{"@type":"ReadAction","target":["https:\/\/colegioarquitectos.com\/noticias\/?page_id=11939"]}]},{"@type":"BreadcrumbList","@id":"https:\/\/colegioarquitectos.com\/noticias\/?page_id=11939#breadcrumb","itemListElement":[{"@type":"ListItem","position":1,"name":"Portada","item":"https:\/\/colegioarquitectos.com\/noticias"},{"@type":"ListItem","position":2,"name":"RNA: Plataforma de consulta de colegiados y colegiadas","item":"https:\/\/colegioarquitectos.com\/noticias\/?page_id=4841"},{"@type":"ListItem","position":3,"name":"COMIT\u00c9 DE DOCENCIA"}]},{"@type":"WebSite","@id":"https:\/\/colegioarquitectos.com\/noticias\/#website","url":"https:\/\/colegioarquitectos.com\/noticias\/","name":"COLEGIO DE ARQUITECTOS DE CHILE","description":"","publisher":{"@id":"https:\/\/colegioarquitectos.com\/noticias\/#organization"},"potentialAction":[{"@type":"SearchAction","target":{"@type":"EntryPoint","urlTemplate":"https:\/\/colegioarquitectos.com\/noticias\/?s={search_term_string}"},"query-input":{"@type":"PropertyValueSpecification","valueRequired":true,"valueName":"search_term_string"}}],"inLanguage":"es"},{"@type":"Organization","@id":"https:\/\/colegioarquitectos.com\/noticias\/#organization","name":"COLEGIO DE ARQUITECTOS DE CHILE","url":"https:\/\/colegioarquitectos.com\/noticias\/","logo":{"@type":"ImageObject","inLanguage":"es","@id":"https:\/\/colegioarquitectos.com\/noticias\/#\/schema\/logo\/image\/","url":"https:\/\/colegioarquitectos.com\/noticias\/wp-content\/uploads\/2021\/05\/ENCABEZADO-LOGO-CA.jpg","contentUrl":"https:\/\/colegioarquitectos.com\/noticias\/wp-content\/uploads\/2021\/05\/ENCABEZADO-LOGO-CA.jpg","width":690,"height":350,"caption":"COLEGIO DE ARQUITECTOS DE CHILE"},"image":{"@id":"https:\/\/colegioarquitectos.com\/noticias\/#\/schema\/logo\/image\/"},"sameAs":["https:\/\/facebook.com\/Colegioarq\/","https:\/\/x.com\/colegioarq","https:\/\/instagram.com\/colegioarq","https:\/\/youtube.com\/@ColegiodeArquitectosdeChile"]}]}},"_links":{"self":[{"href":"https:\/\/colegioarquitectos.com\/noticias\/index.php?rest_route=\/wp\/v2\/pages\/11939","targetHints":{"allow":["GET"]}}],"collection":[{"href":"https:\/\/colegioarquitectos.com\/noticias\/index.php?rest_route=\/wp\/v2\/pages"}],"about":[{"href":"https:\/\/colegioarquitectos.com\/noticias\/index.php?rest_route=\/wp\/v2\/types\/page"}],"author":[{"embeddable":true,"href":"https:\/\/colegioarquitectos.com\/noticias\/index.php?rest_route=\/wp\/v2\/users\/4"}],"replies":[{"embeddable":true,"href":"https:\/\/colegioarquitectos.com\/noticias\/index.php?rest_route=%2Fwp%2Fv2%2Fcomments&post=11939"}],"version-history":[{"count":0,"href":"https:\/\/colegioarquitectos.com\/noticias\/index.php?rest_route=\/wp\/v2\/pages\/11939\/revisions"}],"up":[{"embeddable":true,"href":"https:\/\/colegioarquitectos.com\/noticias\/index.php?rest_route=\/wp\/v2\/pages\/4841"}],"wp:attachment":[{"href":"https:\/\/colegioarquitectos.com\/noticias\/index.php?rest_route=%2Fwp%2Fv2%2Fmedia&parent=11939"}],"curies":[{"name":"wp","href":"https:\/\/api.w.org\/{rel}","templated":true}]}}