
{"id":11943,"date":"2016-03-30T19:36:13","date_gmt":"2016-03-30T19:36:13","guid":{"rendered":"http:\/\/colegioarquitectos.com\/?page_id=11943"},"modified":"2026-04-13T10:22:53","modified_gmt":"2026-04-13T14:22:53","slug":"consejo-de-presidentes-de-comites-cpc","status":"publish","type":"page","link":"https:\/\/colegioarquitectos.com\/noticias\/?page_id=11943","title":{"rendered":"CONSEJO DE \u00d3RGANOS ASESORES (COA)"},"content":{"rendered":"<p>&nbsp;<\/p>\n<h4>Documentos<\/h4>\n<hr \/>\n<p><a href=\"http:\/\/colegioarquitectos.com\/noticias\/wp-content\/uploads\/2020\/09\/ACUERDO-COA_06.08.2020_V2.pdf\" target=\"_blank\" rel=\"noopener noreferrer\"><img loading=\"lazy\" decoding=\"async\" class=\"alignnone\" src=\"http:\/\/www.colegioarquitectos.com\/imgs\/descargas_linea_punto\/pdfcolor.jpg\" alt=\"\" width=\"21\" height=\"21\" border=\"0\" \/><\/a>\u00a0Acuerdo Consejo de \u00d3rganos Asesores (COA) &#8211; 06.08.2020<\/p>\n<p><span style=\"color: #000000;\"><a style=\"color: #000000;\" href=\"https:\/\/colegioarquitectos.com\/noticias\/wp-content\/uploads\/2026\/03\/01-Apuntes-reunion-COA_26jul24.pdf\"><img loading=\"lazy\" decoding=\"async\" class=\"alignnone\" src=\"http:\/\/www.colegioarquitectos.com\/imgs\/descargas_linea_punto\/pdfcolor.jpg\" alt=\"\" width=\"21\" height=\"21\" border=\"0\" \/><\/a> <a style=\"color: #000000;\" href=\"https:\/\/colegioarquitectos.com\/noticias\/wp-content\/uploads\/2026\/03\/01-Apuntes-reunion-COA_26jul24.pdf\">26-07-2024 \u2014 Apuntes reuni\u00f3n COA<\/a><\/span><\/p>\n<p><span style=\"color: #000000;\"><a style=\"color: #000000;\" href=\"https:\/\/colegioarquitectos.com\/noticias\/wp-content\/uploads\/2026\/03\/02-Apuntes-reunion-COA_04junio2025.pdf\"><img loading=\"lazy\" decoding=\"async\" class=\"alignnone\" src=\"http:\/\/www.colegioarquitectos.com\/imgs\/descargas_linea_punto\/pdfcolor.jpg\" alt=\"\" width=\"21\" height=\"21\" border=\"0\" \/><\/a> <a style=\"color: #000000;\" href=\"https:\/\/colegioarquitectos.com\/noticias\/wp-content\/uploads\/2026\/03\/02-Apuntes-reunion-COA_04junio2025.pdf\">04-06-2025 \u2014 Apuntes reuni\u00f3n COA<\/a><\/span><\/p>\n<p><span style=\"color: #000000;\"><a style=\"color: #000000;\" href=\"https:\/\/colegioarquitectos.com\/noticias\/wp-content\/uploads\/2026\/03\/03-Apuntes-reunion-COA_02julio2025.pdf\"><img loading=\"lazy\" decoding=\"async\" class=\"alignnone\" src=\"http:\/\/www.colegioarquitectos.com\/imgs\/descargas_linea_punto\/pdfcolor.jpg\" alt=\"\" width=\"21\" height=\"21\" border=\"0\" \/><\/a> <a style=\"color: #000000;\" href=\"https:\/\/colegioarquitectos.com\/noticias\/wp-content\/uploads\/2026\/03\/03-Apuntes-reunion-COA_02julio2025.pdf\">02-07-2025 \u2014 Apuntes reuni\u00f3n COA<\/a><\/span><\/p>\n<p><span style=\"color: #000000;\"><a style=\"color: #000000;\" href=\"https:\/\/colegioarquitectos.com\/noticias\/wp-content\/uploads\/2026\/03\/04-Apuntes-reunion-COA_06ag2025.pdf\"><img loading=\"lazy\" decoding=\"async\" class=\"alignnone\" src=\"http:\/\/www.colegioarquitectos.com\/imgs\/descargas_linea_punto\/pdfcolor.jpg\" alt=\"\" width=\"21\" height=\"21\" border=\"0\" \/><\/a> <a style=\"color: #000000;\" href=\"https:\/\/colegioarquitectos.com\/noticias\/wp-content\/uploads\/2026\/03\/04-Apuntes-reunion-COA_06ag2025.pdf\">06-08-2025 \u2014 Apuntes reuni\u00f3n COA<\/a><\/span><\/p>\n<p><span style=\"color: #000000;\"><a style=\"color: #000000;\" href=\"https:\/\/colegioarquitectos.com\/noticias\/wp-content\/uploads\/2026\/03\/05-Apuntes-reunion-COA_03sept2025.pdf\"><img loading=\"lazy\" decoding=\"async\" class=\"alignnone\" src=\"http:\/\/www.colegioarquitectos.com\/imgs\/descargas_linea_punto\/pdfcolor.jpg\" alt=\"\" width=\"21\" height=\"21\" border=\"0\" \/><\/a> <a style=\"color: #000000;\" href=\"https:\/\/colegioarquitectos.com\/noticias\/wp-content\/uploads\/2026\/03\/05-Apuntes-reunion-COA_03sept2025.pdf\">03-09-2025 \u2014 Apuntes reuni\u00f3n COA<\/a><\/span><\/p>\n<p><span style=\"color: #000000;\"><a style=\"color: #000000;\" href=\"https:\/\/colegioarquitectos.com\/noticias\/wp-content\/uploads\/2026\/03\/06-Apuntes-reunion-COA_05nov2025.pdf\"><img loading=\"lazy\" decoding=\"async\" class=\"alignnone\" src=\"http:\/\/www.colegioarquitectos.com\/imgs\/descargas_linea_punto\/pdfcolor.jpg\" alt=\"\" width=\"21\" height=\"21\" border=\"0\" \/><\/a> <a style=\"color: #000000;\" href=\"https:\/\/colegioarquitectos.com\/noticias\/wp-content\/uploads\/2026\/03\/06-Apuntes-reunion-COA_05nov2025.pdf\">05-11-2025 \u2014 Apuntes reuni\u00f3n COA<\/a><\/span><\/p>\n<p><span style=\"color: #000000;\"><a style=\"color: #000000;\" href=\"https:\/\/colegioarquitectos.com\/noticias\/wp-content\/uploads\/2026\/03\/07-Apuntes-reunion-COA_07ene2026.pdf\"><img loading=\"lazy\" decoding=\"async\" class=\"alignnone\" src=\"http:\/\/www.colegioarquitectos.com\/imgs\/descargas_linea_punto\/pdfcolor.jpg\" alt=\"\" width=\"21\" height=\"21\" border=\"0\" \/><\/a> <a style=\"color: #000000;\" href=\"https:\/\/colegioarquitectos.com\/noticias\/wp-content\/uploads\/2026\/03\/07-Apuntes-reunion-COA_07ene2026.pdf\">07-01-2026 \u2014 Apuntes reuni\u00f3n COA<\/a><\/span><\/p>\n<p><span style=\"color: #000000;\"><a style=\"color: #000000;\" href=\"https:\/\/colegioarquitectos.com\/noticias\/wp-content\/uploads\/2026\/03\/08-Apuntes-reunion-COA_11mar2026.pdf\"><img loading=\"lazy\" decoding=\"async\" class=\"alignnone\" src=\"http:\/\/www.colegioarquitectos.com\/imgs\/descargas_linea_punto\/pdfcolor.jpg\" alt=\"\" width=\"21\" height=\"21\" border=\"0\" \/><\/a> <a style=\"color: #000000;\" href=\"https:\/\/colegioarquitectos.com\/noticias\/wp-content\/uploads\/2026\/03\/08-Apuntes-reunion-COA_11mar2026.pdf\">11-03-2026 \u2014 Apuntes reuni\u00f3n COA<\/a><\/span><\/p>\n<p><span style=\"color: #000000;\"><a style=\"color: #000000;\" href=\"https:\/\/colegioarquitectos.com\/noticias\/wp-content\/uploads\/2026\/04\/09-Apuntes-reunion-COA_08abr2026.pdf\"><img loading=\"lazy\" decoding=\"async\" class=\"alignnone\" src=\"http:\/\/www.colegioarquitectos.com\/imgs\/descargas_linea_punto\/pdfcolor.jpg\" alt=\"\" width=\"21\" height=\"21\" border=\"0\" \/><\/a><\/span> <span style=\"color: #000000;\"><a style=\"color: #000000;\" href=\"https:\/\/colegioarquitectos.com\/noticias\/wp-content\/uploads\/2026\/04\/09-Apuntes-reunion-COA_08abr2026.pdf\">08-04-2026 \u2014 Apuntes reuni\u00f3n COA<\/a><\/span><\/p>\n<p>&nbsp;<\/p>\n<h4>Comit\u00e9s<\/h4>\n<hr \/>\n<h4>Comit\u00e9 de Acci\u00f3n Gremial<\/h4>\n<p>-Inactivo-<\/p>\n<p><a href=\"mailto:cag@colegioarquitectos.com\">cag@colegioarquitectos.com<\/a><\/p>\n<p>&nbsp;<\/p>\n<h4>Comit\u00e9 de Arquitectura Deportiva<\/h4>\n<p>Presidenta: Isabel Mart\u00ednez Rodr\u00edguez<\/p>\n<p>Vicepresidenta: Paulina Andr\u00e9s Alarc\u00f3n<\/p>\n<p>Secretario: Felipe Mieres<\/p>\n<p><a href=\"mailto:cad@colegioarquitectos.com\">cad@colegioarquitectos.com<\/a><\/p>\n<p>&nbsp;<\/p>\n<h4>Comit\u00e9 de Arquitectos y Arquitectas J\u00f3venes<\/h4>\n<p>-Inactivo-<\/p>\n<p><a href=\"mailto:caj@colegioarquitectos.com\">caj@colegioarquitectos.com<\/a><\/p>\n<p>&nbsp;<\/p>\n<h4>Comit\u00e9 de Arquitectura Institucional y Concursos<\/h4>\n<p>Presidente: Agust\u00edn Infante Barros<\/p>\n<p>Vicepresidente: Juan Crist\u00f3bal Fern\u00e1ndez Y\u00e1\u00f1ez<\/p>\n<p>Secretario: Alberto Moletto Rodr\u00edguez<\/p>\n<p><a href=\"mailto:caic@colegioarquitectos.com\">caic@colegioarquitectos.com<\/a><\/p>\n<p>&nbsp;<\/p>\n<h4>Arquitecturas para la Salud<\/h4>\n<p>Presidenta: Paula Rojas Gonz\u00e1lez<\/p>\n<p>Vicepresidente: Cristian \u00c1lvarez Manivet<\/p>\n<p>Secretaria: Alejandra Foradori Peralta<\/p>\n<p><a href=\"mailto:caplas@colegioarquitectos.com\">caplas@colegioarquitectos.com<\/a><\/p>\n<p>&nbsp;<\/p>\n<h4>Comit\u00e9 BIM y TI (Tecnolog\u00edas de la Informaci\u00f3n)<\/h4>\n<p>Presidente: Daniel Lizana Salas<\/p>\n<p>Vicepresidente: Santiago Escobar Watson<\/p>\n<p>Secretaria: Nicol\u00e1s Vega<\/p>\n<p><a href=\"mailto:bim@colegioarquitectos.com\">bim@colegioarquitectos.com<\/a><\/p>\n<p>&nbsp;<\/p>\n<h4>Comit\u00e9 de Coordinaci\u00f3n de Accesibilidad Universal<\/h4>\n<p>Presidenta: Cecilia Leiva Mu\u00f1oz<\/p>\n<p>Vicepresidente: Pedro Alfaro Orellana<\/p>\n<p>Secretaria: Javiera Mesa L\u00f3pez<\/p>\n<p><a href=\"mailto:cau@colegioarquitectos.com\">cau@colegioarquitectos.com<\/a><\/p>\n<p>&nbsp;<\/p>\n<h4>Comit\u00e9 de Derechos Humanos y Ciudadanos<\/h4>\n<p>Presidenta: Viviana Teuche Vega<\/p>\n<p>Vicepresidenta: Patricia Henr\u00edquez Orellana<\/p>\n<p>Secretaria: Gloria Hidalgo Beas<\/p>\n<p><a href=\"mailto:ddhh@colegioarquitectos.com\">ddhh@colegioarquitectos.com<\/a><\/p>\n<p>&nbsp;<\/p>\n<h4>Comit\u00e9 de Desarrollo Urbano<\/h4>\n<p>Presidente: Enrique Venegas Flores<\/p>\n<p>Vicepresidente: Germ\u00e1n Contreras Mu\u00f1oz<\/p>\n<p>Secretaria Ejecutiva: Natalia Monjes Orellana<\/p>\n<p><a href=\"mailto:cdu@colegioarquitectos.com\">cdu@colegioarquitectos.com<\/a><\/p>\n<p>&nbsp;<\/p>\n<h4>Comit\u00e9 de Docencia<\/h4>\n<p>-Inactivo-<\/p>\n<p><a href=\"mailto:cdoc@colegioarquitectos.com\">cdoc@colegioarquitectos.com<\/a><\/p>\n<p>&nbsp;<\/p>\n<h4>Comit\u00e9 de Gesti\u00f3n Inmobiliaria<\/h4>\n<p>Presidente: Gonzalo Mart\u00ednez de Urquidi<\/p>\n<p>Vicepresidenta: Mariela Curubeto Trilnik<\/p>\n<p>Secretario: Luis Arriagada Arregui<\/p>\n<p>&nbsp;<\/p>\n<h4>Comit\u00e9 de H\u00e1bitat y Vivienda<\/h4>\n<p>Presidenta:\u00a0Ana Sugranyes Bickel<\/p>\n<p>Vicepresidente: Adolfo L\u00f3pez Sepulveda<\/p>\n<p>Secretario: Francisco Astete<\/p>\n<p>Asistente a la presidencia: Jos\u00e9 Ignacio D\u00edaz<\/p>\n<p><a href=\"mailto:chv@colegioarquitectos.com\">chv@colegioarquitectos.com<\/a><\/p>\n<p>&nbsp;<\/p>\n<h4>Comit\u00e9 de Leyes y Ordenanzas<\/h4>\n<p>-Inactivo-<\/p>\n<p>&nbsp;<\/p>\n<h4>Comit\u00e9 de Paisaje<\/h4>\n<p>Presidente:\u00a0Eduardo Brito Murgam<\/p>\n<p>Vicepresidente:\u00a0Germ\u00e1n Aravena Ortiz<\/p>\n<p>Secretaria:\u00a0Paulina Andr\u00e9s Alarc\u00f3n<\/p>\n<p><a href=\"mailto:compai@colegioarquitectos.com\">compai@colegioarquitectos.com<\/a><\/p>\n<p>&nbsp;<\/p>\n<h4>Comit\u00e9 de Patrimonio Arquitect\u00f3nico y Ambiental<\/h4>\n<p>Presidenta:\u00a0Paz Undurraga Castelblanco<\/p>\n<p>Vicepresidente:\u00a0Carlos Inostroza Hern\u00e1ndez<\/p>\n<p>Secretario:\u00a0Ricardo Cruz Pecaric<\/p>\n<p>Encargado de Contenidos: Ignacio Julio Montaner<\/p>\n<p>Encargado de Comunicaciones:\u00a0Nicole Trejo Imilp\u00e1n<\/p>\n<p><a href=\"mailto:compat@colegioarquitectos.com\">compat@colegioarquitectos.com<\/a><\/p>\n<p>&nbsp;<\/p>\n<h4>Comit\u00e9 de Revisores Independientes<\/h4>\n<p>Presidente: Enrique Barba Campos<\/p>\n<p>Secretaria: Soledad S\u00e1nchez Gonz\u00e1lez<\/p>\n<p>&nbsp;<\/p>\n<h4>Comit\u00e9 de Sustentabilidad y Energ\u00eda<\/h4>\n<p>Presidenta: Tatiana Vidal Oyarz\u00fan<\/p>\n<p>Vicepresidente: Javier Carrasco Eade<\/p>\n<p>Secretario: Mauricio Ram\u00edrez Molina<\/p>\n<p><a href=\"mailto:ecoarq@colegioarquitectos.com\">ecoarq@colegioarquitectos.com<\/a><\/p>\n<p>&nbsp;<\/p>\n<h4>Comit\u00e9 de Tecnolog\u00eda<\/h4>\n<p>Presidente: Hugo Pereira Gigogne<\/p>\n<p>Vicepresidente: Diego Mellado Nogueira<\/p>\n<p>Secretaria: Andrea Vald\u00e9s Canepa<\/p>\n<p><a href=\"mailto:comtec@colegioarquitectos.com\">comtec@colegioarquitectos.com<\/a><\/p>\n<p>&nbsp;<\/p>\n<h4>Comit\u00e9 de G\u00e9nero<\/h4>\n<p>Presidenta: Alicia Alarc\u00f3n Ram\u00edrez<\/p>\n<p>Vicepresidenta: Patricia Z\u00e1rate S\u00e1ez<\/p>\n<p>Secretaria: Natalia Bustos Leiva<\/p>\n<p><a href=\"mailto:cdg@colegioarquitectos.com\">cdg@colegioarquitectos.com<\/a><\/p>\n<p>&nbsp;<\/p>\n<p><\/p>","protected":false},"excerpt":{"rendered":"<p>&nbsp; Documentos \u00a0Acuerdo Consejo de \u00d3rganos Asesores (COA) &#8211; 06.08.2020 26-07-2024 \u2014 Apuntes reuni\u00f3n COA 04-06-2025 \u2014 Apuntes reuni\u00f3n COA 02-07-2025 \u2014 Apuntes reuni\u00f3n COA 06-08-2025 \u2014 Apuntes reuni\u00f3n COA 03-09-2025 \u2014 Apuntes reuni\u00f3n COA 05-11-2025 \u2014 Apuntes reuni\u00f3n COA &hellip; <a class=\"more-link\" href=\"https:\/\/colegioarquitectos.com\/noticias\/?page_id=11943\">ver m\u00e1s<\/a><\/p>","protected":false},"author":4,"featured_media":0,"parent":4841,"menu_order":0,"comment_status":"closed","ping_status":"closed","template":"pages\/fullwidth.php","meta":{"footnotes":""},"class_list":["post-11943","page","type-page","status-publish","hentry"],"yoast_head":"<!-- This site is optimized with the Yoast SEO plugin v24.2 - https:\/\/yoast.com\/wordpress\/plugins\/seo\/ -->\n<title>CONSEJO DE \u00d3RGANOS ASESORES (COA) - COLEGIO DE ARQUITECTOS DE CHILE<\/title>\n<meta name=\"robots\" content=\"index, follow, max-snippet:-1, max-image-preview:large, max-video-preview:-1\" \/>\n<link rel=\"canonical\" href=\"https:\/\/colegioarquitectos.com\/noticias\/?page_id=11943\" \/>\n<meta property=\"og:locale\" content=\"es_ES\" \/>\n<meta property=\"og:type\" content=\"article\" \/>\n<meta property=\"og:title\" content=\"CONSEJO DE \u00d3RGANOS ASESORES (COA) - COLEGIO DE ARQUITECTOS DE CHILE\" \/>\n<meta property=\"og:description\" content=\"&nbsp; Documentos \u00a0Acuerdo Consejo de \u00d3rganos Asesores (COA) &#8211; 06.08.2020 26-07-2024 \u2014 Apuntes reuni\u00f3n COA 04-06-2025 \u2014 Apuntes reuni\u00f3n COA 02-07-2025 \u2014 Apuntes reuni\u00f3n COA 06-08-2025 \u2014 Apuntes reuni\u00f3n COA 03-09-2025 \u2014 Apuntes reuni\u00f3n COA 05-11-2025 \u2014 Apuntes reuni\u00f3n COA &hellip; ver m\u00e1s\" \/>\n<meta property=\"og:url\" content=\"https:\/\/colegioarquitectos.com\/noticias\/?page_id=11943\" \/>\n<meta property=\"og:site_name\" content=\"COLEGIO DE ARQUITECTOS DE CHILE\" \/>\n<meta property=\"article:publisher\" content=\"https:\/\/facebook.com\/Colegioarq\/\" \/>\n<meta property=\"article:modified_time\" content=\"2026-04-13T14:22:53+00:00\" \/>\n<meta property=\"og:image\" content=\"http:\/\/www.colegioarquitectos.com\/imgs\/descargas_linea_punto\/pdfcolor.jpg\" \/>\n<meta name=\"twitter:card\" content=\"summary_large_image\" \/>\n<meta name=\"twitter:site\" content=\"@colegioarq\" \/>\n<meta name=\"twitter:label1\" content=\"Tiempo de lectura\" \/>\n\t<meta name=\"twitter:data1\" content=\"4 minutos\" \/>\n<script type=\"application\/ld+json\" class=\"yoast-schema-graph\">{\"@context\":\"https:\/\/schema.org\",\"@graph\":[{\"@type\":\"WebPage\",\"@id\":\"https:\/\/colegioarquitectos.com\/noticias\/?page_id=11943\",\"url\":\"https:\/\/colegioarquitectos.com\/noticias\/?page_id=11943\",\"name\":\"CONSEJO DE \u00d3RGANOS ASESORES (COA) - COLEGIO DE ARQUITECTOS DE CHILE\",\"isPartOf\":{\"@id\":\"https:\/\/colegioarquitectos.com\/noticias\/#website\"},\"primaryImageOfPage\":{\"@id\":\"https:\/\/colegioarquitectos.com\/noticias\/?page_id=11943#primaryimage\"},\"image\":{\"@id\":\"https:\/\/colegioarquitectos.com\/noticias\/?page_id=11943#primaryimage\"},\"thumbnailUrl\":\"http:\/\/www.colegioarquitectos.com\/imgs\/descargas_linea_punto\/pdfcolor.jpg\",\"datePublished\":\"2016-03-30T19:36:13+00:00\",\"dateModified\":\"2026-04-13T14:22:53+00:00\",\"breadcrumb\":{\"@id\":\"https:\/\/colegioarquitectos.com\/noticias\/?page_id=11943#breadcrumb\"},\"inLanguage\":\"es\",\"potentialAction\":[{\"@type\":\"ReadAction\",\"target\":[\"https:\/\/colegioarquitectos.com\/noticias\/?page_id=11943\"]}]},{\"@type\":\"ImageObject\",\"inLanguage\":\"es\",\"@id\":\"https:\/\/colegioarquitectos.com\/noticias\/?page_id=11943#primaryimage\",\"url\":\"http:\/\/www.colegioarquitectos.com\/imgs\/descargas_linea_punto\/pdfcolor.jpg\",\"contentUrl\":\"http:\/\/www.colegioarquitectos.com\/imgs\/descargas_linea_punto\/pdfcolor.jpg\"},{\"@type\":\"BreadcrumbList\",\"@id\":\"https:\/\/colegioarquitectos.com\/noticias\/?page_id=11943#breadcrumb\",\"itemListElement\":[{\"@type\":\"ListItem\",\"position\":1,\"name\":\"Portada\",\"item\":\"https:\/\/colegioarquitectos.com\/noticias\"},{\"@type\":\"ListItem\",\"position\":2,\"name\":\"RNA: Plataforma de consulta de colegiados y colegiadas\",\"item\":\"https:\/\/colegioarquitectos.com\/noticias\/?page_id=4841\"},{\"@type\":\"ListItem\",\"position\":3,\"name\":\"CONSEJO DE \u00d3RGANOS ASESORES (COA)\"}]},{\"@type\":\"WebSite\",\"@id\":\"https:\/\/colegioarquitectos.com\/noticias\/#website\",\"url\":\"https:\/\/colegioarquitectos.com\/noticias\/\",\"name\":\"COLEGIO DE ARQUITECTOS DE CHILE\",\"description\":\"\",\"publisher\":{\"@id\":\"https:\/\/colegioarquitectos.com\/noticias\/#organization\"},\"potentialAction\":[{\"@type\":\"SearchAction\",\"target\":{\"@type\":\"EntryPoint\",\"urlTemplate\":\"https:\/\/colegioarquitectos.com\/noticias\/?s={search_term_string}\"},\"query-input\":{\"@type\":\"PropertyValueSpecification\",\"valueRequired\":true,\"valueName\":\"search_term_string\"}}],\"inLanguage\":\"es\"},{\"@type\":\"Organization\",\"@id\":\"https:\/\/colegioarquitectos.com\/noticias\/#organization\",\"name\":\"COLEGIO DE ARQUITECTOS DE CHILE\",\"url\":\"https:\/\/colegioarquitectos.com\/noticias\/\",\"logo\":{\"@type\":\"ImageObject\",\"inLanguage\":\"es\",\"@id\":\"https:\/\/colegioarquitectos.com\/noticias\/#\/schema\/logo\/image\/\",\"url\":\"https:\/\/colegioarquitectos.com\/noticias\/wp-content\/uploads\/2021\/05\/ENCABEZADO-LOGO-CA.jpg\",\"contentUrl\":\"https:\/\/colegioarquitectos.com\/noticias\/wp-content\/uploads\/2021\/05\/ENCABEZADO-LOGO-CA.jpg\",\"width\":690,\"height\":350,\"caption\":\"COLEGIO DE ARQUITECTOS DE CHILE\"},\"image\":{\"@id\":\"https:\/\/colegioarquitectos.com\/noticias\/#\/schema\/logo\/image\/\"},\"sameAs\":[\"https:\/\/facebook.com\/Colegioarq\/\",\"https:\/\/x.com\/colegioarq\",\"https:\/\/instagram.com\/colegioarq\",\"https:\/\/youtube.com\/@ColegiodeArquitectosdeChile\"]}]}<\/script>\n<!-- \/ Yoast SEO plugin. -->","yoast_head_json":{"title":"CONSEJO DE \u00d3RGANOS ASESORES (COA) - COLEGIO DE ARQUITECTOS DE CHILE","robots":{"index":"index","follow":"follow","max-snippet":"max-snippet:-1","max-image-preview":"max-image-preview:large","max-video-preview":"max-video-preview:-1"},"canonical":"https:\/\/colegioarquitectos.com\/noticias\/?page_id=11943","og_locale":"es_ES","og_type":"article","og_title":"CONSEJO DE \u00d3RGANOS ASESORES (COA) - COLEGIO DE ARQUITECTOS DE CHILE","og_description":"&nbsp; Documentos \u00a0Acuerdo Consejo de \u00d3rganos Asesores (COA) &#8211; 06.08.2020 26-07-2024 \u2014 Apuntes reuni\u00f3n COA 04-06-2025 \u2014 Apuntes reuni\u00f3n COA 02-07-2025 \u2014 Apuntes reuni\u00f3n COA 06-08-2025 \u2014 Apuntes reuni\u00f3n COA 03-09-2025 \u2014 Apuntes reuni\u00f3n COA 05-11-2025 \u2014 Apuntes reuni\u00f3n COA &hellip; ver m\u00e1s","og_url":"https:\/\/colegioarquitectos.com\/noticias\/?page_id=11943","og_site_name":"COLEGIO DE ARQUITECTOS DE CHILE","article_publisher":"https:\/\/facebook.com\/Colegioarq\/","article_modified_time":"2026-04-13T14:22:53+00:00","og_image":[{"url":"http:\/\/www.colegioarquitectos.com\/imgs\/descargas_linea_punto\/pdfcolor.jpg","type":"","width":"","height":""}],"twitter_card":"summary_large_image","twitter_site":"@colegioarq","twitter_misc":{"Tiempo de lectura":"4 minutos"},"schema":{"@context":"https:\/\/schema.org","@graph":[{"@type":"WebPage","@id":"https:\/\/colegioarquitectos.com\/noticias\/?page_id=11943","url":"https:\/\/colegioarquitectos.com\/noticias\/?page_id=11943","name":"CONSEJO DE \u00d3RGANOS ASESORES (COA) - COLEGIO DE ARQUITECTOS DE CHILE","isPartOf":{"@id":"https:\/\/colegioarquitectos.com\/noticias\/#website"},"primaryImageOfPage":{"@id":"https:\/\/colegioarquitectos.com\/noticias\/?page_id=11943#primaryimage"},"image":{"@id":"https:\/\/colegioarquitectos.com\/noticias\/?page_id=11943#primaryimage"},"thumbnailUrl":"http:\/\/www.colegioarquitectos.com\/imgs\/descargas_linea_punto\/pdfcolor.jpg","datePublished":"2016-03-30T19:36:13+00:00","dateModified":"2026-04-13T14:22:53+00:00","breadcrumb":{"@id":"https:\/\/colegioarquitectos.com\/noticias\/?page_id=11943#breadcrumb"},"inLanguage":"es","potentialAction":[{"@type":"ReadAction","target":["https:\/\/colegioarquitectos.com\/noticias\/?page_id=11943"]}]},{"@type":"ImageObject","inLanguage":"es","@id":"https:\/\/colegioarquitectos.com\/noticias\/?page_id=11943#primaryimage","url":"http:\/\/www.colegioarquitectos.com\/imgs\/descargas_linea_punto\/pdfcolor.jpg","contentUrl":"http:\/\/www.colegioarquitectos.com\/imgs\/descargas_linea_punto\/pdfcolor.jpg"},{"@type":"BreadcrumbList","@id":"https:\/\/colegioarquitectos.com\/noticias\/?page_id=11943#breadcrumb","itemListElement":[{"@type":"ListItem","position":1,"name":"Portada","item":"https:\/\/colegioarquitectos.com\/noticias"},{"@type":"ListItem","position":2,"name":"RNA: Plataforma de consulta de colegiados y colegiadas","item":"https:\/\/colegioarquitectos.com\/noticias\/?page_id=4841"},{"@type":"ListItem","position":3,"name":"CONSEJO DE \u00d3RGANOS ASESORES (COA)"}]},{"@type":"WebSite","@id":"https:\/\/colegioarquitectos.com\/noticias\/#website","url":"https:\/\/colegioarquitectos.com\/noticias\/","name":"COLEGIO DE ARQUITECTOS DE CHILE","description":"","publisher":{"@id":"https:\/\/colegioarquitectos.com\/noticias\/#organization"},"potentialAction":[{"@type":"SearchAction","target":{"@type":"EntryPoint","urlTemplate":"https:\/\/colegioarquitectos.com\/noticias\/?s={search_term_string}"},"query-input":{"@type":"PropertyValueSpecification","valueRequired":true,"valueName":"search_term_string"}}],"inLanguage":"es"},{"@type":"Organization","@id":"https:\/\/colegioarquitectos.com\/noticias\/#organization","name":"COLEGIO DE ARQUITECTOS DE CHILE","url":"https:\/\/colegioarquitectos.com\/noticias\/","logo":{"@type":"ImageObject","inLanguage":"es","@id":"https:\/\/colegioarquitectos.com\/noticias\/#\/schema\/logo\/image\/","url":"https:\/\/colegioarquitectos.com\/noticias\/wp-content\/uploads\/2021\/05\/ENCABEZADO-LOGO-CA.jpg","contentUrl":"https:\/\/colegioarquitectos.com\/noticias\/wp-content\/uploads\/2021\/05\/ENCABEZADO-LOGO-CA.jpg","width":690,"height":350,"caption":"COLEGIO DE ARQUITECTOS DE CHILE"},"image":{"@id":"https:\/\/colegioarquitectos.com\/noticias\/#\/schema\/logo\/image\/"},"sameAs":["https:\/\/facebook.com\/Colegioarq\/","https:\/\/x.com\/colegioarq","https:\/\/instagram.com\/colegioarq","https:\/\/youtube.com\/@ColegiodeArquitectosdeChile"]}]}},"_links":{"self":[{"href":"https:\/\/colegioarquitectos.com\/noticias\/index.php?rest_route=\/wp\/v2\/pages\/11943","targetHints":{"allow":["GET"]}}],"collection":[{"href":"https:\/\/colegioarquitectos.com\/noticias\/index.php?rest_route=\/wp\/v2\/pages"}],"about":[{"href":"https:\/\/colegioarquitectos.com\/noticias\/index.php?rest_route=\/wp\/v2\/types\/page"}],"author":[{"embeddable":true,"href":"https:\/\/colegioarquitectos.com\/noticias\/index.php?rest_route=\/wp\/v2\/users\/4"}],"replies":[{"embeddable":true,"href":"https:\/\/colegioarquitectos.com\/noticias\/index.php?rest_route=%2Fwp%2Fv2%2Fcomments&post=11943"}],"version-history":[{"count":7,"href":"https:\/\/colegioarquitectos.com\/noticias\/index.php?rest_route=\/wp\/v2\/pages\/11943\/revisions"}],"predecessor-version":[{"id":35254,"href":"https:\/\/colegioarquitectos.com\/noticias\/index.php?rest_route=\/wp\/v2\/pages\/11943\/revisions\/35254"}],"up":[{"embeddable":true,"href":"https:\/\/colegioarquitectos.com\/noticias\/index.php?rest_route=\/wp\/v2\/pages\/4841"}],"wp:attachment":[{"href":"https:\/\/colegioarquitectos.com\/noticias\/index.php?rest_route=%2Fwp%2Fv2%2Fmedia&parent=11943"}],"curies":[{"name":"wp","href":"https:\/\/api.w.org\/{rel}","templated":true}]}}