
{"id":12900,"date":"2016-05-18T21:17:01","date_gmt":"2016-05-18T21:17:01","guid":{"rendered":"http:\/\/colegioarquitectos.com\/?page_id=12900"},"modified":"2026-01-05T11:34:41","modified_gmt":"2026-01-05T15:34:41","slug":"tribunal-de-etica-tribunal-de-apelaciones","status":"publish","type":"page","link":"https:\/\/colegioarquitectos.com\/noticias\/?page_id=12900","title":{"rendered":"DOCUMENTOS Y FALLOS TRIBUNAL DE \u00c9TICA NACIONAL (TEN) Y\u00a0TRIBUNAL NACIONAL DE APELACIONES (TNA)"},"content":{"rendered":"<h4><\/h4>\n<h4><\/h4>\n<h4>\u00a0<strong>Documentos Tribunal de \u00c9tica Nacional\u00a0<\/strong><\/h4>\n<hr \/>\n<p class=\"texto-gris\"><span class=\"texto-naranjo\"><a class=\"pie_pagina\" href=\"http:\/\/colegioarquitectos.com\/noticias\/wp-content\/uploads\/2017\/03\/C\u00f3digo_\u00c9tica_CA.pdf\" target=\"_blank\" rel=\"noopener noreferrer\"><img loading=\"lazy\" decoding=\"async\" id=\"Image101\" class=\"texto-gris\" src=\"http:\/\/www.colegioarquitectos.com\/imgs\/descargas_linea_punto\/pdfcolor.jpg\" alt=\"\" width=\"21\" height=\"21\" name=\"Image101\" border=\"0\" \/><\/a><\/span> C\u00f3digo de \u00c9tica<\/p>\n<p class=\"Estilo3\"><span class=\"texto-naranjo\"><a class=\"pie_pagina\" href=\"http:\/\/colegioarquitectos.com\/noticias\/wp-content\/uploads\/2016\/07\/Reglamento-TEN1.pdf\"><img loading=\"lazy\" decoding=\"async\" id=\"Image101\" class=\"texto-gris\" src=\"http:\/\/www.colegioarquitectos.com\/imgs\/descargas_linea_punto\/pdfcolor.jpg\" alt=\"\" width=\"21\" height=\"21\" name=\"Image1012\" border=\"0\" \/><\/a><\/span> Reglamento General de los Tribunales de \u00c9tica<\/p>\n<h3 align=\"left\"><\/h3>\n<p>&nbsp;<\/p>\n<h4><strong>Denuncias al Tribunal de \u00c9tica Nacional\u00a0<\/strong><\/h4>\n<hr \/>\n<p align=\"left\">Descarga el siguiente formulario (DOC),\u00a0 completa\u00a0 y env\u00edanos tu denuncia a trav\u00e9s de correo electr\u00f3nico a : <strong>ten@colegioarquitectos.com\u00a0 \/ cc: secretaria@colegioarquitectos.com<\/strong><\/p>\n<p align=\"left\"><span class=\"texto-negro-bold\"><strong><span class=\"texto-gris\">\u00a0<a href=\"https:\/\/colegioarquitectos.com\/noticias\/wp-content\/uploads\/2023\/03\/TENDenunciaPreliminarFORMULARIO.doc\" target=\"_blank\" rel=\"noopener\"><img loading=\"lazy\" decoding=\"async\" class=\"wp-image-30066 alignnone\" src=\"https:\/\/colegioarquitectos.com\/noticias\/wp-content\/uploads\/2023\/03\/form-180x180.png\" alt=\"\" width=\"16\" height=\"17\" srcset=\"https:\/\/colegioarquitectos.com\/noticias\/wp-content\/uploads\/2023\/03\/form-180x180.png 180w, https:\/\/colegioarquitectos.com\/noticias\/wp-content\/uploads\/2023\/03\/form-300x300.png 300w, https:\/\/colegioarquitectos.com\/noticias\/wp-content\/uploads\/2023\/03\/form.png 512w\" sizes=\"auto, (max-width: 16px) 100vw, 16px\" \/><\/a>\u00a0\u00a0<\/span><a href=\"https:\/\/colegioarquitectos.com\/noticias\/wp-content\/uploads\/2023\/03\/TENDenunciaPreliminarFORMULARIO.doc\" target=\"_blank\" rel=\"noopener\">Formulario de Denuncia<\/a><\/strong><\/span><\/p>\n<h3><\/h3>\n<p>&nbsp;<\/p>\n<h4><span class=\"texto-negro-bold\"><strong>Documentos Tribunal Nacional de Apelaciones<\/strong><\/span><\/h4>\n<hr \/>\n<p align=\"left\"><span class=\"Estilo3\"><span class=\"texto-naranjo\"><a class=\"pie_pagina\" href=\"https:\/\/colegioarquitectos.com\/noticias\/wp-content\/uploads\/2022\/10\/Reglamento-TNA-Colegio-de-Arquitectos-A.G.-DN-28-27.09.21.pdf\"><img loading=\"lazy\" decoding=\"async\" id=\"Image101\" class=\"texto-gris alignnone\" src=\"http:\/\/www.colegioarquitectos.com\/imgs\/descargas_linea_punto\/pdfcolor.jpg\" alt=\"\" width=\"21\" height=\"21\" name=\"Image1012113\" border=\"0\" \/><\/a><\/span>\u00a0Reglamento del Tribunal Nacional de Apelaciones del Colegio de Arquitectos de Chile<\/span><\/p>\n<p>&nbsp;<\/p>\n<p>&nbsp;<\/p>\n<h4><strong>Fallos p\u00fablicos<\/strong><\/h4>\n<hr \/>\n<p><strong>Fallos primera instancia Tribunal de \u00c9tica (TEN) | <strong style=\"font-family: inherit; font-size: inherit;\">Fallos Emitidos Tribunal Nacional de Apelaciones (TNA)<\/strong><\/strong><\/p>\n<ul>\n<li><span class=\"Estilo3\"><span class=\"texto-naranjo\"><img loading=\"lazy\" decoding=\"async\" id=\"Image101\" class=\"texto-gris alignnone\" src=\"http:\/\/www.colegioarquitectos.com\/imgs\/descargas_linea_punto\/pdfcolor.jpg\" alt=\"\" width=\"21\" height=\"21\" name=\"Image1012113\" border=\"0\" \/> <a href=\"https:\/\/colegioarquitectos.com\/noticias\/wp-content\/uploads\/2025\/03\/sentencia-TNA-caso-19-04-09-11-2022.pdf\">Fallo Caso 02-03 (13 de marzo de 2025) (TNA)<\/a><\/span><\/span><\/li>\n<li><span class=\"Estilo3\"><span class=\"texto-naranjo\"><img loading=\"lazy\" decoding=\"async\" id=\"Image101\" class=\"texto-gris alignnone\" src=\"http:\/\/www.colegioarquitectos.com\/imgs\/descargas_linea_punto\/pdfcolor.jpg\" alt=\"\" width=\"21\" height=\"21\" name=\"Image1012113\" border=\"0\" \/> <a href=\"https:\/\/colegioarquitectos.com\/noticias\/wp-content\/uploads\/2022\/11\/sentencia-TNA-caso-19-04-09-11-2022-CC_firmado-1.pdf\">Fallo Caso 19-04 (11 de noviembre de 2022) (TNA)<\/a><\/span><\/span><\/li>\n<li><span class=\"Estilo3\"><span class=\"texto-naranjo\"><img loading=\"lazy\" decoding=\"async\" id=\"Image101\" class=\"texto-gris alignnone\" src=\"http:\/\/www.colegioarquitectos.com\/imgs\/descargas_linea_punto\/pdfcolor.jpg\" alt=\"\" width=\"21\" height=\"21\" name=\"Image1012113\" border=\"0\" \/> <a href=\"https:\/\/colegioarquitectos.com\/noticias\/wp-content\/uploads\/2022\/10\/sentencia-TNA-final-4-octubre-2.pdf\">Fallo Caso 20-03 (4 de octubre de 2022) (TNA)<\/a><\/span><\/span><\/li>\n<li><span class=\"Estilo3\"><span class=\"Estilo3\"><span class=\"texto-naranjo\"><img loading=\"lazy\" decoding=\"async\" id=\"Image101\" class=\"texto-gris alignnone\" src=\"http:\/\/www.colegioarquitectos.com\/imgs\/descargas_linea_punto\/pdfcolor.jpg\" alt=\"\" width=\"21\" height=\"21\" name=\"Image1012113\" border=\"0\" \/> <a href=\"https:\/\/colegioarquitectos.com\/noticias\/wp-content\/uploads\/2022\/05\/Fallo_Caso-20_01.pdf\">Caso 20-01 | E. Pacci &#8211; C. Garc\u00eda \/ Jorge Guzm\u00e1n (TEN)<\/a><\/span><\/span><\/span><\/li>\n<\/ul>\n<p>&nbsp;<\/p>\n<p><strong><span class=\"Estilo3\"><span class=\"texto-naranjo\">Fallos por avenimiento causa 19-05 (documentos)<\/span><\/span><\/strong><\/p>\n<ul>\n<li><span class=\"Estilo3\"><span class=\"texto-naranjo\"><img loading=\"lazy\" decoding=\"async\" id=\"Image101\" class=\"texto-gris alignnone\" src=\"http:\/\/www.colegioarquitectos.com\/imgs\/descargas_linea_punto\/pdfcolor.jpg\" alt=\"\" width=\"21\" height=\"21\" name=\"Image1012113\" border=\"0\" \/> <a href=\"https:\/\/colegioarquitectos.com\/noticias\/wp-content\/uploads\/2026\/01\/1905-RES-06-F9-FALLO-POR-AVENIMIENTO-confirmado.pdf\" target=\"_blank\" rel=\"noopener\">Causa 19-05 | Fallo por avenimiento<\/a><\/span><\/span><\/li>\n<li><span class=\"Estilo3\"><span class=\"texto-naranjo\"><img loading=\"lazy\" decoding=\"async\" id=\"Image101\" class=\"texto-gris alignnone\" src=\"http:\/\/www.colegioarquitectos.com\/imgs\/descargas_linea_punto\/pdfcolor.jpg\" alt=\"\" width=\"21\" height=\"21\" name=\"Image1012113\" border=\"0\" \/> <a href=\"https:\/\/colegioarquitectos.com\/noticias\/wp-content\/uploads\/2026\/01\/1905-CARTA-SRA.-PILAR-URREJOLA-FIRMADA-250825.pdf\" target=\"_blank\" rel=\"noopener\">Causa 19-05 | Carta Pilar Urrejola<\/a><\/span><\/span><\/li>\n<li><span class=\"Estilo3\"><span class=\"texto-naranjo\"><img loading=\"lazy\" decoding=\"async\" id=\"Image101\" class=\"texto-gris alignnone\" src=\"http:\/\/www.colegioarquitectos.com\/imgs\/descargas_linea_punto\/pdfcolor.jpg\" alt=\"\" width=\"21\" height=\"21\" name=\"Image1012113\" border=\"0\" \/> <a href=\"https:\/\/colegioarquitectos.com\/noticias\/wp-content\/uploads\/2026\/01\/1905-CARTA-SEBASTIAN-GRAY-FIRMADA.pdf\" target=\"_blank\" rel=\"noopener\">Causa 19-05 | Carta Sebasti\u00e1n Gray<\/a><\/span><\/span><\/li>\n<li><span class=\"Estilo3\"><span class=\"texto-naranjo\"><img loading=\"lazy\" decoding=\"async\" id=\"Image101\" class=\"texto-gris alignnone\" src=\"http:\/\/www.colegioarquitectos.com\/imgs\/descargas_linea_punto\/pdfcolor.jpg\" alt=\"\" width=\"21\" height=\"21\" name=\"Image1012113\" border=\"0\" \/> <a href=\"https:\/\/colegioarquitectos.com\/noticias\/wp-content\/uploads\/2026\/01\/1905-CARTA-LUIS-EDUARDO-BRESCIANI-P.-FIRMADA.pdf\" target=\"_blank\" rel=\"noopener\">Causa 19-05 | Carta Luis Eduardo Bresciani<\/a><\/span><\/span><\/li>\n<\/ul>\n<p><\/p>","protected":false},"excerpt":{"rendered":"<p>\u00a0Documentos Tribunal de \u00c9tica Nacional\u00a0 C\u00f3digo de \u00c9tica Reglamento General de los Tribunales de \u00c9tica &nbsp; Denuncias al Tribunal de \u00c9tica Nacional\u00a0 Descarga el siguiente formulario (DOC),\u00a0 completa\u00a0 y env\u00edanos tu denuncia a trav\u00e9s de correo electr\u00f3nico a : ten@colegioarquitectos.com\u00a0 &hellip; <a class=\"more-link\" href=\"https:\/\/colegioarquitectos.com\/noticias\/?page_id=12900\">ver m\u00e1s<\/a><\/p>","protected":false},"author":1,"featured_media":0,"parent":0,"menu_order":0,"comment_status":"closed","ping_status":"closed","template":"pages\/fullwidth.php","meta":{"footnotes":""},"class_list":["post-12900","page","type-page","status-publish","hentry"],"yoast_head":"<!-- This site is optimized with the Yoast SEO plugin v24.2 - https:\/\/yoast.com\/wordpress\/plugins\/seo\/ -->\n<title>DOCUMENTOS Y FALLOS TRIBUNAL DE \u00c9TICA NACIONAL (TEN) Y\u00a0TRIBUNAL NACIONAL DE APELACIONES (TNA) - COLEGIO DE ARQUITECTOS DE CHILE<\/title>\n<meta name=\"robots\" content=\"index, follow, max-snippet:-1, max-image-preview:large, max-video-preview:-1\" \/>\n<link rel=\"canonical\" href=\"https:\/\/colegioarquitectos.com\/noticias\/?page_id=12900\" \/>\n<meta property=\"og:locale\" content=\"es_ES\" \/>\n<meta property=\"og:type\" content=\"article\" \/>\n<meta property=\"og:title\" content=\"DOCUMENTOS Y FALLOS TRIBUNAL DE \u00c9TICA NACIONAL (TEN) Y\u00a0TRIBUNAL NACIONAL DE APELACIONES (TNA) - COLEGIO DE ARQUITECTOS DE CHILE\" \/>\n<meta property=\"og:description\" content=\"\u00a0Documentos Tribunal de \u00c9tica Nacional\u00a0 C\u00f3digo de \u00c9tica Reglamento General de los Tribunales de \u00c9tica &nbsp; Denuncias al Tribunal de \u00c9tica Nacional\u00a0 Descarga el siguiente formulario (DOC),\u00a0 completa\u00a0 y env\u00edanos tu denuncia a trav\u00e9s de correo electr\u00f3nico a : ten@colegioarquitectos.com\u00a0 &hellip; ver m\u00e1s\" \/>\n<meta property=\"og:url\" content=\"https:\/\/colegioarquitectos.com\/noticias\/?page_id=12900\" \/>\n<meta property=\"og:site_name\" content=\"COLEGIO DE ARQUITECTOS DE CHILE\" \/>\n<meta property=\"article:publisher\" content=\"https:\/\/facebook.com\/Colegioarq\/\" \/>\n<meta property=\"article:modified_time\" content=\"2026-01-05T15:34:41+00:00\" \/>\n<meta property=\"og:image\" content=\"http:\/\/www.colegioarquitectos.com\/imgs\/descargas_linea_punto\/pdfcolor.jpg\" \/>\n<meta name=\"twitter:card\" content=\"summary_large_image\" \/>\n<meta name=\"twitter:site\" content=\"@colegioarq\" \/>\n<meta name=\"twitter:label1\" content=\"Tiempo de lectura\" \/>\n\t<meta name=\"twitter:data1\" content=\"4 minutos\" \/>\n<script type=\"application\/ld+json\" class=\"yoast-schema-graph\">{\"@context\":\"https:\/\/schema.org\",\"@graph\":[{\"@type\":\"WebPage\",\"@id\":\"https:\/\/colegioarquitectos.com\/noticias\/?page_id=12900\",\"url\":\"https:\/\/colegioarquitectos.com\/noticias\/?page_id=12900\",\"name\":\"DOCUMENTOS Y FALLOS TRIBUNAL DE \u00c9TICA NACIONAL (TEN) Y\u00a0TRIBUNAL NACIONAL DE APELACIONES (TNA) - COLEGIO DE ARQUITECTOS DE CHILE\",\"isPartOf\":{\"@id\":\"https:\/\/colegioarquitectos.com\/noticias\/#website\"},\"primaryImageOfPage\":{\"@id\":\"https:\/\/colegioarquitectos.com\/noticias\/?page_id=12900#primaryimage\"},\"image\":{\"@id\":\"https:\/\/colegioarquitectos.com\/noticias\/?page_id=12900#primaryimage\"},\"thumbnailUrl\":\"http:\/\/www.colegioarquitectos.com\/imgs\/descargas_linea_punto\/pdfcolor.jpg\",\"datePublished\":\"2016-05-18T21:17:01+00:00\",\"dateModified\":\"2026-01-05T15:34:41+00:00\",\"breadcrumb\":{\"@id\":\"https:\/\/colegioarquitectos.com\/noticias\/?page_id=12900#breadcrumb\"},\"inLanguage\":\"es\",\"potentialAction\":[{\"@type\":\"ReadAction\",\"target\":[\"https:\/\/colegioarquitectos.com\/noticias\/?page_id=12900\"]}]},{\"@type\":\"ImageObject\",\"inLanguage\":\"es\",\"@id\":\"https:\/\/colegioarquitectos.com\/noticias\/?page_id=12900#primaryimage\",\"url\":\"http:\/\/www.colegioarquitectos.com\/imgs\/descargas_linea_punto\/pdfcolor.jpg\",\"contentUrl\":\"http:\/\/www.colegioarquitectos.com\/imgs\/descargas_linea_punto\/pdfcolor.jpg\"},{\"@type\":\"BreadcrumbList\",\"@id\":\"https:\/\/colegioarquitectos.com\/noticias\/?page_id=12900#breadcrumb\",\"itemListElement\":[{\"@type\":\"ListItem\",\"position\":1,\"name\":\"Portada\",\"item\":\"https:\/\/colegioarquitectos.com\/noticias\"},{\"@type\":\"ListItem\",\"position\":2,\"name\":\"DOCUMENTOS Y FALLOS TRIBUNAL DE \u00c9TICA NACIONAL (TEN) Y\u00a0TRIBUNAL NACIONAL DE APELACIONES (TNA)\"}]},{\"@type\":\"WebSite\",\"@id\":\"https:\/\/colegioarquitectos.com\/noticias\/#website\",\"url\":\"https:\/\/colegioarquitectos.com\/noticias\/\",\"name\":\"COLEGIO DE ARQUITECTOS DE CHILE\",\"description\":\"\",\"publisher\":{\"@id\":\"https:\/\/colegioarquitectos.com\/noticias\/#organization\"},\"potentialAction\":[{\"@type\":\"SearchAction\",\"target\":{\"@type\":\"EntryPoint\",\"urlTemplate\":\"https:\/\/colegioarquitectos.com\/noticias\/?s={search_term_string}\"},\"query-input\":{\"@type\":\"PropertyValueSpecification\",\"valueRequired\":true,\"valueName\":\"search_term_string\"}}],\"inLanguage\":\"es\"},{\"@type\":\"Organization\",\"@id\":\"https:\/\/colegioarquitectos.com\/noticias\/#organization\",\"name\":\"COLEGIO DE ARQUITECTOS DE CHILE\",\"url\":\"https:\/\/colegioarquitectos.com\/noticias\/\",\"logo\":{\"@type\":\"ImageObject\",\"inLanguage\":\"es\",\"@id\":\"https:\/\/colegioarquitectos.com\/noticias\/#\/schema\/logo\/image\/\",\"url\":\"https:\/\/colegioarquitectos.com\/noticias\/wp-content\/uploads\/2021\/05\/ENCABEZADO-LOGO-CA.jpg\",\"contentUrl\":\"https:\/\/colegioarquitectos.com\/noticias\/wp-content\/uploads\/2021\/05\/ENCABEZADO-LOGO-CA.jpg\",\"width\":690,\"height\":350,\"caption\":\"COLEGIO DE ARQUITECTOS DE CHILE\"},\"image\":{\"@id\":\"https:\/\/colegioarquitectos.com\/noticias\/#\/schema\/logo\/image\/\"},\"sameAs\":[\"https:\/\/facebook.com\/Colegioarq\/\",\"https:\/\/x.com\/colegioarq\",\"https:\/\/instagram.com\/colegioarq\",\"https:\/\/youtube.com\/@ColegiodeArquitectosdeChile\"]}]}<\/script>\n<!-- \/ Yoast SEO plugin. -->","yoast_head_json":{"title":"DOCUMENTOS Y FALLOS TRIBUNAL DE \u00c9TICA NACIONAL (TEN) Y\u00a0TRIBUNAL NACIONAL DE APELACIONES (TNA) - COLEGIO DE ARQUITECTOS DE CHILE","robots":{"index":"index","follow":"follow","max-snippet":"max-snippet:-1","max-image-preview":"max-image-preview:large","max-video-preview":"max-video-preview:-1"},"canonical":"https:\/\/colegioarquitectos.com\/noticias\/?page_id=12900","og_locale":"es_ES","og_type":"article","og_title":"DOCUMENTOS Y FALLOS TRIBUNAL DE \u00c9TICA NACIONAL (TEN) Y\u00a0TRIBUNAL NACIONAL DE APELACIONES (TNA) - COLEGIO DE ARQUITECTOS DE CHILE","og_description":"\u00a0Documentos Tribunal de \u00c9tica Nacional\u00a0 C\u00f3digo de \u00c9tica Reglamento General de los Tribunales de \u00c9tica &nbsp; Denuncias al Tribunal de \u00c9tica Nacional\u00a0 Descarga el siguiente formulario (DOC),\u00a0 completa\u00a0 y env\u00edanos tu denuncia a trav\u00e9s de correo electr\u00f3nico a : ten@colegioarquitectos.com\u00a0 &hellip; ver m\u00e1s","og_url":"https:\/\/colegioarquitectos.com\/noticias\/?page_id=12900","og_site_name":"COLEGIO DE ARQUITECTOS DE CHILE","article_publisher":"https:\/\/facebook.com\/Colegioarq\/","article_modified_time":"2026-01-05T15:34:41+00:00","og_image":[{"url":"http:\/\/www.colegioarquitectos.com\/imgs\/descargas_linea_punto\/pdfcolor.jpg","type":"","width":"","height":""}],"twitter_card":"summary_large_image","twitter_site":"@colegioarq","twitter_misc":{"Tiempo de lectura":"4 minutos"},"schema":{"@context":"https:\/\/schema.org","@graph":[{"@type":"WebPage","@id":"https:\/\/colegioarquitectos.com\/noticias\/?page_id=12900","url":"https:\/\/colegioarquitectos.com\/noticias\/?page_id=12900","name":"DOCUMENTOS Y FALLOS TRIBUNAL DE \u00c9TICA NACIONAL (TEN) Y\u00a0TRIBUNAL NACIONAL DE APELACIONES (TNA) - COLEGIO DE ARQUITECTOS DE CHILE","isPartOf":{"@id":"https:\/\/colegioarquitectos.com\/noticias\/#website"},"primaryImageOfPage":{"@id":"https:\/\/colegioarquitectos.com\/noticias\/?page_id=12900#primaryimage"},"image":{"@id":"https:\/\/colegioarquitectos.com\/noticias\/?page_id=12900#primaryimage"},"thumbnailUrl":"http:\/\/www.colegioarquitectos.com\/imgs\/descargas_linea_punto\/pdfcolor.jpg","datePublished":"2016-05-18T21:17:01+00:00","dateModified":"2026-01-05T15:34:41+00:00","breadcrumb":{"@id":"https:\/\/colegioarquitectos.com\/noticias\/?page_id=12900#breadcrumb"},"inLanguage":"es","potentialAction":[{"@type":"ReadAction","target":["https:\/\/colegioarquitectos.com\/noticias\/?page_id=12900"]}]},{"@type":"ImageObject","inLanguage":"es","@id":"https:\/\/colegioarquitectos.com\/noticias\/?page_id=12900#primaryimage","url":"http:\/\/www.colegioarquitectos.com\/imgs\/descargas_linea_punto\/pdfcolor.jpg","contentUrl":"http:\/\/www.colegioarquitectos.com\/imgs\/descargas_linea_punto\/pdfcolor.jpg"},{"@type":"BreadcrumbList","@id":"https:\/\/colegioarquitectos.com\/noticias\/?page_id=12900#breadcrumb","itemListElement":[{"@type":"ListItem","position":1,"name":"Portada","item":"https:\/\/colegioarquitectos.com\/noticias"},{"@type":"ListItem","position":2,"name":"DOCUMENTOS Y FALLOS TRIBUNAL DE \u00c9TICA NACIONAL (TEN) Y\u00a0TRIBUNAL NACIONAL DE APELACIONES (TNA)"}]},{"@type":"WebSite","@id":"https:\/\/colegioarquitectos.com\/noticias\/#website","url":"https:\/\/colegioarquitectos.com\/noticias\/","name":"COLEGIO DE ARQUITECTOS DE CHILE","description":"","publisher":{"@id":"https:\/\/colegioarquitectos.com\/noticias\/#organization"},"potentialAction":[{"@type":"SearchAction","target":{"@type":"EntryPoint","urlTemplate":"https:\/\/colegioarquitectos.com\/noticias\/?s={search_term_string}"},"query-input":{"@type":"PropertyValueSpecification","valueRequired":true,"valueName":"search_term_string"}}],"inLanguage":"es"},{"@type":"Organization","@id":"https:\/\/colegioarquitectos.com\/noticias\/#organization","name":"COLEGIO DE ARQUITECTOS DE CHILE","url":"https:\/\/colegioarquitectos.com\/noticias\/","logo":{"@type":"ImageObject","inLanguage":"es","@id":"https:\/\/colegioarquitectos.com\/noticias\/#\/schema\/logo\/image\/","url":"https:\/\/colegioarquitectos.com\/noticias\/wp-content\/uploads\/2021\/05\/ENCABEZADO-LOGO-CA.jpg","contentUrl":"https:\/\/colegioarquitectos.com\/noticias\/wp-content\/uploads\/2021\/05\/ENCABEZADO-LOGO-CA.jpg","width":690,"height":350,"caption":"COLEGIO DE ARQUITECTOS DE CHILE"},"image":{"@id":"https:\/\/colegioarquitectos.com\/noticias\/#\/schema\/logo\/image\/"},"sameAs":["https:\/\/facebook.com\/Colegioarq\/","https:\/\/x.com\/colegioarq","https:\/\/instagram.com\/colegioarq","https:\/\/youtube.com\/@ColegiodeArquitectosdeChile"]}]}},"_links":{"self":[{"href":"https:\/\/colegioarquitectos.com\/noticias\/index.php?rest_route=\/wp\/v2\/pages\/12900","targetHints":{"allow":["GET"]}}],"collection":[{"href":"https:\/\/colegioarquitectos.com\/noticias\/index.php?rest_route=\/wp\/v2\/pages"}],"about":[{"href":"https:\/\/colegioarquitectos.com\/noticias\/index.php?rest_route=\/wp\/v2\/types\/page"}],"author":[{"embeddable":true,"href":"https:\/\/colegioarquitectos.com\/noticias\/index.php?rest_route=\/wp\/v2\/users\/1"}],"replies":[{"embeddable":true,"href":"https:\/\/colegioarquitectos.com\/noticias\/index.php?rest_route=%2Fwp%2Fv2%2Fcomments&post=12900"}],"version-history":[{"count":8,"href":"https:\/\/colegioarquitectos.com\/noticias\/index.php?rest_route=\/wp\/v2\/pages\/12900\/revisions"}],"predecessor-version":[{"id":34960,"href":"https:\/\/colegioarquitectos.com\/noticias\/index.php?rest_route=\/wp\/v2\/pages\/12900\/revisions\/34960"}],"wp:attachment":[{"href":"https:\/\/colegioarquitectos.com\/noticias\/index.php?rest_route=%2Fwp%2Fv2%2Fmedia&parent=12900"}],"curies":[{"name":"wp","href":"https:\/\/api.w.org\/{rel}","templated":true}]}}