
{"id":25300,"date":"2020-07-01T15:26:26","date_gmt":"2020-07-01T15:26:26","guid":{"rendered":"http:\/\/colegioarquitectos.com\/?page_id=25300"},"modified":"2022-04-18T12:35:44","modified_gmt":"2022-04-18T16:35:44","slug":"comite-bim","status":"publish","type":"page","link":"https:\/\/colegioarquitectos.com\/noticias\/?page_id=25300","title":{"rendered":"COMIT\u00c9 BIM Y TI (TECNOLOG\u00cdAS DE LA INFORMACI\u00d3N)"},"content":{"rendered":"<h4>DESCRIPCI\u00d3N \u00d3RGANO ASESOR<\/h4>\n<hr \/>\n<p>El Comit\u00e9 Bim y TI (tecnolog\u00edas de la informaci\u00f3n) se compone por arquitectos que se desempe\u00f1an en diferentes \u00e1reas del rubro de la construcci\u00f3n, entregando una visi\u00f3n integral de los usos de la metodolog\u00eda BIM a lo largo del ciclo de vida de los proyectos.<\/p>\n<h4><\/h4>\n<h4>OBJETIVOS<\/h4>\n<hr \/>\n<h5><strong>OBJETIVO GENERAL<\/strong><\/h5>\n<ul>\n<li>Buscamos apoyar e informar a toda la comunidad; acerca de las \u00faltimas tecnolog\u00edas aplicadas a la construcci\u00f3n, centrados en la metodolog\u00eda Bim.<\/li>\n<\/ul>\n<p>&nbsp;<\/p>\n<h5><strong>OBJETIVOS ESPEC\u00cdFICOS<\/strong><\/h5>\n<ul>\n<li>Buscamos aprovechar el potencial e importancia de la correcta implementaci\u00f3n de las tecnolog\u00edas BIM para el desarrollo de proyectos p\u00fablicos y privados a nivel Nacional.<\/li>\n<li>Buscamos facilitar y potenciar, los procesos de educaci\u00f3n y capacitaci\u00f3n de estas nuevas tecnolog\u00edas, facilitando los procesos colaborativos; y la necesidad de mantener altos est\u00e1ndares BIM para optimizar el uso de la informaci\u00f3n que se comparte en las distintas fases de un proyecto.<\/li>\n<li>Dentro de nuestro plan anual de trabajo 2020 &#8211; 2021 se encontraron las siguientes iniciativas:<\/li>\n<\/ul>\n<ol>\n<li>Refundaci\u00f3n del comit\u00e9<\/li>\n<\/ol>\n<p>2. Estudio y Participaci\u00f3n sesiones de trabajo de Nuevos estatutos<\/p>\n<p>3. Mejorar la equidad de g\u00e9nero en el comit\u00e9<\/p>\n<p>4. Fomento del comit\u00e9 a regiones<\/p>\n<p>5. Participaci\u00f3n activa de los miembros del comit\u00e9 en frentes p\u00fablicos y privados del ejercicio profesional relacionados al Bim.<\/p>\n<p>6. Promover la discusi\u00f3n del Plan Bim y el programa construye 2025 (iniciativas p\u00fablicas); y del Bim F\u00f3rum (iniciativas privadas); y de una postura gremial respecto al BIM (arquitectos CA).<\/p>\n<p>7. Apoyo y discusi\u00f3n de protocolos SARS-COV-2(COVID-19), desde una mirada descentralizada para el establecimiento de criterios comunes de aplicaci\u00f3n, desde una mirada participativa.<\/p>\n<p>&nbsp;<\/p>\n<h4>MESA DIRECTIVA VIGENTE<\/h4>\n<hr \/>\n<p>&nbsp;<\/p>\n<p><strong>Presidente<\/strong><\/p>\n<p><strong>DANIEL ANTONIO LIZANA SALAS \/\u00a0ICA N\u00b0 12103<\/strong><\/p>\n<ul>\n<li>Arquitecto Universidad Mayor.<\/li>\n<li>Magister en Direcci\u00f3n de Proyectos con Eficiencia Energ\u00e9tica Universidad Mayor.<\/li>\n<li>Dise\u00f1o Arquitect\u00f3nico y Modelamiento de proyectos BIM \u2013 Hospitalarios.<\/li>\n<li>Modelado para Visualizaciones 3D.<\/li>\n<li>Curso Revit I y II CDC Academia.<\/li>\n<li>Curso AEC escuela de construcci\u00f3n civil PUC &#8211; BIM Avanzado.<\/li>\n<li>Diplomado en coordinaci\u00f3n Digital de especialidades BIM. Puntolab 2018.<\/li>\n<li>Desarrollo de Modelos BIM para estudio de Eficiencia Energ\u00e9tica en Arquitectura.<\/li>\n<li>Desarrollo de Modelos Design Builder en Base a Modelos BIM, para medici\u00f3n de la carga t\u00e9rmica.<\/li>\n<li>Master Internacional en C\u00e1lculo y Modelado BIM de instalaciones- 17a Edici\u00f3n. Zigurat Global Institute of Technology. Doble titulaci\u00f3n Universidad de Barcelona.<\/li>\n<li>Trabajo en proyecto de Telecomunicaciones para coordinaci\u00f3n de especialidades.<\/li>\n<li>Trabajo en proyecto de Hospitalarios de alta y mediana complejidad para consultora privada.<\/li>\n<\/ul>\n<p>&nbsp;<\/p>\n<p><strong>Vicepresidente<\/strong><\/p>\n<p><strong>SANTIAGO ESCOBAR WATSON\u00a0\/ ICA N\u00b0 5893<\/strong><\/p>\n<ul>\n<li>1993: Titulo de Arquitecto. Universidad de Chile.<\/li>\n<li>2018 &#8211; 2016 MAG\u00cdSTER BUILDING INFORMATION MODELING MANAGEMENT Universidad UNIACC.<\/li>\n<li>Diplomado en Protocolos, Obtenci\u00f3n de datos en 3d BIM e Infraestructura UNIACC.<\/li>\n<li>Diplomando en Interoperabilidad y Plataformas BIM UNIACC.<\/li>\n<li>2014 Diplomado en Modelamiento avanzado de la informaci\u00f3n para proyectos de edificaci\u00f3n. Universidad Cat\u00f3lica, Escuela de Construcci\u00f3n Civil<\/li>\n<li>2013 Diplomado en Nuevas Tecnolog\u00edas Digitales en Arquitectura: Modelaci\u00f3n y Desarrollo de Proyectos BIM, Facultad de Arquitectura, Dise\u00f1o y Estudios Urbanos Universidad Cat\u00f3lica<\/li>\n<li>2009 Curso Modelamiento Revit de Autodesk por CDC<\/li>\n<li>2021 \u2013 Director de obras Fuerza A\u00e9rea de Chile (FACH) Proyecto Sistema Nacional Satelital (SNSAT),\u00a0\u00a0 Edificios: Centro Nacional Espacial, Estaci\u00f3n Satelital Terrena Austral y Terrestre.<\/li>\n<li>Director de Obras Proyecto habitabilidad y \u00c1reas operaciones Zona Norte<\/li>\n<li>Director de Obras Fuerza A\u00e9rea de Chile Nueva Base Fuerza A\u00e9rea de Chile en Quintero<\/li>\n<li>Director de Obras Fuerza A\u00e9rea de Chile Proyecto Base Aviones F-16 en Iquique.<\/li>\n<li>2019 &#8211; Profesor Procesos Y Protocolos Aplicados en Proyectos de Construcci\u00f3n BIM\/ Programa Mag\u00edster management BIM Universidad UNIACC.<\/li>\n<li>2019 &#8211; Profesor en Instalaciones y Construcciones en un Entorno BIM \/ Pasantia en Obra. Pregrado. Universidad UNIACC<\/li>\n<\/ul>\n<p>&nbsp;<\/p>\n<p><strong>Secretario<\/strong><\/p>\n<p><strong>NICOL\u00c1S VEGA ROJAS<\/strong><\/p>\n<ul>\n<li>Master en ciencias, tecnolog\u00eda y salud Universidad de Burdeos I en conjunto a la Escuela Nacional de Arquitectura y Paisaje de Burdeos.<\/li>\n<li>Arquitecto Universidad Central.<\/li>\n<li>\u00a0 \u00a0 \u00a0 \u00a0Profesor Escuela de Arquitectura Universidad Cat\u00f3lica del Norte<\/li>\n<li>\u00a0 \u00a0 \u00a0 \u00a0Arquitecto Servicio de Salud Antofagasta<\/li>\n<li>BIM Manager y Project Manager en Aerocaptura SpA<\/li>\n<li>Preparador de proyectos BIM en Cluster ESKAL EUREKA Bayonne Francia.<\/li>\n<li>\u00a0 \u00a0 \u00a0 \u00a0Arquitecto Hatch Chile.<\/li>\n<\/ul>\n<p>&nbsp;<\/p>\n<h4>REDES SOCIALES OFICIALES ACTIVAS<\/h4>\n<hr \/>\n<p>Twitter: <a href=\"https:\/\/twitter.com\/comitebim\">https:\/\/twitter.com\/comitebim<\/a><\/p>\n<p>Instagram: <a href=\"http:\/\/instagram.com\/comitebim\">http:\/\/instagram.com\/comitebim\u00a0\u00a0<\/a><\/p>\n<p>Facebook: <a href=\"http:\/\/www.facebook.com\/comite.bim\">http:\/\/www.facebook.com\/comite.bim<\/a><\/p>\n<p>Linkedin: <a href=\"http:\/\/www.linkedin.com\/in\/comite-bim-696053201\">http:\/\/www.linkedin.com\/in\/comite-bim-696053201<\/a><\/p>\n<p><a href=\"mailto:bim@colegioarquitectos.com\">bim@colegioarquitectos.com<\/a><\/p>\n<p><\/p>","protected":false},"excerpt":{"rendered":"<p>DESCRIPCI\u00d3N \u00d3RGANO ASESOR El Comit\u00e9 Bim y TI (tecnolog\u00edas de la informaci\u00f3n) se compone por arquitectos que se desempe\u00f1an en diferentes \u00e1reas del rubro de la construcci\u00f3n, entregando una visi\u00f3n integral de los usos de la metodolog\u00eda BIM a lo &hellip; <a class=\"more-link\" href=\"https:\/\/colegioarquitectos.com\/noticias\/?page_id=25300\">ver m\u00e1s<\/a><\/p>","protected":false},"author":4,"featured_media":0,"parent":0,"menu_order":0,"comment_status":"closed","ping_status":"closed","template":"pages\/fullwidth.php","meta":{"footnotes":""},"class_list":["post-25300","page","type-page","status-publish","hentry"],"yoast_head":"<!-- This site is optimized with the Yoast SEO plugin v24.2 - https:\/\/yoast.com\/wordpress\/plugins\/seo\/ -->\n<title>COMIT\u00c9 BIM Y TI (TECNOLOG\u00cdAS DE LA INFORMACI\u00d3N) - COLEGIO DE ARQUITECTOS DE CHILE<\/title>\n<meta name=\"robots\" content=\"index, follow, max-snippet:-1, max-image-preview:large, max-video-preview:-1\" \/>\n<link rel=\"canonical\" href=\"https:\/\/colegioarquitectos.com\/noticias\/?page_id=25300\" \/>\n<meta property=\"og:locale\" content=\"es_ES\" \/>\n<meta property=\"og:type\" content=\"article\" \/>\n<meta property=\"og:title\" content=\"COMIT\u00c9 BIM Y TI (TECNOLOG\u00cdAS DE LA INFORMACI\u00d3N) - COLEGIO DE ARQUITECTOS DE CHILE\" \/>\n<meta property=\"og:description\" content=\"DESCRIPCI\u00d3N \u00d3RGANO ASESOR El Comit\u00e9 Bim y TI (tecnolog\u00edas de la informaci\u00f3n) se compone por arquitectos que se desempe\u00f1an en diferentes \u00e1reas del rubro de la construcci\u00f3n, entregando una visi\u00f3n integral de los usos de la metodolog\u00eda BIM a lo &hellip; ver m\u00e1s\" \/>\n<meta property=\"og:url\" content=\"https:\/\/colegioarquitectos.com\/noticias\/?page_id=25300\" \/>\n<meta property=\"og:site_name\" content=\"COLEGIO DE ARQUITECTOS DE CHILE\" \/>\n<meta property=\"article:publisher\" content=\"https:\/\/facebook.com\/Colegioarq\/\" \/>\n<meta property=\"article:modified_time\" content=\"2022-04-18T16:35:44+00:00\" \/>\n<meta name=\"twitter:card\" content=\"summary_large_image\" \/>\n<meta name=\"twitter:site\" content=\"@colegioarq\" \/>\n<meta name=\"twitter:label1\" content=\"Tiempo de lectura\" \/>\n\t<meta name=\"twitter:data1\" content=\"4 minutos\" \/>\n<script type=\"application\/ld+json\" class=\"yoast-schema-graph\">{\"@context\":\"https:\/\/schema.org\",\"@graph\":[{\"@type\":\"WebPage\",\"@id\":\"https:\/\/colegioarquitectos.com\/noticias\/?page_id=25300\",\"url\":\"https:\/\/colegioarquitectos.com\/noticias\/?page_id=25300\",\"name\":\"COMIT\u00c9 BIM Y TI (TECNOLOG\u00cdAS DE LA INFORMACI\u00d3N) - COLEGIO DE ARQUITECTOS DE CHILE\",\"isPartOf\":{\"@id\":\"https:\/\/colegioarquitectos.com\/noticias\/#website\"},\"datePublished\":\"2020-07-01T15:26:26+00:00\",\"dateModified\":\"2022-04-18T16:35:44+00:00\",\"breadcrumb\":{\"@id\":\"https:\/\/colegioarquitectos.com\/noticias\/?page_id=25300#breadcrumb\"},\"inLanguage\":\"es\",\"potentialAction\":[{\"@type\":\"ReadAction\",\"target\":[\"https:\/\/colegioarquitectos.com\/noticias\/?page_id=25300\"]}]},{\"@type\":\"BreadcrumbList\",\"@id\":\"https:\/\/colegioarquitectos.com\/noticias\/?page_id=25300#breadcrumb\",\"itemListElement\":[{\"@type\":\"ListItem\",\"position\":1,\"name\":\"Portada\",\"item\":\"https:\/\/colegioarquitectos.com\/noticias\"},{\"@type\":\"ListItem\",\"position\":2,\"name\":\"COMIT\u00c9 BIM Y TI (TECNOLOG\u00cdAS DE LA INFORMACI\u00d3N)\"}]},{\"@type\":\"WebSite\",\"@id\":\"https:\/\/colegioarquitectos.com\/noticias\/#website\",\"url\":\"https:\/\/colegioarquitectos.com\/noticias\/\",\"name\":\"COLEGIO DE ARQUITECTOS DE CHILE\",\"description\":\"\",\"publisher\":{\"@id\":\"https:\/\/colegioarquitectos.com\/noticias\/#organization\"},\"potentialAction\":[{\"@type\":\"SearchAction\",\"target\":{\"@type\":\"EntryPoint\",\"urlTemplate\":\"https:\/\/colegioarquitectos.com\/noticias\/?s={search_term_string}\"},\"query-input\":{\"@type\":\"PropertyValueSpecification\",\"valueRequired\":true,\"valueName\":\"search_term_string\"}}],\"inLanguage\":\"es\"},{\"@type\":\"Organization\",\"@id\":\"https:\/\/colegioarquitectos.com\/noticias\/#organization\",\"name\":\"COLEGIO DE ARQUITECTOS DE CHILE\",\"url\":\"https:\/\/colegioarquitectos.com\/noticias\/\",\"logo\":{\"@type\":\"ImageObject\",\"inLanguage\":\"es\",\"@id\":\"https:\/\/colegioarquitectos.com\/noticias\/#\/schema\/logo\/image\/\",\"url\":\"https:\/\/colegioarquitectos.com\/noticias\/wp-content\/uploads\/2021\/05\/ENCABEZADO-LOGO-CA.jpg\",\"contentUrl\":\"https:\/\/colegioarquitectos.com\/noticias\/wp-content\/uploads\/2021\/05\/ENCABEZADO-LOGO-CA.jpg\",\"width\":690,\"height\":350,\"caption\":\"COLEGIO DE ARQUITECTOS DE CHILE\"},\"image\":{\"@id\":\"https:\/\/colegioarquitectos.com\/noticias\/#\/schema\/logo\/image\/\"},\"sameAs\":[\"https:\/\/facebook.com\/Colegioarq\/\",\"https:\/\/x.com\/colegioarq\",\"https:\/\/instagram.com\/colegioarq\",\"https:\/\/youtube.com\/@ColegiodeArquitectosdeChile\"]}]}<\/script>\n<!-- \/ Yoast SEO plugin. -->","yoast_head_json":{"title":"COMIT\u00c9 BIM Y TI (TECNOLOG\u00cdAS DE LA INFORMACI\u00d3N) - COLEGIO DE ARQUITECTOS DE CHILE","robots":{"index":"index","follow":"follow","max-snippet":"max-snippet:-1","max-image-preview":"max-image-preview:large","max-video-preview":"max-video-preview:-1"},"canonical":"https:\/\/colegioarquitectos.com\/noticias\/?page_id=25300","og_locale":"es_ES","og_type":"article","og_title":"COMIT\u00c9 BIM Y TI (TECNOLOG\u00cdAS DE LA INFORMACI\u00d3N) - COLEGIO DE ARQUITECTOS DE CHILE","og_description":"DESCRIPCI\u00d3N \u00d3RGANO ASESOR El Comit\u00e9 Bim y TI (tecnolog\u00edas de la informaci\u00f3n) se compone por arquitectos que se desempe\u00f1an en diferentes \u00e1reas del rubro de la construcci\u00f3n, entregando una visi\u00f3n integral de los usos de la metodolog\u00eda BIM a lo &hellip; ver m\u00e1s","og_url":"https:\/\/colegioarquitectos.com\/noticias\/?page_id=25300","og_site_name":"COLEGIO DE ARQUITECTOS DE CHILE","article_publisher":"https:\/\/facebook.com\/Colegioarq\/","article_modified_time":"2022-04-18T16:35:44+00:00","twitter_card":"summary_large_image","twitter_site":"@colegioarq","twitter_misc":{"Tiempo de lectura":"4 minutos"},"schema":{"@context":"https:\/\/schema.org","@graph":[{"@type":"WebPage","@id":"https:\/\/colegioarquitectos.com\/noticias\/?page_id=25300","url":"https:\/\/colegioarquitectos.com\/noticias\/?page_id=25300","name":"COMIT\u00c9 BIM Y TI (TECNOLOG\u00cdAS DE LA INFORMACI\u00d3N) - COLEGIO DE ARQUITECTOS DE CHILE","isPartOf":{"@id":"https:\/\/colegioarquitectos.com\/noticias\/#website"},"datePublished":"2020-07-01T15:26:26+00:00","dateModified":"2022-04-18T16:35:44+00:00","breadcrumb":{"@id":"https:\/\/colegioarquitectos.com\/noticias\/?page_id=25300#breadcrumb"},"inLanguage":"es","potentialAction":[{"@type":"ReadAction","target":["https:\/\/colegioarquitectos.com\/noticias\/?page_id=25300"]}]},{"@type":"BreadcrumbList","@id":"https:\/\/colegioarquitectos.com\/noticias\/?page_id=25300#breadcrumb","itemListElement":[{"@type":"ListItem","position":1,"name":"Portada","item":"https:\/\/colegioarquitectos.com\/noticias"},{"@type":"ListItem","position":2,"name":"COMIT\u00c9 BIM Y TI (TECNOLOG\u00cdAS DE LA INFORMACI\u00d3N)"}]},{"@type":"WebSite","@id":"https:\/\/colegioarquitectos.com\/noticias\/#website","url":"https:\/\/colegioarquitectos.com\/noticias\/","name":"COLEGIO DE ARQUITECTOS DE CHILE","description":"","publisher":{"@id":"https:\/\/colegioarquitectos.com\/noticias\/#organization"},"potentialAction":[{"@type":"SearchAction","target":{"@type":"EntryPoint","urlTemplate":"https:\/\/colegioarquitectos.com\/noticias\/?s={search_term_string}"},"query-input":{"@type":"PropertyValueSpecification","valueRequired":true,"valueName":"search_term_string"}}],"inLanguage":"es"},{"@type":"Organization","@id":"https:\/\/colegioarquitectos.com\/noticias\/#organization","name":"COLEGIO DE ARQUITECTOS DE CHILE","url":"https:\/\/colegioarquitectos.com\/noticias\/","logo":{"@type":"ImageObject","inLanguage":"es","@id":"https:\/\/colegioarquitectos.com\/noticias\/#\/schema\/logo\/image\/","url":"https:\/\/colegioarquitectos.com\/noticias\/wp-content\/uploads\/2021\/05\/ENCABEZADO-LOGO-CA.jpg","contentUrl":"https:\/\/colegioarquitectos.com\/noticias\/wp-content\/uploads\/2021\/05\/ENCABEZADO-LOGO-CA.jpg","width":690,"height":350,"caption":"COLEGIO DE ARQUITECTOS DE CHILE"},"image":{"@id":"https:\/\/colegioarquitectos.com\/noticias\/#\/schema\/logo\/image\/"},"sameAs":["https:\/\/facebook.com\/Colegioarq\/","https:\/\/x.com\/colegioarq","https:\/\/instagram.com\/colegioarq","https:\/\/youtube.com\/@ColegiodeArquitectosdeChile"]}]}},"_links":{"self":[{"href":"https:\/\/colegioarquitectos.com\/noticias\/index.php?rest_route=\/wp\/v2\/pages\/25300","targetHints":{"allow":["GET"]}}],"collection":[{"href":"https:\/\/colegioarquitectos.com\/noticias\/index.php?rest_route=\/wp\/v2\/pages"}],"about":[{"href":"https:\/\/colegioarquitectos.com\/noticias\/index.php?rest_route=\/wp\/v2\/types\/page"}],"author":[{"embeddable":true,"href":"https:\/\/colegioarquitectos.com\/noticias\/index.php?rest_route=\/wp\/v2\/users\/4"}],"replies":[{"embeddable":true,"href":"https:\/\/colegioarquitectos.com\/noticias\/index.php?rest_route=%2Fwp%2Fv2%2Fcomments&post=25300"}],"version-history":[{"count":0,"href":"https:\/\/colegioarquitectos.com\/noticias\/index.php?rest_route=\/wp\/v2\/pages\/25300\/revisions"}],"wp:attachment":[{"href":"https:\/\/colegioarquitectos.com\/noticias\/index.php?rest_route=%2Fwp%2Fv2%2Fmedia&parent=25300"}],"curies":[{"name":"wp","href":"https:\/\/api.w.org\/{rel}","templated":true}]}}