
{"id":28720,"date":"2022-06-16T18:42:16","date_gmt":"2022-06-16T22:42:16","guid":{"rendered":"https:\/\/colegioarquitectos.com\/?page_id=28720"},"modified":"2023-03-22T13:05:36","modified_gmt":"2023-03-22T17:05:36","slug":"informacionadminitrativa","status":"publish","type":"page","link":"https:\/\/colegioarquitectos.com\/noticias\/?page_id=28720","title":{"rendered":""},"content":{"rendered":"<p><img loading=\"lazy\" decoding=\"async\" class=\"alignleft size-full wp-image-28724\" src=\"https:\/\/colegioarquitectos.com\/noticias\/wp-content\/uploads\/2022\/06\/HEADER-INFORME-ADMIN.png\" alt=\"\" width=\"1280\" height=\"696\" srcset=\"https:\/\/colegioarquitectos.com\/noticias\/wp-content\/uploads\/2022\/06\/HEADER-INFORME-ADMIN.png 1280w, https:\/\/colegioarquitectos.com\/noticias\/wp-content\/uploads\/2022\/06\/HEADER-INFORME-ADMIN-300x163.png 300w, https:\/\/colegioarquitectos.com\/noticias\/wp-content\/uploads\/2022\/06\/HEADER-INFORME-ADMIN-768x418.png 768w, https:\/\/colegioarquitectos.com\/noticias\/wp-content\/uploads\/2022\/06\/HEADER-INFORME-ADMIN-1024x557.png 1024w\" sizes=\"auto, (max-width: 1280px) 100vw, 1280px\" \/>Buscando acercar las claves de los aspectos m\u00e1s requeridos del Colegio de Arquitectos de Chile, el \u00c1rea de Administraci\u00f3n y finanzas pone a disposici\u00f3n esta serie de documentos que permitir\u00e1 a los colegiados y colegiadas obtener informaci\u00f3n clara, oportuna y directa, para as\u00ed acrecentar la transparencia en nuestra Asociaci\u00f3n Gremial.<\/p>\n<p>&nbsp;<\/p>\n<p><img loading=\"lazy\" decoding=\"async\" class=\"aligncenter size-full wp-image-28726\" src=\"https:\/\/colegioarquitectos.com\/noticias\/wp-content\/uploads\/2022\/06\/IA.png\" alt=\"\" width=\"381\" height=\"45\" srcset=\"https:\/\/colegioarquitectos.com\/noticias\/wp-content\/uploads\/2022\/06\/IA.png 381w, https:\/\/colegioarquitectos.com\/noticias\/wp-content\/uploads\/2022\/06\/IA-300x35.png 300w\" sizes=\"auto, (max-width: 381px) 100vw, 381px\" \/><\/p>\n<p>&nbsp;<\/p>\n<p style=\"font-weight: 400;\"><strong><img loading=\"lazy\" decoding=\"async\" class=\"size-full wp-image-28745 alignnone\" src=\"https:\/\/colegioarquitectos.com\/noticias\/wp-content\/uploads\/2022\/06\/icon-ia.png\" alt=\"\" width=\"16\" height=\"20\" \/>\u00a0<a href=\"https:\/\/colegioarquitectos.com\/noticias\/?p=18845\">Lista actualizada de Colegiados y Colegiadas por Delegaci\u00f3n Zonal\u00a0<\/a><\/strong><\/p>\n<p style=\"font-weight: 400;\"><strong><img loading=\"lazy\" decoding=\"async\" class=\"size-full wp-image-28745 alignnone\" src=\"https:\/\/colegioarquitectos.com\/noticias\/wp-content\/uploads\/2022\/06\/icon-ia.png\" alt=\"\" width=\"16\" height=\"20\" \/>\u00a0<a href=\"https:\/\/colegioarquitectos.com\/noticias\/wp-content\/uploads\/2022\/09\/Estado-Empresas-Relacionadas-Agosto-2022.pdf\">Informe de las empresas relacionadas del CA y estados (Agosto de 2022)<\/a><\/strong><\/p>\n<p style=\"font-weight: 400;\"><strong><img loading=\"lazy\" decoding=\"async\" class=\"size-full wp-image-28745 alignnone\" src=\"https:\/\/colegioarquitectos.com\/noticias\/wp-content\/uploads\/2022\/06\/icon-ia.png\" alt=\"\" width=\"16\" height=\"20\" \/>\u00a0Juicios terminados y en proceso<\/strong><\/p>\n<p style=\"font-weight: 400;\"><strong><img loading=\"lazy\" decoding=\"async\" class=\"size-full wp-image-28745 alignnone\" src=\"https:\/\/colegioarquitectos.com\/noticias\/wp-content\/uploads\/2022\/06\/icon-ia.png\" alt=\"\" width=\"16\" height=\"20\" \/>\u00a0<a href=\"https:\/\/drive.google.com\/drive\/folders\/1pQs0W9OKpaJZQO4F5tu2drc0E3g7eG4Z\">Auditor\u00edas &#8211; Colegio de Arquitectos de Chile (2017-2020)<\/a><\/strong><\/p>\n<p style=\"font-weight: 400;\"><a href=\"https:\/\/colegioarquitectos.com\/noticias\/?page_id=18007\"><strong><img loading=\"lazy\" decoding=\"async\" class=\"size-full wp-image-28745 alignnone\" src=\"https:\/\/colegioarquitectos.com\/noticias\/wp-content\/uploads\/2022\/06\/icon-ia.png\" alt=\"\" width=\"16\" height=\"20\" \/>\u00a0Actas &#8211; Directorio Nacional<\/strong><\/a><\/p>\n<p style=\"font-weight: 400;\"><a href=\"https:\/\/colegioarquitectos.com\/noticias\/wp-content\/uploads\/2022\/06\/Unidad-de-Proyectos-2019-2022.pdf\"><strong><img loading=\"lazy\" decoding=\"async\" class=\"size-full wp-image-28745 alignnone\" src=\"https:\/\/colegioarquitectos.com\/noticias\/wp-content\/uploads\/2022\/06\/icon-ia.png\" alt=\"\" width=\"16\" height=\"20\" \/>\u00a0Unidad de Proyectos 2020-2022<\/strong><\/a><\/p>\n<p style=\"font-weight: 400;\"><strong><img loading=\"lazy\" decoding=\"async\" class=\"size-full wp-image-28745 alignnone\" src=\"https:\/\/colegioarquitectos.com\/noticias\/wp-content\/uploads\/2022\/06\/icon-ia.png\" alt=\"\" width=\"16\" height=\"20\" \/><a href=\"https:\/\/colegioarquitectos.com\/noticias\/?page_id=27806\">\u00a0Agenda CA | Actividades y eventos tanto p\u00fablicos como privados del Colegio de Arquitectos de Chile<\/a><\/strong><\/p>\n<p>&nbsp;<\/p>\n<p style=\"font-weight: 400;\"><img loading=\"lazy\" decoding=\"async\" class=\"size-full wp-image-28727 aligncenter\" src=\"https:\/\/colegioarquitectos.com\/noticias\/wp-content\/uploads\/2022\/06\/IF.png\" alt=\"\" width=\"381\" height=\"45\" srcset=\"https:\/\/colegioarquitectos.com\/noticias\/wp-content\/uploads\/2022\/06\/IF.png 381w, https:\/\/colegioarquitectos.com\/noticias\/wp-content\/uploads\/2022\/06\/IF-300x35.png 300w\" sizes=\"auto, (max-width: 381px) 100vw, 381px\" \/><\/p>\n<p><strong><img loading=\"lazy\" decoding=\"async\" class=\"size-full wp-image-28745 alignnone\" src=\"https:\/\/colegioarquitectos.com\/noticias\/wp-content\/uploads\/2022\/06\/icon-ia.png\" alt=\"\" width=\"16\" height=\"20\" \/>\u00a0Ingresos y gastos detallados\u00a0<\/strong><\/p>\n<p><strong><img loading=\"lazy\" decoding=\"async\" class=\"size-full wp-image-28745 alignnone\" src=\"https:\/\/colegioarquitectos.com\/noticias\/wp-content\/uploads\/2022\/06\/icon-ia.png\" alt=\"\" width=\"16\" height=\"20\" \/>\u00a0<a href=\"https:\/\/colegioarquitectos.com\/noticias\/wp-content\/uploads\/2022\/06\/REPORTgralrna17062022.pdf\">Reporte general Registro Nacional de Arquitectos (RNA)<\/a><\/strong><\/p>\n<p><a href=\"https:\/\/colegioarquitectos.com\/noticias\/wp-content\/uploads\/2022\/06\/Malla-sociedades-FINAL-Junio-2022.pdf\"><strong class=\"alignnone\"><img loading=\"lazy\" decoding=\"async\" class=\"size-full wp-image-28745 alignnone\" src=\"https:\/\/colegioarquitectos.com\/noticias\/wp-content\/uploads\/2022\/06\/icon-ia.png\" alt=\"\" width=\"16\" height=\"20\" \/>\u00a0Informe financiero de las Sociedades del CA\u00a0<\/strong><\/a><\/p>\n<p><strong><img loading=\"lazy\" decoding=\"async\" class=\"size-full wp-image-28745 alignnone\" src=\"https:\/\/colegioarquitectos.com\/noticias\/wp-content\/uploads\/2022\/06\/icon-ia.png\" alt=\"\" width=\"16\" height=\"20\" \/>\u00a0Informe sobre el Pr\u00e9stamo 15.000 UF<\/strong><\/p>\n<ul>\n<li><strong><a href=\"https:\/\/colegioarquitectos.com\/noticias\/wp-content\/uploads\/2022\/06\/Resumen-de-Cr\u00e9ditos-15.06.2022.pdf\"><img loading=\"lazy\" decoding=\"async\" class=\"size-full wp-image-28745 alignnone\" src=\"https:\/\/colegioarquitectos.com\/noticias\/wp-content\/uploads\/2022\/06\/icon-ia.png\" alt=\"\" width=\"16\" height=\"20\" \/>\u00a0Resumen de cr\u00e9dito<\/a><\/strong><\/li>\n<li><a href=\"https:\/\/colegioarquitectos.com\/noticias\/wp-content\/uploads\/2022\/06\/Tabla-desarrollo-2020-2021-15.06.2022.pdf\"><strong><img loading=\"lazy\" decoding=\"async\" class=\"size-full wp-image-28745 alignnone\" src=\"https:\/\/colegioarquitectos.com\/noticias\/wp-content\/uploads\/2022\/06\/icon-ia.png\" alt=\"\" width=\"16\" height=\"20\" \/>\u00a0Tabla de Desarrollo 2020-2021<\/strong><\/a><\/li>\n<\/ul>\n<p>&nbsp;<\/p>\n<p><\/p>","protected":false},"excerpt":{"rendered":"<p>Buscando acercar las claves de los aspectos m\u00e1s requeridos del Colegio de Arquitectos de Chile, el \u00c1rea de Administraci\u00f3n y finanzas pone a disposici\u00f3n esta serie de documentos que permitir\u00e1 a los colegiados y colegiadas obtener informaci\u00f3n clara, oportuna y &hellip; <a class=\"more-link\" href=\"https:\/\/colegioarquitectos.com\/noticias\/?page_id=28720\">ver m\u00e1s<\/a><\/p>","protected":false},"author":1,"featured_media":28721,"parent":0,"menu_order":0,"comment_status":"closed","ping_status":"closed","template":"pages\/fullwidth.php","meta":{"footnotes":""},"class_list":["post-28720","page","type-page","status-publish","has-post-thumbnail","hentry"],"yoast_head":"<!-- This site is optimized with the Yoast SEO plugin v24.2 - https:\/\/yoast.com\/wordpress\/plugins\/seo\/ -->\n<title>- COLEGIO DE ARQUITECTOS DE CHILE<\/title>\n<meta name=\"robots\" content=\"index, follow, max-snippet:-1, max-image-preview:large, max-video-preview:-1\" \/>\n<link rel=\"canonical\" href=\"https:\/\/colegioarquitectos.com\/noticias\/?page_id=28720\" \/>\n<meta property=\"og:locale\" content=\"es_ES\" \/>\n<meta property=\"og:type\" content=\"article\" \/>\n<meta property=\"og:title\" content=\"- COLEGIO DE ARQUITECTOS DE CHILE\" \/>\n<meta property=\"og:description\" content=\"Buscando acercar las claves de los aspectos m\u00e1s requeridos del Colegio de Arquitectos de Chile, el \u00c1rea de Administraci\u00f3n y finanzas pone a disposici\u00f3n esta serie de documentos que permitir\u00e1 a los colegiados y colegiadas obtener informaci\u00f3n clara, oportuna y &hellip; ver m\u00e1s\" \/>\n<meta property=\"og:url\" content=\"https:\/\/colegioarquitectos.com\/noticias\/?page_id=28720\" \/>\n<meta property=\"og:site_name\" content=\"COLEGIO DE ARQUITECTOS DE CHILE\" \/>\n<meta property=\"article:publisher\" content=\"https:\/\/facebook.com\/Colegioarq\/\" \/>\n<meta property=\"article:modified_time\" content=\"2023-03-22T17:05:36+00:00\" \/>\n<meta property=\"og:image\" content=\"https:\/\/colegioarquitectos.com\/noticias\/wp-content\/uploads\/2022\/06\/DESTWEB-INFORME-ADMIN.png\" \/>\n\t<meta property=\"og:image:width\" content=\"1280\" \/>\n\t<meta property=\"og:image:height\" content=\"780\" \/>\n\t<meta property=\"og:image:type\" content=\"image\/png\" \/>\n<meta name=\"twitter:card\" content=\"summary_large_image\" \/>\n<meta name=\"twitter:site\" content=\"@colegioarq\" \/>\n<meta name=\"twitter:label1\" content=\"Tiempo de lectura\" \/>\n\t<meta name=\"twitter:data1\" content=\"1 minuto\" \/>\n<script type=\"application\/ld+json\" class=\"yoast-schema-graph\">{\"@context\":\"https:\/\/schema.org\",\"@graph\":[{\"@type\":\"WebPage\",\"@id\":\"https:\/\/colegioarquitectos.com\/noticias\/?page_id=28720\",\"url\":\"https:\/\/colegioarquitectos.com\/noticias\/?page_id=28720\",\"name\":\"- COLEGIO DE ARQUITECTOS DE CHILE\",\"isPartOf\":{\"@id\":\"https:\/\/colegioarquitectos.com\/noticias\/#website\"},\"primaryImageOfPage\":{\"@id\":\"https:\/\/colegioarquitectos.com\/noticias\/?page_id=28720#primaryimage\"},\"image\":{\"@id\":\"https:\/\/colegioarquitectos.com\/noticias\/?page_id=28720#primaryimage\"},\"thumbnailUrl\":\"https:\/\/colegioarquitectos.com\/noticias\/wp-content\/uploads\/2022\/06\/DESTWEB-INFORME-ADMIN.png\",\"datePublished\":\"2022-06-16T22:42:16+00:00\",\"dateModified\":\"2023-03-22T17:05:36+00:00\",\"inLanguage\":\"es\",\"potentialAction\":[{\"@type\":\"ReadAction\",\"target\":[\"https:\/\/colegioarquitectos.com\/noticias\/?page_id=28720\"]}]},{\"@type\":\"ImageObject\",\"inLanguage\":\"es\",\"@id\":\"https:\/\/colegioarquitectos.com\/noticias\/?page_id=28720#primaryimage\",\"url\":\"https:\/\/colegioarquitectos.com\/noticias\/wp-content\/uploads\/2022\/06\/DESTWEB-INFORME-ADMIN.png\",\"contentUrl\":\"https:\/\/colegioarquitectos.com\/noticias\/wp-content\/uploads\/2022\/06\/DESTWEB-INFORME-ADMIN.png\",\"width\":1280,\"height\":780},{\"@type\":\"WebSite\",\"@id\":\"https:\/\/colegioarquitectos.com\/noticias\/#website\",\"url\":\"https:\/\/colegioarquitectos.com\/noticias\/\",\"name\":\"COLEGIO DE ARQUITECTOS DE CHILE\",\"description\":\"\",\"publisher\":{\"@id\":\"https:\/\/colegioarquitectos.com\/noticias\/#organization\"},\"potentialAction\":[{\"@type\":\"SearchAction\",\"target\":{\"@type\":\"EntryPoint\",\"urlTemplate\":\"https:\/\/colegioarquitectos.com\/noticias\/?s={search_term_string}\"},\"query-input\":{\"@type\":\"PropertyValueSpecification\",\"valueRequired\":true,\"valueName\":\"search_term_string\"}}],\"inLanguage\":\"es\"},{\"@type\":\"Organization\",\"@id\":\"https:\/\/colegioarquitectos.com\/noticias\/#organization\",\"name\":\"COLEGIO DE ARQUITECTOS DE CHILE\",\"url\":\"https:\/\/colegioarquitectos.com\/noticias\/\",\"logo\":{\"@type\":\"ImageObject\",\"inLanguage\":\"es\",\"@id\":\"https:\/\/colegioarquitectos.com\/noticias\/#\/schema\/logo\/image\/\",\"url\":\"https:\/\/colegioarquitectos.com\/noticias\/wp-content\/uploads\/2021\/05\/ENCABEZADO-LOGO-CA.jpg\",\"contentUrl\":\"https:\/\/colegioarquitectos.com\/noticias\/wp-content\/uploads\/2021\/05\/ENCABEZADO-LOGO-CA.jpg\",\"width\":690,\"height\":350,\"caption\":\"COLEGIO DE ARQUITECTOS DE CHILE\"},\"image\":{\"@id\":\"https:\/\/colegioarquitectos.com\/noticias\/#\/schema\/logo\/image\/\"},\"sameAs\":[\"https:\/\/facebook.com\/Colegioarq\/\",\"https:\/\/x.com\/colegioarq\",\"https:\/\/instagram.com\/colegioarq\",\"https:\/\/youtube.com\/@ColegiodeArquitectosdeChile\"]}]}<\/script>\n<!-- \/ Yoast SEO plugin. -->","yoast_head_json":{"title":"- COLEGIO DE ARQUITECTOS DE CHILE","robots":{"index":"index","follow":"follow","max-snippet":"max-snippet:-1","max-image-preview":"max-image-preview:large","max-video-preview":"max-video-preview:-1"},"canonical":"https:\/\/colegioarquitectos.com\/noticias\/?page_id=28720","og_locale":"es_ES","og_type":"article","og_title":"- COLEGIO DE ARQUITECTOS DE CHILE","og_description":"Buscando acercar las claves de los aspectos m\u00e1s requeridos del Colegio de Arquitectos de Chile, el \u00c1rea de Administraci\u00f3n y finanzas pone a disposici\u00f3n esta serie de documentos que permitir\u00e1 a los colegiados y colegiadas obtener informaci\u00f3n clara, oportuna y &hellip; ver m\u00e1s","og_url":"https:\/\/colegioarquitectos.com\/noticias\/?page_id=28720","og_site_name":"COLEGIO DE ARQUITECTOS DE CHILE","article_publisher":"https:\/\/facebook.com\/Colegioarq\/","article_modified_time":"2023-03-22T17:05:36+00:00","og_image":[{"width":1280,"height":780,"url":"https:\/\/colegioarquitectos.com\/noticias\/wp-content\/uploads\/2022\/06\/DESTWEB-INFORME-ADMIN.png","type":"image\/png"}],"twitter_card":"summary_large_image","twitter_site":"@colegioarq","twitter_misc":{"Tiempo de lectura":"1 minuto"},"schema":{"@context":"https:\/\/schema.org","@graph":[{"@type":"WebPage","@id":"https:\/\/colegioarquitectos.com\/noticias\/?page_id=28720","url":"https:\/\/colegioarquitectos.com\/noticias\/?page_id=28720","name":"- COLEGIO DE ARQUITECTOS DE CHILE","isPartOf":{"@id":"https:\/\/colegioarquitectos.com\/noticias\/#website"},"primaryImageOfPage":{"@id":"https:\/\/colegioarquitectos.com\/noticias\/?page_id=28720#primaryimage"},"image":{"@id":"https:\/\/colegioarquitectos.com\/noticias\/?page_id=28720#primaryimage"},"thumbnailUrl":"https:\/\/colegioarquitectos.com\/noticias\/wp-content\/uploads\/2022\/06\/DESTWEB-INFORME-ADMIN.png","datePublished":"2022-06-16T22:42:16+00:00","dateModified":"2023-03-22T17:05:36+00:00","inLanguage":"es","potentialAction":[{"@type":"ReadAction","target":["https:\/\/colegioarquitectos.com\/noticias\/?page_id=28720"]}]},{"@type":"ImageObject","inLanguage":"es","@id":"https:\/\/colegioarquitectos.com\/noticias\/?page_id=28720#primaryimage","url":"https:\/\/colegioarquitectos.com\/noticias\/wp-content\/uploads\/2022\/06\/DESTWEB-INFORME-ADMIN.png","contentUrl":"https:\/\/colegioarquitectos.com\/noticias\/wp-content\/uploads\/2022\/06\/DESTWEB-INFORME-ADMIN.png","width":1280,"height":780},{"@type":"WebSite","@id":"https:\/\/colegioarquitectos.com\/noticias\/#website","url":"https:\/\/colegioarquitectos.com\/noticias\/","name":"COLEGIO DE ARQUITECTOS DE CHILE","description":"","publisher":{"@id":"https:\/\/colegioarquitectos.com\/noticias\/#organization"},"potentialAction":[{"@type":"SearchAction","target":{"@type":"EntryPoint","urlTemplate":"https:\/\/colegioarquitectos.com\/noticias\/?s={search_term_string}"},"query-input":{"@type":"PropertyValueSpecification","valueRequired":true,"valueName":"search_term_string"}}],"inLanguage":"es"},{"@type":"Organization","@id":"https:\/\/colegioarquitectos.com\/noticias\/#organization","name":"COLEGIO DE ARQUITECTOS DE CHILE","url":"https:\/\/colegioarquitectos.com\/noticias\/","logo":{"@type":"ImageObject","inLanguage":"es","@id":"https:\/\/colegioarquitectos.com\/noticias\/#\/schema\/logo\/image\/","url":"https:\/\/colegioarquitectos.com\/noticias\/wp-content\/uploads\/2021\/05\/ENCABEZADO-LOGO-CA.jpg","contentUrl":"https:\/\/colegioarquitectos.com\/noticias\/wp-content\/uploads\/2021\/05\/ENCABEZADO-LOGO-CA.jpg","width":690,"height":350,"caption":"COLEGIO DE ARQUITECTOS DE CHILE"},"image":{"@id":"https:\/\/colegioarquitectos.com\/noticias\/#\/schema\/logo\/image\/"},"sameAs":["https:\/\/facebook.com\/Colegioarq\/","https:\/\/x.com\/colegioarq","https:\/\/instagram.com\/colegioarq","https:\/\/youtube.com\/@ColegiodeArquitectosdeChile"]}]}},"_links":{"self":[{"href":"https:\/\/colegioarquitectos.com\/noticias\/index.php?rest_route=\/wp\/v2\/pages\/28720","targetHints":{"allow":["GET"]}}],"collection":[{"href":"https:\/\/colegioarquitectos.com\/noticias\/index.php?rest_route=\/wp\/v2\/pages"}],"about":[{"href":"https:\/\/colegioarquitectos.com\/noticias\/index.php?rest_route=\/wp\/v2\/types\/page"}],"author":[{"embeddable":true,"href":"https:\/\/colegioarquitectos.com\/noticias\/index.php?rest_route=\/wp\/v2\/users\/1"}],"replies":[{"embeddable":true,"href":"https:\/\/colegioarquitectos.com\/noticias\/index.php?rest_route=%2Fwp%2Fv2%2Fcomments&post=28720"}],"version-history":[{"count":0,"href":"https:\/\/colegioarquitectos.com\/noticias\/index.php?rest_route=\/wp\/v2\/pages\/28720\/revisions"}],"wp:featuredmedia":[{"embeddable":true,"href":"https:\/\/colegioarquitectos.com\/noticias\/index.php?rest_route=\/wp\/v2\/media\/28721"}],"wp:attachment":[{"href":"https:\/\/colegioarquitectos.com\/noticias\/index.php?rest_route=%2Fwp%2Fv2%2Fmedia&parent=28720"}],"curies":[{"name":"wp","href":"https:\/\/api.w.org\/{rel}","templated":true}]}}