
{"id":30084,"date":"2023-03-07T11:16:59","date_gmt":"2023-03-07T15:16:59","guid":{"rendered":"https:\/\/colegioarquitectos.com\/?page_id=30084"},"modified":"2023-04-11T13:01:47","modified_gmt":"2023-04-11T17:01:47","slug":"concurso-desafio-net-zero-2030","status":"publish","type":"page","link":"https:\/\/colegioarquitectos.com\/noticias\/?page_id=30084","title":{"rendered":"Concurso Desaf\u00edo Net Zero 2030"},"content":{"rendered":"<p><img loading=\"lazy\" decoding=\"async\" class=\"aligncenter size-full wp-image-30086\" src=\"https:\/\/colegioarquitectos.com\/noticias\/wp-content\/uploads\/2023\/03\/ENCABEZADO-1.jpg\" alt=\"\" width=\"1280\" height=\"720\" srcset=\"https:\/\/colegioarquitectos.com\/noticias\/wp-content\/uploads\/2023\/03\/ENCABEZADO-1.jpg 1280w, https:\/\/colegioarquitectos.com\/noticias\/wp-content\/uploads\/2023\/03\/ENCABEZADO-1-300x169.jpg 300w, https:\/\/colegioarquitectos.com\/noticias\/wp-content\/uploads\/2023\/03\/ENCABEZADO-1-768x432.jpg 768w, https:\/\/colegioarquitectos.com\/noticias\/wp-content\/uploads\/2023\/03\/ENCABEZADO-1-1024x576.jpg 1024w\" sizes=\"auto, (max-width: 1280px) 100vw, 1280px\" \/><\/p>\n<p><strong>Desaf\u00edo Net Zero 2030<\/strong> es un espacio de encuentro que tendr\u00e1 como centro un <strong>concurso estudiantil donde participan equipos conformados por estudiantes de distintas carreras afines a la construcci\u00f3n, los que aprender\u00e1n de tecnolog\u00edas y metodolog\u00edas para dise\u00f1ar prototipos de vivienda innovadores<\/strong>, que incorporen y ayuden en el camino para lograr la\u00a0 carbono neutralidad en Chile hacia el <strong>2050<\/strong>, mejorando las capacidades profesionales de la construcci\u00f3n en temas relacionados con brechas productivas, sociales y medioambientales.<\/p>\n<p>Para ello, el <strong>Colegio de Arquitectos de Chile<\/strong> y <strong>Construye2025<\/strong> respaldan mediante un concurso de\u00a0<strong>proyectos de vivienda social que incorporen metas de reducci\u00f3n significativa para consumo de energ\u00eda y emisiones de CO2<\/strong>, as\u00ed como el uso eficiente de los recursos, la disminuci\u00f3n de residuos y retrasos en obras de edificaci\u00f3n.<\/p>\n<p>&nbsp;<\/p>\n<h4>Ejes del desaf\u00edo<\/h4>\n<hr \/>\n<p><img loading=\"lazy\" decoding=\"async\" class=\"aligncenter wp-image-29296 size-large\" src=\"https:\/\/colegioarquitectos.com\/noticias\/wp-content\/uploads\/2022\/10\/Captura-de-Pantalla-2022-10-25-a-las-11.10.34-1024x837.png\" alt=\"\" width=\"690\" height=\"564\" srcset=\"https:\/\/colegioarquitectos.com\/noticias\/wp-content\/uploads\/2022\/10\/Captura-de-Pantalla-2022-10-25-a-las-11.10.34-1024x837.png 1024w, https:\/\/colegioarquitectos.com\/noticias\/wp-content\/uploads\/2022\/10\/Captura-de-Pantalla-2022-10-25-a-las-11.10.34-300x245.png 300w, https:\/\/colegioarquitectos.com\/noticias\/wp-content\/uploads\/2022\/10\/Captura-de-Pantalla-2022-10-25-a-las-11.10.34-768x628.png 768w, https:\/\/colegioarquitectos.com\/noticias\/wp-content\/uploads\/2022\/10\/Captura-de-Pantalla-2022-10-25-a-las-11.10.34.png 1570w\" sizes=\"auto, (max-width: 690px) 100vw, 690px\" \/><\/p>\n<p>&nbsp;<\/p>\n<p>&nbsp;<\/p>\n<h4>Calendario<\/h4>\n<hr \/>\n<p><img loading=\"lazy\" decoding=\"async\" class=\"aligncenter wp-image-30085 size-full\" src=\"https:\/\/colegioarquitectos.com\/noticias\/wp-content\/uploads\/2023\/03\/Sin-t\u00edtulo.jpg\" alt=\"\" width=\"1695\" height=\"701\" srcset=\"https:\/\/colegioarquitectos.com\/noticias\/wp-content\/uploads\/2023\/03\/Sin-t\u00edtulo.jpg 1695w, https:\/\/colegioarquitectos.com\/noticias\/wp-content\/uploads\/2023\/03\/Sin-t\u00edtulo-300x124.jpg 300w, https:\/\/colegioarquitectos.com\/noticias\/wp-content\/uploads\/2023\/03\/Sin-t\u00edtulo-768x318.jpg 768w, https:\/\/colegioarquitectos.com\/noticias\/wp-content\/uploads\/2023\/03\/Sin-t\u00edtulo-1024x423.jpg 1024w\" sizes=\"auto, (max-width: 1695px) 100vw, 1695px\" \/><\/p>\n<p>&nbsp;<\/p>\n<h4><\/h4>\n<h4>Preguntas frecuentes<\/h4>\n<hr \/>\n<p>Puedes resolver tus preguntas sobre el Concurso\u00a0Desaf\u00edo Net Zero 2030\u00a0<strong><a href=\"https:\/\/desafionetzero2030.cl\/\">ac\u00e1<\/a><\/strong>.<\/p>\n<p>&nbsp;<\/p>\n<p>&nbsp;<\/p>\n<h4>Contacto<\/h4>\n<hr \/>\n<p>Si tienes dudas puedes escribir a <strong><a href=\"mailto:contacto@desafionetzero2030.cl\">contacto@desafionetzero2030.cl<\/a><\/strong><strong>\u00a0<\/strong>o ingresar a <strong><a href=\"https:\/\/desafionetzero2030.cl\/\">www.desafionetzero2030.cl<\/a><\/strong><\/p>\n<p>&nbsp;<\/p>\n<p><\/p>","protected":false},"excerpt":{"rendered":"<p>Desaf\u00edo Net Zero 2030 es un espacio de encuentro que tendr\u00e1 como centro un concurso estudiantil donde participan equipos conformados por estudiantes de distintas carreras afines a la construcci\u00f3n, los que aprender\u00e1n de tecnolog\u00edas y metodolog\u00edas para dise\u00f1ar prototipos de &hellip; <a class=\"more-link\" href=\"https:\/\/colegioarquitectos.com\/noticias\/?page_id=30084\">ver m\u00e1s<\/a><\/p>","protected":false},"author":4,"featured_media":0,"parent":0,"menu_order":0,"comment_status":"closed","ping_status":"closed","template":"pages\/fullwidth.php","meta":{"footnotes":""},"class_list":["post-30084","page","type-page","status-publish","hentry"],"yoast_head":"<!-- This site is optimized with the Yoast SEO plugin v24.2 - https:\/\/yoast.com\/wordpress\/plugins\/seo\/ -->\n<title>Concurso Desaf\u00edo Net Zero 2030 - COLEGIO DE ARQUITECTOS DE CHILE<\/title>\n<meta name=\"robots\" content=\"index, follow, max-snippet:-1, max-image-preview:large, max-video-preview:-1\" \/>\n<link rel=\"canonical\" href=\"https:\/\/colegioarquitectos.com\/noticias\/?page_id=30084\" \/>\n<meta property=\"og:locale\" content=\"es_ES\" \/>\n<meta property=\"og:type\" content=\"article\" \/>\n<meta property=\"og:title\" content=\"Concurso Desaf\u00edo Net Zero 2030 - COLEGIO DE ARQUITECTOS DE CHILE\" \/>\n<meta property=\"og:description\" content=\"Desaf\u00edo Net Zero 2030 es un espacio de encuentro que tendr\u00e1 como centro un concurso estudiantil donde participan equipos conformados por estudiantes de distintas carreras afines a la construcci\u00f3n, los que aprender\u00e1n de tecnolog\u00edas y metodolog\u00edas para dise\u00f1ar prototipos de &hellip; ver m\u00e1s\" \/>\n<meta property=\"og:url\" content=\"https:\/\/colegioarquitectos.com\/noticias\/?page_id=30084\" \/>\n<meta property=\"og:site_name\" content=\"COLEGIO DE ARQUITECTOS DE CHILE\" \/>\n<meta property=\"article:publisher\" content=\"https:\/\/facebook.com\/Colegioarq\/\" \/>\n<meta property=\"article:modified_time\" content=\"2023-04-11T17:01:47+00:00\" \/>\n<meta property=\"og:image\" content=\"https:\/\/colegioarquitectos.com\/noticias\/wp-content\/uploads\/2023\/03\/ENCABEZADO-1.jpg\" \/>\n<meta name=\"twitter:card\" content=\"summary_large_image\" \/>\n<meta name=\"twitter:site\" content=\"@colegioarq\" \/>\n<meta name=\"twitter:label1\" content=\"Tiempo de lectura\" \/>\n\t<meta name=\"twitter:data1\" content=\"1 minuto\" \/>\n<script type=\"application\/ld+json\" class=\"yoast-schema-graph\">{\"@context\":\"https:\/\/schema.org\",\"@graph\":[{\"@type\":\"WebPage\",\"@id\":\"https:\/\/colegioarquitectos.com\/noticias\/?page_id=30084\",\"url\":\"https:\/\/colegioarquitectos.com\/noticias\/?page_id=30084\",\"name\":\"Concurso Desaf\u00edo Net Zero 2030 - COLEGIO DE ARQUITECTOS DE CHILE\",\"isPartOf\":{\"@id\":\"https:\/\/colegioarquitectos.com\/noticias\/#website\"},\"primaryImageOfPage\":{\"@id\":\"https:\/\/colegioarquitectos.com\/noticias\/?page_id=30084#primaryimage\"},\"image\":{\"@id\":\"https:\/\/colegioarquitectos.com\/noticias\/?page_id=30084#primaryimage\"},\"thumbnailUrl\":\"https:\/\/colegioarquitectos.com\/noticias\/wp-content\/uploads\/2023\/03\/ENCABEZADO-1.jpg\",\"datePublished\":\"2023-03-07T15:16:59+00:00\",\"dateModified\":\"2023-04-11T17:01:47+00:00\",\"breadcrumb\":{\"@id\":\"https:\/\/colegioarquitectos.com\/noticias\/?page_id=30084#breadcrumb\"},\"inLanguage\":\"es\",\"potentialAction\":[{\"@type\":\"ReadAction\",\"target\":[\"https:\/\/colegioarquitectos.com\/noticias\/?page_id=30084\"]}]},{\"@type\":\"ImageObject\",\"inLanguage\":\"es\",\"@id\":\"https:\/\/colegioarquitectos.com\/noticias\/?page_id=30084#primaryimage\",\"url\":\"https:\/\/colegioarquitectos.com\/noticias\/wp-content\/uploads\/2023\/03\/ENCABEZADO-1.jpg\",\"contentUrl\":\"https:\/\/colegioarquitectos.com\/noticias\/wp-content\/uploads\/2023\/03\/ENCABEZADO-1.jpg\",\"width\":1280,\"height\":720},{\"@type\":\"BreadcrumbList\",\"@id\":\"https:\/\/colegioarquitectos.com\/noticias\/?page_id=30084#breadcrumb\",\"itemListElement\":[{\"@type\":\"ListItem\",\"position\":1,\"name\":\"Portada\",\"item\":\"https:\/\/colegioarquitectos.com\/noticias\"},{\"@type\":\"ListItem\",\"position\":2,\"name\":\"Concurso Desaf\u00edo Net Zero 2030\"}]},{\"@type\":\"WebSite\",\"@id\":\"https:\/\/colegioarquitectos.com\/noticias\/#website\",\"url\":\"https:\/\/colegioarquitectos.com\/noticias\/\",\"name\":\"COLEGIO DE ARQUITECTOS DE CHILE\",\"description\":\"\",\"publisher\":{\"@id\":\"https:\/\/colegioarquitectos.com\/noticias\/#organization\"},\"potentialAction\":[{\"@type\":\"SearchAction\",\"target\":{\"@type\":\"EntryPoint\",\"urlTemplate\":\"https:\/\/colegioarquitectos.com\/noticias\/?s={search_term_string}\"},\"query-input\":{\"@type\":\"PropertyValueSpecification\",\"valueRequired\":true,\"valueName\":\"search_term_string\"}}],\"inLanguage\":\"es\"},{\"@type\":\"Organization\",\"@id\":\"https:\/\/colegioarquitectos.com\/noticias\/#organization\",\"name\":\"COLEGIO DE ARQUITECTOS DE CHILE\",\"url\":\"https:\/\/colegioarquitectos.com\/noticias\/\",\"logo\":{\"@type\":\"ImageObject\",\"inLanguage\":\"es\",\"@id\":\"https:\/\/colegioarquitectos.com\/noticias\/#\/schema\/logo\/image\/\",\"url\":\"https:\/\/colegioarquitectos.com\/noticias\/wp-content\/uploads\/2021\/05\/ENCABEZADO-LOGO-CA.jpg\",\"contentUrl\":\"https:\/\/colegioarquitectos.com\/noticias\/wp-content\/uploads\/2021\/05\/ENCABEZADO-LOGO-CA.jpg\",\"width\":690,\"height\":350,\"caption\":\"COLEGIO DE ARQUITECTOS DE CHILE\"},\"image\":{\"@id\":\"https:\/\/colegioarquitectos.com\/noticias\/#\/schema\/logo\/image\/\"},\"sameAs\":[\"https:\/\/facebook.com\/Colegioarq\/\",\"https:\/\/x.com\/colegioarq\",\"https:\/\/instagram.com\/colegioarq\",\"https:\/\/youtube.com\/@ColegiodeArquitectosdeChile\"]}]}<\/script>\n<!-- \/ Yoast SEO plugin. -->","yoast_head_json":{"title":"Concurso Desaf\u00edo Net Zero 2030 - COLEGIO DE ARQUITECTOS DE CHILE","robots":{"index":"index","follow":"follow","max-snippet":"max-snippet:-1","max-image-preview":"max-image-preview:large","max-video-preview":"max-video-preview:-1"},"canonical":"https:\/\/colegioarquitectos.com\/noticias\/?page_id=30084","og_locale":"es_ES","og_type":"article","og_title":"Concurso Desaf\u00edo Net Zero 2030 - COLEGIO DE ARQUITECTOS DE CHILE","og_description":"Desaf\u00edo Net Zero 2030 es un espacio de encuentro que tendr\u00e1 como centro un concurso estudiantil donde participan equipos conformados por estudiantes de distintas carreras afines a la construcci\u00f3n, los que aprender\u00e1n de tecnolog\u00edas y metodolog\u00edas para dise\u00f1ar prototipos de &hellip; ver m\u00e1s","og_url":"https:\/\/colegioarquitectos.com\/noticias\/?page_id=30084","og_site_name":"COLEGIO DE ARQUITECTOS DE CHILE","article_publisher":"https:\/\/facebook.com\/Colegioarq\/","article_modified_time":"2023-04-11T17:01:47+00:00","og_image":[{"url":"https:\/\/colegioarquitectos.com\/noticias\/wp-content\/uploads\/2023\/03\/ENCABEZADO-1.jpg","type":"","width":"","height":""}],"twitter_card":"summary_large_image","twitter_site":"@colegioarq","twitter_misc":{"Tiempo de lectura":"1 minuto"},"schema":{"@context":"https:\/\/schema.org","@graph":[{"@type":"WebPage","@id":"https:\/\/colegioarquitectos.com\/noticias\/?page_id=30084","url":"https:\/\/colegioarquitectos.com\/noticias\/?page_id=30084","name":"Concurso Desaf\u00edo Net Zero 2030 - COLEGIO DE ARQUITECTOS DE CHILE","isPartOf":{"@id":"https:\/\/colegioarquitectos.com\/noticias\/#website"},"primaryImageOfPage":{"@id":"https:\/\/colegioarquitectos.com\/noticias\/?page_id=30084#primaryimage"},"image":{"@id":"https:\/\/colegioarquitectos.com\/noticias\/?page_id=30084#primaryimage"},"thumbnailUrl":"https:\/\/colegioarquitectos.com\/noticias\/wp-content\/uploads\/2023\/03\/ENCABEZADO-1.jpg","datePublished":"2023-03-07T15:16:59+00:00","dateModified":"2023-04-11T17:01:47+00:00","breadcrumb":{"@id":"https:\/\/colegioarquitectos.com\/noticias\/?page_id=30084#breadcrumb"},"inLanguage":"es","potentialAction":[{"@type":"ReadAction","target":["https:\/\/colegioarquitectos.com\/noticias\/?page_id=30084"]}]},{"@type":"ImageObject","inLanguage":"es","@id":"https:\/\/colegioarquitectos.com\/noticias\/?page_id=30084#primaryimage","url":"https:\/\/colegioarquitectos.com\/noticias\/wp-content\/uploads\/2023\/03\/ENCABEZADO-1.jpg","contentUrl":"https:\/\/colegioarquitectos.com\/noticias\/wp-content\/uploads\/2023\/03\/ENCABEZADO-1.jpg","width":1280,"height":720},{"@type":"BreadcrumbList","@id":"https:\/\/colegioarquitectos.com\/noticias\/?page_id=30084#breadcrumb","itemListElement":[{"@type":"ListItem","position":1,"name":"Portada","item":"https:\/\/colegioarquitectos.com\/noticias"},{"@type":"ListItem","position":2,"name":"Concurso Desaf\u00edo Net Zero 2030"}]},{"@type":"WebSite","@id":"https:\/\/colegioarquitectos.com\/noticias\/#website","url":"https:\/\/colegioarquitectos.com\/noticias\/","name":"COLEGIO DE ARQUITECTOS DE CHILE","description":"","publisher":{"@id":"https:\/\/colegioarquitectos.com\/noticias\/#organization"},"potentialAction":[{"@type":"SearchAction","target":{"@type":"EntryPoint","urlTemplate":"https:\/\/colegioarquitectos.com\/noticias\/?s={search_term_string}"},"query-input":{"@type":"PropertyValueSpecification","valueRequired":true,"valueName":"search_term_string"}}],"inLanguage":"es"},{"@type":"Organization","@id":"https:\/\/colegioarquitectos.com\/noticias\/#organization","name":"COLEGIO DE ARQUITECTOS DE CHILE","url":"https:\/\/colegioarquitectos.com\/noticias\/","logo":{"@type":"ImageObject","inLanguage":"es","@id":"https:\/\/colegioarquitectos.com\/noticias\/#\/schema\/logo\/image\/","url":"https:\/\/colegioarquitectos.com\/noticias\/wp-content\/uploads\/2021\/05\/ENCABEZADO-LOGO-CA.jpg","contentUrl":"https:\/\/colegioarquitectos.com\/noticias\/wp-content\/uploads\/2021\/05\/ENCABEZADO-LOGO-CA.jpg","width":690,"height":350,"caption":"COLEGIO DE ARQUITECTOS DE CHILE"},"image":{"@id":"https:\/\/colegioarquitectos.com\/noticias\/#\/schema\/logo\/image\/"},"sameAs":["https:\/\/facebook.com\/Colegioarq\/","https:\/\/x.com\/colegioarq","https:\/\/instagram.com\/colegioarq","https:\/\/youtube.com\/@ColegiodeArquitectosdeChile"]}]}},"_links":{"self":[{"href":"https:\/\/colegioarquitectos.com\/noticias\/index.php?rest_route=\/wp\/v2\/pages\/30084","targetHints":{"allow":["GET"]}}],"collection":[{"href":"https:\/\/colegioarquitectos.com\/noticias\/index.php?rest_route=\/wp\/v2\/pages"}],"about":[{"href":"https:\/\/colegioarquitectos.com\/noticias\/index.php?rest_route=\/wp\/v2\/types\/page"}],"author":[{"embeddable":true,"href":"https:\/\/colegioarquitectos.com\/noticias\/index.php?rest_route=\/wp\/v2\/users\/4"}],"replies":[{"embeddable":true,"href":"https:\/\/colegioarquitectos.com\/noticias\/index.php?rest_route=%2Fwp%2Fv2%2Fcomments&post=30084"}],"version-history":[{"count":0,"href":"https:\/\/colegioarquitectos.com\/noticias\/index.php?rest_route=\/wp\/v2\/pages\/30084\/revisions"}],"wp:attachment":[{"href":"https:\/\/colegioarquitectos.com\/noticias\/index.php?rest_route=%2Fwp%2Fv2%2Fmedia&parent=30084"}],"curies":[{"name":"wp","href":"https:\/\/api.w.org\/{rel}","templated":true}]}}