
{"id":30170,"date":"2023-04-14T14:17:36","date_gmt":"2023-04-14T18:17:36","guid":{"rendered":"https:\/\/colegioarquitectos.com\/?page_id=30170"},"modified":"2024-09-24T09:09:22","modified_gmt":"2024-09-24T13:09:22","slug":"agenda-tu-visita-a-la-sede-nacional-gonzalo-mardones-restat","status":"publish","type":"page","link":"https:\/\/colegioarquitectos.com\/noticias\/?page_id=30170","title":{"rendered":"Agenda tu visita a la Sede Nacional \u00abGonzalo Mardones Restat\u00bb"},"content":{"rendered":"<p><img loading=\"lazy\" decoding=\"async\" class=\"aligncenter size-full wp-image-30178\" src=\"https:\/\/colegioarquitectos.com\/noticias\/wp-content\/uploads\/2023\/04\/PORTADA-FACHADA.jpg\" alt=\"\" width=\"1280\" height=\"720\" srcset=\"https:\/\/colegioarquitectos.com\/noticias\/wp-content\/uploads\/2023\/04\/PORTADA-FACHADA.jpg 1280w, https:\/\/colegioarquitectos.com\/noticias\/wp-content\/uploads\/2023\/04\/PORTADA-FACHADA-300x169.jpg 300w, https:\/\/colegioarquitectos.com\/noticias\/wp-content\/uploads\/2023\/04\/PORTADA-FACHADA-768x432.jpg 768w, https:\/\/colegioarquitectos.com\/noticias\/wp-content\/uploads\/2023\/04\/PORTADA-FACHADA-1024x576.jpg 1024w\" sizes=\"auto, (max-width: 1280px) 100vw, 1280px\" \/><\/p>\n<p>&nbsp;<\/p>\n<p>La Sede Nacional \u00abGonzalo Mardones Restat\u00bb fue dise\u00f1ada por Luciano Kulczewski en 1920, convirti\u00e9ndose en uno de los mejores exponentes del Art Nouveau en Chile. En 1974, al borde de la demolici\u00f3n y en condiciones deplorables, fue adquirida por el Colegio de Arquitectos de Chile para posteriormente ser reparada y adecuada como sede, en un proceso liderado por el arquitecto Gonzalo Mardones Restat.<\/p>\n<p>Posee un conjunto de 6 vitrales, ubicados en los dos halles principales de doble altura, en el segundo y tercer nivel del edificio, en sus alas oriente y poniente. Se destacan, tanto por su estado de conservaci\u00f3n como por los temas que figuran en las vidrieras, en especial las del segundo piso, trabajadas con grisallas e ilustradas con especies de la flora local y de tipo geom\u00e9trico.<\/p>\n<p>Los vitrales de los dos halles principales, de tipo floral y de tipo geom\u00e9trico representan un bien de alto valor ornamental y otorgan al espacio interior del edificio calidad y riqueza ambiental, a trav\u00e9s de sus dise\u00f1os, su colorido e iluminaci\u00f3n natural y constituyen un interesante eslab\u00f3n dentro de la historia del vitral en Chile en espec\u00edfico por las t\u00e9cnicas utilizadas \u2014pintura al fuego\u2014 y las especies figuradas, caso inusual dentro de obras de similar cronolog\u00eda y estilo.<\/p>\n<p>Hoy el Colegio de Arquitectos de Chile se encuentra en un proceso de reapertura de la Sede Nacional \u00abGonzalo Mardones Restat\u00bb, Monumento Hist\u00f3rico desde 2010, como un espacio abierto para el gremio, la ciudadan\u00eda y la ciudad de Santiago.<\/p>\n<p>\u00a1Esperamos tu visita!<\/p>\n<hr \/>\n<p>Horarios de visitas:<\/p>\n<p>Lunes a Jueves de 9:30 a 17:30 horas (continuado)<\/p>\n<p>Viernes de 9:30 a 16:30 horas\u00a0(continuado)<\/p>\n<p>No contamos con visitas guiadas.<\/p>\n<p>&nbsp;<\/p>\n<p><strong>Inscribe tu visita en el siguiente formulario<\/strong><\/p>\n<hr \/>\n<p>&nbsp;<\/p>\n<hr \/>\n<p><iframe loading=\"lazy\" src=\"https:\/\/docs.google.com\/forms\/d\/e\/1FAIpQLSfJIH2UW1pQ5sa-9NYbTxODggzhZMpIAMb1FQDXTjMR6Cw_UA\/viewform?embedded=true\" width=\"640\" height=\"1303\" frameborder=\"0\" marginwidth=\"0\" marginheight=\"0\">Cargando\u2026<\/iframe><\/p>\n<p>&nbsp;<\/p>\n<p>Tambi\u00e9n puedes conocer\u00a0 nuestra sede a trav\u00e9s del\u00a0 recorrido virtual 360\u00b0 en el siguiente link: https:\/\/colegioarquitectos.com\/360\/<\/p>\n<p>M\u00e1s consultas al correo prensa@colegioarquitectos.com<\/p>\n<p><\/p>","protected":false},"excerpt":{"rendered":"<p>&nbsp; La Sede Nacional \u00abGonzalo Mardones Restat\u00bb fue dise\u00f1ada por Luciano Kulczewski en 1920, convirti\u00e9ndose en uno de los mejores exponentes del Art Nouveau en Chile. En 1974, al borde de la demolici\u00f3n y en condiciones deplorables, fue adquirida por &hellip; <a class=\"more-link\" href=\"https:\/\/colegioarquitectos.com\/noticias\/?page_id=30170\">ver m\u00e1s<\/a><\/p>","protected":false},"author":4,"featured_media":0,"parent":0,"menu_order":0,"comment_status":"closed","ping_status":"closed","template":"pages\/fullwidth.php","meta":{"footnotes":""},"class_list":["post-30170","page","type-page","status-publish","hentry"],"yoast_head":"<!-- This site is optimized with the Yoast SEO plugin v24.2 - https:\/\/yoast.com\/wordpress\/plugins\/seo\/ -->\n<title>Agenda tu visita a la Sede Nacional \u00abGonzalo Mardones Restat\u00bb - COLEGIO DE ARQUITECTOS DE CHILE<\/title>\n<meta name=\"robots\" content=\"index, follow, max-snippet:-1, max-image-preview:large, max-video-preview:-1\" \/>\n<link rel=\"canonical\" href=\"https:\/\/colegioarquitectos.com\/noticias\/?page_id=30170\" \/>\n<meta property=\"og:locale\" content=\"es_ES\" \/>\n<meta property=\"og:type\" content=\"article\" \/>\n<meta property=\"og:title\" content=\"Agenda tu visita a la Sede Nacional \u00abGonzalo Mardones Restat\u00bb - COLEGIO DE ARQUITECTOS DE CHILE\" \/>\n<meta property=\"og:description\" content=\"&nbsp; La Sede Nacional \u00abGonzalo Mardones Restat\u00bb fue dise\u00f1ada por Luciano Kulczewski en 1920, convirti\u00e9ndose en uno de los mejores exponentes del Art Nouveau en Chile. En 1974, al borde de la demolici\u00f3n y en condiciones deplorables, fue adquirida por &hellip; ver m\u00e1s\" \/>\n<meta property=\"og:url\" content=\"https:\/\/colegioarquitectos.com\/noticias\/?page_id=30170\" \/>\n<meta property=\"og:site_name\" content=\"COLEGIO DE ARQUITECTOS DE CHILE\" \/>\n<meta property=\"article:publisher\" content=\"https:\/\/facebook.com\/Colegioarq\/\" \/>\n<meta property=\"article:modified_time\" content=\"2024-09-24T13:09:22+00:00\" \/>\n<meta property=\"og:image\" content=\"https:\/\/colegioarquitectos.com\/noticias\/wp-content\/uploads\/2023\/04\/PORTADA-FACHADA.jpg\" \/>\n<meta name=\"twitter:card\" content=\"summary_large_image\" \/>\n<meta name=\"twitter:site\" content=\"@colegioarq\" \/>\n<meta name=\"twitter:label1\" content=\"Tiempo de lectura\" \/>\n\t<meta name=\"twitter:data1\" content=\"2 minutos\" \/>\n<script type=\"application\/ld+json\" class=\"yoast-schema-graph\">{\"@context\":\"https:\/\/schema.org\",\"@graph\":[{\"@type\":\"WebPage\",\"@id\":\"https:\/\/colegioarquitectos.com\/noticias\/?page_id=30170\",\"url\":\"https:\/\/colegioarquitectos.com\/noticias\/?page_id=30170\",\"name\":\"Agenda tu visita a la Sede Nacional \u00abGonzalo Mardones Restat\u00bb - COLEGIO DE ARQUITECTOS DE CHILE\",\"isPartOf\":{\"@id\":\"https:\/\/colegioarquitectos.com\/noticias\/#website\"},\"primaryImageOfPage\":{\"@id\":\"https:\/\/colegioarquitectos.com\/noticias\/?page_id=30170#primaryimage\"},\"image\":{\"@id\":\"https:\/\/colegioarquitectos.com\/noticias\/?page_id=30170#primaryimage\"},\"thumbnailUrl\":\"https:\/\/colegioarquitectos.com\/noticias\/wp-content\/uploads\/2023\/04\/PORTADA-FACHADA.jpg\",\"datePublished\":\"2023-04-14T18:17:36+00:00\",\"dateModified\":\"2024-09-24T13:09:22+00:00\",\"breadcrumb\":{\"@id\":\"https:\/\/colegioarquitectos.com\/noticias\/?page_id=30170#breadcrumb\"},\"inLanguage\":\"es\",\"potentialAction\":[{\"@type\":\"ReadAction\",\"target\":[\"https:\/\/colegioarquitectos.com\/noticias\/?page_id=30170\"]}]},{\"@type\":\"ImageObject\",\"inLanguage\":\"es\",\"@id\":\"https:\/\/colegioarquitectos.com\/noticias\/?page_id=30170#primaryimage\",\"url\":\"https:\/\/colegioarquitectos.com\/noticias\/wp-content\/uploads\/2023\/04\/PORTADA-FACHADA.jpg\",\"contentUrl\":\"https:\/\/colegioarquitectos.com\/noticias\/wp-content\/uploads\/2023\/04\/PORTADA-FACHADA.jpg\",\"width\":1280,\"height\":720},{\"@type\":\"BreadcrumbList\",\"@id\":\"https:\/\/colegioarquitectos.com\/noticias\/?page_id=30170#breadcrumb\",\"itemListElement\":[{\"@type\":\"ListItem\",\"position\":1,\"name\":\"Portada\",\"item\":\"https:\/\/colegioarquitectos.com\/noticias\"},{\"@type\":\"ListItem\",\"position\":2,\"name\":\"Agenda tu visita a la Sede Nacional \u00abGonzalo Mardones Restat\u00bb\"}]},{\"@type\":\"WebSite\",\"@id\":\"https:\/\/colegioarquitectos.com\/noticias\/#website\",\"url\":\"https:\/\/colegioarquitectos.com\/noticias\/\",\"name\":\"COLEGIO DE ARQUITECTOS DE CHILE\",\"description\":\"\",\"publisher\":{\"@id\":\"https:\/\/colegioarquitectos.com\/noticias\/#organization\"},\"potentialAction\":[{\"@type\":\"SearchAction\",\"target\":{\"@type\":\"EntryPoint\",\"urlTemplate\":\"https:\/\/colegioarquitectos.com\/noticias\/?s={search_term_string}\"},\"query-input\":{\"@type\":\"PropertyValueSpecification\",\"valueRequired\":true,\"valueName\":\"search_term_string\"}}],\"inLanguage\":\"es\"},{\"@type\":\"Organization\",\"@id\":\"https:\/\/colegioarquitectos.com\/noticias\/#organization\",\"name\":\"COLEGIO DE ARQUITECTOS DE CHILE\",\"url\":\"https:\/\/colegioarquitectos.com\/noticias\/\",\"logo\":{\"@type\":\"ImageObject\",\"inLanguage\":\"es\",\"@id\":\"https:\/\/colegioarquitectos.com\/noticias\/#\/schema\/logo\/image\/\",\"url\":\"https:\/\/colegioarquitectos.com\/noticias\/wp-content\/uploads\/2021\/05\/ENCABEZADO-LOGO-CA.jpg\",\"contentUrl\":\"https:\/\/colegioarquitectos.com\/noticias\/wp-content\/uploads\/2021\/05\/ENCABEZADO-LOGO-CA.jpg\",\"width\":690,\"height\":350,\"caption\":\"COLEGIO DE ARQUITECTOS DE CHILE\"},\"image\":{\"@id\":\"https:\/\/colegioarquitectos.com\/noticias\/#\/schema\/logo\/image\/\"},\"sameAs\":[\"https:\/\/facebook.com\/Colegioarq\/\",\"https:\/\/x.com\/colegioarq\",\"https:\/\/instagram.com\/colegioarq\",\"https:\/\/youtube.com\/@ColegiodeArquitectosdeChile\"]}]}<\/script>\n<!-- \/ Yoast SEO plugin. -->","yoast_head_json":{"title":"Agenda tu visita a la Sede Nacional \u00abGonzalo Mardones Restat\u00bb - COLEGIO DE ARQUITECTOS DE CHILE","robots":{"index":"index","follow":"follow","max-snippet":"max-snippet:-1","max-image-preview":"max-image-preview:large","max-video-preview":"max-video-preview:-1"},"canonical":"https:\/\/colegioarquitectos.com\/noticias\/?page_id=30170","og_locale":"es_ES","og_type":"article","og_title":"Agenda tu visita a la Sede Nacional \u00abGonzalo Mardones Restat\u00bb - COLEGIO DE ARQUITECTOS DE CHILE","og_description":"&nbsp; La Sede Nacional \u00abGonzalo Mardones Restat\u00bb fue dise\u00f1ada por Luciano Kulczewski en 1920, convirti\u00e9ndose en uno de los mejores exponentes del Art Nouveau en Chile. En 1974, al borde de la demolici\u00f3n y en condiciones deplorables, fue adquirida por &hellip; ver m\u00e1s","og_url":"https:\/\/colegioarquitectos.com\/noticias\/?page_id=30170","og_site_name":"COLEGIO DE ARQUITECTOS DE CHILE","article_publisher":"https:\/\/facebook.com\/Colegioarq\/","article_modified_time":"2024-09-24T13:09:22+00:00","og_image":[{"url":"https:\/\/colegioarquitectos.com\/noticias\/wp-content\/uploads\/2023\/04\/PORTADA-FACHADA.jpg","type":"","width":"","height":""}],"twitter_card":"summary_large_image","twitter_site":"@colegioarq","twitter_misc":{"Tiempo de lectura":"2 minutos"},"schema":{"@context":"https:\/\/schema.org","@graph":[{"@type":"WebPage","@id":"https:\/\/colegioarquitectos.com\/noticias\/?page_id=30170","url":"https:\/\/colegioarquitectos.com\/noticias\/?page_id=30170","name":"Agenda tu visita a la Sede Nacional \u00abGonzalo Mardones Restat\u00bb - COLEGIO DE ARQUITECTOS DE CHILE","isPartOf":{"@id":"https:\/\/colegioarquitectos.com\/noticias\/#website"},"primaryImageOfPage":{"@id":"https:\/\/colegioarquitectos.com\/noticias\/?page_id=30170#primaryimage"},"image":{"@id":"https:\/\/colegioarquitectos.com\/noticias\/?page_id=30170#primaryimage"},"thumbnailUrl":"https:\/\/colegioarquitectos.com\/noticias\/wp-content\/uploads\/2023\/04\/PORTADA-FACHADA.jpg","datePublished":"2023-04-14T18:17:36+00:00","dateModified":"2024-09-24T13:09:22+00:00","breadcrumb":{"@id":"https:\/\/colegioarquitectos.com\/noticias\/?page_id=30170#breadcrumb"},"inLanguage":"es","potentialAction":[{"@type":"ReadAction","target":["https:\/\/colegioarquitectos.com\/noticias\/?page_id=30170"]}]},{"@type":"ImageObject","inLanguage":"es","@id":"https:\/\/colegioarquitectos.com\/noticias\/?page_id=30170#primaryimage","url":"https:\/\/colegioarquitectos.com\/noticias\/wp-content\/uploads\/2023\/04\/PORTADA-FACHADA.jpg","contentUrl":"https:\/\/colegioarquitectos.com\/noticias\/wp-content\/uploads\/2023\/04\/PORTADA-FACHADA.jpg","width":1280,"height":720},{"@type":"BreadcrumbList","@id":"https:\/\/colegioarquitectos.com\/noticias\/?page_id=30170#breadcrumb","itemListElement":[{"@type":"ListItem","position":1,"name":"Portada","item":"https:\/\/colegioarquitectos.com\/noticias"},{"@type":"ListItem","position":2,"name":"Agenda tu visita a la Sede Nacional \u00abGonzalo Mardones Restat\u00bb"}]},{"@type":"WebSite","@id":"https:\/\/colegioarquitectos.com\/noticias\/#website","url":"https:\/\/colegioarquitectos.com\/noticias\/","name":"COLEGIO DE ARQUITECTOS DE CHILE","description":"","publisher":{"@id":"https:\/\/colegioarquitectos.com\/noticias\/#organization"},"potentialAction":[{"@type":"SearchAction","target":{"@type":"EntryPoint","urlTemplate":"https:\/\/colegioarquitectos.com\/noticias\/?s={search_term_string}"},"query-input":{"@type":"PropertyValueSpecification","valueRequired":true,"valueName":"search_term_string"}}],"inLanguage":"es"},{"@type":"Organization","@id":"https:\/\/colegioarquitectos.com\/noticias\/#organization","name":"COLEGIO DE ARQUITECTOS DE CHILE","url":"https:\/\/colegioarquitectos.com\/noticias\/","logo":{"@type":"ImageObject","inLanguage":"es","@id":"https:\/\/colegioarquitectos.com\/noticias\/#\/schema\/logo\/image\/","url":"https:\/\/colegioarquitectos.com\/noticias\/wp-content\/uploads\/2021\/05\/ENCABEZADO-LOGO-CA.jpg","contentUrl":"https:\/\/colegioarquitectos.com\/noticias\/wp-content\/uploads\/2021\/05\/ENCABEZADO-LOGO-CA.jpg","width":690,"height":350,"caption":"COLEGIO DE ARQUITECTOS DE CHILE"},"image":{"@id":"https:\/\/colegioarquitectos.com\/noticias\/#\/schema\/logo\/image\/"},"sameAs":["https:\/\/facebook.com\/Colegioarq\/","https:\/\/x.com\/colegioarq","https:\/\/instagram.com\/colegioarq","https:\/\/youtube.com\/@ColegiodeArquitectosdeChile"]}]}},"_links":{"self":[{"href":"https:\/\/colegioarquitectos.com\/noticias\/index.php?rest_route=\/wp\/v2\/pages\/30170","targetHints":{"allow":["GET"]}}],"collection":[{"href":"https:\/\/colegioarquitectos.com\/noticias\/index.php?rest_route=\/wp\/v2\/pages"}],"about":[{"href":"https:\/\/colegioarquitectos.com\/noticias\/index.php?rest_route=\/wp\/v2\/types\/page"}],"author":[{"embeddable":true,"href":"https:\/\/colegioarquitectos.com\/noticias\/index.php?rest_route=\/wp\/v2\/users\/4"}],"replies":[{"embeddable":true,"href":"https:\/\/colegioarquitectos.com\/noticias\/index.php?rest_route=%2Fwp%2Fv2%2Fcomments&post=30170"}],"version-history":[{"count":0,"href":"https:\/\/colegioarquitectos.com\/noticias\/index.php?rest_route=\/wp\/v2\/pages\/30170\/revisions"}],"wp:attachment":[{"href":"https:\/\/colegioarquitectos.com\/noticias\/index.php?rest_route=%2Fwp%2Fv2%2Fmedia&parent=30170"}],"curies":[{"name":"wp","href":"https:\/\/api.w.org\/{rel}","templated":true}]}}