
{"id":30232,"date":"2023-04-24T12:22:20","date_gmt":"2023-04-24T16:22:20","guid":{"rendered":"https:\/\/colegioarquitectos.com\/?page_id=30232"},"modified":"2023-04-24T12:32:19","modified_gmt":"2023-04-24T16:32:19","slug":"luciano-kulczewski-garcia-1896-1972","status":"publish","type":"page","link":"https:\/\/colegioarquitectos.com\/noticias\/?page_id=30232","title":{"rendered":"Luciano Kulczewski Garc\u00eda (1896-1972)"},"content":{"rendered":"<p><img loading=\"lazy\" decoding=\"async\" class=\"aligncenter size-full wp-image-30233\" src=\"https:\/\/colegioarquitectos.com\/noticias\/wp-content\/uploads\/2023\/04\/KUL-PORTADA.jpg\" alt=\"\" width=\"1280\" height=\"720\" srcset=\"https:\/\/colegioarquitectos.com\/noticias\/wp-content\/uploads\/2023\/04\/KUL-PORTADA.jpg 1280w, https:\/\/colegioarquitectos.com\/noticias\/wp-content\/uploads\/2023\/04\/KUL-PORTADA-300x169.jpg 300w, https:\/\/colegioarquitectos.com\/noticias\/wp-content\/uploads\/2023\/04\/KUL-PORTADA-768x432.jpg 768w, https:\/\/colegioarquitectos.com\/noticias\/wp-content\/uploads\/2023\/04\/KUL-PORTADA-1024x576.jpg 1024w\" sizes=\"auto, (max-width: 1280px) 100vw, 1280px\" \/><\/p>\n<p>&nbsp;<\/p>\n<p>Estudi\u00f3 en el Instituto Nacional y en la Escuela de Arquitectura de la Universidad de Chile.<\/p>\n<p>Obtiene medallas en los salones oficiales del Museo Nacional de Bellas Artes y, en 1919, se grad\u00faa con la m\u00e1s alta votaci\u00f3n por t\u00edtulo hasta entonces. Viaja a Europa poco despu\u00e9s de titularse.<\/p>\n<p>Fue jefe de campa\u00f1a de Pedro Aguirre Cerda, triunfador de las elecciones de 1938 con el Frente Popular. Kulczewski se consideraba uno de los catorce fundadores del Partido Socialista de Chile y, algunos, le adjudican el dise\u00f1o del s\u00edmbolo del partido.<\/p>\n<p>Asumiendo en 1939 el cargo de administrador de la Caja de Seguro Obrero, debi\u00f3 enfrentar las consecuencias del terremoto de Chill\u00e1n.<\/p>\n<p>Entre sus obras m\u00e1s relevantes se encuentran los pabellones de acceso del funicular y fotogr\u00e1fico del Cerro San Crist\u00f3bal y la casa familia Kulczewski Y\u00e1nquez de Estados Unidos 203, estilo Neo medieval; los edificios de Merced 268, Alameda 2136 y las poblaciones Keller, Militar (Manuel Montt con Irarr\u00e1zaval), los Casta\u00f1os y Madrid, estilo Art nouveau; el edificio de departamentos de Merced 84 y la Piscina Escolar Universidad de Chile, estilo Art dec\u00f3; el Instituto Agron\u00f3mico y la poblaci\u00f3n Quinta Meiggs (de calle Virginia Opazo), representativos del Neo cl\u00e1sico franc\u00e9s.<\/p>\n<p>Falleci\u00f3 en 1972. Fue incinerado, y parte de sus cenizas se esparcieron en los faldeos del cerro San Crist\u00f3bal y el cementerio P\u00e8re-Lachaise de Par\u00eds.<\/p>\n<p>&nbsp;<\/p>\n<div id=\"attachment_30234\" style=\"width: 310px\" class=\"wp-caption aligncenter\"><img loading=\"lazy\" decoding=\"async\" aria-describedby=\"caption-attachment-30234\" class=\"size-full wp-image-30234\" src=\"https:\/\/colegioarquitectos.com\/noticias\/wp-content\/uploads\/2023\/04\/Kulczewski.jpg\" alt=\"\" width=\"300\" height=\"400\" srcset=\"https:\/\/colegioarquitectos.com\/noticias\/wp-content\/uploads\/2023\/04\/Kulczewski.jpg 300w, https:\/\/colegioarquitectos.com\/noticias\/wp-content\/uploads\/2023\/04\/Kulczewski-225x300.jpg 225w\" sizes=\"auto, (max-width: 300px) 100vw, 300px\" \/><p id=\"caption-attachment-30234\" class=\"wp-caption-text\">Luciano Kulczewski Garc\u00eda (1896-1972)<\/p><\/div>\n<p>&nbsp;<\/p>\n<p>&nbsp;<\/p>\n<p>&nbsp;<\/p>\n<h4>Kulczewski por s\u00ed mismo<\/h4>\n<hr \/>\n<p>\u00abLa arquitectura, lejos de ser una ciencia, es un hecho fundamental en las vidas humanas: dar vivienda. Dar cohesi\u00f3n a la familia, un hogar donde se desarrollen las vidas humanas; alegr\u00edas, tristezas, penas. Adem\u00e1s es un arte. Re\u00fane, as\u00ed estas dos condiciones que son sublimes\u00bb.<\/p>\n<p>\u00abSantiago es sin duda una de las ciudades mejor emplazadas, en un valle bell\u00edsimo, con los cerros San Crist\u00f3bal y Santa Luc\u00eda, la vista de la Cordillera de Los Andes y del poniente, las puestas de sol, los cielos bellos y de cambiantes tonalidades de colores\u00bb.<\/p>\n<p>\u00abEl chileno como constructor de casas es espl\u00e9ndido. Son muy buenos artesanos. Me bastaba dise\u00f1ar en una pared especial en la obra gruesa de un edificio. El resultado final era espl\u00e9ndido y la calidad de las terminaciones excelente. En cerrajer\u00eda trabaj\u00e9 con la firma Carlos Mina e Hijos: dif\u00edcilmente creo que haya habido otra igual en Chile\u00bb.<\/p>\n<p>\u00abEstoy totalmente en contra de la proletarizaci\u00f3n del hombre com\u00fan. Al contrario; yo lo quiero levantar haciendo todas esas poblaciones con las casas distintas unas de otras, pero dentro de una semejanza com\u00fan\u00bb.<\/p>\n<p>&nbsp;<\/p>\n<p><\/p>","protected":false},"excerpt":{"rendered":"<p>&nbsp; Estudi\u00f3 en el Instituto Nacional y en la Escuela de Arquitectura de la Universidad de Chile. Obtiene medallas en los salones oficiales del Museo Nacional de Bellas Artes y, en 1919, se grad\u00faa con la m\u00e1s alta votaci\u00f3n por &hellip; <a class=\"more-link\" href=\"https:\/\/colegioarquitectos.com\/noticias\/?page_id=30232\">ver m\u00e1s<\/a><\/p>","protected":false},"author":4,"featured_media":0,"parent":0,"menu_order":0,"comment_status":"closed","ping_status":"closed","template":"pages\/fullwidth.php","meta":{"footnotes":""},"class_list":["post-30232","page","type-page","status-publish","hentry"],"yoast_head":"<!-- This site is optimized with the Yoast SEO plugin v24.2 - https:\/\/yoast.com\/wordpress\/plugins\/seo\/ -->\n<title>Luciano Kulczewski Garc\u00eda (1896-1972) - COLEGIO DE ARQUITECTOS DE CHILE<\/title>\n<meta name=\"robots\" content=\"index, follow, max-snippet:-1, max-image-preview:large, max-video-preview:-1\" \/>\n<link rel=\"canonical\" href=\"https:\/\/colegioarquitectos.com\/noticias\/?page_id=30232\" \/>\n<meta property=\"og:locale\" content=\"es_ES\" \/>\n<meta property=\"og:type\" content=\"article\" \/>\n<meta property=\"og:title\" content=\"Luciano Kulczewski Garc\u00eda (1896-1972) - COLEGIO DE ARQUITECTOS DE CHILE\" \/>\n<meta property=\"og:description\" content=\"&nbsp; Estudi\u00f3 en el Instituto Nacional y en la Escuela de Arquitectura de la Universidad de Chile. Obtiene medallas en los salones oficiales del Museo Nacional de Bellas Artes y, en 1919, se grad\u00faa con la m\u00e1s alta votaci\u00f3n por &hellip; ver m\u00e1s\" \/>\n<meta property=\"og:url\" content=\"https:\/\/colegioarquitectos.com\/noticias\/?page_id=30232\" \/>\n<meta property=\"og:site_name\" content=\"COLEGIO DE ARQUITECTOS DE CHILE\" \/>\n<meta property=\"article:publisher\" content=\"https:\/\/facebook.com\/Colegioarq\/\" \/>\n<meta property=\"article:modified_time\" content=\"2023-04-24T16:32:19+00:00\" \/>\n<meta property=\"og:image\" content=\"https:\/\/colegioarquitectos.com\/noticias\/wp-content\/uploads\/2023\/04\/KUL-PORTADA.jpg\" \/>\n<meta name=\"twitter:card\" content=\"summary_large_image\" \/>\n<meta name=\"twitter:site\" content=\"@colegioarq\" \/>\n<meta name=\"twitter:label1\" content=\"Tiempo de lectura\" \/>\n\t<meta name=\"twitter:data1\" content=\"2 minutos\" \/>\n<script type=\"application\/ld+json\" class=\"yoast-schema-graph\">{\"@context\":\"https:\/\/schema.org\",\"@graph\":[{\"@type\":\"WebPage\",\"@id\":\"https:\/\/colegioarquitectos.com\/noticias\/?page_id=30232\",\"url\":\"https:\/\/colegioarquitectos.com\/noticias\/?page_id=30232\",\"name\":\"Luciano Kulczewski Garc\u00eda (1896-1972) - COLEGIO DE ARQUITECTOS DE CHILE\",\"isPartOf\":{\"@id\":\"https:\/\/colegioarquitectos.com\/noticias\/#website\"},\"primaryImageOfPage\":{\"@id\":\"https:\/\/colegioarquitectos.com\/noticias\/?page_id=30232#primaryimage\"},\"image\":{\"@id\":\"https:\/\/colegioarquitectos.com\/noticias\/?page_id=30232#primaryimage\"},\"thumbnailUrl\":\"https:\/\/colegioarquitectos.com\/noticias\/wp-content\/uploads\/2023\/04\/KUL-PORTADA.jpg\",\"datePublished\":\"2023-04-24T16:22:20+00:00\",\"dateModified\":\"2023-04-24T16:32:19+00:00\",\"breadcrumb\":{\"@id\":\"https:\/\/colegioarquitectos.com\/noticias\/?page_id=30232#breadcrumb\"},\"inLanguage\":\"es\",\"potentialAction\":[{\"@type\":\"ReadAction\",\"target\":[\"https:\/\/colegioarquitectos.com\/noticias\/?page_id=30232\"]}]},{\"@type\":\"ImageObject\",\"inLanguage\":\"es\",\"@id\":\"https:\/\/colegioarquitectos.com\/noticias\/?page_id=30232#primaryimage\",\"url\":\"https:\/\/colegioarquitectos.com\/noticias\/wp-content\/uploads\/2023\/04\/KUL-PORTADA.jpg\",\"contentUrl\":\"https:\/\/colegioarquitectos.com\/noticias\/wp-content\/uploads\/2023\/04\/KUL-PORTADA.jpg\",\"width\":1280,\"height\":720},{\"@type\":\"BreadcrumbList\",\"@id\":\"https:\/\/colegioarquitectos.com\/noticias\/?page_id=30232#breadcrumb\",\"itemListElement\":[{\"@type\":\"ListItem\",\"position\":1,\"name\":\"Portada\",\"item\":\"https:\/\/colegioarquitectos.com\/noticias\"},{\"@type\":\"ListItem\",\"position\":2,\"name\":\"Luciano Kulczewski Garc\u00eda (1896-1972)\"}]},{\"@type\":\"WebSite\",\"@id\":\"https:\/\/colegioarquitectos.com\/noticias\/#website\",\"url\":\"https:\/\/colegioarquitectos.com\/noticias\/\",\"name\":\"COLEGIO DE ARQUITECTOS DE CHILE\",\"description\":\"\",\"publisher\":{\"@id\":\"https:\/\/colegioarquitectos.com\/noticias\/#organization\"},\"potentialAction\":[{\"@type\":\"SearchAction\",\"target\":{\"@type\":\"EntryPoint\",\"urlTemplate\":\"https:\/\/colegioarquitectos.com\/noticias\/?s={search_term_string}\"},\"query-input\":{\"@type\":\"PropertyValueSpecification\",\"valueRequired\":true,\"valueName\":\"search_term_string\"}}],\"inLanguage\":\"es\"},{\"@type\":\"Organization\",\"@id\":\"https:\/\/colegioarquitectos.com\/noticias\/#organization\",\"name\":\"COLEGIO DE ARQUITECTOS DE CHILE\",\"url\":\"https:\/\/colegioarquitectos.com\/noticias\/\",\"logo\":{\"@type\":\"ImageObject\",\"inLanguage\":\"es\",\"@id\":\"https:\/\/colegioarquitectos.com\/noticias\/#\/schema\/logo\/image\/\",\"url\":\"https:\/\/colegioarquitectos.com\/noticias\/wp-content\/uploads\/2021\/05\/ENCABEZADO-LOGO-CA.jpg\",\"contentUrl\":\"https:\/\/colegioarquitectos.com\/noticias\/wp-content\/uploads\/2021\/05\/ENCABEZADO-LOGO-CA.jpg\",\"width\":690,\"height\":350,\"caption\":\"COLEGIO DE ARQUITECTOS DE CHILE\"},\"image\":{\"@id\":\"https:\/\/colegioarquitectos.com\/noticias\/#\/schema\/logo\/image\/\"},\"sameAs\":[\"https:\/\/facebook.com\/Colegioarq\/\",\"https:\/\/x.com\/colegioarq\",\"https:\/\/instagram.com\/colegioarq\",\"https:\/\/youtube.com\/@ColegiodeArquitectosdeChile\"]}]}<\/script>\n<!-- \/ Yoast SEO plugin. -->","yoast_head_json":{"title":"Luciano Kulczewski Garc\u00eda (1896-1972) - COLEGIO DE ARQUITECTOS DE CHILE","robots":{"index":"index","follow":"follow","max-snippet":"max-snippet:-1","max-image-preview":"max-image-preview:large","max-video-preview":"max-video-preview:-1"},"canonical":"https:\/\/colegioarquitectos.com\/noticias\/?page_id=30232","og_locale":"es_ES","og_type":"article","og_title":"Luciano Kulczewski Garc\u00eda (1896-1972) - COLEGIO DE ARQUITECTOS DE CHILE","og_description":"&nbsp; Estudi\u00f3 en el Instituto Nacional y en la Escuela de Arquitectura de la Universidad de Chile. Obtiene medallas en los salones oficiales del Museo Nacional de Bellas Artes y, en 1919, se grad\u00faa con la m\u00e1s alta votaci\u00f3n por &hellip; ver m\u00e1s","og_url":"https:\/\/colegioarquitectos.com\/noticias\/?page_id=30232","og_site_name":"COLEGIO DE ARQUITECTOS DE CHILE","article_publisher":"https:\/\/facebook.com\/Colegioarq\/","article_modified_time":"2023-04-24T16:32:19+00:00","og_image":[{"url":"https:\/\/colegioarquitectos.com\/noticias\/wp-content\/uploads\/2023\/04\/KUL-PORTADA.jpg","type":"","width":"","height":""}],"twitter_card":"summary_large_image","twitter_site":"@colegioarq","twitter_misc":{"Tiempo de lectura":"2 minutos"},"schema":{"@context":"https:\/\/schema.org","@graph":[{"@type":"WebPage","@id":"https:\/\/colegioarquitectos.com\/noticias\/?page_id=30232","url":"https:\/\/colegioarquitectos.com\/noticias\/?page_id=30232","name":"Luciano Kulczewski Garc\u00eda (1896-1972) - COLEGIO DE ARQUITECTOS DE CHILE","isPartOf":{"@id":"https:\/\/colegioarquitectos.com\/noticias\/#website"},"primaryImageOfPage":{"@id":"https:\/\/colegioarquitectos.com\/noticias\/?page_id=30232#primaryimage"},"image":{"@id":"https:\/\/colegioarquitectos.com\/noticias\/?page_id=30232#primaryimage"},"thumbnailUrl":"https:\/\/colegioarquitectos.com\/noticias\/wp-content\/uploads\/2023\/04\/KUL-PORTADA.jpg","datePublished":"2023-04-24T16:22:20+00:00","dateModified":"2023-04-24T16:32:19+00:00","breadcrumb":{"@id":"https:\/\/colegioarquitectos.com\/noticias\/?page_id=30232#breadcrumb"},"inLanguage":"es","potentialAction":[{"@type":"ReadAction","target":["https:\/\/colegioarquitectos.com\/noticias\/?page_id=30232"]}]},{"@type":"ImageObject","inLanguage":"es","@id":"https:\/\/colegioarquitectos.com\/noticias\/?page_id=30232#primaryimage","url":"https:\/\/colegioarquitectos.com\/noticias\/wp-content\/uploads\/2023\/04\/KUL-PORTADA.jpg","contentUrl":"https:\/\/colegioarquitectos.com\/noticias\/wp-content\/uploads\/2023\/04\/KUL-PORTADA.jpg","width":1280,"height":720},{"@type":"BreadcrumbList","@id":"https:\/\/colegioarquitectos.com\/noticias\/?page_id=30232#breadcrumb","itemListElement":[{"@type":"ListItem","position":1,"name":"Portada","item":"https:\/\/colegioarquitectos.com\/noticias"},{"@type":"ListItem","position":2,"name":"Luciano Kulczewski Garc\u00eda (1896-1972)"}]},{"@type":"WebSite","@id":"https:\/\/colegioarquitectos.com\/noticias\/#website","url":"https:\/\/colegioarquitectos.com\/noticias\/","name":"COLEGIO DE ARQUITECTOS DE CHILE","description":"","publisher":{"@id":"https:\/\/colegioarquitectos.com\/noticias\/#organization"},"potentialAction":[{"@type":"SearchAction","target":{"@type":"EntryPoint","urlTemplate":"https:\/\/colegioarquitectos.com\/noticias\/?s={search_term_string}"},"query-input":{"@type":"PropertyValueSpecification","valueRequired":true,"valueName":"search_term_string"}}],"inLanguage":"es"},{"@type":"Organization","@id":"https:\/\/colegioarquitectos.com\/noticias\/#organization","name":"COLEGIO DE ARQUITECTOS DE CHILE","url":"https:\/\/colegioarquitectos.com\/noticias\/","logo":{"@type":"ImageObject","inLanguage":"es","@id":"https:\/\/colegioarquitectos.com\/noticias\/#\/schema\/logo\/image\/","url":"https:\/\/colegioarquitectos.com\/noticias\/wp-content\/uploads\/2021\/05\/ENCABEZADO-LOGO-CA.jpg","contentUrl":"https:\/\/colegioarquitectos.com\/noticias\/wp-content\/uploads\/2021\/05\/ENCABEZADO-LOGO-CA.jpg","width":690,"height":350,"caption":"COLEGIO DE ARQUITECTOS DE CHILE"},"image":{"@id":"https:\/\/colegioarquitectos.com\/noticias\/#\/schema\/logo\/image\/"},"sameAs":["https:\/\/facebook.com\/Colegioarq\/","https:\/\/x.com\/colegioarq","https:\/\/instagram.com\/colegioarq","https:\/\/youtube.com\/@ColegiodeArquitectosdeChile"]}]}},"_links":{"self":[{"href":"https:\/\/colegioarquitectos.com\/noticias\/index.php?rest_route=\/wp\/v2\/pages\/30232","targetHints":{"allow":["GET"]}}],"collection":[{"href":"https:\/\/colegioarquitectos.com\/noticias\/index.php?rest_route=\/wp\/v2\/pages"}],"about":[{"href":"https:\/\/colegioarquitectos.com\/noticias\/index.php?rest_route=\/wp\/v2\/types\/page"}],"author":[{"embeddable":true,"href":"https:\/\/colegioarquitectos.com\/noticias\/index.php?rest_route=\/wp\/v2\/users\/4"}],"replies":[{"embeddable":true,"href":"https:\/\/colegioarquitectos.com\/noticias\/index.php?rest_route=%2Fwp%2Fv2%2Fcomments&post=30232"}],"version-history":[{"count":0,"href":"https:\/\/colegioarquitectos.com\/noticias\/index.php?rest_route=\/wp\/v2\/pages\/30232\/revisions"}],"wp:attachment":[{"href":"https:\/\/colegioarquitectos.com\/noticias\/index.php?rest_route=%2Fwp%2Fv2%2Fmedia&parent=30232"}],"curies":[{"name":"wp","href":"https:\/\/api.w.org\/{rel}","templated":true}]}}