
{"id":35162,"date":"2026-03-17T14:51:51","date_gmt":"2026-03-17T18:51:51","guid":{"rendered":"https:\/\/colegioarquitectos.com\/noticias\/?page_id=35162"},"modified":"2026-03-20T13:29:09","modified_gmt":"2026-03-20T17:29:09","slug":"revista-ca-n154-vivienda-social","status":"publish","type":"page","link":"https:\/\/colegioarquitectos.com\/noticias\/?page_id=35162","title":{"rendered":"Revista CA N\u00b0154  &#8211; Vivienda Social &#8211;"},"content":{"rendered":"<p><img loading=\"lazy\" decoding=\"async\" class=\"alignnone size-full wp-image-35186\" src=\"https:\/\/colegioarquitectos.com\/noticias\/wp-content\/uploads\/2026\/03\/CA154-DIGITAL-DESTWEBok.png\" alt=\"\" width=\"1280\" height=\"720\" srcset=\"https:\/\/colegioarquitectos.com\/noticias\/wp-content\/uploads\/2026\/03\/CA154-DIGITAL-DESTWEBok.png 1280w, https:\/\/colegioarquitectos.com\/noticias\/wp-content\/uploads\/2026\/03\/CA154-DIGITAL-DESTWEBok-300x169.png 300w, https:\/\/colegioarquitectos.com\/noticias\/wp-content\/uploads\/2026\/03\/CA154-DIGITAL-DESTWEBok-1024x576.png 1024w, https:\/\/colegioarquitectos.com\/noticias\/wp-content\/uploads\/2026\/03\/CA154-DIGITAL-DESTWEBok-768x432.png 768w\" sizes=\"auto, (max-width: 1280px) 100vw, 1280px\" \/><\/p>\n<h3 data-section-id=\"u6t2bp\" data-start=\"96\" data-end=\"139\"><img loading=\"lazy\" decoding=\"async\" class=\"alignnone size-full wp-image-35189\" src=\"https:\/\/colegioarquitectos.com\/noticias\/wp-content\/uploads\/2026\/03\/logorevca2025web.png\" alt=\"\" width=\"40\" height=\"23\" \/> Resumen editorial<\/h3>\n<p data-start=\"141\" data-end=\"401\">La Revista CA \u2013 Ciudad y Arquitectura, publicaci\u00f3n hist\u00f3rica del Colegio de Arquitectos de Chile desde 1968, regresa tras casi una d\u00e9cada de pausa con el prop\u00f3sito de recuperar su rol como espacio de encuentro, reflexi\u00f3n y difusi\u00f3n de la arquitectura nacional.<\/p>\n<p data-start=\"403\" data-end=\"792\">A lo largo de su trayectoria, la revista ha sido un puente entre la profesi\u00f3n y la sociedad, as\u00ed como un archivo clave del desarrollo arquitect\u00f3nico en Chile. Hoy, su reactivaci\u00f3n busca fortalecer la identidad gremial, visibilizar el trabajo de arquitectas y arquitectos en todo el pa\u00eds y reabrir el debate sobre temas contempor\u00e1neos como ciudad, equidad, medio ambiente y justicia social.<\/p>\n<p data-start=\"794\" data-end=\"1033\">En esta nueva etapa, la CA se proyecta como una publicaci\u00f3n peri\u00f3dica \u2014impresa y digital\u2014 que integrar\u00e1 pensamiento cr\u00edtico, proyectos, investigaci\u00f3n y expresi\u00f3n disciplinar, mediante una convocatoria abierta a la comunidad arquitect\u00f3nica.<\/p>\n<p data-start=\"1035\" data-end=\"1285\">Este n\u00famero marca el inicio de una nueva era, abordando como tema central la vivienda social desde diversas perspectivas, y reafirma la intenci\u00f3n de la revista de ser una plataforma de articulaci\u00f3n, memoria e innovaci\u00f3n para la arquitectura en Chile.<\/p>\n<p data-start=\"1035\" data-end=\"1285\">extracto Editorial, Rodolfo Jim\u00e9nez Cavieres Presidente Nacional Colegio de Arquitectos de Chile<\/p>\n<hr \/>\n<div class=\"_df_book df-lite\" id=\"df_35157\"  _slug=\"revista-ca-154-vivienda-social-octubre-diciembre-2025\" data-title=\"revista-ca-154-vivienda-social-octubre-diciembre-2025\" wpoptions=\"true\" thumb=\"https:\/\/colegioarquitectos.com\/noticias\/wp-content\/uploads\/2026\/03\/portada154DEARFLIP.png\" thumbtype=\"\" ><\/div><script class=\"df-shortcode-script\" nowprocket type=\"application\/javascript\">window.option_df_35157 = {\"outline\":[],\"autoEnableOutline\":\"false\",\"autoEnableThumbnail\":\"false\",\"overwritePDFOutline\":\"false\",\"enableDownload\":\"false\",\"direction\":\"1\",\"pageSize\":\"0\",\"soundEnable\":\"false\",\"source\":\"https:\\\/\\\/colegioarquitectos.com\\\/noticias\\\/wp-content\\\/uploads\\\/2026\\\/03\\\/CA154_web-1.pdf\",\"wpOptions\":\"true\"}; if(window.DFLIP && window.DFLIP.parseBooks){window.DFLIP.parseBooks();}<\/script>\n<hr \/>\n<h3 data-section-id=\"u6t2bp\" data-start=\"96\" data-end=\"139\"><img loading=\"lazy\" decoding=\"async\" class=\"alignnone size-full wp-image-35189\" src=\"https:\/\/colegioarquitectos.com\/noticias\/wp-content\/uploads\/2026\/03\/logorevca2025web.png\" alt=\"\" width=\"40\" height=\"23\" \/> \u00a0<strong>Para descargar el ejemplar en PDF, accede al siguiente enlace: <a href=\"https:\/\/colegioarquitectos.com\/noticias\/?page_id=35165\" target=\"_blank\" rel=\"noopener\"> <em>ENLACE DESCARGA REVISTA<\/em><\/a> <\/strong><\/h3>\n<p data-start=\"0\" data-end=\"151\"><strong>Utilizando el c\u00f3digo enviado a tu correo registrado en el Colegio en el \u00faltimo bolet\u00edn informativo.<\/strong><\/p>\n<p data-start=\"153\" data-end=\"262\" data-is-last-node=\"\" data-is-only-node=\"\"><strong>La descarga de la revista es un beneficio exclusivo para arquitectas y arquitectos con su colegiatura activa.<\/strong><\/p>\n<p data-start=\"153\" data-end=\"262\" data-is-last-node=\"\" data-is-only-node=\"\"><strong>Si no recibiste el C\u00d3DIGO de descarga; puedes solicitarlo al correo colegiados@colegioarquitectos.com con tu ICA o rut<\/strong><\/p>\n<hr \/>\n<h3 data-section-id=\"u6t2bp\" data-start=\"96\" data-end=\"139\"><img loading=\"lazy\" decoding=\"async\" class=\"alignnone size-full wp-image-35189\" src=\"https:\/\/colegioarquitectos.com\/noticias\/wp-content\/uploads\/2026\/03\/logorevca2025web.png\" alt=\"\" width=\"40\" height=\"23\" \/>\u00a0Si quieres\u00a0 comprar la edici\u00f3n impresa\u00a0N\u00b0154, dedicada al tema \u00abVivienda Social\u00bb,<\/h3>\n<p data-start=\"153\" data-end=\"262\" data-is-last-node=\"\" data-is-only-node=\"\">\u00a0<strong>abierta a todo p\u00fablico y con descuento especial para colegiadas y colegiados activos<\/strong>.<\/p>\n<p>Colegiadas y colegiados activos:\u00a0<strong>$14.000<\/strong><\/p>\n<p>P\u00fablico general:\u00a0<strong>$20.000<\/strong><\/p>\n<hr \/>\n<p><strong>\u00bfC\u00f3mo pagar?<\/strong><\/p>\n<p>COLEGIO DE ARQUITECTOS DE CHILE<\/p>\n<p>RUT: 82465700-9<\/p>\n<p>BANCO SCOTIABANK<\/p>\n<p>CUENTA CORRIENTE: 000970318259<\/p>\n<p>CORREO: colegiados@colegioarquitectos.com<\/p>\n<p>ASUNTO: PAGO\u00a0 REVISTA CA 154-\u00a0 TU NOMBRE<\/p>\n<p data-start=\"153\" data-end=\"262\" data-is-last-node=\"\" data-is-only-node=\"\">escr\u00edbenos al correo colegiados@colegioarquitectos.com<\/p>\n<hr \/>\n<h3 style=\"text-align: center;\" data-section-id=\"u6t2bp\" data-start=\"96\" data-end=\"139\"><img loading=\"lazy\" decoding=\"async\" class=\"alignnone size-full wp-image-35189 aligncenter\" src=\"https:\/\/colegioarquitectos.com\/noticias\/wp-content\/uploads\/2026\/03\/logorevca2025web.png\" alt=\"\" width=\"40\" height=\"23\" \/><span style=\"font-size: 16px;\">Colegio de Arquitectos de Chile 2026\u00a0<\/span><\/h3>\n<p><\/p>","protected":false},"excerpt":{"rendered":"<p>Resumen editorial La Revista CA \u2013 Ciudad y Arquitectura, publicaci\u00f3n hist\u00f3rica del Colegio de Arquitectos de Chile desde 1968, regresa tras casi una d\u00e9cada de pausa con el prop\u00f3sito de recuperar su rol como espacio de encuentro, reflexi\u00f3n y difusi\u00f3n &hellip; <a class=\"more-link\" href=\"https:\/\/colegioarquitectos.com\/noticias\/?page_id=35162\">ver m\u00e1s<\/a><\/p>","protected":false},"author":1,"featured_media":35186,"parent":0,"menu_order":0,"comment_status":"closed","ping_status":"closed","template":"pages\/fullwidth.php","meta":{"footnotes":""},"class_list":["post-35162","page","type-page","status-publish","has-post-thumbnail","hentry"],"yoast_head":"<!-- This site is optimized with the Yoast SEO plugin v24.2 - https:\/\/yoast.com\/wordpress\/plugins\/seo\/ -->\n<title>Revista CA N\u00b0154 - Vivienda Social - COLEGIO DE ARQUITECTOS DE CHILE<\/title>\n<meta name=\"robots\" content=\"index, follow, max-snippet:-1, max-image-preview:large, max-video-preview:-1\" \/>\n<link rel=\"canonical\" href=\"https:\/\/colegioarquitectos.com\/noticias\/?page_id=35162\" \/>\n<meta property=\"og:locale\" content=\"es_ES\" \/>\n<meta property=\"og:type\" content=\"article\" \/>\n<meta property=\"og:title\" content=\"Revista CA N\u00b0154 - Vivienda Social - COLEGIO DE ARQUITECTOS DE CHILE\" \/>\n<meta property=\"og:description\" content=\"Resumen editorial La Revista CA \u2013 Ciudad y Arquitectura, publicaci\u00f3n hist\u00f3rica del Colegio de Arquitectos de Chile desde 1968, regresa tras casi una d\u00e9cada de pausa con el prop\u00f3sito de recuperar su rol como espacio de encuentro, reflexi\u00f3n y difusi\u00f3n &hellip; ver m\u00e1s\" \/>\n<meta property=\"og:url\" content=\"https:\/\/colegioarquitectos.com\/noticias\/?page_id=35162\" \/>\n<meta property=\"og:site_name\" content=\"COLEGIO DE ARQUITECTOS DE CHILE\" \/>\n<meta property=\"article:publisher\" content=\"https:\/\/facebook.com\/Colegioarq\/\" \/>\n<meta property=\"article:modified_time\" content=\"2026-03-20T17:29:09+00:00\" \/>\n<meta property=\"og:image\" content=\"https:\/\/colegioarquitectos.com\/noticias\/wp-content\/uploads\/2026\/03\/CA154-DIGITAL-DESTWEBok.png\" \/>\n\t<meta property=\"og:image:width\" content=\"1280\" \/>\n\t<meta property=\"og:image:height\" content=\"720\" \/>\n\t<meta property=\"og:image:type\" content=\"image\/png\" \/>\n<meta name=\"twitter:card\" content=\"summary_large_image\" \/>\n<meta name=\"twitter:site\" content=\"@colegioarq\" \/>\n<meta name=\"twitter:label1\" content=\"Tiempo de lectura\" \/>\n\t<meta name=\"twitter:data1\" content=\"3 minutos\" \/>\n<script type=\"application\/ld+json\" class=\"yoast-schema-graph\">{\"@context\":\"https:\/\/schema.org\",\"@graph\":[{\"@type\":\"WebPage\",\"@id\":\"https:\/\/colegioarquitectos.com\/noticias\/?page_id=35162\",\"url\":\"https:\/\/colegioarquitectos.com\/noticias\/?page_id=35162\",\"name\":\"Revista CA N\u00b0154 - Vivienda Social - COLEGIO DE ARQUITECTOS DE CHILE\",\"isPartOf\":{\"@id\":\"https:\/\/colegioarquitectos.com\/noticias\/#website\"},\"primaryImageOfPage\":{\"@id\":\"https:\/\/colegioarquitectos.com\/noticias\/?page_id=35162#primaryimage\"},\"image\":{\"@id\":\"https:\/\/colegioarquitectos.com\/noticias\/?page_id=35162#primaryimage\"},\"thumbnailUrl\":\"https:\/\/colegioarquitectos.com\/noticias\/wp-content\/uploads\/2026\/03\/CA154-DIGITAL-DESTWEBok.png\",\"datePublished\":\"2026-03-17T18:51:51+00:00\",\"dateModified\":\"2026-03-20T17:29:09+00:00\",\"breadcrumb\":{\"@id\":\"https:\/\/colegioarquitectos.com\/noticias\/?page_id=35162#breadcrumb\"},\"inLanguage\":\"es\",\"potentialAction\":[{\"@type\":\"ReadAction\",\"target\":[\"https:\/\/colegioarquitectos.com\/noticias\/?page_id=35162\"]}]},{\"@type\":\"ImageObject\",\"inLanguage\":\"es\",\"@id\":\"https:\/\/colegioarquitectos.com\/noticias\/?page_id=35162#primaryimage\",\"url\":\"https:\/\/colegioarquitectos.com\/noticias\/wp-content\/uploads\/2026\/03\/CA154-DIGITAL-DESTWEBok.png\",\"contentUrl\":\"https:\/\/colegioarquitectos.com\/noticias\/wp-content\/uploads\/2026\/03\/CA154-DIGITAL-DESTWEBok.png\",\"width\":1280,\"height\":720},{\"@type\":\"BreadcrumbList\",\"@id\":\"https:\/\/colegioarquitectos.com\/noticias\/?page_id=35162#breadcrumb\",\"itemListElement\":[{\"@type\":\"ListItem\",\"position\":1,\"name\":\"Portada\",\"item\":\"https:\/\/colegioarquitectos.com\/noticias\"},{\"@type\":\"ListItem\",\"position\":2,\"name\":\"Revista CA N\u00b0154 &#8211; Vivienda Social &#8211;\"}]},{\"@type\":\"WebSite\",\"@id\":\"https:\/\/colegioarquitectos.com\/noticias\/#website\",\"url\":\"https:\/\/colegioarquitectos.com\/noticias\/\",\"name\":\"COLEGIO DE ARQUITECTOS DE CHILE\",\"description\":\"\",\"publisher\":{\"@id\":\"https:\/\/colegioarquitectos.com\/noticias\/#organization\"},\"potentialAction\":[{\"@type\":\"SearchAction\",\"target\":{\"@type\":\"EntryPoint\",\"urlTemplate\":\"https:\/\/colegioarquitectos.com\/noticias\/?s={search_term_string}\"},\"query-input\":{\"@type\":\"PropertyValueSpecification\",\"valueRequired\":true,\"valueName\":\"search_term_string\"}}],\"inLanguage\":\"es\"},{\"@type\":\"Organization\",\"@id\":\"https:\/\/colegioarquitectos.com\/noticias\/#organization\",\"name\":\"COLEGIO DE ARQUITECTOS DE CHILE\",\"url\":\"https:\/\/colegioarquitectos.com\/noticias\/\",\"logo\":{\"@type\":\"ImageObject\",\"inLanguage\":\"es\",\"@id\":\"https:\/\/colegioarquitectos.com\/noticias\/#\/schema\/logo\/image\/\",\"url\":\"https:\/\/colegioarquitectos.com\/noticias\/wp-content\/uploads\/2021\/05\/ENCABEZADO-LOGO-CA.jpg\",\"contentUrl\":\"https:\/\/colegioarquitectos.com\/noticias\/wp-content\/uploads\/2021\/05\/ENCABEZADO-LOGO-CA.jpg\",\"width\":690,\"height\":350,\"caption\":\"COLEGIO DE ARQUITECTOS DE CHILE\"},\"image\":{\"@id\":\"https:\/\/colegioarquitectos.com\/noticias\/#\/schema\/logo\/image\/\"},\"sameAs\":[\"https:\/\/facebook.com\/Colegioarq\/\",\"https:\/\/x.com\/colegioarq\",\"https:\/\/instagram.com\/colegioarq\",\"https:\/\/youtube.com\/@ColegiodeArquitectosdeChile\"]}]}<\/script>\n<!-- \/ Yoast SEO plugin. -->","yoast_head_json":{"title":"Revista CA N\u00b0154 - Vivienda Social - COLEGIO DE ARQUITECTOS DE CHILE","robots":{"index":"index","follow":"follow","max-snippet":"max-snippet:-1","max-image-preview":"max-image-preview:large","max-video-preview":"max-video-preview:-1"},"canonical":"https:\/\/colegioarquitectos.com\/noticias\/?page_id=35162","og_locale":"es_ES","og_type":"article","og_title":"Revista CA N\u00b0154 - Vivienda Social - COLEGIO DE ARQUITECTOS DE CHILE","og_description":"Resumen editorial La Revista CA \u2013 Ciudad y Arquitectura, publicaci\u00f3n hist\u00f3rica del Colegio de Arquitectos de Chile desde 1968, regresa tras casi una d\u00e9cada de pausa con el prop\u00f3sito de recuperar su rol como espacio de encuentro, reflexi\u00f3n y difusi\u00f3n &hellip; ver m\u00e1s","og_url":"https:\/\/colegioarquitectos.com\/noticias\/?page_id=35162","og_site_name":"COLEGIO DE ARQUITECTOS DE CHILE","article_publisher":"https:\/\/facebook.com\/Colegioarq\/","article_modified_time":"2026-03-20T17:29:09+00:00","og_image":[{"width":1280,"height":720,"url":"https:\/\/colegioarquitectos.com\/noticias\/wp-content\/uploads\/2026\/03\/CA154-DIGITAL-DESTWEBok.png","type":"image\/png"}],"twitter_card":"summary_large_image","twitter_site":"@colegioarq","twitter_misc":{"Tiempo de lectura":"3 minutos"},"schema":{"@context":"https:\/\/schema.org","@graph":[{"@type":"WebPage","@id":"https:\/\/colegioarquitectos.com\/noticias\/?page_id=35162","url":"https:\/\/colegioarquitectos.com\/noticias\/?page_id=35162","name":"Revista CA N\u00b0154 - Vivienda Social - COLEGIO DE ARQUITECTOS DE CHILE","isPartOf":{"@id":"https:\/\/colegioarquitectos.com\/noticias\/#website"},"primaryImageOfPage":{"@id":"https:\/\/colegioarquitectos.com\/noticias\/?page_id=35162#primaryimage"},"image":{"@id":"https:\/\/colegioarquitectos.com\/noticias\/?page_id=35162#primaryimage"},"thumbnailUrl":"https:\/\/colegioarquitectos.com\/noticias\/wp-content\/uploads\/2026\/03\/CA154-DIGITAL-DESTWEBok.png","datePublished":"2026-03-17T18:51:51+00:00","dateModified":"2026-03-20T17:29:09+00:00","breadcrumb":{"@id":"https:\/\/colegioarquitectos.com\/noticias\/?page_id=35162#breadcrumb"},"inLanguage":"es","potentialAction":[{"@type":"ReadAction","target":["https:\/\/colegioarquitectos.com\/noticias\/?page_id=35162"]}]},{"@type":"ImageObject","inLanguage":"es","@id":"https:\/\/colegioarquitectos.com\/noticias\/?page_id=35162#primaryimage","url":"https:\/\/colegioarquitectos.com\/noticias\/wp-content\/uploads\/2026\/03\/CA154-DIGITAL-DESTWEBok.png","contentUrl":"https:\/\/colegioarquitectos.com\/noticias\/wp-content\/uploads\/2026\/03\/CA154-DIGITAL-DESTWEBok.png","width":1280,"height":720},{"@type":"BreadcrumbList","@id":"https:\/\/colegioarquitectos.com\/noticias\/?page_id=35162#breadcrumb","itemListElement":[{"@type":"ListItem","position":1,"name":"Portada","item":"https:\/\/colegioarquitectos.com\/noticias"},{"@type":"ListItem","position":2,"name":"Revista CA N\u00b0154 &#8211; Vivienda Social &#8211;"}]},{"@type":"WebSite","@id":"https:\/\/colegioarquitectos.com\/noticias\/#website","url":"https:\/\/colegioarquitectos.com\/noticias\/","name":"COLEGIO DE ARQUITECTOS DE CHILE","description":"","publisher":{"@id":"https:\/\/colegioarquitectos.com\/noticias\/#organization"},"potentialAction":[{"@type":"SearchAction","target":{"@type":"EntryPoint","urlTemplate":"https:\/\/colegioarquitectos.com\/noticias\/?s={search_term_string}"},"query-input":{"@type":"PropertyValueSpecification","valueRequired":true,"valueName":"search_term_string"}}],"inLanguage":"es"},{"@type":"Organization","@id":"https:\/\/colegioarquitectos.com\/noticias\/#organization","name":"COLEGIO DE ARQUITECTOS DE CHILE","url":"https:\/\/colegioarquitectos.com\/noticias\/","logo":{"@type":"ImageObject","inLanguage":"es","@id":"https:\/\/colegioarquitectos.com\/noticias\/#\/schema\/logo\/image\/","url":"https:\/\/colegioarquitectos.com\/noticias\/wp-content\/uploads\/2021\/05\/ENCABEZADO-LOGO-CA.jpg","contentUrl":"https:\/\/colegioarquitectos.com\/noticias\/wp-content\/uploads\/2021\/05\/ENCABEZADO-LOGO-CA.jpg","width":690,"height":350,"caption":"COLEGIO DE ARQUITECTOS DE CHILE"},"image":{"@id":"https:\/\/colegioarquitectos.com\/noticias\/#\/schema\/logo\/image\/"},"sameAs":["https:\/\/facebook.com\/Colegioarq\/","https:\/\/x.com\/colegioarq","https:\/\/instagram.com\/colegioarq","https:\/\/youtube.com\/@ColegiodeArquitectosdeChile"]}]}},"_links":{"self":[{"href":"https:\/\/colegioarquitectos.com\/noticias\/index.php?rest_route=\/wp\/v2\/pages\/35162","targetHints":{"allow":["GET"]}}],"collection":[{"href":"https:\/\/colegioarquitectos.com\/noticias\/index.php?rest_route=\/wp\/v2\/pages"}],"about":[{"href":"https:\/\/colegioarquitectos.com\/noticias\/index.php?rest_route=\/wp\/v2\/types\/page"}],"author":[{"embeddable":true,"href":"https:\/\/colegioarquitectos.com\/noticias\/index.php?rest_route=\/wp\/v2\/users\/1"}],"replies":[{"embeddable":true,"href":"https:\/\/colegioarquitectos.com\/noticias\/index.php?rest_route=%2Fwp%2Fv2%2Fcomments&post=35162"}],"version-history":[{"count":9,"href":"https:\/\/colegioarquitectos.com\/noticias\/index.php?rest_route=\/wp\/v2\/pages\/35162\/revisions"}],"predecessor-version":[{"id":35190,"href":"https:\/\/colegioarquitectos.com\/noticias\/index.php?rest_route=\/wp\/v2\/pages\/35162\/revisions\/35190"}],"wp:featuredmedia":[{"embeddable":true,"href":"https:\/\/colegioarquitectos.com\/noticias\/index.php?rest_route=\/wp\/v2\/media\/35186"}],"wp:attachment":[{"href":"https:\/\/colegioarquitectos.com\/noticias\/index.php?rest_route=%2Fwp%2Fv2%2Fmedia&parent=35162"}],"curies":[{"name":"wp","href":"https:\/\/api.w.org\/{rel}","templated":true}]}}