
{"id":4581,"date":"2013-09-12T19:15:41","date_gmt":"2013-09-12T19:15:41","guid":{"rendered":"http:\/\/colegioarquitectos.com\/noticias\/?page_id=4581"},"modified":"2024-09-10T12:21:01","modified_gmt":"2024-09-10T16:21:01","slug":"colegiate","status":"publish","type":"page","link":"https:\/\/colegioarquitectos.com\/noticias\/?page_id=4581","title":{"rendered":"COLEGIATE ONLINE"},"content":{"rendered":"<p align=\"justify\"><img loading=\"lazy\" decoding=\"async\" class=\"aligncenter size-full wp-image-30938\" src=\"https:\/\/colegioarquitectos.com\/noticias\/wp-content\/uploads\/2013\/09\/head.png\" alt=\"\" width=\"1979\" height=\"103\" srcset=\"https:\/\/colegioarquitectos.com\/noticias\/wp-content\/uploads\/2013\/09\/head.png 1979w, https:\/\/colegioarquitectos.com\/noticias\/wp-content\/uploads\/2013\/09\/head-300x16.png 300w, https:\/\/colegioarquitectos.com\/noticias\/wp-content\/uploads\/2013\/09\/head-768x40.png 768w, https:\/\/colegioarquitectos.com\/noticias\/wp-content\/uploads\/2013\/09\/head-1024x53.png 1024w\" sizes=\"auto, (max-width: 1979px) 100vw, 1979px\" \/><\/p>\n<p align=\"justify\">Nos alegramos mucho del inter\u00e9s por integrarse al Colegio de Arquitectos de Chile y junto con darle la bienvenida, le informamos de algunos de los beneficios concretos que puede obtener como socio activo de nuestra Orden.<\/p>\n<p align=\"justify\"><strong>Nos referimos a beneficios concretos, pero hay un primer y gran beneficio intangible que es:<\/strong><\/p>\n<p align=\"justify\"><strong>SER PARTE DE UN GRUPO HUMANO QUE VELA POR LOS INTERESES Y NECESIDADES DE NUESTRA PROFESI\u00d3N D\u00c1NDONOS LA OPORTUNIDAD DE PERFECCIONARNOS, DEFENDER NUESTROS DERECHOS Y CONOCER NUESTRAS RESPONSABILIDADES COMO ARQUITECTOS.<\/strong><\/p>\n<p align=\"justify\">Este aspecto lo podremos seguir conversando y profundizando en la medida que Usted participe del espacio que le ofrecemos para desarrollar sus inquietudes y desaf\u00edos.<\/p>\n<p><strong>DERECHOS Y BENEFICIOS<\/strong><\/p>\n<ul>\n<li><strong>Contribuir al fortalecimiento de un gremio que defiende los derechos de sus colegiados<\/strong><\/li>\n<li><strong>Contribuir a un gremio que defiende y propone permanentemente una mejor ciudad<\/strong><\/li>\n<li><strong>Contribuir a la existencia de un servicio de asistencia t\u00e9cnica de arquitectura para la poblaci\u00f3n m\u00e1s vulnerable<\/strong><\/li>\n<li><strong>Derecho a votar para escoger el Directorio Nacional del Colegio de Arquitectos de Chile<\/strong><\/li>\n<li><strong>Derecho a postular a cargos directivos nacionales, regionales y de grupos tem\u00e1ticos<\/strong><\/li>\n<li><strong>Derecho a participar de asambleas nacionales, las que definen sus estatutos<\/strong><\/li>\n<li><strong>Derecho a integrar comit\u00e9s del Colegio de Arquitectos de Chile<\/strong><\/li>\n<li><strong>Derecho a postular para dirigir o colaborar en la organizaci\u00f3n de la Bienal<\/strong><\/li>\n<li><strong>Derecho a participar e influir en las discusiones locales y nacionales sobre pol\u00edticas p\u00fablicas<\/strong><\/li>\n<li><strong>Derecho a plantear y participar de cambios en cualquier \u00e1mbito del gremio<\/strong><\/li>\n<li><strong>Derecho a participar de todas las actividades oficiales del Colegio de Arquitectos de Chile<\/strong><\/li>\n<li><strong>Posibilidad de presentar proyectos a la Muestra Profesional de la Bienal<\/strong><\/li>\n<li><strong>Asesor\u00eda Jur\u00eddica en conflictos laborales<\/strong><\/li>\n<li><strong>Acceso a resoluci\u00f3n de conflictos v\u00eda Tribunal de \u00c9tica<\/strong><\/li>\n<li><strong>Invitaci\u00f3n a los actos de celebraci\u00f3n del D\u00eda del Arquitecto y Cena Anual de Aniversario<\/strong><\/li>\n<li><strong>Invitaciones a charlas t\u00e9cnicas, exposiciones, lanzamientos de libros y encuentros<\/strong><\/li>\n<li><strong>Uso de salas y espacios del Colegio<\/strong><\/li>\n<li><strong>Recepci\u00f3n peri\u00f3dica de informaci\u00f3n y noticias<\/strong><\/li>\n<li><strong>Recepci\u00f3n a domicilio de revista CA anual<\/strong><\/li>\n<li><strong>Publicar en la Revista CA<\/strong><\/li>\n<li><strong>Descuentos en productos y servicios de salud, recreaci\u00f3n, educaci\u00f3n y construcci\u00f3n entre otros<\/strong><\/li>\n<\/ul>\n<hr \/>\n<p><b>Los requisitos para colegiarse a trav\u00e9s\u00a0del formulario de COLEGIATURA ONLINE son:<\/b><\/p>\n<ol>\n<li>Presentar fotocopia Legalizada\u00a0ante notario del Certificado\u00a0o T\u00edtulo Profesional de Arquitecto extendido por una Universidad reconocida por el Estado, o env\u00edo de copia digital de dicho documento (en este caso la colegiatura quedar\u00e1 pendiente hasta ser ratificada la informaci\u00f3n por la Universidad que lo emite.<\/li>\n<\/ol>\n<p>En caso de t\u00edtulos extranjeros deber\u00e1 acompa\u00f1ar copia del Certificado de Reconocimiento<\/p>\n<ol start=\"2\">\n<li>Presentar 2 fotos tama\u00f1o carnet (digitalizada o papel)<\/li>\n<li>Presentar fotocopia o imagen digitalizada del carnet de identidad por ambos lados.<\/li>\n<li>Firma de Convenio Pago autom\u00e1tico de cuentas corrientes o Pago autom\u00e1tico de tarjetas de cr\u00e9dito para cuotas futuras<\/li>\n<\/ol>\n<hr \/>\n<p class=\"lead\" style=\"text-align: left;\" align=\"center\"><strong>Paso 1: Completar el siguiente formulario on-line con tus datos:<\/strong><\/p>\n<p style=\"text-align: center;\" align=\"center\"><a href=\"https:\/\/docs.google.com\/forms\/d\/e\/1FAIpQLSdy-Xe5S9fe13Sv4GI6Q1dybLt4T5ayOWC_gHRVR7_IF9QqFg\/viewform?usp=sf_link\" target=\"_blank\" rel=\"noopener\"><img loading=\"lazy\" decoding=\"async\" class=\"aligncenter wp-image-30954 size-full\" src=\"https:\/\/colegioarquitectos.com\/noticias\/wp-content\/uploads\/2013\/09\/formulario.png\" alt=\"\" width=\"680\" height=\"485\" srcset=\"https:\/\/colegioarquitectos.com\/noticias\/wp-content\/uploads\/2013\/09\/formulario.png 680w, https:\/\/colegioarquitectos.com\/noticias\/wp-content\/uploads\/2013\/09\/formulario-300x214.png 300w\" sizes=\"auto, (max-width: 680px) 100vw, 680px\" \/><\/a>Link a formulario online :\u00a0<a href=\"https:\/\/docs.google.com\/forms\/d\/e\/1FAIpQLSdy-Xe5S9fe13Sv4GI6Q1dybLt4T5ayOWC_gHRVR7_IF9QqFg\/viewform?usp=sf_link\" target=\"_blank\" rel=\"noopener\">FORMULARIO ONLINE <\/a><\/p>\n<hr \/>\n<div align=\"center\">\n<div class=\"col-lg-10 col-md-10 col-sm-12 col-lg-offset-1 col-md-offset-1\">\n<p class=\"featurette-heading\" style=\"text-align: left;\"><span class=\"text-muted\"><strong>Paso 2:\u00a0<\/strong>\u00a0<\/span><strong style=\"font-size: 16px;\">Paga Online v\u00eda transferencia<\/strong><\/p>\n<\/div>\n<p class=\"lead\" style=\"text-align: left;\" align=\"center\">Pagar los 3 primeros meses de colegiatura<\/p>\n<p align=\"center\">\n<\/div>\n<p align=\"center\"><img loading=\"lazy\" decoding=\"async\" class=\"aligncenter size-full wp-image-30980\" src=\"https:\/\/colegioarquitectos.com\/noticias\/wp-content\/uploads\/2013\/09\/valor-cuotas-sociales-COLEGIATE.jpg\" alt=\"\" width=\"1149\" height=\"345\" srcset=\"https:\/\/colegioarquitectos.com\/noticias\/wp-content\/uploads\/2013\/09\/valor-cuotas-sociales-COLEGIATE.jpg 1149w, https:\/\/colegioarquitectos.com\/noticias\/wp-content\/uploads\/2013\/09\/valor-cuotas-sociales-COLEGIATE-300x90.jpg 300w, https:\/\/colegioarquitectos.com\/noticias\/wp-content\/uploads\/2013\/09\/valor-cuotas-sociales-COLEGIATE-768x231.jpg 768w, https:\/\/colegioarquitectos.com\/noticias\/wp-content\/uploads\/2013\/09\/valor-cuotas-sociales-COLEGIATE-1024x307.jpg 1024w\" sizes=\"auto, (max-width: 1149px) 100vw, 1149px\" \/><\/p>\n<p class=\"lead\" style=\"text-align: left;\" align=\"center\"><strong>Para pagar puedes realizar una transferencia bancar\u00eda a la cuenta corriente del Colegio de Arquitectos de Chile:<\/strong><\/p>\n<p class=\"lead\" style=\"text-align: left;\" align=\"center\"><strong>Banco Scotiabank\u00a0<\/strong><strong><br \/>\nCuenta corriente N\u00famero:\u00a0 850877008<br \/>\nRut: 82.465.700-9<br \/>\nNombre: Colegio de Arquitectos de Chile A.G.<br \/>\nemail: colegiados@colegioarquitectos.com<br \/>\nAsunto: Pago colegiatura Online e indicar tu nombre<\/strong><\/p>\n<div align=\"center\">\n<div class=\"col-lg-10 col-md-10 col-sm-12 col-lg-offset-1 col-md-offset-1\">\n<hr \/>\n<p style=\"text-align: left;\"><strong style=\"text-align: left;\">Paso 3:\u00a0<\/strong><span class=\"featurette-heading\" style=\"text-align: left;\"><strong>Firma Mandato PAC\/PAT<\/strong><\/span><\/p>\n<\/div>\n<p class=\"lead\" style=\"text-align: left;\" align=\"center\">Para oficializar el tr\u00e1mite debes acudir a la sede del Colegio de Arquitectos de Chile durante las 4 semanas siguientes<br \/>\npara firmar el mandato que permite el descuento autom\u00e1tico de la cuota desde tu cuenta corriente o tarjeta de cr\u00e9dito.<br \/>\nEn caso de que no est\u00e9s en condiciones de ir, puedes\u00a0<strong><a href=\"http:\/\/colegioarquitectos.com\/colegiate\/mandato_pac.pdf\" target=\"_blank\" rel=\"noopener\">descargar el siguiente documento<\/a>\u00a0<\/strong>, imprimirlo, completarlo y enviarlo por correo postal a Alameda #115, Santiago.<br \/>\nEn los d\u00edas siguientes te llegar\u00e1 v\u00eda e-mail la oficializaci\u00f3n de tu colegiatura y tu n\u00famero de identificaci\u00f3n colegio de arquitectos (ICA).<\/p>\n<hr \/>\n<div class=\"col-lg-10 col-md-10 col-sm-12 col-lg-offset-1 col-md-offset-1\" style=\"text-align: left;\"><b>Si eres de delegaci\u00f3n\u00a0zonal Consulta los valores diferenciados de cada regi\u00f3n\u00a0<\/b><\/div>\n<div class=\"col-lg-10 col-md-10 col-sm-12 col-lg-offset-1 col-md-offset-1\" style=\"text-align: left;\">\n<p><b><b><b>M\u00e1s Informaci\u00f3n\u00a0y consultas al correo:\u00a0secretaria@colegioarquitectos.com Tel\u00e9fono\u00a0(56 9) 7 218 9052<\/b><\/b><\/b><\/p>\n<hr \/>\n<p>&nbsp;<\/p>\n<\/div>\n<\/div>\n<p><strong><span style=\"color: #3366ff;\">DOCUMENTOS DEBEN SER ENVIADOS AL E-MAIL secretaria@colegioarquitectos.com<\/span><\/strong><\/p>\n<p><img decoding=\"async\" src=\"http:\/\/www.colegioarquitectos.com\/imgs\/descargas_linea_punto\/pdfcolor.jpg\" alt=\"\" \/>\u00a0<a href=\"http:\/\/colegioarquitectos.com\/noticias\/wp-content\/uploads\/2013\/09\/Mandato-PAT2016.xls\" target=\"_blank\" rel=\"noopener\">MANDATO PAT<\/a><\/p>\n<p><img decoding=\"async\" src=\"http:\/\/www.colegioarquitectos.com\/imgs\/descargas_linea_punto\/pdfcolor.jpg\" alt=\"\" \/>\u00a0<a href=\"http:\/\/colegioarquitectos.com\/noticias\/wp-content\/uploads\/2013\/09\/Mandato-PAC2016.xls\" target=\"_blank\" rel=\"noopener\">MANDATO PAC<\/a><\/p>\n<p><strong>Esperamos contar con su apoyo, trabajo y participaci\u00f3n, para poner nuestra profesi\u00f3n en el sitial que se merece.<\/strong><\/p>\n<p>&nbsp;<\/p>\n<p>&nbsp;<\/p>\n<p><\/p>","protected":false},"excerpt":{"rendered":"<p>Nos alegramos mucho del inter\u00e9s por integrarse al Colegio de Arquitectos de Chile y junto con darle la bienvenida, le informamos de algunos de los beneficios concretos que puede obtener como socio activo de nuestra Orden. Nos referimos a beneficios &hellip; <a class=\"more-link\" href=\"https:\/\/colegioarquitectos.com\/noticias\/?page_id=4581\">ver m\u00e1s<\/a><\/p>","protected":false},"author":1,"featured_media":0,"parent":0,"menu_order":0,"comment_status":"closed","ping_status":"closed","template":"pages\/fullwidth.php","meta":{"footnotes":""},"class_list":["post-4581","page","type-page","status-publish","hentry"],"yoast_head":"<!-- This site is optimized with the Yoast SEO plugin v24.2 - https:\/\/yoast.com\/wordpress\/plugins\/seo\/ -->\n<title>COLEGIATE ONLINE - COLEGIO DE ARQUITECTOS DE CHILE<\/title>\n<meta name=\"robots\" content=\"index, follow, max-snippet:-1, max-image-preview:large, max-video-preview:-1\" \/>\n<link rel=\"canonical\" href=\"https:\/\/colegioarquitectos.com\/noticias\/?page_id=4581\" \/>\n<meta property=\"og:locale\" content=\"es_ES\" \/>\n<meta property=\"og:type\" content=\"article\" \/>\n<meta property=\"og:title\" content=\"COLEGIATE ONLINE - COLEGIO DE ARQUITECTOS DE CHILE\" \/>\n<meta property=\"og:description\" content=\"Nos alegramos mucho del inter\u00e9s por integrarse al Colegio de Arquitectos de Chile y junto con darle la bienvenida, le informamos de algunos de los beneficios concretos que puede obtener como socio activo de nuestra Orden. Nos referimos a beneficios &hellip; ver m\u00e1s\" \/>\n<meta property=\"og:url\" content=\"https:\/\/colegioarquitectos.com\/noticias\/?page_id=4581\" \/>\n<meta property=\"og:site_name\" content=\"COLEGIO DE ARQUITECTOS DE CHILE\" \/>\n<meta property=\"article:publisher\" content=\"https:\/\/facebook.com\/Colegioarq\/\" \/>\n<meta property=\"article:modified_time\" content=\"2024-09-10T16:21:01+00:00\" \/>\n<meta property=\"og:image\" content=\"https:\/\/colegioarquitectos.com\/noticias\/wp-content\/uploads\/2013\/09\/head.png\" \/>\n<meta name=\"twitter:card\" content=\"summary_large_image\" \/>\n<meta name=\"twitter:site\" content=\"@colegioarq\" \/>\n<meta name=\"twitter:label1\" content=\"Tiempo de lectura\" \/>\n\t<meta name=\"twitter:data1\" content=\"4 minutos\" \/>\n<script type=\"application\/ld+json\" class=\"yoast-schema-graph\">{\"@context\":\"https:\/\/schema.org\",\"@graph\":[{\"@type\":\"WebPage\",\"@id\":\"https:\/\/colegioarquitectos.com\/noticias\/?page_id=4581\",\"url\":\"https:\/\/colegioarquitectos.com\/noticias\/?page_id=4581\",\"name\":\"COLEGIATE ONLINE - COLEGIO DE ARQUITECTOS DE CHILE\",\"isPartOf\":{\"@id\":\"https:\/\/colegioarquitectos.com\/noticias\/#website\"},\"primaryImageOfPage\":{\"@id\":\"https:\/\/colegioarquitectos.com\/noticias\/?page_id=4581#primaryimage\"},\"image\":{\"@id\":\"https:\/\/colegioarquitectos.com\/noticias\/?page_id=4581#primaryimage\"},\"thumbnailUrl\":\"https:\/\/colegioarquitectos.com\/noticias\/wp-content\/uploads\/2013\/09\/head.png\",\"datePublished\":\"2013-09-12T19:15:41+00:00\",\"dateModified\":\"2024-09-10T16:21:01+00:00\",\"breadcrumb\":{\"@id\":\"https:\/\/colegioarquitectos.com\/noticias\/?page_id=4581#breadcrumb\"},\"inLanguage\":\"es\",\"potentialAction\":[{\"@type\":\"ReadAction\",\"target\":[\"https:\/\/colegioarquitectos.com\/noticias\/?page_id=4581\"]}]},{\"@type\":\"ImageObject\",\"inLanguage\":\"es\",\"@id\":\"https:\/\/colegioarquitectos.com\/noticias\/?page_id=4581#primaryimage\",\"url\":\"https:\/\/colegioarquitectos.com\/noticias\/wp-content\/uploads\/2013\/09\/head.png\",\"contentUrl\":\"https:\/\/colegioarquitectos.com\/noticias\/wp-content\/uploads\/2013\/09\/head.png\",\"width\":1979,\"height\":103},{\"@type\":\"BreadcrumbList\",\"@id\":\"https:\/\/colegioarquitectos.com\/noticias\/?page_id=4581#breadcrumb\",\"itemListElement\":[{\"@type\":\"ListItem\",\"position\":1,\"name\":\"Portada\",\"item\":\"https:\/\/colegioarquitectos.com\/noticias\"},{\"@type\":\"ListItem\",\"position\":2,\"name\":\"COLEGIATE ONLINE\"}]},{\"@type\":\"WebSite\",\"@id\":\"https:\/\/colegioarquitectos.com\/noticias\/#website\",\"url\":\"https:\/\/colegioarquitectos.com\/noticias\/\",\"name\":\"COLEGIO DE ARQUITECTOS DE CHILE\",\"description\":\"\",\"publisher\":{\"@id\":\"https:\/\/colegioarquitectos.com\/noticias\/#organization\"},\"potentialAction\":[{\"@type\":\"SearchAction\",\"target\":{\"@type\":\"EntryPoint\",\"urlTemplate\":\"https:\/\/colegioarquitectos.com\/noticias\/?s={search_term_string}\"},\"query-input\":{\"@type\":\"PropertyValueSpecification\",\"valueRequired\":true,\"valueName\":\"search_term_string\"}}],\"inLanguage\":\"es\"},{\"@type\":\"Organization\",\"@id\":\"https:\/\/colegioarquitectos.com\/noticias\/#organization\",\"name\":\"COLEGIO DE ARQUITECTOS DE CHILE\",\"url\":\"https:\/\/colegioarquitectos.com\/noticias\/\",\"logo\":{\"@type\":\"ImageObject\",\"inLanguage\":\"es\",\"@id\":\"https:\/\/colegioarquitectos.com\/noticias\/#\/schema\/logo\/image\/\",\"url\":\"https:\/\/colegioarquitectos.com\/noticias\/wp-content\/uploads\/2021\/05\/ENCABEZADO-LOGO-CA.jpg\",\"contentUrl\":\"https:\/\/colegioarquitectos.com\/noticias\/wp-content\/uploads\/2021\/05\/ENCABEZADO-LOGO-CA.jpg\",\"width\":690,\"height\":350,\"caption\":\"COLEGIO DE ARQUITECTOS DE CHILE\"},\"image\":{\"@id\":\"https:\/\/colegioarquitectos.com\/noticias\/#\/schema\/logo\/image\/\"},\"sameAs\":[\"https:\/\/facebook.com\/Colegioarq\/\",\"https:\/\/x.com\/colegioarq\",\"https:\/\/instagram.com\/colegioarq\",\"https:\/\/youtube.com\/@ColegiodeArquitectosdeChile\"]}]}<\/script>\n<!-- \/ Yoast SEO plugin. -->","yoast_head_json":{"title":"COLEGIATE ONLINE - COLEGIO DE ARQUITECTOS DE CHILE","robots":{"index":"index","follow":"follow","max-snippet":"max-snippet:-1","max-image-preview":"max-image-preview:large","max-video-preview":"max-video-preview:-1"},"canonical":"https:\/\/colegioarquitectos.com\/noticias\/?page_id=4581","og_locale":"es_ES","og_type":"article","og_title":"COLEGIATE ONLINE - COLEGIO DE ARQUITECTOS DE CHILE","og_description":"Nos alegramos mucho del inter\u00e9s por integrarse al Colegio de Arquitectos de Chile y junto con darle la bienvenida, le informamos de algunos de los beneficios concretos que puede obtener como socio activo de nuestra Orden. Nos referimos a beneficios &hellip; ver m\u00e1s","og_url":"https:\/\/colegioarquitectos.com\/noticias\/?page_id=4581","og_site_name":"COLEGIO DE ARQUITECTOS DE CHILE","article_publisher":"https:\/\/facebook.com\/Colegioarq\/","article_modified_time":"2024-09-10T16:21:01+00:00","og_image":[{"url":"https:\/\/colegioarquitectos.com\/noticias\/wp-content\/uploads\/2013\/09\/head.png","type":"","width":"","height":""}],"twitter_card":"summary_large_image","twitter_site":"@colegioarq","twitter_misc":{"Tiempo de lectura":"4 minutos"},"schema":{"@context":"https:\/\/schema.org","@graph":[{"@type":"WebPage","@id":"https:\/\/colegioarquitectos.com\/noticias\/?page_id=4581","url":"https:\/\/colegioarquitectos.com\/noticias\/?page_id=4581","name":"COLEGIATE ONLINE - COLEGIO DE ARQUITECTOS DE CHILE","isPartOf":{"@id":"https:\/\/colegioarquitectos.com\/noticias\/#website"},"primaryImageOfPage":{"@id":"https:\/\/colegioarquitectos.com\/noticias\/?page_id=4581#primaryimage"},"image":{"@id":"https:\/\/colegioarquitectos.com\/noticias\/?page_id=4581#primaryimage"},"thumbnailUrl":"https:\/\/colegioarquitectos.com\/noticias\/wp-content\/uploads\/2013\/09\/head.png","datePublished":"2013-09-12T19:15:41+00:00","dateModified":"2024-09-10T16:21:01+00:00","breadcrumb":{"@id":"https:\/\/colegioarquitectos.com\/noticias\/?page_id=4581#breadcrumb"},"inLanguage":"es","potentialAction":[{"@type":"ReadAction","target":["https:\/\/colegioarquitectos.com\/noticias\/?page_id=4581"]}]},{"@type":"ImageObject","inLanguage":"es","@id":"https:\/\/colegioarquitectos.com\/noticias\/?page_id=4581#primaryimage","url":"https:\/\/colegioarquitectos.com\/noticias\/wp-content\/uploads\/2013\/09\/head.png","contentUrl":"https:\/\/colegioarquitectos.com\/noticias\/wp-content\/uploads\/2013\/09\/head.png","width":1979,"height":103},{"@type":"BreadcrumbList","@id":"https:\/\/colegioarquitectos.com\/noticias\/?page_id=4581#breadcrumb","itemListElement":[{"@type":"ListItem","position":1,"name":"Portada","item":"https:\/\/colegioarquitectos.com\/noticias"},{"@type":"ListItem","position":2,"name":"COLEGIATE ONLINE"}]},{"@type":"WebSite","@id":"https:\/\/colegioarquitectos.com\/noticias\/#website","url":"https:\/\/colegioarquitectos.com\/noticias\/","name":"COLEGIO DE ARQUITECTOS DE CHILE","description":"","publisher":{"@id":"https:\/\/colegioarquitectos.com\/noticias\/#organization"},"potentialAction":[{"@type":"SearchAction","target":{"@type":"EntryPoint","urlTemplate":"https:\/\/colegioarquitectos.com\/noticias\/?s={search_term_string}"},"query-input":{"@type":"PropertyValueSpecification","valueRequired":true,"valueName":"search_term_string"}}],"inLanguage":"es"},{"@type":"Organization","@id":"https:\/\/colegioarquitectos.com\/noticias\/#organization","name":"COLEGIO DE ARQUITECTOS DE CHILE","url":"https:\/\/colegioarquitectos.com\/noticias\/","logo":{"@type":"ImageObject","inLanguage":"es","@id":"https:\/\/colegioarquitectos.com\/noticias\/#\/schema\/logo\/image\/","url":"https:\/\/colegioarquitectos.com\/noticias\/wp-content\/uploads\/2021\/05\/ENCABEZADO-LOGO-CA.jpg","contentUrl":"https:\/\/colegioarquitectos.com\/noticias\/wp-content\/uploads\/2021\/05\/ENCABEZADO-LOGO-CA.jpg","width":690,"height":350,"caption":"COLEGIO DE ARQUITECTOS DE CHILE"},"image":{"@id":"https:\/\/colegioarquitectos.com\/noticias\/#\/schema\/logo\/image\/"},"sameAs":["https:\/\/facebook.com\/Colegioarq\/","https:\/\/x.com\/colegioarq","https:\/\/instagram.com\/colegioarq","https:\/\/youtube.com\/@ColegiodeArquitectosdeChile"]}]}},"_links":{"self":[{"href":"https:\/\/colegioarquitectos.com\/noticias\/index.php?rest_route=\/wp\/v2\/pages\/4581","targetHints":{"allow":["GET"]}}],"collection":[{"href":"https:\/\/colegioarquitectos.com\/noticias\/index.php?rest_route=\/wp\/v2\/pages"}],"about":[{"href":"https:\/\/colegioarquitectos.com\/noticias\/index.php?rest_route=\/wp\/v2\/types\/page"}],"author":[{"embeddable":true,"href":"https:\/\/colegioarquitectos.com\/noticias\/index.php?rest_route=\/wp\/v2\/users\/1"}],"replies":[{"embeddable":true,"href":"https:\/\/colegioarquitectos.com\/noticias\/index.php?rest_route=%2Fwp%2Fv2%2Fcomments&post=4581"}],"version-history":[{"count":0,"href":"https:\/\/colegioarquitectos.com\/noticias\/index.php?rest_route=\/wp\/v2\/pages\/4581\/revisions"}],"wp:attachment":[{"href":"https:\/\/colegioarquitectos.com\/noticias\/index.php?rest_route=%2Fwp%2Fv2%2Fmedia&parent=4581"}],"curies":[{"name":"wp","href":"https:\/\/api.w.org\/{rel}","templated":true}]}}