
{"id":4956,"date":"2014-01-17T15:42:48","date_gmt":"2014-01-17T15:42:48","guid":{"rendered":"http:\/\/colegioarquitectos.com\/?page_id=4956"},"modified":"2026-01-12T11:12:41","modified_gmt":"2026-01-12T15:12:41","slug":"sat","status":"publish","type":"page","link":"https:\/\/colegioarquitectos.com\/noticias\/?page_id=4956","title":{"rendered":"Servicio de Asistencia T\u00e9cnica (SAT)"},"content":{"rendered":"<p><img loading=\"lazy\" decoding=\"async\" class=\"aligncenter size-full wp-image-33915\" src=\"https:\/\/colegioarquitectos.com\/noticias\/wp-content\/uploads\/2025\/06\/Proyecto-nuevo-10.png\" alt=\"\" width=\"1280\" height=\"720\" srcset=\"https:\/\/colegioarquitectos.com\/noticias\/wp-content\/uploads\/2025\/06\/Proyecto-nuevo-10.png 1280w, https:\/\/colegioarquitectos.com\/noticias\/wp-content\/uploads\/2025\/06\/Proyecto-nuevo-10-300x169.png 300w, https:\/\/colegioarquitectos.com\/noticias\/wp-content\/uploads\/2025\/06\/Proyecto-nuevo-10-1024x576.png 1024w, https:\/\/colegioarquitectos.com\/noticias\/wp-content\/uploads\/2025\/06\/Proyecto-nuevo-10-768x432.png 768w\" sizes=\"auto, (max-width: 1280px) 100vw, 1280px\" \/><\/p>\n<p>El Servicio de Asistencia T\u00e9cnica (SAT) del Colegio de Arquitectos de Chile realiza su labor desde 1957, la cual tiene por objetivo principal el brindar a la poblaci\u00f3n de escasos recursos un apoyo subsidiario destinado a mejorar la calidad de vida en el \u00e1mbito de sus viviendas y el espacio urbano a trav\u00e9s del apoyo a las acciones del Estado destinadas a este fin.<\/p>\n<p>El equipo de arquitectas y arquitectos del SAT es el encargado de la conformaci\u00f3n de las carpetas que contendr\u00e1n los documentos administrativos y antecedentes planim\u00e9tricos\u00a0 necesarios para el ingreso y aprobaci\u00f3n del expediente municipal.<\/p>\n<p>La labor que despliega el Colegio de Arquitectos a trav\u00e9s del SAT Central abarca las 52 comunas de la Regi\u00f3n Metropolitana y se extiende a las regiones del pa\u00eds a trav\u00e9s de las Delegaciones Regionales del mismo Colegio.<\/p>\n<ul>\n<li><strong>Regularizaciones \u2022 Ampliaciones \u2022\u00a0\u00a0\u00a0 Obras nuevas \u2022\u00a0\u00a0\u00a0 Fusiones \u2022\u00a0\u00a0\u00a0 Subdivisiones \u2022\u00a0\u00a0\u00a0 Recepciones finales \u2022\u00a0\u00a0\u00a0 Proyectos<\/strong><\/li>\n<\/ul>\n<p>Su equipo de profesionales est\u00e1 en disposici\u00f3n para prestar asesor\u00eda a organizaciones comunales en temas relacionados con la vivienda, el equipamiento comunitario, autoconstrucci\u00f3n, espacios p\u00fablicos, obras de ornato. Tambi\u00e9n contempla la atenci\u00f3n para peque\u00f1os comercios de barrio, talleres y peque\u00f1as industrias, etc.<\/p>\n<p>&nbsp;<\/p>\n<h4>Direcci\u00f3n<\/h4>\n<hr \/>\n<p>Avenida Libertador Bernardo O\u2019Higgins 115, Santiago.<\/p>\n<p>&nbsp;<\/p>\n<h4>Horarios y d\u00edas de atenci\u00f3n<\/h4>\n<hr \/>\n<p>Los d\u00edas de atenci\u00f3n ser\u00e1n de lunes a viernes desde las 10.00 a 14.00 horas, y s\u00f3lo con solicitud de hora previamente agendada. Puedes reservar tu hora escribiendo a sat@colegioarquitectos.com o llamando al +56973338825<\/p>\n<p>&nbsp;<\/p>\n<h4>Documentos<\/h4>\n<hr \/>\n<p><span style=\"color: #000000;\"><img loading=\"lazy\" decoding=\"async\" class=\"alignleft wp-image-33917\" src=\"https:\/\/colegioarquitectos.com\/noticias\/wp-content\/uploads\/2025\/06\/4838646-2.png\" alt=\"\" width=\"20\" height=\"20\" srcset=\"https:\/\/colegioarquitectos.com\/noticias\/wp-content\/uploads\/2025\/06\/4838646-2.png 512w, https:\/\/colegioarquitectos.com\/noticias\/wp-content\/uploads\/2025\/06\/4838646-2-300x300.png 300w, https:\/\/colegioarquitectos.com\/noticias\/wp-content\/uploads\/2025\/06\/4838646-2-180x180.png 180w\" sizes=\"auto, (max-width: 20px) 100vw, 20px\" \/><a style=\"color: #000000;\" href=\"https:\/\/colegioarquitectos.com\/noticias\/wp-content\/uploads\/2026\/01\/REGLAMENTO-DEL-SERVICIO-DE-ASISTENCIA-TECNICA-nov-2025.pdf\">Reglamento SAT<\/a><\/span>\u00a0(Aprobado en noviembre de 2025)<\/p>\n<p>&nbsp;<\/p>\n<h4>Documentaci\u00f3n necesaria por proyecto<\/h4>\n<hr \/>\n<h4>Obra nueva<\/h4>\n<ul>\n<li>\u00a0Informes previos<\/li>\n<li>\u00a0Fotocopia plano de loteo<\/li>\n<li>\u00a0Aval\u00fao vigente detallado<\/li>\n<li>\u00a0Dominio vigente<\/li>\n<li>\u00a0Copia de escritura<\/li>\n<li>\u00a0Factibilidad agua potable y alcantarillado (empresa abastecedora), si se solicita<\/li>\n<li>Certificado de suministro el\u00e9ctrico (empresa abastecedora), si se solicita<\/li>\n<\/ul>\n<p><strong>Nota<\/strong>: en el caso de existir m\u00e1s de un propietario, adjuntar autorizaci\u00f3n notarial para ejecutar proyecto y fotocopia de carnet de cada uno de los due\u00f1os.<\/p>\n<p>&nbsp;<\/p>\n<h4>Regularizaci\u00f3n<\/h4>\n<ul>\n<li>Informes previos<\/li>\n<li>Fotocopia plano de loteo<\/li>\n<li>Permiso de edificaci\u00f3n y recepci\u00f3n final aprobado por la municipalidad correspondiente de lo construido originalmente<\/li>\n<li>Plano timbrado por la municipalidad correspondiente al permiso y recepci\u00f3n final descrita anteriormente<\/li>\n<li>Aval\u00fao vigente detallado<\/li>\n<li>Dominio vigente<\/li>\n<li>Copia de escritura<\/li>\n<li>Factibilidad agua potable y alcantarillado (empresa abastecedora), si se solicita<\/li>\n<li>Certificado de suministro el\u00e9ctrico (empresa abastecedora), si se solicita<\/li>\n<li>Copia de escritura<\/li>\n<\/ul>\n<p><strong>Nota<\/strong>: en el caso de existir m\u00e1s de un propietario, adjuntar autorizaci\u00f3n notarial para ejecutar proyecto y fotocopia de carnet de cada uno de los due\u00f1os.<\/p>\n<p>&nbsp;<\/p>\n<h4>Ampliaci\u00f3n<\/h4>\n<ul>\n<li>Informes previos<\/li>\n<li>Fotocopia plano de loteo<\/li>\n<li>Permiso de edificaci\u00f3n y recepci\u00f3n final aprobado por la municipalidad correspondiente de lo construido originalmente<\/li>\n<li>\u00a0Plano timbrado por la municipalidad correspondiente al permiso y recepci\u00f3n final descrita anteriormente<\/li>\n<li>Aval\u00fao vigente detallado<\/li>\n<li>Dominio vigente<\/li>\n<li>Copia de escritura<\/li>\n<li>Factibilidad agua potable y alcantarillado (empresa abastecedora), si se solicita<\/li>\n<li>Certificado de suministro el\u00e9ctrico (empresa abastecedora), si se solicita<\/li>\n<li>Copia de escritura<\/li>\n<\/ul>\n<p><strong>Nota<\/strong>: en el caso de existir m\u00e1s de un propietario, adjuntar autorizaci\u00f3n notarial para ejecutar proyecto y fotocopia de carnet de cada uno de los due\u00f1os.<\/p>\n<p>&nbsp;<\/p>\n<h4>Subdivisi\u00f3n \/ fusi\u00f3n<\/h4>\n<ul>\n<li>Informes previos<\/li>\n<li>Fotocopia plano de loteo inscrito en el CBR<\/li>\n<li>Solicitud de fusi\u00f3n o subdivisi\u00f3n<\/li>\n<li>Factibilidad agua potable y alcantarillado (empresa abastecedora), si se solicita<\/li>\n<li>Certificado de suministro el\u00e9ctrico (empresa abastecedora), si se solicita<\/li>\n<li>Dominio vigente<\/li>\n<li>Copia de escritura<\/li>\n<li>Aval\u00fao vigente detallado<\/li>\n<\/ul>\n<p>&nbsp;<\/p>\n<h4>Conducto Regular<\/h4>\n<hr \/>\n<ul>\n<li>Al momento de adjuntar la documentaci\u00f3n se debe cancelar la visita correspondiente a $ 50.000 para proyectos de Obra nueva, Regularizaci\u00f3n, Ampliaci\u00f3n y $ 60.000 correspondiente a Subdivisi\u00f3n y Fusi\u00f3n.<\/li>\n<li>Se debe enviar copia de transferencia o deposito a sat@colegioarquitetos.com<\/li>\n<li>El presupuesto final lo realiza el Arquitecto al momento de la visita y corresponde a los metros cuadrados totales construidos dependiendo del proyecto a realizar<\/li>\n<li>Las vistas ser\u00e1n agendadas dependiendo de la contingencia y siguiendo las normas de seguridad sanitarias.<\/li>\n<\/ul>\n<p>&nbsp;<\/p>\n<h4>Sedes comunales del SAT<\/h4>\n<hr \/>\n<h4>Conchal\u00ed<\/h4>\n<ul>\n<li>Arquitecto: Edson Ahumada<\/li>\n<li>Sede de atenci\u00f3n: Centro de Servicios P\u00fablicos \u2014 Avenida Independencia 3389<\/li>\n<li>D\u00eda y horario: Jueves, 9:00 a 13:00 horas<\/li>\n<\/ul>\n<p>&nbsp;<\/p>\n<h4>Huechuraba<\/h4>\n<ul>\n<li>Arquitecto: Edson Ahumada<\/li>\n<li>Sede de atenci\u00f3n: Oficina DIDECO \u2014 Avenida Recoleta 5640<\/li>\n<li>D\u00eda y horario: Martes, 9:00 a 13:00 horas<\/li>\n<\/ul>\n<p>&nbsp;<\/p>\n<h4>Independencia<\/h4>\n<ul>\n<li>Arquitecto: Norberto Arias<\/li>\n<li>Sede de atenci\u00f3n: Edificio Municipal, 2\u00b0 piso \u2014 Av. Independencia 753<\/li>\n<li>D\u00eda y horario: Mi\u00e9rcoles, 9:00 a 13:30 horas<\/li>\n<\/ul>\n<p>&nbsp;<\/p>\n<h4>La Florida<\/h4>\n<ul>\n<li>Arquitecto: Oscar Fuentes<\/li>\n<li>Sede de atenci\u00f3n: Departamento Vivienda \u2014 Av. Vicu\u00f1a Mackenna N\u00b0 10.777<\/li>\n<li>D\u00eda y horario: Mi\u00e9rcoles, 9:30 a 13:30 horas<\/li>\n<\/ul>\n<p>&nbsp;<\/p>\n<h4>Quilicura<\/h4>\n<ul>\n<li>Arquitecto: Guido Coca<\/li>\n<li>Sede de atenci\u00f3n: Departamento de Vivienda \u2014 Guardiamarina Riquelme N\u00b0 489<\/li>\n<li>D\u00eda y horario: Jueves, 9:30 a 13:00 horas<\/li>\n<\/ul>\n<p>&nbsp;<\/p>\n<h4>Quinta Normal<\/h4>\n<ul>\n<li>Arquitecto: Norberto Arias<\/li>\n<li>Sede de atenci\u00f3n: Oficina OMIL \u2014 Av. Carrascal 4696<\/li>\n<li>D\u00eda y horario: Jueves, 9:00 a 13:30 horas<\/li>\n<\/ul>\n<p>&nbsp;<\/p>\n<h4>Renca<\/h4>\n<ul>\n<li>Arquitecto: Ricardo Fuentes<\/li>\n<li>Sede de atenci\u00f3n: Direcci\u00f3n de Obras \u2014 Domingo Santa Mar\u00eda 4411<\/li>\n<li>D\u00eda y horario: Martes, 9:00 a 13:30 horas<\/li>\n<\/ul>\n<p>&nbsp;<\/p>\n<h4>San Bernardo<\/h4>\n<ul>\n<li>Arquitecto: Mauricio Vega<\/li>\n<li>Sede de atenci\u00f3n: DIDECO, cuarto piso \u2014 Eyzaguirre 702<\/li>\n<li>D\u00eda y horario: Jueves, 10:00 a 13:00 horas<\/li>\n<\/ul>\n<p>&nbsp;<\/p>\n<p><\/p>","protected":false},"excerpt":{"rendered":"<p>El Servicio de Asistencia T\u00e9cnica (SAT) del Colegio de Arquitectos de Chile realiza su labor desde 1957, la cual tiene por objetivo principal el brindar a la poblaci\u00f3n de escasos recursos un apoyo subsidiario destinado a mejorar la calidad de &hellip; <a class=\"more-link\" href=\"https:\/\/colegioarquitectos.com\/noticias\/?page_id=4956\">ver m\u00e1s<\/a><\/p>","protected":false},"author":1,"featured_media":0,"parent":0,"menu_order":0,"comment_status":"closed","ping_status":"closed","template":"pages\/fullwidth.php","meta":{"footnotes":""},"class_list":["post-4956","page","type-page","status-publish","hentry"],"yoast_head":"<!-- This site is optimized with the Yoast SEO plugin v24.2 - https:\/\/yoast.com\/wordpress\/plugins\/seo\/ -->\n<title>Servicio de Asistencia T\u00e9cnica (SAT) - COLEGIO DE ARQUITECTOS DE CHILE<\/title>\n<meta name=\"robots\" content=\"index, follow, max-snippet:-1, max-image-preview:large, max-video-preview:-1\" \/>\n<link rel=\"canonical\" href=\"https:\/\/colegioarquitectos.com\/noticias\/?page_id=4956\" \/>\n<meta property=\"og:locale\" content=\"es_ES\" \/>\n<meta property=\"og:type\" content=\"article\" \/>\n<meta property=\"og:title\" content=\"Servicio de Asistencia T\u00e9cnica (SAT) - COLEGIO DE ARQUITECTOS DE CHILE\" \/>\n<meta property=\"og:description\" content=\"El Servicio de Asistencia T\u00e9cnica (SAT) del Colegio de Arquitectos de Chile realiza su labor desde 1957, la cual tiene por objetivo principal el brindar a la poblaci\u00f3n de escasos recursos un apoyo subsidiario destinado a mejorar la calidad de &hellip; ver m\u00e1s\" \/>\n<meta property=\"og:url\" content=\"https:\/\/colegioarquitectos.com\/noticias\/?page_id=4956\" \/>\n<meta property=\"og:site_name\" content=\"COLEGIO DE ARQUITECTOS DE CHILE\" \/>\n<meta property=\"article:publisher\" content=\"https:\/\/facebook.com\/Colegioarq\/\" \/>\n<meta property=\"article:modified_time\" content=\"2026-01-12T15:12:41+00:00\" \/>\n<meta property=\"og:image\" content=\"https:\/\/colegioarquitectos.com\/noticias\/wp-content\/uploads\/2025\/06\/Proyecto-nuevo-10.png\" \/>\n\t<meta property=\"og:image:width\" content=\"1280\" \/>\n\t<meta property=\"og:image:height\" content=\"720\" \/>\n\t<meta property=\"og:image:type\" content=\"image\/png\" \/>\n<meta name=\"twitter:card\" content=\"summary_large_image\" \/>\n<meta name=\"twitter:site\" content=\"@colegioarq\" \/>\n<meta name=\"twitter:label1\" content=\"Tiempo de lectura\" \/>\n\t<meta name=\"twitter:data1\" content=\"5 minutos\" \/>\n<script type=\"application\/ld+json\" class=\"yoast-schema-graph\">{\"@context\":\"https:\/\/schema.org\",\"@graph\":[{\"@type\":\"WebPage\",\"@id\":\"https:\/\/colegioarquitectos.com\/noticias\/?page_id=4956\",\"url\":\"https:\/\/colegioarquitectos.com\/noticias\/?page_id=4956\",\"name\":\"Servicio de Asistencia T\u00e9cnica (SAT) - COLEGIO DE ARQUITECTOS DE CHILE\",\"isPartOf\":{\"@id\":\"https:\/\/colegioarquitectos.com\/noticias\/#website\"},\"primaryImageOfPage\":{\"@id\":\"https:\/\/colegioarquitectos.com\/noticias\/?page_id=4956#primaryimage\"},\"image\":{\"@id\":\"https:\/\/colegioarquitectos.com\/noticias\/?page_id=4956#primaryimage\"},\"thumbnailUrl\":\"https:\/\/colegioarquitectos.com\/noticias\/wp-content\/uploads\/2025\/06\/Proyecto-nuevo-10.png\",\"datePublished\":\"2014-01-17T15:42:48+00:00\",\"dateModified\":\"2026-01-12T15:12:41+00:00\",\"breadcrumb\":{\"@id\":\"https:\/\/colegioarquitectos.com\/noticias\/?page_id=4956#breadcrumb\"},\"inLanguage\":\"es\",\"potentialAction\":[{\"@type\":\"ReadAction\",\"target\":[\"https:\/\/colegioarquitectos.com\/noticias\/?page_id=4956\"]}]},{\"@type\":\"ImageObject\",\"inLanguage\":\"es\",\"@id\":\"https:\/\/colegioarquitectos.com\/noticias\/?page_id=4956#primaryimage\",\"url\":\"https:\/\/colegioarquitectos.com\/noticias\/wp-content\/uploads\/2025\/06\/Proyecto-nuevo-10.png\",\"contentUrl\":\"https:\/\/colegioarquitectos.com\/noticias\/wp-content\/uploads\/2025\/06\/Proyecto-nuevo-10.png\",\"width\":1280,\"height\":720},{\"@type\":\"BreadcrumbList\",\"@id\":\"https:\/\/colegioarquitectos.com\/noticias\/?page_id=4956#breadcrumb\",\"itemListElement\":[{\"@type\":\"ListItem\",\"position\":1,\"name\":\"Portada\",\"item\":\"https:\/\/colegioarquitectos.com\/noticias\"},{\"@type\":\"ListItem\",\"position\":2,\"name\":\"Servicio de Asistencia T\u00e9cnica (SAT)\"}]},{\"@type\":\"WebSite\",\"@id\":\"https:\/\/colegioarquitectos.com\/noticias\/#website\",\"url\":\"https:\/\/colegioarquitectos.com\/noticias\/\",\"name\":\"COLEGIO DE ARQUITECTOS DE CHILE\",\"description\":\"\",\"publisher\":{\"@id\":\"https:\/\/colegioarquitectos.com\/noticias\/#organization\"},\"potentialAction\":[{\"@type\":\"SearchAction\",\"target\":{\"@type\":\"EntryPoint\",\"urlTemplate\":\"https:\/\/colegioarquitectos.com\/noticias\/?s={search_term_string}\"},\"query-input\":{\"@type\":\"PropertyValueSpecification\",\"valueRequired\":true,\"valueName\":\"search_term_string\"}}],\"inLanguage\":\"es\"},{\"@type\":\"Organization\",\"@id\":\"https:\/\/colegioarquitectos.com\/noticias\/#organization\",\"name\":\"COLEGIO DE ARQUITECTOS DE CHILE\",\"url\":\"https:\/\/colegioarquitectos.com\/noticias\/\",\"logo\":{\"@type\":\"ImageObject\",\"inLanguage\":\"es\",\"@id\":\"https:\/\/colegioarquitectos.com\/noticias\/#\/schema\/logo\/image\/\",\"url\":\"https:\/\/colegioarquitectos.com\/noticias\/wp-content\/uploads\/2021\/05\/ENCABEZADO-LOGO-CA.jpg\",\"contentUrl\":\"https:\/\/colegioarquitectos.com\/noticias\/wp-content\/uploads\/2021\/05\/ENCABEZADO-LOGO-CA.jpg\",\"width\":690,\"height\":350,\"caption\":\"COLEGIO DE ARQUITECTOS DE CHILE\"},\"image\":{\"@id\":\"https:\/\/colegioarquitectos.com\/noticias\/#\/schema\/logo\/image\/\"},\"sameAs\":[\"https:\/\/facebook.com\/Colegioarq\/\",\"https:\/\/x.com\/colegioarq\",\"https:\/\/instagram.com\/colegioarq\",\"https:\/\/youtube.com\/@ColegiodeArquitectosdeChile\"]}]}<\/script>\n<!-- \/ Yoast SEO plugin. -->","yoast_head_json":{"title":"Servicio de Asistencia T\u00e9cnica (SAT) - COLEGIO DE ARQUITECTOS DE CHILE","robots":{"index":"index","follow":"follow","max-snippet":"max-snippet:-1","max-image-preview":"max-image-preview:large","max-video-preview":"max-video-preview:-1"},"canonical":"https:\/\/colegioarquitectos.com\/noticias\/?page_id=4956","og_locale":"es_ES","og_type":"article","og_title":"Servicio de Asistencia T\u00e9cnica (SAT) - COLEGIO DE ARQUITECTOS DE CHILE","og_description":"El Servicio de Asistencia T\u00e9cnica (SAT) del Colegio de Arquitectos de Chile realiza su labor desde 1957, la cual tiene por objetivo principal el brindar a la poblaci\u00f3n de escasos recursos un apoyo subsidiario destinado a mejorar la calidad de &hellip; ver m\u00e1s","og_url":"https:\/\/colegioarquitectos.com\/noticias\/?page_id=4956","og_site_name":"COLEGIO DE ARQUITECTOS DE CHILE","article_publisher":"https:\/\/facebook.com\/Colegioarq\/","article_modified_time":"2026-01-12T15:12:41+00:00","og_image":[{"width":1280,"height":720,"url":"https:\/\/colegioarquitectos.com\/noticias\/wp-content\/uploads\/2025\/06\/Proyecto-nuevo-10.png","type":"image\/png"}],"twitter_card":"summary_large_image","twitter_site":"@colegioarq","twitter_misc":{"Tiempo de lectura":"5 minutos"},"schema":{"@context":"https:\/\/schema.org","@graph":[{"@type":"WebPage","@id":"https:\/\/colegioarquitectos.com\/noticias\/?page_id=4956","url":"https:\/\/colegioarquitectos.com\/noticias\/?page_id=4956","name":"Servicio de Asistencia T\u00e9cnica (SAT) - COLEGIO DE ARQUITECTOS DE CHILE","isPartOf":{"@id":"https:\/\/colegioarquitectos.com\/noticias\/#website"},"primaryImageOfPage":{"@id":"https:\/\/colegioarquitectos.com\/noticias\/?page_id=4956#primaryimage"},"image":{"@id":"https:\/\/colegioarquitectos.com\/noticias\/?page_id=4956#primaryimage"},"thumbnailUrl":"https:\/\/colegioarquitectos.com\/noticias\/wp-content\/uploads\/2025\/06\/Proyecto-nuevo-10.png","datePublished":"2014-01-17T15:42:48+00:00","dateModified":"2026-01-12T15:12:41+00:00","breadcrumb":{"@id":"https:\/\/colegioarquitectos.com\/noticias\/?page_id=4956#breadcrumb"},"inLanguage":"es","potentialAction":[{"@type":"ReadAction","target":["https:\/\/colegioarquitectos.com\/noticias\/?page_id=4956"]}]},{"@type":"ImageObject","inLanguage":"es","@id":"https:\/\/colegioarquitectos.com\/noticias\/?page_id=4956#primaryimage","url":"https:\/\/colegioarquitectos.com\/noticias\/wp-content\/uploads\/2025\/06\/Proyecto-nuevo-10.png","contentUrl":"https:\/\/colegioarquitectos.com\/noticias\/wp-content\/uploads\/2025\/06\/Proyecto-nuevo-10.png","width":1280,"height":720},{"@type":"BreadcrumbList","@id":"https:\/\/colegioarquitectos.com\/noticias\/?page_id=4956#breadcrumb","itemListElement":[{"@type":"ListItem","position":1,"name":"Portada","item":"https:\/\/colegioarquitectos.com\/noticias"},{"@type":"ListItem","position":2,"name":"Servicio de Asistencia T\u00e9cnica (SAT)"}]},{"@type":"WebSite","@id":"https:\/\/colegioarquitectos.com\/noticias\/#website","url":"https:\/\/colegioarquitectos.com\/noticias\/","name":"COLEGIO DE ARQUITECTOS DE CHILE","description":"","publisher":{"@id":"https:\/\/colegioarquitectos.com\/noticias\/#organization"},"potentialAction":[{"@type":"SearchAction","target":{"@type":"EntryPoint","urlTemplate":"https:\/\/colegioarquitectos.com\/noticias\/?s={search_term_string}"},"query-input":{"@type":"PropertyValueSpecification","valueRequired":true,"valueName":"search_term_string"}}],"inLanguage":"es"},{"@type":"Organization","@id":"https:\/\/colegioarquitectos.com\/noticias\/#organization","name":"COLEGIO DE ARQUITECTOS DE CHILE","url":"https:\/\/colegioarquitectos.com\/noticias\/","logo":{"@type":"ImageObject","inLanguage":"es","@id":"https:\/\/colegioarquitectos.com\/noticias\/#\/schema\/logo\/image\/","url":"https:\/\/colegioarquitectos.com\/noticias\/wp-content\/uploads\/2021\/05\/ENCABEZADO-LOGO-CA.jpg","contentUrl":"https:\/\/colegioarquitectos.com\/noticias\/wp-content\/uploads\/2021\/05\/ENCABEZADO-LOGO-CA.jpg","width":690,"height":350,"caption":"COLEGIO DE ARQUITECTOS DE CHILE"},"image":{"@id":"https:\/\/colegioarquitectos.com\/noticias\/#\/schema\/logo\/image\/"},"sameAs":["https:\/\/facebook.com\/Colegioarq\/","https:\/\/x.com\/colegioarq","https:\/\/instagram.com\/colegioarq","https:\/\/youtube.com\/@ColegiodeArquitectosdeChile"]}]}},"_links":{"self":[{"href":"https:\/\/colegioarquitectos.com\/noticias\/index.php?rest_route=\/wp\/v2\/pages\/4956","targetHints":{"allow":["GET"]}}],"collection":[{"href":"https:\/\/colegioarquitectos.com\/noticias\/index.php?rest_route=\/wp\/v2\/pages"}],"about":[{"href":"https:\/\/colegioarquitectos.com\/noticias\/index.php?rest_route=\/wp\/v2\/types\/page"}],"author":[{"embeddable":true,"href":"https:\/\/colegioarquitectos.com\/noticias\/index.php?rest_route=\/wp\/v2\/users\/1"}],"replies":[{"embeddable":true,"href":"https:\/\/colegioarquitectos.com\/noticias\/index.php?rest_route=%2Fwp%2Fv2%2Fcomments&post=4956"}],"version-history":[{"count":4,"href":"https:\/\/colegioarquitectos.com\/noticias\/index.php?rest_route=\/wp\/v2\/pages\/4956\/revisions"}],"predecessor-version":[{"id":34977,"href":"https:\/\/colegioarquitectos.com\/noticias\/index.php?rest_route=\/wp\/v2\/pages\/4956\/revisions\/34977"}],"wp:attachment":[{"href":"https:\/\/colegioarquitectos.com\/noticias\/index.php?rest_route=%2Fwp%2Fv2%2Fmedia&parent=4956"}],"curies":[{"name":"wp","href":"https:\/\/api.w.org\/{rel}","templated":true}]}}