
{"id":7396,"date":"2015-05-18T19:26:22","date_gmt":"2015-05-18T19:26:22","guid":{"rendered":"http:\/\/colegioarquitectos.com\/?page_id=7396"},"modified":"2026-04-24T12:07:33","modified_gmt":"2026-04-24T16:07:33","slug":"historia","status":"publish","type":"page","link":"https:\/\/colegioarquitectos.com\/noticias\/?page_id=7396","title":{"rendered":"Historia del Colegio de Arquitectos de Chile"},"content":{"rendered":"<p><img loading=\"lazy\" decoding=\"async\" class=\"aligncenter size-full wp-image-31656\" src=\"https:\/\/colegioarquitectos.com\/noticias\/wp-content\/uploads\/2015\/05\/Proyecto-nuevo.png\" alt=\"\" width=\"1280\" height=\"720\" srcset=\"https:\/\/colegioarquitectos.com\/noticias\/wp-content\/uploads\/2015\/05\/Proyecto-nuevo.png 1280w, https:\/\/colegioarquitectos.com\/noticias\/wp-content\/uploads\/2015\/05\/Proyecto-nuevo-300x169.png 300w, https:\/\/colegioarquitectos.com\/noticias\/wp-content\/uploads\/2015\/05\/Proyecto-nuevo-768x432.png 768w, https:\/\/colegioarquitectos.com\/noticias\/wp-content\/uploads\/2015\/05\/Proyecto-nuevo-1024x576.png 1024w\" sizes=\"auto, (max-width: 1280px) 100vw, 1280px\" \/><\/p>\n<p>El 4 de agosto de 1942 se promulga la Ley 7.211, que crea el Colegio de Arquitectos de Chile con la firma del Presidente Juan Antonio R\u00edos y su ministro de Obras P\u00fablicas Oscar Schnacke. Su articulado se bas\u00f3 en la ley que cre\u00f3 el Colegio de Abogados \u2014primera asociaci\u00f3n gremial con estatus legal\u2014 y tuvo el patrocinio de los diputados Gabriel Gonz\u00e1lez Videla e Isauro Torres.\u00a0En su discusi\u00f3n en la C\u00e1mara de Diputados participaron activamente arquitectos y futuros dirigentes de la Asociaci\u00f3n.<\/p>\n<p>El 27 y el 28 de octubre de 1942 se elige el primer Consejo Nacional del Colegio de Arquitectos, integrado por:<\/p>\n<p>Alberto Risopatr\u00f3n\u00a0\u2014 Presidente<br \/>\nArturo Bianchi \u2014 Vicepresidente<br \/>\nLuis Vergara \u2014 Secretario y Tesorero<\/p>\n<p>Eduardo Eguiguren, Roberto Humeres, Alfredo Jonson, Sergio Larra\u00edn, Juan Mart\u00ednez, Mario Valdivieso \u2014 Directores<\/p>\n<p>La antigua Asociaci\u00f3n de Arquitectos hace traspaso al Colegio de Arquitectos de Chile de todos sus bienes y \u00fatiles, quien comenzar\u00eda a operar en el mismo\u00a0local en que lo hizo la Asociaci\u00f3n, en la calle Morand\u00e9 322.<\/p>\n<p>El Reglamento de Aplicaci\u00f3n de la Ley 7.211 es redactado por el Colegio de Arquitectos y aprobado por el Decreto N\u00ba 1.214 del 28 de agosto de 1943. De acuerdo con este, se constituyen las Delegaciones Provinciales de Valpara\u00edso, Concepci\u00f3n, Chill\u00e1n y del Sur \u2014Puerto Montt, Osorno y Valdivia\u2014.<\/p>\n<p>A fines de la d\u00e9cada del cuarenta, las Delegaciones Provinciales se ampl\u00edan a una Interprovincial \u2014Curic\u00f3, Talca y Linares\u2014; una Zonal Sur \u2014Temuco, Valdivia, Osorno y Puerto Montt\u2014; y \u00abcorresponsales\u00bb en Tarapac\u00e1, Antofagasta y Atacama.<\/p>\n<p>Inicialmente las Comisiones de Trabajo fueron: Habitaci\u00f3n, Arancel, Registro de Contratistas y Hacienda. Posteriormente se agregan: Revista y Publicaciones, Arquitectos Funcionarios y C\u00f3digo de \u00c9tica.<\/p>\n<p>En esta primera etapa los directivos del Colegio de Arquitectos de Chile revisan los aranceles de la antigua Asociaci\u00f3n, redactan un Reglamento de Tramitaci\u00f3n de Reclamos; se inaugura la primera sede propia (8 de octubre de 1946) y se crea un Consultorio Profesional Gratuito (1946) para atender a las personas de escasos recursos, lo que se convertir\u00eda en la base del actual Servicio de Asistencia T\u00e9cnica del Colegio de Arquitectos (SAT).<\/p>\n<p>En 1950 se realiza en Concepci\u00f3n el Primer Congreso de Arquitectos\u00a0de Chile, cuya finalidad es \u00abdignificar la profesi\u00f3n, propender al mejoramiento del estudio de la Arquitectura, divulgar\u00a0la revoluci\u00f3n art\u00edstica, cient\u00edfica y social de la profesi\u00f3n y estrechar\u00a0los v\u00ednculos entre los arquitectos chilenos\u00bb.<\/p>\n<p>En esta d\u00e9cada se patrocinan tambi\u00e9n Concursos relevantes como el Templo Votivo de Maip\u00fa, Colegios San Ignacio de El Bosque y Verbo Divino de Bellavista y la Escuela de Medicina de la Universidad de Chile.<\/p>\n<p>Durante los a\u00f1os 50 la acci\u00f3n del Colegio de Arquitectos se extiende a trav\u00e9s de siete Delegaciones Provinciales: Valpara\u00edso, Talca, Concepci\u00f3n, Temuco, Valdivia, Puerto Montt y Zona Austral; y cinco corresponsal\u00edas: Arica, Antofagasta, La Serena, Malleco y Osorno.<\/p>\n<p>En 1959 se realiza en Santiago la Primera Convenci\u00f3n de Arquitectos, que cont\u00f3 con trescientos participantes y fue presidida por Gast\u00f3n Etcheverry. En 1961 se realiza en Valpara\u00edso la Segunda Convenci\u00f3n, presidida por Pablo Mondrag\u00f3n.<\/p>\n<p>En 1968 se crea la Revista CA del Colegio de Arquitectos, con contenidos disciplinares y gremiales. En tanto, al a\u00f1o siguiente, el Colegio instituye Diplomas por A\u00f1os de Profesi\u00f3n, Premios a las Mejores Obras de Arquitectura y Urbanismo y el Premio de Honor, otorgado \u00abpor una vida dedicada al servicio de la Arquitectura\u00bb, hoy Premio Nacional de Arquitectura.<\/p>\n<p>A fines de 1971 funcionan en el Colegio de Arquitectos 13 Delegaciones Provinciales: Arica, Antofagasta, la Serena, Valpara\u00edso, Talca, \u00d1uble, Concepci\u00f3n, Temuco, Valdivia, Osorno, Puerto Montt y Punta Arenas.<\/p>\n<p>En abril de 1972 el Colegio de Arquitectos elige de manera democr\u00e1tica su \u00faltimo Consejo Nacional, puesto que el 4 de mayo de 1974 la dictadura militar \u2014mediante el\u00a0Decreto Ley 304\u2014 suspende las elecciones gremiales y prorroga el mandato de las directivas, en principio, hasta octubre de 1975.<\/p>\n<p>El Consejo Nacional en ejercicio resolvi\u00f3 no dejar sus cargos para impedir el nombramiento de autoridades no representativas de la voluntad del gremio. El Colegio de Arquitectos emite el documento \u00abPrincipios b\u00e1sicos y recomendaciones de soluci\u00f3n inmediata para el Supremo Gobierno\u00bb, participando tambi\u00e9n en 5 comisiones de trabajo del Ministerio de Vivienda y Urbanismo y colaborando con el Ministerio del Interior en acciones urgentes de saneamiento y reorganizaci\u00f3n de los campamentos\u00a0y ocupaciones irregulares.<\/p>\n<p>En noviembre de 1973 el Colegio de Arquitectos publica el libro <strong><em>Pol\u00edtica de Desarrollo Urbano-Rural y Vivienda<\/em><\/strong> que pretende establecer \u00abplanteamientos b\u00e1sicos, diagn\u00f3sticos y dise\u00f1ar estrategias de acci\u00f3n\u00bb. La publicaci\u00f3n fue redactada en tres meses y recoge y trata de compatibilizar el pensamiento de m\u00e1s de 150 arquitectos. Sin embargo, no tuvo ninguna respuesta del r\u00e9gimen militar ni reacci\u00f3n de la comunidad nacional.<\/p>\n<p>Durante la dictadura militar son detenidos y desaparecidos por agentes del r\u00e9gimen diez arquitectos: Mario Pe\u00f1a, Luis Guendelman, Carlos Gajardo, Yactong Juantok, Ida Vera, Leopoldo Ben\u00edtez, Alejandro Rodr\u00edguez Urz\u00faa, Carlos Salcedo, Patricio Manzano y Francisco Aedo.<\/p>\n<p>En 1975, el Consejo Nacional culmina de manera exitosa la gesti\u00f3n de adquisici\u00f3n de la actual Sede Nacional del Colegio de Arquitectos de Chile en Avenida Libertador Bernardo O&#8217;Higgins 115. Por otra parte, en 1976 se comienza a publicar en forma separada el Bolet\u00edn y la Revista CA.<\/p>\n<p>En agosto de 1977 se realiza la I Bienal de Arquitectura Nacional, presidida por Cristi\u00e1n Fern\u00e1ndez Cox, siendo su tema central \u00abNuestro Patrimonio Arquitect\u00f3nico\u00bb.<\/p>\n<p>El 7 de febrero de 1981 se publica el Decreto Ley N\u00ba 3.621 que obliga a los Colegios Profesionales a transformarse en Asociaciones Gremiales, suprime la colegiatura obligatoria, les quita la tuici\u00f3n sobre el desempe\u00f1o profesional y el control de la \u00c9tica de sus asociados. La legislaci\u00f3n impuesta es rechazada en un plebiscito por el 92% de los arquitectos<strong>.<\/strong><\/p>\n<p>El 6 de abril de 1982 se vuelven a realizar elecciones por votaci\u00f3n informada, individual, directa y secreta para elegir el Primer Directorio del nuevo Colegio de Arquitectos de Chile A.G.. Es elegido presidente V\u00edctor Gubbins B.<\/p>\n<p>El 27 y 28 de agosto de 1982 se realiza el Segundo Encuentro Nacional de Arquitectos, que buscaba reflexionar sobre la situaci\u00f3n profesional y nacional, al cumplirse 40 a\u00f1os de la promulgaci\u00f3n de la ley que cre\u00f3 el Colegio de Arquitectos.<\/p>\n<p>En enero de 1986 se elige a Eliana Caraball como Presidenta Nacional del Colegio de Arquitectos de Chile, convirti\u00e9ndose as\u00ed en la primera mujer en ocupar el cargo. En 2018, 32 a\u00f1os despu\u00e9s, se entreg\u00f3 por primera vez el Premio Eliana Caraball, en el marco de los Premios CA, a la\u00a0arquitecta que se haya destacado en cualquiera de los \u00e1mbitos de la arquitectura y que por su trabajo y rol social constituya un ejemplo por lograr un espacio de igualdad en la sociedad y el mundo laboral.<\/p>\n<p>Actualmente el Colegio extiende su acci\u00f3n con Delegaciones Zonales activas en todo el pa\u00eds:\u00a0 Tarapac\u00e1, Atacama, Coquimbo, Valpara\u00edso, Aconcagua, O&#8217;Higgins, Maule, \u00d1uble, Los \u00c1ngeles, Concepci\u00f3n, Los R\u00edos, Llanquihue, Chilo\u00e9, Ays\u00e9n y Magallanes.<\/p>\n<p>Por otra parte, los\u00a0Comit\u00e9s del Colegio de Arquitectos de Chile son \u00f3rganos t\u00e9cnico-asesores que ayudan a la buena labor del Directorio Nacional, entre los que se cuentan:\u00a0Comit\u00e9 de Docencia, Comit\u00e9 de H\u00e1bitat y Vivienda, Comit\u00e9 de Sustentabilidad y Energ\u00eda, Comit\u00e9 de Arquitectura Deportiva, Comit\u00e9 de Tecnolog\u00eda, Comit\u00e9 de Desarrollo Urbano, Comit\u00e9 de Patrimonio Arquitect\u00f3nico y Ambiental, Comit\u00e9 de Arquitecturas para la Salud, Comit\u00e9 de Coordinaci\u00f3n de Accesibilidad Universal, Comit\u00e9 de Arquitectos y Arquitectas J\u00f3venes, Comit\u00e9 de Leyes, Ordenanzas y Aranceles, Comit\u00e9 de Gesti\u00f3n Inmobiliaria, Comit\u00e9 de Revisores Independientes, Comit\u00e9 de Acci\u00f3n Gremial, Comit\u00e9 de Paisaje, Comit\u00e9 de Derechos Humanos y Ciudadanos, Comit\u00e9 BIM y TI, Comit\u00e9 de Arquitectura Institucional y Comit\u00e9 de G\u00e9nero.<\/p>\n<p><\/p>","protected":false},"excerpt":{"rendered":"<p>El 4 de agosto de 1942 se promulga la Ley 7.211, que crea el Colegio de Arquitectos de Chile con la firma del Presidente Juan Antonio R\u00edos y su ministro de Obras P\u00fablicas Oscar Schnacke. Su articulado se bas\u00f3 en &hellip; <a class=\"more-link\" href=\"https:\/\/colegioarquitectos.com\/noticias\/?page_id=7396\">ver m\u00e1s<\/a><\/p>","protected":false},"author":4,"featured_media":0,"parent":0,"menu_order":0,"comment_status":"closed","ping_status":"closed","template":"pages\/fullwidth.php","meta":{"footnotes":""},"class_list":["post-7396","page","type-page","status-publish","hentry"],"yoast_head":"<!-- This site is optimized with the Yoast SEO plugin v24.2 - https:\/\/yoast.com\/wordpress\/plugins\/seo\/ -->\n<title>Historia del Colegio de Arquitectos de Chile - COLEGIO DE ARQUITECTOS DE CHILE<\/title>\n<meta name=\"robots\" content=\"index, follow, max-snippet:-1, max-image-preview:large, max-video-preview:-1\" \/>\n<link rel=\"canonical\" href=\"https:\/\/colegioarquitectos.com\/noticias\/?page_id=7396\" \/>\n<meta property=\"og:locale\" content=\"es_ES\" \/>\n<meta property=\"og:type\" content=\"article\" \/>\n<meta property=\"og:title\" content=\"Historia del Colegio de Arquitectos de Chile - COLEGIO DE ARQUITECTOS DE CHILE\" \/>\n<meta property=\"og:description\" content=\"El 4 de agosto de 1942 se promulga la Ley 7.211, que crea el Colegio de Arquitectos de Chile con la firma del Presidente Juan Antonio R\u00edos y su ministro de Obras P\u00fablicas Oscar Schnacke. Su articulado se bas\u00f3 en &hellip; ver m\u00e1s\" \/>\n<meta property=\"og:url\" content=\"https:\/\/colegioarquitectos.com\/noticias\/?page_id=7396\" \/>\n<meta property=\"og:site_name\" content=\"COLEGIO DE ARQUITECTOS DE CHILE\" \/>\n<meta property=\"article:publisher\" content=\"https:\/\/facebook.com\/Colegioarq\/\" \/>\n<meta property=\"article:modified_time\" content=\"2026-04-24T16:07:33+00:00\" \/>\n<meta property=\"og:image\" content=\"https:\/\/colegioarquitectos.com\/noticias\/wp-content\/uploads\/2015\/05\/Proyecto-nuevo.png\" \/>\n\t<meta property=\"og:image:width\" content=\"1280\" \/>\n\t<meta property=\"og:image:height\" content=\"720\" \/>\n\t<meta property=\"og:image:type\" content=\"image\/png\" \/>\n<meta name=\"twitter:card\" content=\"summary_large_image\" \/>\n<meta name=\"twitter:site\" content=\"@colegioarq\" \/>\n<meta name=\"twitter:label1\" content=\"Tiempo de lectura\" \/>\n\t<meta name=\"twitter:data1\" content=\"6 minutos\" \/>\n<script type=\"application\/ld+json\" class=\"yoast-schema-graph\">{\"@context\":\"https:\/\/schema.org\",\"@graph\":[{\"@type\":\"WebPage\",\"@id\":\"https:\/\/colegioarquitectos.com\/noticias\/?page_id=7396\",\"url\":\"https:\/\/colegioarquitectos.com\/noticias\/?page_id=7396\",\"name\":\"Historia del Colegio de Arquitectos de Chile - COLEGIO DE ARQUITECTOS DE CHILE\",\"isPartOf\":{\"@id\":\"https:\/\/colegioarquitectos.com\/noticias\/#website\"},\"primaryImageOfPage\":{\"@id\":\"https:\/\/colegioarquitectos.com\/noticias\/?page_id=7396#primaryimage\"},\"image\":{\"@id\":\"https:\/\/colegioarquitectos.com\/noticias\/?page_id=7396#primaryimage\"},\"thumbnailUrl\":\"https:\/\/colegioarquitectos.com\/noticias\/wp-content\/uploads\/2015\/05\/Proyecto-nuevo.png\",\"datePublished\":\"2015-05-18T19:26:22+00:00\",\"dateModified\":\"2026-04-24T16:07:33+00:00\",\"breadcrumb\":{\"@id\":\"https:\/\/colegioarquitectos.com\/noticias\/?page_id=7396#breadcrumb\"},\"inLanguage\":\"es\",\"potentialAction\":[{\"@type\":\"ReadAction\",\"target\":[\"https:\/\/colegioarquitectos.com\/noticias\/?page_id=7396\"]}]},{\"@type\":\"ImageObject\",\"inLanguage\":\"es\",\"@id\":\"https:\/\/colegioarquitectos.com\/noticias\/?page_id=7396#primaryimage\",\"url\":\"https:\/\/colegioarquitectos.com\/noticias\/wp-content\/uploads\/2015\/05\/Proyecto-nuevo.png\",\"contentUrl\":\"https:\/\/colegioarquitectos.com\/noticias\/wp-content\/uploads\/2015\/05\/Proyecto-nuevo.png\",\"width\":1280,\"height\":720},{\"@type\":\"BreadcrumbList\",\"@id\":\"https:\/\/colegioarquitectos.com\/noticias\/?page_id=7396#breadcrumb\",\"itemListElement\":[{\"@type\":\"ListItem\",\"position\":1,\"name\":\"Portada\",\"item\":\"https:\/\/colegioarquitectos.com\/noticias\"},{\"@type\":\"ListItem\",\"position\":2,\"name\":\"Historia del Colegio de Arquitectos de Chile\"}]},{\"@type\":\"WebSite\",\"@id\":\"https:\/\/colegioarquitectos.com\/noticias\/#website\",\"url\":\"https:\/\/colegioarquitectos.com\/noticias\/\",\"name\":\"COLEGIO DE ARQUITECTOS DE CHILE\",\"description\":\"\",\"publisher\":{\"@id\":\"https:\/\/colegioarquitectos.com\/noticias\/#organization\"},\"potentialAction\":[{\"@type\":\"SearchAction\",\"target\":{\"@type\":\"EntryPoint\",\"urlTemplate\":\"https:\/\/colegioarquitectos.com\/noticias\/?s={search_term_string}\"},\"query-input\":{\"@type\":\"PropertyValueSpecification\",\"valueRequired\":true,\"valueName\":\"search_term_string\"}}],\"inLanguage\":\"es\"},{\"@type\":\"Organization\",\"@id\":\"https:\/\/colegioarquitectos.com\/noticias\/#organization\",\"name\":\"COLEGIO DE ARQUITECTOS DE CHILE\",\"url\":\"https:\/\/colegioarquitectos.com\/noticias\/\",\"logo\":{\"@type\":\"ImageObject\",\"inLanguage\":\"es\",\"@id\":\"https:\/\/colegioarquitectos.com\/noticias\/#\/schema\/logo\/image\/\",\"url\":\"https:\/\/colegioarquitectos.com\/noticias\/wp-content\/uploads\/2021\/05\/ENCABEZADO-LOGO-CA.jpg\",\"contentUrl\":\"https:\/\/colegioarquitectos.com\/noticias\/wp-content\/uploads\/2021\/05\/ENCABEZADO-LOGO-CA.jpg\",\"width\":690,\"height\":350,\"caption\":\"COLEGIO DE ARQUITECTOS DE CHILE\"},\"image\":{\"@id\":\"https:\/\/colegioarquitectos.com\/noticias\/#\/schema\/logo\/image\/\"},\"sameAs\":[\"https:\/\/facebook.com\/Colegioarq\/\",\"https:\/\/x.com\/colegioarq\",\"https:\/\/instagram.com\/colegioarq\",\"https:\/\/youtube.com\/@ColegiodeArquitectosdeChile\"]}]}<\/script>\n<!-- \/ Yoast SEO plugin. -->","yoast_head_json":{"title":"Historia del Colegio de Arquitectos de Chile - COLEGIO DE ARQUITECTOS DE CHILE","robots":{"index":"index","follow":"follow","max-snippet":"max-snippet:-1","max-image-preview":"max-image-preview:large","max-video-preview":"max-video-preview:-1"},"canonical":"https:\/\/colegioarquitectos.com\/noticias\/?page_id=7396","og_locale":"es_ES","og_type":"article","og_title":"Historia del Colegio de Arquitectos de Chile - COLEGIO DE ARQUITECTOS DE CHILE","og_description":"El 4 de agosto de 1942 se promulga la Ley 7.211, que crea el Colegio de Arquitectos de Chile con la firma del Presidente Juan Antonio R\u00edos y su ministro de Obras P\u00fablicas Oscar Schnacke. Su articulado se bas\u00f3 en &hellip; ver m\u00e1s","og_url":"https:\/\/colegioarquitectos.com\/noticias\/?page_id=7396","og_site_name":"COLEGIO DE ARQUITECTOS DE CHILE","article_publisher":"https:\/\/facebook.com\/Colegioarq\/","article_modified_time":"2026-04-24T16:07:33+00:00","og_image":[{"width":1280,"height":720,"url":"https:\/\/colegioarquitectos.com\/noticias\/wp-content\/uploads\/2015\/05\/Proyecto-nuevo.png","type":"image\/png"}],"twitter_card":"summary_large_image","twitter_site":"@colegioarq","twitter_misc":{"Tiempo de lectura":"6 minutos"},"schema":{"@context":"https:\/\/schema.org","@graph":[{"@type":"WebPage","@id":"https:\/\/colegioarquitectos.com\/noticias\/?page_id=7396","url":"https:\/\/colegioarquitectos.com\/noticias\/?page_id=7396","name":"Historia del Colegio de Arquitectos de Chile - COLEGIO DE ARQUITECTOS DE CHILE","isPartOf":{"@id":"https:\/\/colegioarquitectos.com\/noticias\/#website"},"primaryImageOfPage":{"@id":"https:\/\/colegioarquitectos.com\/noticias\/?page_id=7396#primaryimage"},"image":{"@id":"https:\/\/colegioarquitectos.com\/noticias\/?page_id=7396#primaryimage"},"thumbnailUrl":"https:\/\/colegioarquitectos.com\/noticias\/wp-content\/uploads\/2015\/05\/Proyecto-nuevo.png","datePublished":"2015-05-18T19:26:22+00:00","dateModified":"2026-04-24T16:07:33+00:00","breadcrumb":{"@id":"https:\/\/colegioarquitectos.com\/noticias\/?page_id=7396#breadcrumb"},"inLanguage":"es","potentialAction":[{"@type":"ReadAction","target":["https:\/\/colegioarquitectos.com\/noticias\/?page_id=7396"]}]},{"@type":"ImageObject","inLanguage":"es","@id":"https:\/\/colegioarquitectos.com\/noticias\/?page_id=7396#primaryimage","url":"https:\/\/colegioarquitectos.com\/noticias\/wp-content\/uploads\/2015\/05\/Proyecto-nuevo.png","contentUrl":"https:\/\/colegioarquitectos.com\/noticias\/wp-content\/uploads\/2015\/05\/Proyecto-nuevo.png","width":1280,"height":720},{"@type":"BreadcrumbList","@id":"https:\/\/colegioarquitectos.com\/noticias\/?page_id=7396#breadcrumb","itemListElement":[{"@type":"ListItem","position":1,"name":"Portada","item":"https:\/\/colegioarquitectos.com\/noticias"},{"@type":"ListItem","position":2,"name":"Historia del Colegio de Arquitectos de Chile"}]},{"@type":"WebSite","@id":"https:\/\/colegioarquitectos.com\/noticias\/#website","url":"https:\/\/colegioarquitectos.com\/noticias\/","name":"COLEGIO DE ARQUITECTOS DE CHILE","description":"","publisher":{"@id":"https:\/\/colegioarquitectos.com\/noticias\/#organization"},"potentialAction":[{"@type":"SearchAction","target":{"@type":"EntryPoint","urlTemplate":"https:\/\/colegioarquitectos.com\/noticias\/?s={search_term_string}"},"query-input":{"@type":"PropertyValueSpecification","valueRequired":true,"valueName":"search_term_string"}}],"inLanguage":"es"},{"@type":"Organization","@id":"https:\/\/colegioarquitectos.com\/noticias\/#organization","name":"COLEGIO DE ARQUITECTOS DE CHILE","url":"https:\/\/colegioarquitectos.com\/noticias\/","logo":{"@type":"ImageObject","inLanguage":"es","@id":"https:\/\/colegioarquitectos.com\/noticias\/#\/schema\/logo\/image\/","url":"https:\/\/colegioarquitectos.com\/noticias\/wp-content\/uploads\/2021\/05\/ENCABEZADO-LOGO-CA.jpg","contentUrl":"https:\/\/colegioarquitectos.com\/noticias\/wp-content\/uploads\/2021\/05\/ENCABEZADO-LOGO-CA.jpg","width":690,"height":350,"caption":"COLEGIO DE ARQUITECTOS DE CHILE"},"image":{"@id":"https:\/\/colegioarquitectos.com\/noticias\/#\/schema\/logo\/image\/"},"sameAs":["https:\/\/facebook.com\/Colegioarq\/","https:\/\/x.com\/colegioarq","https:\/\/instagram.com\/colegioarq","https:\/\/youtube.com\/@ColegiodeArquitectosdeChile"]}]}},"_links":{"self":[{"href":"https:\/\/colegioarquitectos.com\/noticias\/index.php?rest_route=\/wp\/v2\/pages\/7396","targetHints":{"allow":["GET"]}}],"collection":[{"href":"https:\/\/colegioarquitectos.com\/noticias\/index.php?rest_route=\/wp\/v2\/pages"}],"about":[{"href":"https:\/\/colegioarquitectos.com\/noticias\/index.php?rest_route=\/wp\/v2\/types\/page"}],"author":[{"embeddable":true,"href":"https:\/\/colegioarquitectos.com\/noticias\/index.php?rest_route=\/wp\/v2\/users\/4"}],"replies":[{"embeddable":true,"href":"https:\/\/colegioarquitectos.com\/noticias\/index.php?rest_route=%2Fwp%2Fv2%2Fcomments&post=7396"}],"version-history":[{"count":2,"href":"https:\/\/colegioarquitectos.com\/noticias\/index.php?rest_route=\/wp\/v2\/pages\/7396\/revisions"}],"predecessor-version":[{"id":35294,"href":"https:\/\/colegioarquitectos.com\/noticias\/index.php?rest_route=\/wp\/v2\/pages\/7396\/revisions\/35294"}],"wp:attachment":[{"href":"https:\/\/colegioarquitectos.com\/noticias\/index.php?rest_route=%2Fwp%2Fv2%2Fmedia&parent=7396"}],"curies":[{"name":"wp","href":"https:\/\/api.w.org\/{rel}","templated":true}]}}