
{"id":7409,"date":"2015-05-18T19:44:01","date_gmt":"2015-05-18T19:44:01","guid":{"rendered":"http:\/\/colegioarquitectos.com\/?page_id=7409"},"modified":"2024-06-10T17:03:05","modified_gmt":"2024-06-10T21:03:05","slug":"7409-2","status":"publish","type":"page","link":"https:\/\/colegioarquitectos.com\/noticias\/?page_id=7409","title":{"rendered":"Premio Nacional de Arquitectura"},"content":{"rendered":"<p><img loading=\"lazy\" decoding=\"async\" class=\"aligncenter size-full wp-image-30599\" src=\"https:\/\/colegioarquitectos.com\/noticias\/wp-content\/uploads\/2015\/05\/PORTADA-FPO.jpg\" alt=\"\" width=\"1280\" height=\"720\" srcset=\"https:\/\/colegioarquitectos.com\/noticias\/wp-content\/uploads\/2015\/05\/PORTADA-FPO.jpg 1280w, https:\/\/colegioarquitectos.com\/noticias\/wp-content\/uploads\/2015\/05\/PORTADA-FPO-300x169.jpg 300w, https:\/\/colegioarquitectos.com\/noticias\/wp-content\/uploads\/2015\/05\/PORTADA-FPO-768x432.jpg 768w, https:\/\/colegioarquitectos.com\/noticias\/wp-content\/uploads\/2015\/05\/PORTADA-FPO-1024x576.jpg 1024w\" sizes=\"auto, (max-width: 1280px) 100vw, 1280px\" \/><\/p>\n<p>&nbsp;<\/p>\n<p>El Premio Nacional de Arquitectura es el m\u00e1xima distinci\u00f3n que puede recibir un arquitecto, arquitecta o equipo de estos, cuya trayectoria y desempe\u00f1o \u00e9tico y profesional haya marcado un ejemplo para todos los y las arquitectas, en cualquiera de las manifestaciones del ejercicio profesional, ya sea en el campo de la ejecuci\u00f3n de obras de arquitectura, labores acad\u00e9micas, gremiales, de servicio o gesti\u00f3n p\u00fablica.<\/p>\n<p>El proceso de elecci\u00f3n del Premio Nacional de Arquitectura, que cabe destacar es el \u00fanico galard\u00f3n nacional que desde 1969 otorga una instituci\u00f3n externa al Estado, valora junto con la obra construida, las actividades gremiales o p\u00fablicas en beneficio de la profesi\u00f3n, la actividad acad\u00e9mica as\u00ed como las de extensi\u00f3n, la trascendencia p\u00fablica de su obra, y el desempe\u00f1o \u00e9tico de su actividad.<\/p>\n<p>&nbsp;<\/p>\n<table width=\"392\">\n<tbody>\n<tr>\n<td width=\"80\"><strong><a href=\"http:\/\/colegioarquitectos.com\/?page_id=9824\">1969<\/a><\/strong><\/td>\n<td width=\"312\"><a href=\"http:\/\/colegioarquitectos.com\/?page_id=9824\">Juan Mart\u00ednez Guti\u00e9rrez\u00a0\u00a0\u271e<\/a><\/td>\n<\/tr>\n<tr>\n<td width=\"80\"><\/td>\n<td width=\"312\"><\/td>\n<\/tr>\n<tr>\n<td width=\"80\"><strong><a href=\"http:\/\/colegioarquitectos.com\/?page_id=10070\">1970<\/a><\/strong><\/td>\n<td width=\"312\"><a href=\"http:\/\/colegioarquitectos.com\/?page_id=10070\">Carlos Bresciani Bagattini\u00a0\u271e<\/a><\/td>\n<\/tr>\n<tr>\n<td width=\"80\"><\/td>\n<td width=\"312\"><\/td>\n<\/tr>\n<tr>\n<td width=\"80\"><strong><a href=\"http:\/\/colegioarquitectos.com\/?page_id=10208\">1971<\/a><\/strong><\/td>\n<td width=\"312\"><a href=\"http:\/\/colegioarquitectos.com\/?page_id=10208\">Roberto D\u00e1vila Carson\u00a0\u271e<\/a><\/td>\n<\/tr>\n<tr>\n<td width=\"80\"><\/td>\n<td width=\"312\"><\/td>\n<\/tr>\n<tr>\n<td width=\"80\"><strong><a href=\"http:\/\/colegioarquitectos.com\/?page_id=10259\">1972<\/a><\/strong><\/td>\n<td width=\"312\"><a href=\"http:\/\/colegioarquitectos.com\/?page_id=10259\">Sergio Larra\u00edn Garc\u00eda-Moreno\u00a0\u271e<\/a><\/td>\n<\/tr>\n<tr>\n<td width=\"80\"><\/td>\n<td width=\"312\"><\/td>\n<\/tr>\n<tr>\n<td width=\"80\"><strong><a href=\"http:\/\/colegioarquitectos.com\/?page_id=10314\">1973<\/a><\/strong><\/td>\n<td width=\"312\"><a href=\"http:\/\/colegioarquitectos.com\/?page_id=10314\">H\u00e9ctor Mardones Restat\u00a0\u271e<\/a><\/td>\n<\/tr>\n<tr>\n<td width=\"80\"><\/td>\n<td width=\"312\"><\/td>\n<\/tr>\n<tr>\n<td width=\"80\"><strong><a href=\"http:\/\/colegioarquitectos.com\/?page_id=10329\">1974<\/a><\/strong><\/td>\n<td width=\"312\"><a href=\"http:\/\/colegioarquitectos.com\/?page_id=10329\">Rodulfo Oyarz\u00fan Philippi\u00a0\u271e<\/a><\/td>\n<\/tr>\n<tr>\n<td width=\"80\"><\/td>\n<td width=\"312\"><\/td>\n<\/tr>\n<tr>\n<td width=\"80\"><strong><a href=\"http:\/\/colegioarquitectos.com\/?page_id=10975\">1975<\/a><\/strong><\/td>\n<td width=\"312\"><a href=\"http:\/\/colegioarquitectos.com\/?page_id=10975\">Alberto Cruz Covarrubias\u00a0\u271e<\/a><\/td>\n<\/tr>\n<tr>\n<td width=\"80\"><\/td>\n<td width=\"312\"><\/td>\n<\/tr>\n<tr>\n<td width=\"80\"><strong><a href=\"http:\/\/colegioarquitectos.com\/?page_id=11096\">1976<\/a><\/strong><\/td>\n<td width=\"312\"><a href=\"http:\/\/colegioarquitectos.com\/?page_id=11096\">H\u00e9ctor Vald\u00e9s Phillips\u00a0\u271e<\/a><\/td>\n<\/tr>\n<tr>\n<td width=\"80\"><\/td>\n<td width=\"312\"><\/td>\n<\/tr>\n<tr>\n<td width=\"80\"><strong>1977<\/strong><\/td>\n<td width=\"312\">Emilio Duhart Harosteguy\u00a0\u271e<\/td>\n<\/tr>\n<tr>\n<td width=\"80\"><\/td>\n<td width=\"312\"><\/td>\n<\/tr>\n<tr>\n<td width=\"80\"><strong>1979<\/strong><\/td>\n<td width=\"312\">Carlos Buschmann Zwansger\u00a0\u271e<\/td>\n<\/tr>\n<tr>\n<td width=\"80\"><\/td>\n<td width=\"312\"><\/td>\n<\/tr>\n<tr>\n<td width=\"80\"><strong>1981<\/strong><\/td>\n<td width=\"312\">Edwin Weil Wohlke\u00a0\u271e<\/td>\n<\/tr>\n<tr>\n<td width=\"80\"><\/td>\n<td width=\"312\"><\/td>\n<\/tr>\n<tr>\n<td width=\"80\"><strong>1983<\/strong><\/td>\n<td width=\"312\">Fernando Castillo Velasco\u00a0\u271e<\/td>\n<\/tr>\n<tr>\n<td width=\"80\"><\/td>\n<td width=\"312\"><\/td>\n<\/tr>\n<tr>\n<td width=\"80\"><strong>1985<\/strong><\/td>\n<td width=\"312\">Jorge Aguirre Silva\u00a0\u271e<\/td>\n<\/tr>\n<tr>\n<td width=\"80\"><\/td>\n<td width=\"312\"><\/td>\n<\/tr>\n<tr>\n<td width=\"80\"><strong>1987<\/strong><\/td>\n<td width=\"312\">Mario Record\u00f3n Burnier\u00a0\u271e<\/td>\n<\/tr>\n<tr>\n<td width=\"80\"><\/td>\n<td width=\"312\"><\/td>\n<\/tr>\n<tr>\n<td width=\"80\"><strong>1989<\/strong><\/td>\n<td width=\"312\">Mario P\u00e9rez de Arce Lav\u00edn\u00a0\u271e<\/td>\n<\/tr>\n<tr>\n<td width=\"80\"><\/td>\n<td width=\"312\"><\/td>\n<\/tr>\n<tr>\n<td width=\"80\"><strong>1991<\/strong><\/td>\n<td width=\"312\">Francisco de Borja Garc\u00eda-Huidobro Sever\u00edn<\/td>\n<\/tr>\n<tr>\n<td width=\"80\"><\/td>\n<td width=\"312\"><\/td>\n<\/tr>\n<tr>\n<td width=\"80\"><strong>1993<\/strong><\/td>\n<td width=\"312\">Christian De Groote C\u00f3rdova\u00a0\u271e<\/td>\n<\/tr>\n<tr>\n<td width=\"80\"><\/td>\n<td width=\"312\"><\/td>\n<\/tr>\n<tr>\n<td width=\"80\"><strong>1995<\/strong><\/td>\n<td width=\"312\">Roberto Goycoolea Infante\u00a0\u271e<\/td>\n<\/tr>\n<tr>\n<td width=\"80\"><\/td>\n<td width=\"312\"><\/td>\n<\/tr>\n<tr>\n<td width=\"80\"><strong>1997<\/strong><\/td>\n<td width=\"312\">Cristi\u00e1n Fern\u00e1ndez Cox\u00a0\u271e<\/td>\n<\/tr>\n<tr>\n<td width=\"80\"><\/td>\n<td width=\"312\"><\/td>\n<\/tr>\n<tr>\n<td width=\"80\"><strong>2000<\/strong><\/td>\n<td width=\"312\">Victor Gubbins Browne\u00a0\u271e<\/td>\n<\/tr>\n<tr>\n<td width=\"80\"><\/td>\n<td width=\"312\"><\/td>\n<\/tr>\n<tr>\n<td width=\"80\"><strong>2002<\/strong><\/td>\n<td width=\"312\">Juan Sabbagh Pisano<\/td>\n<\/tr>\n<tr>\n<td width=\"80\"><\/td>\n<td width=\"312\"><\/td>\n<\/tr>\n<tr>\n<td width=\"80\"><strong>2004<\/strong><\/td>\n<td width=\"312\">Luis Izquierdo y Antonia Lehmann<\/td>\n<\/tr>\n<tr>\n<td width=\"80\"><\/td>\n<td width=\"312\"><\/td>\n<\/tr>\n<tr>\n<td width=\"80\"><strong>2006<\/strong><\/td>\n<td width=\"312\">Germ\u00e1n del Sol Guzm\u00e1n<\/td>\n<\/tr>\n<tr>\n<td width=\"80\"><\/td>\n<td width=\"312\"><\/td>\n<\/tr>\n<tr>\n<td width=\"80\"><strong>2008<\/strong><\/td>\n<td width=\"312\">Cristi\u00e1n Vald\u00e9s Eguiguren<\/td>\n<\/tr>\n<tr>\n<td width=\"80\"><\/td>\n<td width=\"312\"><\/td>\n<\/tr>\n<tr>\n<td width=\"80\"><strong>2010<\/strong><\/td>\n<td width=\"312\">Enrique Browne<\/td>\n<\/tr>\n<tr>\n<td width=\"80\"><\/td>\n<td width=\"312\"><\/td>\n<\/tr>\n<tr>\n<td width=\"80\"><strong>2012<\/strong><\/td>\n<td width=\"312\">Jos\u00e9 Cruz Ovalle<\/td>\n<\/tr>\n<tr>\n<td width=\"80\"><\/td>\n<td width=\"312\"><\/td>\n<\/tr>\n<tr>\n<td width=\"80\"><strong>2014<\/strong><\/td>\n<td width=\"312\">Teodoro Fern\u00e1ndez Larra\u00f1aga<\/td>\n<\/tr>\n<tr>\n<td width=\"80\"><\/td>\n<td width=\"312\"><\/td>\n<\/tr>\n<tr>\n<td width=\"80\"><strong>2016<\/strong><\/td>\n<td width=\"312\">Edward Rojas Vega<\/td>\n<\/tr>\n<tr>\n<td width=\"80\"><\/td>\n<td width=\"312\"><\/td>\n<\/tr>\n<tr>\n<td width=\"80\"><strong>2019<\/strong><\/td>\n<td width=\"312\"><a href=\"https:\/\/colegioarquitectos.com\/noticias\/?p=28590\">Miguel Lawner Steiman<\/a><\/td>\n<\/tr>\n<tr>\n<td width=\"80\"><\/td>\n<td width=\"312\"><\/td>\n<\/tr>\n<tr>\n<td width=\"80\"><strong>2022<\/strong><\/td>\n<td width=\"312\"><a href=\"https:\/\/colegioarquitectos.com\/noticias\/?p=28588\">Fernando P\u00e9rez Oyarz\u00fan<\/a><\/td>\n<\/tr>\n<tr>\n<td><\/td>\n<td><\/td>\n<\/tr>\n<tr>\n<td><strong>2024<\/strong><\/td>\n<td><a href=\"https:\/\/colegioarquitectos.com\/noticias\/?p=31901\">Cristi\u00e1n Castillo Echeverr\u00eda<\/a><\/td>\n<\/tr>\n<\/tbody>\n<\/table>\n<p>&nbsp;<\/p>\n<p><\/p>","protected":false},"excerpt":{"rendered":"<p>&nbsp; El Premio Nacional de Arquitectura es el m\u00e1xima distinci\u00f3n que puede recibir un arquitecto, arquitecta o equipo de estos, cuya trayectoria y desempe\u00f1o \u00e9tico y profesional haya marcado un ejemplo para todos los y las arquitectas, en cualquiera de &hellip; <a class=\"more-link\" href=\"https:\/\/colegioarquitectos.com\/noticias\/?page_id=7409\">ver m\u00e1s<\/a><\/p>","protected":false},"author":4,"featured_media":0,"parent":0,"menu_order":0,"comment_status":"closed","ping_status":"open","template":"pages\/fullwidth.php","meta":{"footnotes":""},"class_list":["post-7409","page","type-page","status-publish","hentry"],"yoast_head":"<!-- This site is optimized with the Yoast SEO plugin v24.2 - https:\/\/yoast.com\/wordpress\/plugins\/seo\/ -->\n<title>Premio Nacional de Arquitectura - COLEGIO DE ARQUITECTOS DE CHILE<\/title>\n<meta name=\"robots\" content=\"index, follow, max-snippet:-1, max-image-preview:large, max-video-preview:-1\" \/>\n<link rel=\"canonical\" href=\"https:\/\/colegioarquitectos.com\/noticias\/?page_id=7409\" \/>\n<meta property=\"og:locale\" content=\"es_ES\" \/>\n<meta property=\"og:type\" content=\"article\" \/>\n<meta property=\"og:title\" content=\"Premio Nacional de Arquitectura - COLEGIO DE ARQUITECTOS DE CHILE\" \/>\n<meta property=\"og:description\" content=\"&nbsp; El Premio Nacional de Arquitectura es el m\u00e1xima distinci\u00f3n que puede recibir un arquitecto, arquitecta o equipo de estos, cuya trayectoria y desempe\u00f1o \u00e9tico y profesional haya marcado un ejemplo para todos los y las arquitectas, en cualquiera de &hellip; ver m\u00e1s\" \/>\n<meta property=\"og:url\" content=\"https:\/\/colegioarquitectos.com\/noticias\/?page_id=7409\" \/>\n<meta property=\"og:site_name\" content=\"COLEGIO DE ARQUITECTOS DE CHILE\" \/>\n<meta property=\"article:publisher\" content=\"https:\/\/facebook.com\/Colegioarq\/\" \/>\n<meta property=\"article:modified_time\" content=\"2024-06-10T21:03:05+00:00\" \/>\n<meta property=\"og:image\" content=\"https:\/\/colegioarquitectos.com\/noticias\/wp-content\/uploads\/2015\/05\/PORTADA-FPO.jpg\" \/>\n<meta name=\"twitter:card\" content=\"summary_large_image\" \/>\n<meta name=\"twitter:site\" content=\"@colegioarq\" \/>\n<meta name=\"twitter:label1\" content=\"Tiempo de lectura\" \/>\n\t<meta name=\"twitter:data1\" content=\"1 minuto\" \/>\n<script type=\"application\/ld+json\" class=\"yoast-schema-graph\">{\"@context\":\"https:\/\/schema.org\",\"@graph\":[{\"@type\":\"WebPage\",\"@id\":\"https:\/\/colegioarquitectos.com\/noticias\/?page_id=7409\",\"url\":\"https:\/\/colegioarquitectos.com\/noticias\/?page_id=7409\",\"name\":\"Premio Nacional de Arquitectura - COLEGIO DE ARQUITECTOS DE CHILE\",\"isPartOf\":{\"@id\":\"https:\/\/colegioarquitectos.com\/noticias\/#website\"},\"primaryImageOfPage\":{\"@id\":\"https:\/\/colegioarquitectos.com\/noticias\/?page_id=7409#primaryimage\"},\"image\":{\"@id\":\"https:\/\/colegioarquitectos.com\/noticias\/?page_id=7409#primaryimage\"},\"thumbnailUrl\":\"https:\/\/colegioarquitectos.com\/noticias\/wp-content\/uploads\/2015\/05\/PORTADA-FPO.jpg\",\"datePublished\":\"2015-05-18T19:44:01+00:00\",\"dateModified\":\"2024-06-10T21:03:05+00:00\",\"breadcrumb\":{\"@id\":\"https:\/\/colegioarquitectos.com\/noticias\/?page_id=7409#breadcrumb\"},\"inLanguage\":\"es\",\"potentialAction\":[{\"@type\":\"ReadAction\",\"target\":[\"https:\/\/colegioarquitectos.com\/noticias\/?page_id=7409\"]}]},{\"@type\":\"ImageObject\",\"inLanguage\":\"es\",\"@id\":\"https:\/\/colegioarquitectos.com\/noticias\/?page_id=7409#primaryimage\",\"url\":\"https:\/\/colegioarquitectos.com\/noticias\/wp-content\/uploads\/2015\/05\/PORTADA-FPO.jpg\",\"contentUrl\":\"https:\/\/colegioarquitectos.com\/noticias\/wp-content\/uploads\/2015\/05\/PORTADA-FPO.jpg\",\"width\":1280,\"height\":720},{\"@type\":\"BreadcrumbList\",\"@id\":\"https:\/\/colegioarquitectos.com\/noticias\/?page_id=7409#breadcrumb\",\"itemListElement\":[{\"@type\":\"ListItem\",\"position\":1,\"name\":\"Portada\",\"item\":\"https:\/\/colegioarquitectos.com\/noticias\"},{\"@type\":\"ListItem\",\"position\":2,\"name\":\"Premio Nacional de Arquitectura\"}]},{\"@type\":\"WebSite\",\"@id\":\"https:\/\/colegioarquitectos.com\/noticias\/#website\",\"url\":\"https:\/\/colegioarquitectos.com\/noticias\/\",\"name\":\"COLEGIO DE ARQUITECTOS DE CHILE\",\"description\":\"\",\"publisher\":{\"@id\":\"https:\/\/colegioarquitectos.com\/noticias\/#organization\"},\"potentialAction\":[{\"@type\":\"SearchAction\",\"target\":{\"@type\":\"EntryPoint\",\"urlTemplate\":\"https:\/\/colegioarquitectos.com\/noticias\/?s={search_term_string}\"},\"query-input\":{\"@type\":\"PropertyValueSpecification\",\"valueRequired\":true,\"valueName\":\"search_term_string\"}}],\"inLanguage\":\"es\"},{\"@type\":\"Organization\",\"@id\":\"https:\/\/colegioarquitectos.com\/noticias\/#organization\",\"name\":\"COLEGIO DE ARQUITECTOS DE CHILE\",\"url\":\"https:\/\/colegioarquitectos.com\/noticias\/\",\"logo\":{\"@type\":\"ImageObject\",\"inLanguage\":\"es\",\"@id\":\"https:\/\/colegioarquitectos.com\/noticias\/#\/schema\/logo\/image\/\",\"url\":\"https:\/\/colegioarquitectos.com\/noticias\/wp-content\/uploads\/2021\/05\/ENCABEZADO-LOGO-CA.jpg\",\"contentUrl\":\"https:\/\/colegioarquitectos.com\/noticias\/wp-content\/uploads\/2021\/05\/ENCABEZADO-LOGO-CA.jpg\",\"width\":690,\"height\":350,\"caption\":\"COLEGIO DE ARQUITECTOS DE CHILE\"},\"image\":{\"@id\":\"https:\/\/colegioarquitectos.com\/noticias\/#\/schema\/logo\/image\/\"},\"sameAs\":[\"https:\/\/facebook.com\/Colegioarq\/\",\"https:\/\/x.com\/colegioarq\",\"https:\/\/instagram.com\/colegioarq\",\"https:\/\/youtube.com\/@ColegiodeArquitectosdeChile\"]}]}<\/script>\n<!-- \/ Yoast SEO plugin. -->","yoast_head_json":{"title":"Premio Nacional de Arquitectura - COLEGIO DE ARQUITECTOS DE CHILE","robots":{"index":"index","follow":"follow","max-snippet":"max-snippet:-1","max-image-preview":"max-image-preview:large","max-video-preview":"max-video-preview:-1"},"canonical":"https:\/\/colegioarquitectos.com\/noticias\/?page_id=7409","og_locale":"es_ES","og_type":"article","og_title":"Premio Nacional de Arquitectura - COLEGIO DE ARQUITECTOS DE CHILE","og_description":"&nbsp; El Premio Nacional de Arquitectura es el m\u00e1xima distinci\u00f3n que puede recibir un arquitecto, arquitecta o equipo de estos, cuya trayectoria y desempe\u00f1o \u00e9tico y profesional haya marcado un ejemplo para todos los y las arquitectas, en cualquiera de &hellip; ver m\u00e1s","og_url":"https:\/\/colegioarquitectos.com\/noticias\/?page_id=7409","og_site_name":"COLEGIO DE ARQUITECTOS DE CHILE","article_publisher":"https:\/\/facebook.com\/Colegioarq\/","article_modified_time":"2024-06-10T21:03:05+00:00","og_image":[{"url":"https:\/\/colegioarquitectos.com\/noticias\/wp-content\/uploads\/2015\/05\/PORTADA-FPO.jpg","type":"","width":"","height":""}],"twitter_card":"summary_large_image","twitter_site":"@colegioarq","twitter_misc":{"Tiempo de lectura":"1 minuto"},"schema":{"@context":"https:\/\/schema.org","@graph":[{"@type":"WebPage","@id":"https:\/\/colegioarquitectos.com\/noticias\/?page_id=7409","url":"https:\/\/colegioarquitectos.com\/noticias\/?page_id=7409","name":"Premio Nacional de Arquitectura - COLEGIO DE ARQUITECTOS DE CHILE","isPartOf":{"@id":"https:\/\/colegioarquitectos.com\/noticias\/#website"},"primaryImageOfPage":{"@id":"https:\/\/colegioarquitectos.com\/noticias\/?page_id=7409#primaryimage"},"image":{"@id":"https:\/\/colegioarquitectos.com\/noticias\/?page_id=7409#primaryimage"},"thumbnailUrl":"https:\/\/colegioarquitectos.com\/noticias\/wp-content\/uploads\/2015\/05\/PORTADA-FPO.jpg","datePublished":"2015-05-18T19:44:01+00:00","dateModified":"2024-06-10T21:03:05+00:00","breadcrumb":{"@id":"https:\/\/colegioarquitectos.com\/noticias\/?page_id=7409#breadcrumb"},"inLanguage":"es","potentialAction":[{"@type":"ReadAction","target":["https:\/\/colegioarquitectos.com\/noticias\/?page_id=7409"]}]},{"@type":"ImageObject","inLanguage":"es","@id":"https:\/\/colegioarquitectos.com\/noticias\/?page_id=7409#primaryimage","url":"https:\/\/colegioarquitectos.com\/noticias\/wp-content\/uploads\/2015\/05\/PORTADA-FPO.jpg","contentUrl":"https:\/\/colegioarquitectos.com\/noticias\/wp-content\/uploads\/2015\/05\/PORTADA-FPO.jpg","width":1280,"height":720},{"@type":"BreadcrumbList","@id":"https:\/\/colegioarquitectos.com\/noticias\/?page_id=7409#breadcrumb","itemListElement":[{"@type":"ListItem","position":1,"name":"Portada","item":"https:\/\/colegioarquitectos.com\/noticias"},{"@type":"ListItem","position":2,"name":"Premio Nacional de Arquitectura"}]},{"@type":"WebSite","@id":"https:\/\/colegioarquitectos.com\/noticias\/#website","url":"https:\/\/colegioarquitectos.com\/noticias\/","name":"COLEGIO DE ARQUITECTOS DE CHILE","description":"","publisher":{"@id":"https:\/\/colegioarquitectos.com\/noticias\/#organization"},"potentialAction":[{"@type":"SearchAction","target":{"@type":"EntryPoint","urlTemplate":"https:\/\/colegioarquitectos.com\/noticias\/?s={search_term_string}"},"query-input":{"@type":"PropertyValueSpecification","valueRequired":true,"valueName":"search_term_string"}}],"inLanguage":"es"},{"@type":"Organization","@id":"https:\/\/colegioarquitectos.com\/noticias\/#organization","name":"COLEGIO DE ARQUITECTOS DE CHILE","url":"https:\/\/colegioarquitectos.com\/noticias\/","logo":{"@type":"ImageObject","inLanguage":"es","@id":"https:\/\/colegioarquitectos.com\/noticias\/#\/schema\/logo\/image\/","url":"https:\/\/colegioarquitectos.com\/noticias\/wp-content\/uploads\/2021\/05\/ENCABEZADO-LOGO-CA.jpg","contentUrl":"https:\/\/colegioarquitectos.com\/noticias\/wp-content\/uploads\/2021\/05\/ENCABEZADO-LOGO-CA.jpg","width":690,"height":350,"caption":"COLEGIO DE ARQUITECTOS DE CHILE"},"image":{"@id":"https:\/\/colegioarquitectos.com\/noticias\/#\/schema\/logo\/image\/"},"sameAs":["https:\/\/facebook.com\/Colegioarq\/","https:\/\/x.com\/colegioarq","https:\/\/instagram.com\/colegioarq","https:\/\/youtube.com\/@ColegiodeArquitectosdeChile"]}]}},"_links":{"self":[{"href":"https:\/\/colegioarquitectos.com\/noticias\/index.php?rest_route=\/wp\/v2\/pages\/7409","targetHints":{"allow":["GET"]}}],"collection":[{"href":"https:\/\/colegioarquitectos.com\/noticias\/index.php?rest_route=\/wp\/v2\/pages"}],"about":[{"href":"https:\/\/colegioarquitectos.com\/noticias\/index.php?rest_route=\/wp\/v2\/types\/page"}],"author":[{"embeddable":true,"href":"https:\/\/colegioarquitectos.com\/noticias\/index.php?rest_route=\/wp\/v2\/users\/4"}],"replies":[{"embeddable":true,"href":"https:\/\/colegioarquitectos.com\/noticias\/index.php?rest_route=%2Fwp%2Fv2%2Fcomments&post=7409"}],"version-history":[{"count":0,"href":"https:\/\/colegioarquitectos.com\/noticias\/index.php?rest_route=\/wp\/v2\/pages\/7409\/revisions"}],"wp:attachment":[{"href":"https:\/\/colegioarquitectos.com\/noticias\/index.php?rest_route=%2Fwp%2Fv2%2Fmedia&parent=7409"}],"curies":[{"name":"wp","href":"https:\/\/api.w.org\/{rel}","templated":true}]}}