
{"id":7630,"date":"2015-05-26T18:15:10","date_gmt":"2015-05-26T18:15:10","guid":{"rendered":"http:\/\/colegioarquitectos.com\/?page_id=7630"},"modified":"2025-04-01T14:39:52","modified_gmt":"2025-04-01T18:39:52","slug":"informacion-general","status":"publish","type":"page","link":"https:\/\/colegioarquitectos.com\/noticias\/?page_id=7630","title":{"rendered":"Cont\u00e1ctanos"},"content":{"rendered":"<h4>Atenci\u00f3n presencial para arquitectos y arquitectas colegiadas y p\u00fablico en general<\/h4>\n<hr \/>\n<p class=\"titgris\" style=\"color: #000000; text-align: left;\"><strong>Lunes a jueves <\/strong>\u2015 9:30\u00a0 a 14:00 &#8211; 15:00 a 18:00 horas.<\/p>\n<p class=\"titgris\" style=\"color: #000000; text-align: left;\"><strong>Viernes<\/strong> \u2015 9:30\u00a0 a 14:00 &#8211; 15:00 a 17:00 horas.<\/p>\n<p>&nbsp;<\/p>\n<h4 class=\"titgris\" style=\"color: #000000; text-align: left;\"><strong><span class=\"texto-gris\">Tel\u00e9fonos de contacto<\/span><\/strong><\/h4>\n<hr \/>\n<p class=\"titgris\" style=\"color: #000000; text-align: left;\"><strong><span class=\"texto-negro\">Secretar\u00eda y contacto \u2015<\/span><\/strong><span class=\"texto-negro\">\u00a0+56972189052<\/span><\/p>\n<p><strong>Servicio de Asistencia T\u00e9cnica \u2015 +<\/strong>56973338825<\/p>\n<h4><\/h4>\n<p>&nbsp;<\/p>\n<h4 class=\"titgris\" style=\"color: #000000; text-align: left;\"><span class=\"texto-gris\">Correo electr\u00f3nico<\/span><\/h4>\n<hr \/>\n<p class=\"titgris\" style=\"color: #000000; text-align: left;\"><b>Informaci\u00f3n General <\/b>\u2015 <b><img loading=\"lazy\" decoding=\"async\" class=\"alignnone wp-image-33190\" src=\"https:\/\/colegioarquitectos.com\/noticias\/wp-content\/uploads\/2025\/01\/646094-180x180.png\" sizes=\"auto, (max-width: 17px) 100vw, 17px\" srcset=\"https:\/\/colegioarquitectos.com\/noticias\/wp-content\/uploads\/2025\/01\/646094-180x180.png 180w, https:\/\/colegioarquitectos.com\/noticias\/wp-content\/uploads\/2025\/01\/646094-300x300.png 300w, https:\/\/colegioarquitectos.com\/noticias\/wp-content\/uploads\/2025\/01\/646094.png 512w\" alt=\"\" width=\"17\" height=\"17\" \/><\/b> <b><a href=\"mailto:contacto@colegioarquitectos.com\">contacto@colegioarquitectos.com<\/a>\u00a0 <\/b><\/p>\n<p><strong>Certificados e informaci\u00f3n de Directorio Nacional y \u00d3rganos Asesores<\/strong> \u2015 <b><img loading=\"lazy\" decoding=\"async\" class=\"alignnone wp-image-33190\" src=\"https:\/\/colegioarquitectos.com\/noticias\/wp-content\/uploads\/2025\/01\/646094-180x180.png\" sizes=\"auto, (max-width: 17px) 100vw, 17px\" srcset=\"https:\/\/colegioarquitectos.com\/noticias\/wp-content\/uploads\/2025\/01\/646094-180x180.png 180w, https:\/\/colegioarquitectos.com\/noticias\/wp-content\/uploads\/2025\/01\/646094-300x300.png 300w, https:\/\/colegioarquitectos.com\/noticias\/wp-content\/uploads\/2025\/01\/646094.png 512w\" alt=\"\" width=\"17\" height=\"17\" \/><\/b> <a href=\"mailto:secretaria@colegioarquitectos.com\">secretaria@colegioarquitectos.com<\/a><\/p>\n<p><strong>Informaci\u00f3n de colegiados y cuotas sociales \u2015 <b><img loading=\"lazy\" decoding=\"async\" class=\"alignnone wp-image-33190\" src=\"https:\/\/colegioarquitectos.com\/noticias\/wp-content\/uploads\/2025\/01\/646094-180x180.png\" sizes=\"auto, (max-width: 17px) 100vw, 17px\" srcset=\"https:\/\/colegioarquitectos.com\/noticias\/wp-content\/uploads\/2025\/01\/646094-180x180.png 180w, https:\/\/colegioarquitectos.com\/noticias\/wp-content\/uploads\/2025\/01\/646094-300x300.png 300w, https:\/\/colegioarquitectos.com\/noticias\/wp-content\/uploads\/2025\/01\/646094.png 512w\" alt=\"\" width=\"17\" height=\"17\" \/><\/b><\/strong>\u00a0<a href=\"mailto:colegiados@colegioarquitectos.com\">colegiados@colegioarquitectos.com\u00a0\u00a0<\/a><\/p>\n<p><strong>Informaci\u00f3n del Servicio de Asistencia T\u00e9cnica (SAT) \u2015 <b><img loading=\"lazy\" decoding=\"async\" class=\"alignnone wp-image-33190\" src=\"https:\/\/colegioarquitectos.com\/noticias\/wp-content\/uploads\/2025\/01\/646094-180x180.png\" sizes=\"auto, (max-width: 17px) 100vw, 17px\" srcset=\"https:\/\/colegioarquitectos.com\/noticias\/wp-content\/uploads\/2025\/01\/646094-180x180.png 180w, https:\/\/colegioarquitectos.com\/noticias\/wp-content\/uploads\/2025\/01\/646094-300x300.png 300w, https:\/\/colegioarquitectos.com\/noticias\/wp-content\/uploads\/2025\/01\/646094.png 512w\" alt=\"\" width=\"17\" height=\"17\" \/><\/b><\/strong>\u00a0<a href=\"mailto:sat@colegioarquitectos.com\">sat@colegioarquitectos.com\u00a0<\/a><\/p>\n<p><strong>Informaci\u00f3n sobre patrocinios y empresas \u2015 <b><img loading=\"lazy\" decoding=\"async\" class=\"alignnone wp-image-33190\" src=\"https:\/\/colegioarquitectos.com\/noticias\/wp-content\/uploads\/2025\/01\/646094-180x180.png\" sizes=\"auto, (max-width: 17px) 100vw, 17px\" srcset=\"https:\/\/colegioarquitectos.com\/noticias\/wp-content\/uploads\/2025\/01\/646094-180x180.png 180w, https:\/\/colegioarquitectos.com\/noticias\/wp-content\/uploads\/2025\/01\/646094-300x300.png 300w, https:\/\/colegioarquitectos.com\/noticias\/wp-content\/uploads\/2025\/01\/646094.png 512w\" alt=\"\" width=\"17\" height=\"17\" \/><\/b><\/strong>\u00a0<a href=\"mailto:Coordinador@colegioarquitectos.com\">Coordinador@colegioarquitectos.com<\/a><\/p>\n<h4><\/h4>\n<p>&nbsp;<\/p>\n<h4>Ubicaci\u00f3n<\/h4>\n<hr \/>\n<p style=\"text-align: left;\"><a href=\"https:\/\/maps.app.goo.gl\/2CATnvQW8YTarozT6\" target=\"_blank\" rel=\"noopener\"><span class=\"texto-negro\">Avenida Libertador Bernardo O&#8217;Higgins 115, Santiago de Chile.\u00a0<\/span><\/a><\/p>\n<p><iframe loading=\"lazy\" style=\"border: 0;\" src=\"https:\/\/www.google.com\/maps\/embed?pb=!1m18!1m12!1m3!1d3164.7157719378074!2d-70.63957942451098!3d-33.43746607339474!2m3!1f0!2f0!3f0!3m2!1i1024!2i768!4f13.1!3m3!1m2!1s0x9662c59b6811c61f%3A0xdfe53c2cd4c7a5f8!2sColegio%20de%20Arquitectos%20de%20Chile%20A.G.!5e1!3m2!1ses!2scl!4v1736530102907!5m2!1ses!2scl\" width=\"600\" height=\"450\" allowfullscreen=\"allowfullscreen\"><\/iframe><\/p>\n<p>&nbsp;<\/p>\n<h4 class=\"titgris\" style=\"color: #000000; text-align: left;\"><strong>S\u00edguenos en nuestras redes sociales<\/strong><\/h4>\n<hr \/>\n<p><strong>\u00a0<a href=\"http:\/\/www.facebook.com\/colegioarq\" target=\"_blank\" rel=\"noopener\"><img loading=\"lazy\" decoding=\"async\" class=\"alignnone size-full wp-image-33125\" src=\"https:\/\/colegioarquitectos.com\/noticias\/wp-content\/uploads\/2025\/01\/facebook.png\" alt=\"\" width=\"40\" height=\"40\" \/><\/a> <a href=\"http:\/\/www.facebook.com\/colegioarq\">www.facebook.com\/colegioarq<\/a><\/strong><\/p>\n<p><strong><a href=\"http:\/\/www.instagram.com\/colegioarq\" target=\"_blank\" rel=\"noopener\"><img loading=\"lazy\" decoding=\"async\" class=\"alignnone size-full wp-image-33126\" src=\"https:\/\/colegioarquitectos.com\/noticias\/wp-content\/uploads\/2025\/01\/insta.png\" alt=\"\" width=\"40\" height=\"38\" \/><\/a>\u00a0 \u00a0<a href=\"http:\/\/www.instagram.com\/colegioarq\">www.instagram.com\/colegioarq<\/a><\/strong><\/p>\n<p><strong><a href=\"http:\/\/www.youtube.com\/@ColegiodeArquitectosdeChile\" target=\"_blank\" rel=\"noopener\"><img loading=\"lazy\" decoding=\"async\" class=\"alignnone size-full wp-image-33127\" src=\"https:\/\/colegioarquitectos.com\/noticias\/wp-content\/uploads\/2025\/01\/yutub.png\" alt=\"\" width=\"40\" height=\"40\" \/><\/a> <a href=\"http:\/\/www.youtube.com\/@ColegiodeArquitectosdeChile\">www.youtube.com\/@ColegiodeArquitectosdeChile<\/a><\/strong><\/p>\n<p><strong><img loading=\"lazy\" decoding=\"async\" class=\"alignnone size-full wp-image-33124\" src=\"https:\/\/colegioarquitectos.com\/noticias\/wp-content\/uploads\/2025\/01\/equis.png\" alt=\"\" width=\"40\" height=\"39\" \/> <a href=\"http:\/\/www.x.com\/colegioarq\">www.x.com\/colegioarq<\/a><\/strong><\/p>\n<p>&nbsp;<\/p>\n<p>&nbsp;<\/p>\n<p><\/p>","protected":false},"excerpt":{"rendered":"<p>Atenci\u00f3n presencial para arquitectos y arquitectas colegiadas y p\u00fablico en general Lunes a jueves \u2015 9:30\u00a0 a 14:00 &#8211; 15:00 a 18:00 horas. Viernes \u2015 9:30\u00a0 a 14:00 &#8211; 15:00 a 17:00 horas. &nbsp; Tel\u00e9fonos de contacto Secretar\u00eda y contacto &hellip; <a class=\"more-link\" href=\"https:\/\/colegioarquitectos.com\/noticias\/?page_id=7630\">ver m\u00e1s<\/a><\/p>","protected":false},"author":1,"featured_media":0,"parent":0,"menu_order":0,"comment_status":"closed","ping_status":"closed","template":"pages\/fullwidth.php","meta":{"footnotes":""},"class_list":["post-7630","page","type-page","status-publish","hentry"],"yoast_head":"<!-- This site is optimized with the Yoast SEO plugin v24.2 - https:\/\/yoast.com\/wordpress\/plugins\/seo\/ -->\n<title>Cont\u00e1ctanos - COLEGIO DE ARQUITECTOS DE CHILE<\/title>\n<meta name=\"robots\" content=\"index, follow, max-snippet:-1, max-image-preview:large, max-video-preview:-1\" \/>\n<link rel=\"canonical\" href=\"https:\/\/colegioarquitectos.com\/noticias\/?page_id=7630\" \/>\n<meta property=\"og:locale\" content=\"es_ES\" \/>\n<meta property=\"og:type\" content=\"article\" \/>\n<meta property=\"og:title\" content=\"Cont\u00e1ctanos - COLEGIO DE ARQUITECTOS DE CHILE\" \/>\n<meta property=\"og:description\" content=\"Atenci\u00f3n presencial para arquitectos y arquitectas colegiadas y p\u00fablico en general Lunes a jueves \u2015 9:30\u00a0 a 14:00 &#8211; 15:00 a 18:00 horas. Viernes \u2015 9:30\u00a0 a 14:00 &#8211; 15:00 a 17:00 horas. &nbsp; Tel\u00e9fonos de contacto Secretar\u00eda y contacto &hellip; ver m\u00e1s\" \/>\n<meta property=\"og:url\" content=\"https:\/\/colegioarquitectos.com\/noticias\/?page_id=7630\" \/>\n<meta property=\"og:site_name\" content=\"COLEGIO DE ARQUITECTOS DE CHILE\" \/>\n<meta property=\"article:publisher\" content=\"https:\/\/facebook.com\/Colegioarq\/\" \/>\n<meta property=\"article:modified_time\" content=\"2025-04-01T18:39:52+00:00\" \/>\n<meta property=\"og:image\" content=\"https:\/\/colegioarquitectos.com\/noticias\/wp-content\/uploads\/2025\/01\/646094.png\" \/>\n\t<meta property=\"og:image:width\" content=\"512\" \/>\n\t<meta property=\"og:image:height\" content=\"512\" \/>\n\t<meta property=\"og:image:type\" content=\"image\/png\" \/>\n<meta name=\"twitter:card\" content=\"summary_large_image\" \/>\n<meta name=\"twitter:site\" content=\"@colegioarq\" \/>\n<meta name=\"twitter:label1\" content=\"Tiempo de lectura\" \/>\n\t<meta name=\"twitter:data1\" content=\"3 minutos\" \/>\n<script type=\"application\/ld+json\" class=\"yoast-schema-graph\">{\"@context\":\"https:\/\/schema.org\",\"@graph\":[{\"@type\":\"WebPage\",\"@id\":\"https:\/\/colegioarquitectos.com\/noticias\/?page_id=7630\",\"url\":\"https:\/\/colegioarquitectos.com\/noticias\/?page_id=7630\",\"name\":\"Cont\u00e1ctanos - COLEGIO DE ARQUITECTOS DE CHILE\",\"isPartOf\":{\"@id\":\"https:\/\/colegioarquitectos.com\/noticias\/#website\"},\"primaryImageOfPage\":{\"@id\":\"https:\/\/colegioarquitectos.com\/noticias\/?page_id=7630#primaryimage\"},\"image\":{\"@id\":\"https:\/\/colegioarquitectos.com\/noticias\/?page_id=7630#primaryimage\"},\"thumbnailUrl\":\"https:\/\/colegioarquitectos.com\/noticias\/wp-content\/uploads\/2025\/01\/646094-180x180.png\",\"datePublished\":\"2015-05-26T18:15:10+00:00\",\"dateModified\":\"2025-04-01T18:39:52+00:00\",\"breadcrumb\":{\"@id\":\"https:\/\/colegioarquitectos.com\/noticias\/?page_id=7630#breadcrumb\"},\"inLanguage\":\"es\",\"potentialAction\":[{\"@type\":\"ReadAction\",\"target\":[\"https:\/\/colegioarquitectos.com\/noticias\/?page_id=7630\"]}]},{\"@type\":\"ImageObject\",\"inLanguage\":\"es\",\"@id\":\"https:\/\/colegioarquitectos.com\/noticias\/?page_id=7630#primaryimage\",\"url\":\"https:\/\/colegioarquitectos.com\/noticias\/wp-content\/uploads\/2025\/01\/646094.png\",\"contentUrl\":\"https:\/\/colegioarquitectos.com\/noticias\/wp-content\/uploads\/2025\/01\/646094.png\",\"width\":512,\"height\":512},{\"@type\":\"BreadcrumbList\",\"@id\":\"https:\/\/colegioarquitectos.com\/noticias\/?page_id=7630#breadcrumb\",\"itemListElement\":[{\"@type\":\"ListItem\",\"position\":1,\"name\":\"Portada\",\"item\":\"https:\/\/colegioarquitectos.com\/noticias\"},{\"@type\":\"ListItem\",\"position\":2,\"name\":\"Cont\u00e1ctanos\"}]},{\"@type\":\"WebSite\",\"@id\":\"https:\/\/colegioarquitectos.com\/noticias\/#website\",\"url\":\"https:\/\/colegioarquitectos.com\/noticias\/\",\"name\":\"COLEGIO DE ARQUITECTOS DE CHILE\",\"description\":\"\",\"publisher\":{\"@id\":\"https:\/\/colegioarquitectos.com\/noticias\/#organization\"},\"potentialAction\":[{\"@type\":\"SearchAction\",\"target\":{\"@type\":\"EntryPoint\",\"urlTemplate\":\"https:\/\/colegioarquitectos.com\/noticias\/?s={search_term_string}\"},\"query-input\":{\"@type\":\"PropertyValueSpecification\",\"valueRequired\":true,\"valueName\":\"search_term_string\"}}],\"inLanguage\":\"es\"},{\"@type\":\"Organization\",\"@id\":\"https:\/\/colegioarquitectos.com\/noticias\/#organization\",\"name\":\"COLEGIO DE ARQUITECTOS DE CHILE\",\"url\":\"https:\/\/colegioarquitectos.com\/noticias\/\",\"logo\":{\"@type\":\"ImageObject\",\"inLanguage\":\"es\",\"@id\":\"https:\/\/colegioarquitectos.com\/noticias\/#\/schema\/logo\/image\/\",\"url\":\"https:\/\/colegioarquitectos.com\/noticias\/wp-content\/uploads\/2021\/05\/ENCABEZADO-LOGO-CA.jpg\",\"contentUrl\":\"https:\/\/colegioarquitectos.com\/noticias\/wp-content\/uploads\/2021\/05\/ENCABEZADO-LOGO-CA.jpg\",\"width\":690,\"height\":350,\"caption\":\"COLEGIO DE ARQUITECTOS DE CHILE\"},\"image\":{\"@id\":\"https:\/\/colegioarquitectos.com\/noticias\/#\/schema\/logo\/image\/\"},\"sameAs\":[\"https:\/\/facebook.com\/Colegioarq\/\",\"https:\/\/x.com\/colegioarq\",\"https:\/\/instagram.com\/colegioarq\",\"https:\/\/youtube.com\/@ColegiodeArquitectosdeChile\"]}]}<\/script>\n<!-- \/ Yoast SEO plugin. -->","yoast_head_json":{"title":"Cont\u00e1ctanos - COLEGIO DE ARQUITECTOS DE CHILE","robots":{"index":"index","follow":"follow","max-snippet":"max-snippet:-1","max-image-preview":"max-image-preview:large","max-video-preview":"max-video-preview:-1"},"canonical":"https:\/\/colegioarquitectos.com\/noticias\/?page_id=7630","og_locale":"es_ES","og_type":"article","og_title":"Cont\u00e1ctanos - COLEGIO DE ARQUITECTOS DE CHILE","og_description":"Atenci\u00f3n presencial para arquitectos y arquitectas colegiadas y p\u00fablico en general Lunes a jueves \u2015 9:30\u00a0 a 14:00 &#8211; 15:00 a 18:00 horas. Viernes \u2015 9:30\u00a0 a 14:00 &#8211; 15:00 a 17:00 horas. &nbsp; Tel\u00e9fonos de contacto Secretar\u00eda y contacto &hellip; ver m\u00e1s","og_url":"https:\/\/colegioarquitectos.com\/noticias\/?page_id=7630","og_site_name":"COLEGIO DE ARQUITECTOS DE CHILE","article_publisher":"https:\/\/facebook.com\/Colegioarq\/","article_modified_time":"2025-04-01T18:39:52+00:00","og_image":[{"width":512,"height":512,"url":"https:\/\/colegioarquitectos.com\/noticias\/wp-content\/uploads\/2025\/01\/646094.png","type":"image\/png"}],"twitter_card":"summary_large_image","twitter_site":"@colegioarq","twitter_misc":{"Tiempo de lectura":"3 minutos"},"schema":{"@context":"https:\/\/schema.org","@graph":[{"@type":"WebPage","@id":"https:\/\/colegioarquitectos.com\/noticias\/?page_id=7630","url":"https:\/\/colegioarquitectos.com\/noticias\/?page_id=7630","name":"Cont\u00e1ctanos - COLEGIO DE ARQUITECTOS DE CHILE","isPartOf":{"@id":"https:\/\/colegioarquitectos.com\/noticias\/#website"},"primaryImageOfPage":{"@id":"https:\/\/colegioarquitectos.com\/noticias\/?page_id=7630#primaryimage"},"image":{"@id":"https:\/\/colegioarquitectos.com\/noticias\/?page_id=7630#primaryimage"},"thumbnailUrl":"https:\/\/colegioarquitectos.com\/noticias\/wp-content\/uploads\/2025\/01\/646094-180x180.png","datePublished":"2015-05-26T18:15:10+00:00","dateModified":"2025-04-01T18:39:52+00:00","breadcrumb":{"@id":"https:\/\/colegioarquitectos.com\/noticias\/?page_id=7630#breadcrumb"},"inLanguage":"es","potentialAction":[{"@type":"ReadAction","target":["https:\/\/colegioarquitectos.com\/noticias\/?page_id=7630"]}]},{"@type":"ImageObject","inLanguage":"es","@id":"https:\/\/colegioarquitectos.com\/noticias\/?page_id=7630#primaryimage","url":"https:\/\/colegioarquitectos.com\/noticias\/wp-content\/uploads\/2025\/01\/646094.png","contentUrl":"https:\/\/colegioarquitectos.com\/noticias\/wp-content\/uploads\/2025\/01\/646094.png","width":512,"height":512},{"@type":"BreadcrumbList","@id":"https:\/\/colegioarquitectos.com\/noticias\/?page_id=7630#breadcrumb","itemListElement":[{"@type":"ListItem","position":1,"name":"Portada","item":"https:\/\/colegioarquitectos.com\/noticias"},{"@type":"ListItem","position":2,"name":"Cont\u00e1ctanos"}]},{"@type":"WebSite","@id":"https:\/\/colegioarquitectos.com\/noticias\/#website","url":"https:\/\/colegioarquitectos.com\/noticias\/","name":"COLEGIO DE ARQUITECTOS DE CHILE","description":"","publisher":{"@id":"https:\/\/colegioarquitectos.com\/noticias\/#organization"},"potentialAction":[{"@type":"SearchAction","target":{"@type":"EntryPoint","urlTemplate":"https:\/\/colegioarquitectos.com\/noticias\/?s={search_term_string}"},"query-input":{"@type":"PropertyValueSpecification","valueRequired":true,"valueName":"search_term_string"}}],"inLanguage":"es"},{"@type":"Organization","@id":"https:\/\/colegioarquitectos.com\/noticias\/#organization","name":"COLEGIO DE ARQUITECTOS DE CHILE","url":"https:\/\/colegioarquitectos.com\/noticias\/","logo":{"@type":"ImageObject","inLanguage":"es","@id":"https:\/\/colegioarquitectos.com\/noticias\/#\/schema\/logo\/image\/","url":"https:\/\/colegioarquitectos.com\/noticias\/wp-content\/uploads\/2021\/05\/ENCABEZADO-LOGO-CA.jpg","contentUrl":"https:\/\/colegioarquitectos.com\/noticias\/wp-content\/uploads\/2021\/05\/ENCABEZADO-LOGO-CA.jpg","width":690,"height":350,"caption":"COLEGIO DE ARQUITECTOS DE CHILE"},"image":{"@id":"https:\/\/colegioarquitectos.com\/noticias\/#\/schema\/logo\/image\/"},"sameAs":["https:\/\/facebook.com\/Colegioarq\/","https:\/\/x.com\/colegioarq","https:\/\/instagram.com\/colegioarq","https:\/\/youtube.com\/@ColegiodeArquitectosdeChile"]}]}},"_links":{"self":[{"href":"https:\/\/colegioarquitectos.com\/noticias\/index.php?rest_route=\/wp\/v2\/pages\/7630","targetHints":{"allow":["GET"]}}],"collection":[{"href":"https:\/\/colegioarquitectos.com\/noticias\/index.php?rest_route=\/wp\/v2\/pages"}],"about":[{"href":"https:\/\/colegioarquitectos.com\/noticias\/index.php?rest_route=\/wp\/v2\/types\/page"}],"author":[{"embeddable":true,"href":"https:\/\/colegioarquitectos.com\/noticias\/index.php?rest_route=\/wp\/v2\/users\/1"}],"replies":[{"embeddable":true,"href":"https:\/\/colegioarquitectos.com\/noticias\/index.php?rest_route=%2Fwp%2Fv2%2Fcomments&post=7630"}],"version-history":[{"count":12,"href":"https:\/\/colegioarquitectos.com\/noticias\/index.php?rest_route=\/wp\/v2\/pages\/7630\/revisions"}],"predecessor-version":[{"id":33418,"href":"https:\/\/colegioarquitectos.com\/noticias\/index.php?rest_route=\/wp\/v2\/pages\/7630\/revisions\/33418"}],"wp:attachment":[{"href":"https:\/\/colegioarquitectos.com\/noticias\/index.php?rest_route=%2Fwp%2Fv2%2Fmedia&parent=7630"}],"curies":[{"name":"wp","href":"https:\/\/api.w.org\/{rel}","templated":true}]}}