
{"id":8200,"date":"2015-07-15T14:01:46","date_gmt":"2015-07-15T14:01:46","guid":{"rendered":"http:\/\/colegioarquitectos.com\/?page_id=8200"},"modified":"2025-09-04T16:45:19","modified_gmt":"2025-09-04T20:45:19","slug":"delegaciones-zonales-regionales","status":"publish","type":"page","link":"https:\/\/colegioarquitectos.com\/noticias\/?page_id=8200","title":{"rendered":"Delegaciones Zonales"},"content":{"rendered":"<p><img loading=\"lazy\" decoding=\"async\" class=\"aligncenter size-full wp-image-34008\" src=\"https:\/\/colegioarquitectos.com\/noticias\/wp-content\/uploads\/2025\/07\/Proyecto-nuevo-1.png\" alt=\"\" width=\"1280\" height=\"720\" srcset=\"https:\/\/colegioarquitectos.com\/noticias\/wp-content\/uploads\/2025\/07\/Proyecto-nuevo-1.png 1280w, https:\/\/colegioarquitectos.com\/noticias\/wp-content\/uploads\/2025\/07\/Proyecto-nuevo-1-300x169.png 300w, https:\/\/colegioarquitectos.com\/noticias\/wp-content\/uploads\/2025\/07\/Proyecto-nuevo-1-1024x576.png 1024w, https:\/\/colegioarquitectos.com\/noticias\/wp-content\/uploads\/2025\/07\/Proyecto-nuevo-1-768x432.png 768w\" sizes=\"auto, (max-width: 1280px) 100vw, 1280px\" \/><\/p>\n<p>La estructura nacional del Colegio de Arquitectos est\u00e1 conformada, adem\u00e1s de las autoridades nacionales, por las <strong>Delegaciones Zonales<\/strong>. Cada Delegaci\u00f3n llevar\u00e1 el nombre de la Provincia o de la jurisdicci\u00f3n que le corresponda a su Directorio, <strong>propendiendo que exista al menos una por cada Regi\u00f3n del pa\u00eds<\/strong>.<\/p>\n<p>Actualmente el Colegio extiende su acci\u00f3n con Delegaciones Zonales activas en todo el pa\u00eds:\u00a0<strong> Tarapac\u00e1, Atacama, Coquimbo, Valpara\u00edso, Aconcagua, O\u2019Higgins, Maule, \u00d1uble, Los \u00c1ngeles, Concepci\u00f3n, Los R\u00edos, Llanquihue, Chilo\u00e9, Ays\u00e9n <\/strong>y<strong> Magallanes<\/strong>.<\/p>\n<p>&nbsp;<\/p>\n<p>&nbsp;<\/p>\n<h4><strong>TARAPAC\u00c1<\/strong><\/h4>\n<hr \/>\n<p><a href=\"mailto:tarapaca@colegioarquitectos.com\">tarapaca@colegioarquitectos.com<\/a><\/p>\n<p><em>Presidente:<\/em> Felipe Santib\u00e1\u00f1ez Navarrete<\/p>\n<p><em>Secretario:<\/em> Cristi\u00e1n Olivares Pizarro<\/p>\n<p><em>Tesorera:<\/em> Mar\u00eda Bel\u00e9n Stewart Vergara<\/p>\n<p>&nbsp;<\/p>\n<p>&nbsp;<\/p>\n<h4>ATACAMA<\/h4>\n<hr \/>\n<p><a href=\"mailto:atacama@colegioarquitectos.com\">atacama@colegioarquitectos.com<\/a><\/p>\n<p><em>Presidente<\/em>: Mario Ardiles Funes<\/p>\n<p><em>Vicepresidente<\/em>: Billy Araya Richards<\/p>\n<p><em>Tesorero<\/em>: V\u00edctor Alvarado Rojas<\/p>\n<p><i>Director<\/i>: Francisco Darrigrande Ronsecco<\/p>\n<p>&nbsp;<\/p>\n<p>&nbsp;<\/p>\n<h4>COQUIMBO<\/h4>\n<hr \/>\n<p><a href=\"mailto:coquimbo@colegioarquitectos.com\">coquimbo@colegioarquitectos.com<\/a><\/p>\n<p><em>Presidenta:<\/em>\u00a0Viviana Hern\u00e1ndez P\u00e9rez<\/p>\n<p><em>Secretario:<\/em>\u00a0Marcelo Quispe Cruz<\/p>\n<p><em>Tesorero:<\/em>\u00a0Yerko Pinto Salazar<\/p>\n<p><em>Director<\/em>: Alfredo Prieto Parra<\/p>\n<p>&nbsp;<\/p>\n<p>&nbsp;<\/p>\n<h4><strong>VALPARA\u00cdSO<\/strong><\/h4>\n<hr \/>\n<p><a href=\"mailto:valparaiso@colegioarquitectos.com\">valparaiso@colegioarquitectos.com\u00a0<\/a><\/p>\n<p><em>Presidente:<\/em> Rodrigo Puentes Kamel<\/p>\n<p><em>Vicepresidente:<\/em> Claudio Carrasco Aldunate<\/p>\n<p><em>Tesorera:<\/em> Mar\u00eda Elisa Donoso Araya<\/p>\n<p><em>Secretaria:<\/em> Paula Maturana Arias<\/p>\n<p>&nbsp;<\/p>\n<p><em>Presidente del Tribunal de \u00c9tica Regional:<\/em> Axel Madariaga Rojas<\/p>\n<p><em>Secretaria del Tribunal de \u00c9tica Regional:<\/em> Vivian Orrego Z\u00fa\u00f1iga<\/p>\n<p>&nbsp;<\/p>\n<h4>ACONCAGUA<\/h4>\n<hr \/>\n<p><a href=\"mailto:aconcagua@colegioarquitectos.com\">aconcagua@colegioarquitectos.com<\/a><\/p>\n<p><em>Presidente<\/em>: Sebasti\u00e1n Aravena Osorio<\/p>\n<p><em>Secretario<\/em>: Sebasti\u00e1n Camps D\u00edaz<\/p>\n<p><em>Tesorero<\/em>: Felipe Barrios Garc\u00eda<\/p>\n<p>&nbsp;<\/p>\n<p>&nbsp;<\/p>\n<h4><strong>O&#8217;HIGGINS<\/strong><\/h4>\n<hr \/>\n<p><a href=\"mailto:ohiggins@colegioarquitectos.com\">ohiggins@colegioarquitectos.com<\/a><\/p>\n<p><em>Presidente<\/em>: Diego Ortiz Araya<\/p>\n<p><em>Vicepresidente:<\/em> Maurice Dintrans Bauer<\/p>\n<p><em>Secretaria<\/em>: Claudia Lorca D\u00edaz<\/p>\n<p><em>Tesorera y Encargada SAT:<\/em> Mar\u00eda Fernanda \u00c1lvarez<\/p>\n<p><em>Encargado de Extensi\u00f3n:<\/em> Alfredo Vitaglich<\/p>\n<p><em>Encargado de Patrimonio:<\/em> Patricio Letelier<\/p>\n<p>&nbsp;<\/p>\n<p>&nbsp;<\/p>\n<h4><strong>MAULE<\/strong><\/h4>\n<hr \/>\n<p><a href=\"mailto:maule@colegioarquitectos.com\">maule@colegioarquitectos.com<\/a><\/p>\n<p><em>Presidente:<\/em>\u00a0Kenneth Gleiser Avenda\u00f1o<\/p>\n<p><em>Vicepresidente:<\/em>\u00a0Juan Carlos C\u00e1ceres Geuudinot<\/p>\n<p><em>Secretaria:<\/em>\u00a0Patricia Andrades M\u00e9ndez<\/p>\n<p><em>Tesorero:\u00a0<\/em>Eduardo C\u00e1rcamo Rebolledo<\/p>\n<p>&nbsp;<\/p>\n<p>&nbsp;<\/p>\n<h4><strong>\u00d1UBLE<\/strong><\/h4>\n<hr \/>\n<p><a href=\"mailto:nuble@colegioarquitectos.com\">nuble@colegioarquitectos.com<\/a><\/p>\n<p><em>Presidente: <\/em>Sebasti\u00e1n Fredes Avenda\u00f1o<\/p>\n<p><em>Vicepresidente:<\/em> Juan Carlos C\u00e1ceres Geuudinot<\/p>\n<p><em>Secretaria:<\/em> Patricia Andrades M\u00e9ndez<\/p>\n<p><em>Tesorero:<\/em> Eduardo C\u00e1rcamo Rebolledo<\/p>\n<p>&nbsp;<\/p>\n<p>&nbsp;<\/p>\n<h4><strong>LOS \u00c1NGELES<\/strong><\/h4>\n<hr \/>\n<p><a href=\"mailto:losangeles@colegioarquitectos.com\">losangeles@colegioarquitectos.com<\/a><\/p>\n<p><em>Presidenta<\/em>: Gabriela Le\u00f3n Ortega<\/p>\n<p><em>Vicepresidente<\/em>: \u00d3scar Estubillo Estubillo<\/p>\n<p><em>Secretario<\/em>: Mart\u00edn D\u00edaz Cerliani<\/p>\n<p><em>Directora<\/em>: Gisela Mu\u00f1oz V\u00e1squez<\/p>\n<p>&nbsp;<\/p>\n<p>&nbsp;<\/p>\n<h4><strong>CONCEPCI\u00d3N<\/strong><\/h4>\n<hr \/>\n<p><a href=\"mailto:concepcion@colegioarquitectos.com\">concepcion@colegioarquitectos.com<\/a><\/p>\n<p><em>Presidente:<\/em> Orleans Romero Melipill\u00e1n<\/p>\n<p><em>Secretario<\/em>: Leonel P\u00e9rez Bustamante<\/p>\n<p><em>Tesorera<\/em>: Romina Acevedo Oliva<\/p>\n<h4><\/h4>\n<p>&nbsp;<\/p>\n<h4><strong>LOS R\u00cdOS<\/strong><\/h4>\n<hr \/>\n<p><a href=\"mailto:losrios@colegioarquitectos.com\">losrios@colegioarquitectos.com<\/a><\/p>\n<p><em>Presidente:<\/em>\u00a0Carlos Osorio Olavarr\u00eda<\/p>\n<p><em>Vicepresidenta: <\/em>Emilia Villagra Huijse<\/p>\n<p><em>Secretaria:<\/em> Miryam Padilla Lara<\/p>\n<p><em>Tesorero:<\/em> Rodrigo Fritis Guzm\u00e1n<\/p>\n<p>Director: Juan Carlos Catril Millanao<\/p>\n<p>&nbsp;<\/p>\n<p>&nbsp;<\/p>\n<h4><strong>LLANQUIHUE\u00a0\u00a0<\/strong><\/h4>\n<hr \/>\n<p><strong>\u00a0<\/strong><a href=\"mailto:llanquihue@colegioarquitectos.com\">llanquihue@colegioarquitectos.com<\/a><\/p>\n<p><em>Presidenta (s):<\/em><em>\u00a0<\/em>Mar\u00eda Paz Neira Garrido<\/p>\n<p><em>Secretario:<\/em>\u00a0Marcelo Rojas Vidal<\/p>\n<p><em>Tesorero: <\/em>Sebasti\u00e1n Bruna C\u00e1ceres<\/p>\n<p><i>Colaboradores: <\/i>Jos\u00e9 Tom\u00e1s Infante, Bernardita Angermayer y Javier Vargas.<\/p>\n<p>&nbsp;<\/p>\n<p>&nbsp;<\/p>\n<h4><strong>CHILO\u00c9<\/strong><\/h4>\n<hr \/>\n<p><a href=\"mailto:chiloe@colegioarquitectos.com\">chiloe@colegioarquitectos.com<\/a><\/p>\n<p><em>Presidenta<\/em>:\u00a0Paula Bast\u00edas Planzer<\/p>\n<p><em>Vicepresidente:<\/em> Alonso Maineri Rquelme<\/p>\n<p><em>Secretario<\/em>: Christi\u00e1n Garc\u00eda Riffo<\/p>\n<p><em>Tesorera<\/em>: Gelen Cabrera Nore\u00f1a<\/p>\n<p>&nbsp;<\/p>\n<p>&nbsp;<\/p>\n<h4><strong>AYS\u00c9N<\/strong><\/h4>\n<hr \/>\n<p><a href=\"mailto:aysen@colegioarquitectos.com\">aysen@colegioarquitectos.com<\/a><\/p>\n<p><em>Presidenta: <\/em>G\u00edsela Gonz\u00e1lez Garc\u00e9s<\/p>\n<p><em>Vicepresidente<\/em>:\u00a0Fernando S\u00e1nchez Mej\u00edas<\/p>\n<p><em>Secretario:\u00a0<\/em>Diego Olgu\u00edn Barraza<\/p>\n<p><em>Tesorera<\/em>: Javiera Riffo Navarro<\/p>\n<p><em>Past President<\/em>: Ricardo Sol\u00e9 \u00d3rdenes<\/p>\n<p>&nbsp;<\/p>\n<p>&nbsp;<\/p>\n<h4><strong>MAGALLANES<\/strong><\/h4>\n<hr \/>\n<p><a href=\"mailto:magallanes@colegioarquitectos.com\">magallanes@colegioarquitectos.com<\/a><\/p>\n<p><em>Presidente<\/em>: C\u00e9sar Alvial Chand\u00eda<\/p>\n<p><em>Vicepresidenta:<\/em> Jeannette Moris Torres<\/p>\n<p><em>Secretaria<\/em>: Macarena Salas Oyarz\u00fan<\/p>\n<p><em>Tesorero<\/em>: Manuel Plaza S\u00e1nchez<\/p>\n<p><em>Director:<\/em> Humberto Salinas Acevedo<\/p>\n<p>&nbsp;<\/p>\n<p><\/p>","protected":false},"excerpt":{"rendered":"<p>La estructura nacional del Colegio de Arquitectos est\u00e1 conformada, adem\u00e1s de las autoridades nacionales, por las Delegaciones Zonales. Cada Delegaci\u00f3n llevar\u00e1 el nombre de la Provincia o de la jurisdicci\u00f3n que le corresponda a su Directorio, propendiendo que exista al &hellip; <a class=\"more-link\" href=\"https:\/\/colegioarquitectos.com\/noticias\/?page_id=8200\">ver m\u00e1s<\/a><\/p>","protected":false},"author":4,"featured_media":0,"parent":0,"menu_order":0,"comment_status":"closed","ping_status":"open","template":"pages\/fullwidth.php","meta":{"footnotes":""},"class_list":["post-8200","page","type-page","status-publish","hentry"],"yoast_head":"<!-- This site is optimized with the Yoast SEO plugin v24.2 - https:\/\/yoast.com\/wordpress\/plugins\/seo\/ -->\n<title>Delegaciones Zonales - COLEGIO DE ARQUITECTOS DE CHILE<\/title>\n<meta name=\"robots\" content=\"index, follow, max-snippet:-1, max-image-preview:large, max-video-preview:-1\" \/>\n<link rel=\"canonical\" href=\"https:\/\/colegioarquitectos.com\/noticias\/?page_id=8200\" \/>\n<meta property=\"og:locale\" content=\"es_ES\" \/>\n<meta property=\"og:type\" content=\"article\" \/>\n<meta property=\"og:title\" content=\"Delegaciones Zonales - COLEGIO DE ARQUITECTOS DE CHILE\" \/>\n<meta property=\"og:description\" content=\"La estructura nacional del Colegio de Arquitectos est\u00e1 conformada, adem\u00e1s de las autoridades nacionales, por las Delegaciones Zonales. Cada Delegaci\u00f3n llevar\u00e1 el nombre de la Provincia o de la jurisdicci\u00f3n que le corresponda a su Directorio, propendiendo que exista al &hellip; ver m\u00e1s\" \/>\n<meta property=\"og:url\" content=\"https:\/\/colegioarquitectos.com\/noticias\/?page_id=8200\" \/>\n<meta property=\"og:site_name\" content=\"COLEGIO DE ARQUITECTOS DE CHILE\" \/>\n<meta property=\"article:publisher\" content=\"https:\/\/facebook.com\/Colegioarq\/\" \/>\n<meta property=\"article:modified_time\" content=\"2025-09-04T20:45:19+00:00\" \/>\n<meta property=\"og:image\" content=\"https:\/\/colegioarquitectos.com\/noticias\/wp-content\/uploads\/2025\/07\/Proyecto-nuevo-1.png\" \/>\n\t<meta property=\"og:image:width\" content=\"1280\" \/>\n\t<meta property=\"og:image:height\" content=\"720\" \/>\n\t<meta property=\"og:image:type\" content=\"image\/png\" \/>\n<meta name=\"twitter:card\" content=\"summary_large_image\" \/>\n<meta name=\"twitter:site\" content=\"@colegioarq\" \/>\n<meta name=\"twitter:label1\" content=\"Tiempo de lectura\" \/>\n\t<meta name=\"twitter:data1\" content=\"3 minutos\" \/>\n<script type=\"application\/ld+json\" class=\"yoast-schema-graph\">{\"@context\":\"https:\/\/schema.org\",\"@graph\":[{\"@type\":\"WebPage\",\"@id\":\"https:\/\/colegioarquitectos.com\/noticias\/?page_id=8200\",\"url\":\"https:\/\/colegioarquitectos.com\/noticias\/?page_id=8200\",\"name\":\"Delegaciones Zonales - COLEGIO DE ARQUITECTOS DE CHILE\",\"isPartOf\":{\"@id\":\"https:\/\/colegioarquitectos.com\/noticias\/#website\"},\"primaryImageOfPage\":{\"@id\":\"https:\/\/colegioarquitectos.com\/noticias\/?page_id=8200#primaryimage\"},\"image\":{\"@id\":\"https:\/\/colegioarquitectos.com\/noticias\/?page_id=8200#primaryimage\"},\"thumbnailUrl\":\"https:\/\/colegioarquitectos.com\/noticias\/wp-content\/uploads\/2025\/07\/Proyecto-nuevo-1.png\",\"datePublished\":\"2015-07-15T14:01:46+00:00\",\"dateModified\":\"2025-09-04T20:45:19+00:00\",\"breadcrumb\":{\"@id\":\"https:\/\/colegioarquitectos.com\/noticias\/?page_id=8200#breadcrumb\"},\"inLanguage\":\"es\",\"potentialAction\":[{\"@type\":\"ReadAction\",\"target\":[\"https:\/\/colegioarquitectos.com\/noticias\/?page_id=8200\"]}]},{\"@type\":\"ImageObject\",\"inLanguage\":\"es\",\"@id\":\"https:\/\/colegioarquitectos.com\/noticias\/?page_id=8200#primaryimage\",\"url\":\"https:\/\/colegioarquitectos.com\/noticias\/wp-content\/uploads\/2025\/07\/Proyecto-nuevo-1.png\",\"contentUrl\":\"https:\/\/colegioarquitectos.com\/noticias\/wp-content\/uploads\/2025\/07\/Proyecto-nuevo-1.png\",\"width\":1280,\"height\":720},{\"@type\":\"BreadcrumbList\",\"@id\":\"https:\/\/colegioarquitectos.com\/noticias\/?page_id=8200#breadcrumb\",\"itemListElement\":[{\"@type\":\"ListItem\",\"position\":1,\"name\":\"Portada\",\"item\":\"https:\/\/colegioarquitectos.com\/noticias\"},{\"@type\":\"ListItem\",\"position\":2,\"name\":\"Delegaciones Zonales\"}]},{\"@type\":\"WebSite\",\"@id\":\"https:\/\/colegioarquitectos.com\/noticias\/#website\",\"url\":\"https:\/\/colegioarquitectos.com\/noticias\/\",\"name\":\"COLEGIO DE ARQUITECTOS DE CHILE\",\"description\":\"\",\"publisher\":{\"@id\":\"https:\/\/colegioarquitectos.com\/noticias\/#organization\"},\"potentialAction\":[{\"@type\":\"SearchAction\",\"target\":{\"@type\":\"EntryPoint\",\"urlTemplate\":\"https:\/\/colegioarquitectos.com\/noticias\/?s={search_term_string}\"},\"query-input\":{\"@type\":\"PropertyValueSpecification\",\"valueRequired\":true,\"valueName\":\"search_term_string\"}}],\"inLanguage\":\"es\"},{\"@type\":\"Organization\",\"@id\":\"https:\/\/colegioarquitectos.com\/noticias\/#organization\",\"name\":\"COLEGIO DE ARQUITECTOS DE CHILE\",\"url\":\"https:\/\/colegioarquitectos.com\/noticias\/\",\"logo\":{\"@type\":\"ImageObject\",\"inLanguage\":\"es\",\"@id\":\"https:\/\/colegioarquitectos.com\/noticias\/#\/schema\/logo\/image\/\",\"url\":\"https:\/\/colegioarquitectos.com\/noticias\/wp-content\/uploads\/2021\/05\/ENCABEZADO-LOGO-CA.jpg\",\"contentUrl\":\"https:\/\/colegioarquitectos.com\/noticias\/wp-content\/uploads\/2021\/05\/ENCABEZADO-LOGO-CA.jpg\",\"width\":690,\"height\":350,\"caption\":\"COLEGIO DE ARQUITECTOS DE CHILE\"},\"image\":{\"@id\":\"https:\/\/colegioarquitectos.com\/noticias\/#\/schema\/logo\/image\/\"},\"sameAs\":[\"https:\/\/facebook.com\/Colegioarq\/\",\"https:\/\/x.com\/colegioarq\",\"https:\/\/instagram.com\/colegioarq\",\"https:\/\/youtube.com\/@ColegiodeArquitectosdeChile\"]}]}<\/script>\n<!-- \/ Yoast SEO plugin. -->","yoast_head_json":{"title":"Delegaciones Zonales - COLEGIO DE ARQUITECTOS DE CHILE","robots":{"index":"index","follow":"follow","max-snippet":"max-snippet:-1","max-image-preview":"max-image-preview:large","max-video-preview":"max-video-preview:-1"},"canonical":"https:\/\/colegioarquitectos.com\/noticias\/?page_id=8200","og_locale":"es_ES","og_type":"article","og_title":"Delegaciones Zonales - COLEGIO DE ARQUITECTOS DE CHILE","og_description":"La estructura nacional del Colegio de Arquitectos est\u00e1 conformada, adem\u00e1s de las autoridades nacionales, por las Delegaciones Zonales. Cada Delegaci\u00f3n llevar\u00e1 el nombre de la Provincia o de la jurisdicci\u00f3n que le corresponda a su Directorio, propendiendo que exista al &hellip; ver m\u00e1s","og_url":"https:\/\/colegioarquitectos.com\/noticias\/?page_id=8200","og_site_name":"COLEGIO DE ARQUITECTOS DE CHILE","article_publisher":"https:\/\/facebook.com\/Colegioarq\/","article_modified_time":"2025-09-04T20:45:19+00:00","og_image":[{"width":1280,"height":720,"url":"https:\/\/colegioarquitectos.com\/noticias\/wp-content\/uploads\/2025\/07\/Proyecto-nuevo-1.png","type":"image\/png"}],"twitter_card":"summary_large_image","twitter_site":"@colegioarq","twitter_misc":{"Tiempo de lectura":"3 minutos"},"schema":{"@context":"https:\/\/schema.org","@graph":[{"@type":"WebPage","@id":"https:\/\/colegioarquitectos.com\/noticias\/?page_id=8200","url":"https:\/\/colegioarquitectos.com\/noticias\/?page_id=8200","name":"Delegaciones Zonales - COLEGIO DE ARQUITECTOS DE CHILE","isPartOf":{"@id":"https:\/\/colegioarquitectos.com\/noticias\/#website"},"primaryImageOfPage":{"@id":"https:\/\/colegioarquitectos.com\/noticias\/?page_id=8200#primaryimage"},"image":{"@id":"https:\/\/colegioarquitectos.com\/noticias\/?page_id=8200#primaryimage"},"thumbnailUrl":"https:\/\/colegioarquitectos.com\/noticias\/wp-content\/uploads\/2025\/07\/Proyecto-nuevo-1.png","datePublished":"2015-07-15T14:01:46+00:00","dateModified":"2025-09-04T20:45:19+00:00","breadcrumb":{"@id":"https:\/\/colegioarquitectos.com\/noticias\/?page_id=8200#breadcrumb"},"inLanguage":"es","potentialAction":[{"@type":"ReadAction","target":["https:\/\/colegioarquitectos.com\/noticias\/?page_id=8200"]}]},{"@type":"ImageObject","inLanguage":"es","@id":"https:\/\/colegioarquitectos.com\/noticias\/?page_id=8200#primaryimage","url":"https:\/\/colegioarquitectos.com\/noticias\/wp-content\/uploads\/2025\/07\/Proyecto-nuevo-1.png","contentUrl":"https:\/\/colegioarquitectos.com\/noticias\/wp-content\/uploads\/2025\/07\/Proyecto-nuevo-1.png","width":1280,"height":720},{"@type":"BreadcrumbList","@id":"https:\/\/colegioarquitectos.com\/noticias\/?page_id=8200#breadcrumb","itemListElement":[{"@type":"ListItem","position":1,"name":"Portada","item":"https:\/\/colegioarquitectos.com\/noticias"},{"@type":"ListItem","position":2,"name":"Delegaciones Zonales"}]},{"@type":"WebSite","@id":"https:\/\/colegioarquitectos.com\/noticias\/#website","url":"https:\/\/colegioarquitectos.com\/noticias\/","name":"COLEGIO DE ARQUITECTOS DE CHILE","description":"","publisher":{"@id":"https:\/\/colegioarquitectos.com\/noticias\/#organization"},"potentialAction":[{"@type":"SearchAction","target":{"@type":"EntryPoint","urlTemplate":"https:\/\/colegioarquitectos.com\/noticias\/?s={search_term_string}"},"query-input":{"@type":"PropertyValueSpecification","valueRequired":true,"valueName":"search_term_string"}}],"inLanguage":"es"},{"@type":"Organization","@id":"https:\/\/colegioarquitectos.com\/noticias\/#organization","name":"COLEGIO DE ARQUITECTOS DE CHILE","url":"https:\/\/colegioarquitectos.com\/noticias\/","logo":{"@type":"ImageObject","inLanguage":"es","@id":"https:\/\/colegioarquitectos.com\/noticias\/#\/schema\/logo\/image\/","url":"https:\/\/colegioarquitectos.com\/noticias\/wp-content\/uploads\/2021\/05\/ENCABEZADO-LOGO-CA.jpg","contentUrl":"https:\/\/colegioarquitectos.com\/noticias\/wp-content\/uploads\/2021\/05\/ENCABEZADO-LOGO-CA.jpg","width":690,"height":350,"caption":"COLEGIO DE ARQUITECTOS DE CHILE"},"image":{"@id":"https:\/\/colegioarquitectos.com\/noticias\/#\/schema\/logo\/image\/"},"sameAs":["https:\/\/facebook.com\/Colegioarq\/","https:\/\/x.com\/colegioarq","https:\/\/instagram.com\/colegioarq","https:\/\/youtube.com\/@ColegiodeArquitectosdeChile"]}]}},"_links":{"self":[{"href":"https:\/\/colegioarquitectos.com\/noticias\/index.php?rest_route=\/wp\/v2\/pages\/8200","targetHints":{"allow":["GET"]}}],"collection":[{"href":"https:\/\/colegioarquitectos.com\/noticias\/index.php?rest_route=\/wp\/v2\/pages"}],"about":[{"href":"https:\/\/colegioarquitectos.com\/noticias\/index.php?rest_route=\/wp\/v2\/types\/page"}],"author":[{"embeddable":true,"href":"https:\/\/colegioarquitectos.com\/noticias\/index.php?rest_route=\/wp\/v2\/users\/4"}],"replies":[{"embeddable":true,"href":"https:\/\/colegioarquitectos.com\/noticias\/index.php?rest_route=%2Fwp%2Fv2%2Fcomments&post=8200"}],"version-history":[{"count":8,"href":"https:\/\/colegioarquitectos.com\/noticias\/index.php?rest_route=\/wp\/v2\/pages\/8200\/revisions"}],"predecessor-version":[{"id":34492,"href":"https:\/\/colegioarquitectos.com\/noticias\/index.php?rest_route=\/wp\/v2\/pages\/8200\/revisions\/34492"}],"wp:attachment":[{"href":"https:\/\/colegioarquitectos.com\/noticias\/index.php?rest_route=%2Fwp%2Fv2%2Fmedia&parent=8200"}],"curies":[{"name":"wp","href":"https:\/\/api.w.org\/{rel}","templated":true}]}}